{"id":38978,"date":"2022-10-27T09:06:00","date_gmt":"2022-10-27T08:06:00","guid":{"rendered":"https:\/\/knowhow.distrelec.com\/cookie-richtlinie\/"},"modified":"2022-10-27T09:06:21","modified_gmt":"2022-10-27T08:06:21","slug":"cookie-richtlinie","status":"publish","type":"page","link":"https:\/\/knowhow.distrelec.com\/de\/cookie-richtlinie\/","title":{"rendered":"Cookie-Richtlinie"},"content":{"rendered":"\n<h2 id=\"distrelec-und-cookies\" class=\"wp-block-heading\"><strong>Distrelec und Cookies<\/strong><\/h2>\n\n<p>Unsere Websites und mobilen Websites verwenden Cookies zur Verbesserung Ihres Nutzererlebnisses. Durch die Nutzung unserer Website und die Zustimmung zu den jeweiligen Richtlinien erkl\u00e4ren Sie sich damit einverstanden, dass wir Cookies gem\u00e4ss den Bedingungen dieser Richtlinie verwenden.<\/p>\n\n<h3 id=\"1-2-was-ist-ein-cookie-und-wie-werden-cookies-auf-der-website-von-distrelec-verwendet\" class=\"wp-block-heading\">1.2 <strong>Was ist ein Cookie und wie werden Cookies auf der Website von Distrelec verwendet?<\/strong><\/h3>\n\n<p>Ein Cookie ist eine Datei, die Daten enth\u00e4lt (eine Zeichenfolge aus Buchstaben und Ziffern). Diese Datei wird von einem Webserver an einen Webbrowser \u00fcbertragen, sobald Sie eine Website besuchen, und anschliessend vom Browser gespeichert. Die ID wird dann jedes Mal, wenn der Browser eine Seite vom Server anfordert, wieder zur\u00fcckgesendet.<br \/><br \/>Cookies enthalten keine Informationen, mit denen Sie pers\u00f6nlich identifiziert werden k\u00f6nnen. Es ist jedoch m\u00f6glich, dass wir gegebenenfalls pers\u00f6nliche Daten \u00fcber Sie, die wir gespeichert haben, mit den in den Cookies gespeicherten Details verkn\u00fcpfen und diese wiederum mit den empfangenen Angaben zusammenf\u00fchren.<br \/><br \/>Wir verwenden die Informationen, die wir von Ihrer Nutzung der Cookies erhalten, f\u00fcr folgende Zwecke:<\/p>\n\n<ul class=\"wp-block-list\"><li>Zum Wiedererkennen Ihres Computers, wenn Sie unsere Website besuchen.<\/li><li>Zur Verbesserung der Benutzerfreundlichkeit der Website.<\/li><li>Zur Analyse der Art und Weise der Nutzung der Website.<\/li><li>Zur Verwaltung der Website.<\/li><li>Zur Vermeidung von Betrug und Erh\u00f6hung der Sicherheit der Website.<\/li><li>Zur Personalisierung unserer Website (durch die Bereitstellung von gezielten Nachrichten, die Sie interessieren k\u00f6nnten).<\/li><li>Zur Nachverfolgung Ihrer Navigation auf unserer Website, wodurch die Nutzung bestimmter Funktionen erm\u00f6glicht wird (Beispiele: Hinzuf\u00fcgen\/Entfernen von Produkten im Warenkorb, Abschluss eines Kaufs an der Kasse).<\/li><\/ul>\n<p>Wenn Sie Artikel zu Ihrem Bestellformular hinzuf\u00fcgen, sich jedoch entscheiden, w\u00e4hrend Ihres derzeitigen Besuches auf der Website keinen Kauf zu t\u00e4tigen, speichern wir die Referenznummer des Bestellformulars zur Verbesserung der Benutzerfreundlichkeit in einem Cookie, sodass Sie das Formular bei Ihrem n\u00e4chsten Besuch erneut aufrufen k\u00f6nnen.<\/p>\n\n<h3 id=\"1-2-ist-es-sicher-cookies-zu-aktivieren\" class=\"wp-block-heading\"><strong>1.2 Ist es sicher, Cookies zu aktivieren?<\/strong><\/h3>\n\n<p>Ja. Cookies sind nur kurze Zeichenfolgen, die von sich aus keine Operationen ausf\u00fchren k\u00f6nnen. Distrelec empfiehlt Ihnen, Cookies von unserer Website zu akzeptieren.<\/p>\n\n<h3 id=\"1-3-wie-passe-ich-meine-einstellungen-fuer-cookies-an\" class=\"wp-block-heading\"><strong>1.3 Wie passe ich meine Einstellungen f\u00fcr Cookies an?<\/strong><\/h3>\n\n<p>Um Cookies zu aktivieren, befolgen Sie die nachstehenden Anweisungen, die f\u00fcr Ihren jeweiligen Browser gelten.<br \/><br \/>Microsoft Internet Explorer<\/p>\n\n<ul class=\"wp-block-list\"><li>W\u00e4hlen Sie \u201eInternetoptionen\u201c im Men\u00fc \u201eExtras\u201c.<\/li><li>Klicken Sie auf die Registerkarte \u201eDatenschutz\u201c.<\/li><li>Klicken Sie unter \u201eEinstellungen\u201c auf die Schaltfl\u00e4che \u201eStandard\u201c (oder stellen Sie den Schieberegler manuell auf \u201eMittel\u201c).<\/li><li>Klicken Sie auf OK.<\/li><\/ul>\n<p>Mozilla Firefox<\/p>\n\n<ul class=\"wp-block-list\"><li>Wechseln Sie zum Men\u00fc \u201eExtras&#8220;.<\/li><li>W\u00e4hlen Sie die Option \u201eEinstellung\u201c.<\/li><li>W\u00e4hlen Sie das Symbol \u201eDatenschutz\u201c aus.<\/li><li>Klicken Sie in das Feld, dass Websites die Verwendung von Cookies erlaubt (unter \u201eBenutzerdefinierte Einstellungen f\u00fcr den Verlauf verwenden\u201c).<\/li><li>Klicken Sie auf OK, um Ihre \u00c4nderungen zu speichern.<\/li><\/ul>\n<p>Google Chrome<\/p>\n\n<ul class=\"wp-block-list\"><li>W\u00e4hlen Sie im Men\u00fc \u201eGoogle Chrome anpassen und einstellen\u201c die Option \u201eEinstellungen\u201c.<\/li><li>Suchen Sie im Abschnitt \u201eErweiterte Einstellungen\u201c (Datenschutz, Inhaltseinstellungen) den Abschnitt \u201eCookies\u201c.<\/li><li>Um die Verwendung von Cookies zuzulassen, m\u00fcssen Sie \u201eWebsites d\u00fcrfen Cookiedaten speichern und lesen\u201c (oder \u201eAlle Cookies aktivieren\u201c) ausw\u00e4hlen.<\/li><li>Klicken Sie auf OK.<\/li><\/ul>\n<p>Safari<\/p>\n\n<ul class=\"wp-block-list\"><li>W\u00e4hlen Sie Safari &gt; Einstellungen und klicken Sie auf Datenschutz.<\/li><li>Geben Sie im Feld \u201eCookies blockieren\u201c an, ob und wann Safari Cookies von Websites akzeptieren soll.<\/li><\/ul>\n<h3 id=\"1-4-welche-art-von-cookies-nutzt-die-distrelec-website\" class=\"wp-block-heading\"><strong>1.4 Welche Art von Cookies nutzt die Distrelec Website?<\/strong><\/h3>\n\n<p>Sie k\u00f6nnen Ihren Browser so einstellen, dass Cookies nicht zugelassen werden (weitere Informationen dazu finden Sie im Hilfetext Ihres Browsers). Bitte beachten Sie, dass Ihnen in diesem Fall bestimmte personalisierte Funktionen unserer Website nicht mehr zur Verf\u00fcgung stehen werden.<\/p>\n\n<h2 id=\"1-5-wir-verwenden-drei-verschiedene-arten-von-cookies\" class=\"wp-block-heading\"><strong>1.5 Wir verwenden drei verschiedene Arten von Cookies:<\/strong><\/h2>\n\n<p>Sitzungs-Cookies \u2013 diese sind tempor\u00e4re Dateien, die nur w\u00e4hrend Ihres Besuchs (Sitzung) auf unserer Website aktiviert sind. In der Regel l\u00f6scht der Browser diese Cookies, sobald dieser geschlossen wird.<br \/><br \/>Persistente Cookies \u2013 Diese Dateien sind nach dem Ende der Browsersitzung aktiv (Beispiel: Wenn Sie sich auf einer Website registrieren und sp\u00e4ter wieder zur\u00fcckkommen, erinnert die Website sich an Sie und zeigt eine entsprechende Willkommensnachricht an). Ein solches Verhalten wird durch persistente Cookies erm\u00f6glicht.<br \/><br \/>Cookies von Drittanbietern \u2013 Wenn Sie unsere Website verwenden, k\u00f6nnen gegebenenfalls Cookies von Drittanbietern an Ihren Computer \u00fcbertragen werden. Wenn Sie eine Website besuchen, die eingebettete Inhalte enth\u00e4lt, z. B. YouTube-Videos, k\u00f6nnen diese Websites gegebenenfalls Cookies an Ihren Computer \u00fcbertragen. Distrelec \u00fcberwacht die Einstellungen solcher Cookies nicht. Wir empfehlen Ihnen, weitere Informationen \u00fcber diese Cookies auf den Websites der entsprechenden Drittanbieter zu erfragen und die entsprechenden Optionen zur Verwaltung dieser Cookies zu ermitteln.<br \/><\/p>\n\n<h3 id=\"2-6-cookie-einstellungen\" class=\"wp-block-heading\"><strong>2.6 Cookie-Einstellungen<\/strong><\/h3>\n\n<p>Weitere Informationen zur Verwendung von Cookies auf Websites finden Sie unter www.allaboutcookies.org<\/p>\n\n<h3 id=\"1-7-cookies-blockieren\" class=\"wp-block-heading\"><strong>1.7 Cookies blockieren<\/strong><\/h3>\n\n<p>Die meisten Browser bieten die Option, Cookies zu blockieren. Ein Beispiel hierf\u00fcr:<\/p>\n\n<ul class=\"wp-block-list\"><li>Im Internet Explorer k\u00f6nnen Sie alle Cookies blockieren, indem Sie auf \u201eExtras\u201c, \u201eInternetoptionen\u201c, \u201eDatenschutz\u201c klicken und dann den Schieberegler \u201eAlle Cookies blockieren\u201c aktivieren.<\/li><li>In Mozilla Firefox k\u00f6nnen Sie alle Cookies blockieren, indem Sie auf \u201eExtras\u201c und dann auf \u201eEinstellungen\u201c klicken und \u201eCookies akzeptieren\u201c im Abschnitt \u201eDatenschutz\u201c deaktivieren.<\/li><\/ul>\n<p>Das Blockieren aller Cookies hat jedoch einen negativen Einfluss auf die Nutzbarkeit vieler Websites.<\/p>\n\n<h3 id=\"1-8-cookies-loeschen\" class=\"wp-block-heading\"><strong>1.8 Cookies l\u00f6schen<\/strong><\/h3>\n\n<p>Sie k\u00f6nnen nat\u00fcrlich auch Cookies l\u00f6schen, die bereits zuvor auf Ihrem Computer gespeichert worden sind.<\/p>\n\n<ul class=\"wp-block-list\"><li>Wenn Sie den Internet Explorer verwenden, m\u00fcssen Sie die Cookie-Dateien manuell l\u00f6schen (weitere Informationen finden Sie unter http:\/\/support.microsoft.com\/kb\/278835).<\/li><li>Wenn Sie Mozilla Firefox verwenden und Cookies l\u00f6schen m\u00f6chten, m\u00fcssen Sie zun\u00e4chst pr\u00fcfen, ob diese Cookies gel\u00f6scht werden, wenn Sie die Option \u201ePers\u00f6nliche Daten entfernen\u201c verwenden (Sie k\u00f6nnen diese Einstellung \u00e4ndern, indem Sie auf \u201eExtras\u201c, \u201eEinstellungen\u201c, \u201eOptionen\u201c und \u201eDatenschutz\u201c ausw\u00e4hlen und im Men\u00fc \u201eExtras\u201c auf \u201eNeuste Chronik l\u00f6schen\u201c klicken.<\/li><\/ul>\n<p>Auf dieser Website und ihren mobilen Versionen werden Daten von Adobe Analytics, einem von Adobe bereitgestellten Webanalysedienst, und Google Analytics, einem von Google bereitgestellten Webanalysedienst, erfasst und gespeichert. Sie werden zur Erstellung von Benutzerprofilen unter Pseudonymen verwendet. Diese Benutzerprofile dienen der Analyse des Benutzerverhaltens und werden f\u00fcr die Verbesserung und effektive Gestaltung unserer Websites und Produktpalette ausgewertet. Als Teil davon werden Cookies verwendet. Sie k\u00f6nnen jederzeit ablehnen, dass Daten zuk\u00fcnftig erfasst und f\u00fcr den Zweck der Webanalyse gespeichert werden.<\/p>\n\n<p>Auf dieser Website wird die sogenannte Retargeting-Technologie zur anonymisierten Erfassung und Speicherung von Informationen \u00fcber das Surfverhalten des Website-Besuchers eingesetzt. Diese Daten werden auf Ihrem Computer mit sogenannten \u201eCookie\u201c-Textdateien gespeichert. Die Technologie wendet einen Algorithmus an, um das Surfverhalten zu analysieren, und kann dann gezielte Produktempfehlungen als interessenbezogene Werbebanner auf anderen Websites (bekannt als Herausgeber) anzeigen. In keinem Fall k\u00f6nnen diese Daten verwendet werden, um die Besucher dieser Website pers\u00f6nlich zu identifizieren. Die erfassten Daten werden ausschliesslich zur Verbesserung des Angebots verwendet. Eine andere Verwendung oder Weitergabe der Daten an Dritte erfolgt nicht.<\/p>\n\n<p>Um Adobe Analytics Tracking zu deaktivieren,\u00a0<a href=\"https:\/\/smetrics.distrelec.ch\/optout.html\">klicken Sie auf diesen Link<\/a><\/p>\n\n<p>Um Google Analytics Tracking zu deaktivieren, bietet Google ein\u00a0<a href=\"https:\/\/tools.google.com\/dlpage\/gaoptout\">Browser-Plug-in<\/a>,\u00a0um Sie vom Tracking auszuschliessen. <\/p>\n\n<h2 id=\"1-9-integration-von-social-media-plug-ins\" class=\"wp-block-heading\"><strong>1.9 Integration von Social Media Plug-Ins<\/strong><\/h2>\n\n<p>Auf unserer Website werden Plug-Ins f\u00fcr Facebook, Google und andere Social Media Plattformen verwendet. Dementsprechend wird auf unserer Website eine \u201e+ 1\u201c- oder \u201ef\u201c- oder \u201eDaumen hoch\u201c- Schaltfl\u00e4che angezeigt. Dabei handelt es sich um Angebote der US-amerikanischen Unternehmen Google Inc. (1600 Amphitheatre Parkway, Mountain View, CA 94043, USA) und Facebook Inc. (1601 S California Ave, Palo Alto, CA 94394 USA)<\/p>\n\n<p>Nur dann, wenn Sie auf die Schaltfl\u00e4che \u201e+ 1\u201c oder \u201ef\u201c oder \u201eDaumen hoch\u201c klicken, richtet Ihr Browser eine direkte Verbindung zu den Servern bei Facebook oder Google ein. Der Inhalt der Schaltfl\u00e4che \u201e+ 1\u201c oder \u201ef\u201c oder \u201eDaumen hoch\u201c wird anschliessend von Google oder Facebook direkt an Ihren Browser weitergeleitet, und von diesem auf der Website integriert. Daher haben wir keinen Einfluss auf den Umfang der Daten, die mithilfe der entsprechenden Schaltfl\u00e4chen von Google oder Facebook erfasst werden.<\/p>\n\n<p>Detaillierte Informationen \u00fcber Umfang, Art, Zweck und die weitere Verarbeitung Ihrer Daten sowie Ihre Rechte hinsichtlich des Schutzes Ihrer Privatsph\u00e4re finden Sie auf den Websites von Facebook und Google (http:\/\/www.facebook.com\/policy.php; http:\/\/www.google.com\/Intel\/de\/+\/policy\/+1button.html).<\/p>\n\n<p>Wenn Sie sich zuerst von den Websites Ihrer sozialen Netzwerke (Facebook und Google+) abmelden und die Cookies l\u00f6schen, die bereits gesetzt waren, k\u00f6nnen Sie Facebook und Google daran hindern, w\u00e4hrend Ihres Besuchs auf unserer Website Informationen \u00fcber Sie zu erfassen.<\/p>\n\n<h2 id=\"1-10-schutz-vor-spam-ddos-angriffen\" class=\"wp-block-heading\"><strong>1.10 Schutz vor Spam\/DDOS-Angriffen<\/strong><\/h2>\n\n<p>Wir verwenden Werkzeuge (wie Google reCAPTCHA und andere), um unsere Website vor sch\u00e4dlichen Zugriffen zu sch\u00fctzen, insbesondere zum Schutz vor Spam und DDOS-Angriffen. Diese Arten von Service analysieren Ihr Surfverhalten auf der Website, die Konfiguration Ihres Computers (einschliesslich der Cookies von Google oder anderen Drittanbietern, die bereits gesetzt sind) und Ihre IP-Adresse, um festzustellen, ob Sie ein echter Benutzer sind oder ob es sich um einen b\u00f6sartigen Benutzer handeln k\u00f6nnte. Wenn ein Verdachtsmoment festgestellt wird, werden Sie aufgefordert, durch Ausf\u00fchren bestimmter Aufgaben zu beweisen, dass Sie kein Bot sind. Zum Beispiel beim Senden eines Formulars.<\/p>\n\n<p>Diese Daten werden direkt zwischen Ihrem Computer und den Servern von Google und anderen Drittanbietern in Europa und den USA (im Fall von Google) weitergegeben. Daher haben wir keinen Einfluss darauf, wie viele Daten sie sammeln und wof\u00fcr diese Daten sp\u00e4ter verwendet werden.<\/p>\n\n<p>Google reCAPTCHA ist ein Service der von Google Inc, 1600 Ampitheatre Parkway, Mountain View, CA 94043, USA bereitgestellt wird. Weitere Informationen zu Umfang, Art und weiterer Verarbeitung Ihrer Daten sowie Informationen dazu, wie Sie Ihre Privatsph\u00e4re sch\u00fctzen k\u00f6nnen, entnehmen Sie bitte der Google Datenschutzrichtlinie (\u00a0<a href=\"https:\/\/www.google.com\/policies\/privacy\/\" target=\"_blank\" rel=\"noreferrer noopener\">https:\/\/www.google.com\/policies\/privacy\/\u00a0<\/a>) und den Google Nutzungsbedingungen (\u00a0<a href=\"https:\/\/www.google.com\/policies\/terms\/\" target=\"_blank\" rel=\"noreferrer noopener\">https:\/\/www.google.com\/policies\/terms\/\u00a0<\/a>).<\/p>\n\n<div style=\"height:100px\" aria-hidden=\"true\" class=\"wp-block-spacer\"><\/div>\n","protected":false},"excerpt":{"rendered":"Distrelec und Cookies Unsere Websites und mobilen Websites verwenden Cookies zur Verbesserung Ihres Nutzererlebnisses. Durch die Nutzung unserer&hellip;\n","protected":false},"author":2,"featured_media":0,"parent":0,"menu_order":0,"comment_status":"closed","ping_status":"closed","template":"","meta":{"csco_singular_sidebar":"","csco_page_header_type":"","csco_appearance_grid":"","csco_page_load_nextpost":"","csco_post_video_location":[],"csco_post_video_location_hash":"","csco_post_video_url":"","csco_post_video_bg_start_time":0,"csco_post_video_bg_end_time":0,"footnotes":""},"coauthors":[],"class_list":{"0":"post-38978","1":"page","2":"type-page","3":"status-publish","5":"cs-entry","6":"cs-video-wrap"},"yoast_head":"<!-- This site is optimized with the Yoast SEO plugin v24.4 - https:\/\/yoast.com\/wordpress\/plugins\/seo\/ -->\n<title>Cookie-Richtlinie - KnowHow<\/title>\n<meta name=\"robots\" content=\"index, follow, max-snippet:-1, max-image-preview:large, max-video-preview:-1\" \/>\n<link rel=\"canonical\" href=\"https:\/\/knowhow.distrelec.com\/de\/cookie-richtlinie\/\" \/>\n<meta property=\"og:locale\" content=\"de_DE\" \/>\n<meta property=\"og:type\" content=\"article\" \/>\n<meta property=\"og:title\" content=\"Cookie-Richtlinie - KnowHow\" \/>\n<meta property=\"og:description\" content=\"Distrelec und Cookies Unsere Websites und mobilen Websites verwenden Cookies zur Verbesserung Ihres Nutzererlebnisses. Durch die Nutzung unserer&hellip;\" \/>\n<meta property=\"og:url\" content=\"https:\/\/knowhow.distrelec.com\/de\/cookie-richtlinie\/\" \/>\n<meta property=\"og:site_name\" content=\"KnowHow\" \/>\n<meta property=\"article:modified_time\" content=\"2022-10-27T08:06:21+00:00\" \/>\n<meta name=\"twitter:card\" content=\"summary_large_image\" \/>\n<meta name=\"twitter:label1\" content=\"Gesch\u00e4tzte Lesezeit\" \/>\n\t<meta name=\"twitter:data1\" content=\"8 Minuten\" \/>\n\t<meta name=\"twitter:label2\" content=\"Written by\" \/>\n\t<meta name=\"twitter:data2\" content=\"Ash Ali\" \/>\n<script type=\"application\/ld+json\" class=\"yoast-schema-graph\">{\"@context\":\"https:\/\/schema.org\",\"@graph\":[{\"@type\":\"WebPage\",\"@id\":\"https:\/\/knowhow.distrelec.com\/de\/cookie-richtlinie\/\",\"url\":\"https:\/\/knowhow.distrelec.com\/de\/cookie-richtlinie\/\",\"name\":\"Cookie-Richtlinie - KnowHow\",\"isPartOf\":{\"@id\":\"https:\/\/knowhow.distrelec.com\/de\/#website\"},\"datePublished\":\"2022-10-27T08:06:00+00:00\",\"dateModified\":\"2022-10-27T08:06:21+00:00\",\"breadcrumb\":{\"@id\":\"https:\/\/knowhow.distrelec.com\/de\/cookie-richtlinie\/#breadcrumb\"},\"inLanguage\":\"de-DE\",\"potentialAction\":[{\"@type\":\"ReadAction\",\"target\":[\"https:\/\/knowhow.distrelec.com\/de\/cookie-richtlinie\/\"]}]},{\"@type\":\"BreadcrumbList\",\"@id\":\"https:\/\/knowhow.distrelec.com\/de\/cookie-richtlinie\/#breadcrumb\",\"itemListElement\":[{\"@type\":\"ListItem\",\"position\":1,\"name\":\"Startseite\",\"item\":\"https:\/\/knowhow.distrelec.com\/de\/\"},{\"@type\":\"ListItem\",\"position\":2,\"name\":\"Cookie-Richtlinie\"}]},{\"@type\":\"WebSite\",\"@id\":\"https:\/\/knowhow.distrelec.com\/de\/#website\",\"url\":\"https:\/\/knowhow.distrelec.com\/de\/\",\"name\":\"KnowHow\",\"description\":\"KnowHow Hub\",\"publisher\":{\"@id\":\"https:\/\/knowhow.distrelec.com\/de\/#organization\"},\"potentialAction\":[{\"@type\":\"SearchAction\",\"target\":{\"@type\":\"EntryPoint\",\"urlTemplate\":\"https:\/\/knowhow.distrelec.com\/de\/?s={search_term_string}\"},\"query-input\":{\"@type\":\"PropertyValueSpecification\",\"valueRequired\":true,\"valueName\":\"search_term_string\"}}],\"inLanguage\":\"de-DE\"},{\"@type\":\"Organization\",\"@id\":\"https:\/\/knowhow.distrelec.com\/de\/#organization\",\"name\":\"Distrelec\",\"url\":\"https:\/\/knowhow.distrelec.com\/de\/\",\"logo\":{\"@type\":\"ImageObject\",\"inLanguage\":\"de-DE\",\"@id\":\"https:\/\/knowhow.distrelec.com\/de\/#\/schema\/logo\/image\/\",\"url\":\"https:\/\/knowhow.distrelec.com\/wp-content\/uploads\/2021\/09\/distrelec_logo.png\",\"contentUrl\":\"https:\/\/knowhow.distrelec.com\/wp-content\/uploads\/2021\/09\/distrelec_logo.png\",\"width\":530,\"height\":98,\"caption\":\"Distrelec\"},\"image\":{\"@id\":\"https:\/\/knowhow.distrelec.com\/de\/#\/schema\/logo\/image\/\"}}]}<\/script>\n<!-- \/ Yoast SEO plugin. -->","yoast_head_json":{"title":"Cookie-Richtlinie - KnowHow","robots":{"index":"index","follow":"follow","max-snippet":"max-snippet:-1","max-image-preview":"max-image-preview:large","max-video-preview":"max-video-preview:-1"},"canonical":"https:\/\/knowhow.distrelec.com\/de\/cookie-richtlinie\/","og_locale":"de_DE","og_type":"article","og_title":"Cookie-Richtlinie - KnowHow","og_description":"Distrelec und Cookies Unsere Websites und mobilen Websites verwenden Cookies zur Verbesserung Ihres Nutzererlebnisses. Durch die Nutzung unserer&hellip;","og_url":"https:\/\/knowhow.distrelec.com\/de\/cookie-richtlinie\/","og_site_name":"KnowHow","article_modified_time":"2022-10-27T08:06:21+00:00","twitter_card":"summary_large_image","twitter_misc":{"Gesch\u00e4tzte Lesezeit":"8 Minuten","Written by":"Ash Ali"},"schema":{"@context":"https:\/\/schema.org","@graph":[{"@type":"WebPage","@id":"https:\/\/knowhow.distrelec.com\/de\/cookie-richtlinie\/","url":"https:\/\/knowhow.distrelec.com\/de\/cookie-richtlinie\/","name":"Cookie-Richtlinie - KnowHow","isPartOf":{"@id":"https:\/\/knowhow.distrelec.com\/de\/#website"},"datePublished":"2022-10-27T08:06:00+00:00","dateModified":"2022-10-27T08:06:21+00:00","breadcrumb":{"@id":"https:\/\/knowhow.distrelec.com\/de\/cookie-richtlinie\/#breadcrumb"},"inLanguage":"de-DE","potentialAction":[{"@type":"ReadAction","target":["https:\/\/knowhow.distrelec.com\/de\/cookie-richtlinie\/"]}]},{"@type":"BreadcrumbList","@id":"https:\/\/knowhow.distrelec.com\/de\/cookie-richtlinie\/#breadcrumb","itemListElement":[{"@type":"ListItem","position":1,"name":"Startseite","item":"https:\/\/knowhow.distrelec.com\/de\/"},{"@type":"ListItem","position":2,"name":"Cookie-Richtlinie"}]},{"@type":"WebSite","@id":"https:\/\/knowhow.distrelec.com\/de\/#website","url":"https:\/\/knowhow.distrelec.com\/de\/","name":"KnowHow","description":"KnowHow Hub","publisher":{"@id":"https:\/\/knowhow.distrelec.com\/de\/#organization"},"potentialAction":[{"@type":"SearchAction","target":{"@type":"EntryPoint","urlTemplate":"https:\/\/knowhow.distrelec.com\/de\/?s={search_term_string}"},"query-input":{"@type":"PropertyValueSpecification","valueRequired":true,"valueName":"search_term_string"}}],"inLanguage":"de-DE"},{"@type":"Organization","@id":"https:\/\/knowhow.distrelec.com\/de\/#organization","name":"Distrelec","url":"https:\/\/knowhow.distrelec.com\/de\/","logo":{"@type":"ImageObject","inLanguage":"de-DE","@id":"https:\/\/knowhow.distrelec.com\/de\/#\/schema\/logo\/image\/","url":"https:\/\/knowhow.distrelec.com\/wp-content\/uploads\/2021\/09\/distrelec_logo.png","contentUrl":"https:\/\/knowhow.distrelec.com\/wp-content\/uploads\/2021\/09\/distrelec_logo.png","width":530,"height":98,"caption":"Distrelec"},"image":{"@id":"https:\/\/knowhow.distrelec.com\/de\/#\/schema\/logo\/image\/"}}]}},"jetpack_sharing_enabled":true,"_links":{"self":[{"href":"https:\/\/knowhow.distrelec.com\/de\/wp-json\/wp\/v2\/pages\/38978","targetHints":{"allow":["GET"]}}],"collection":[{"href":"https:\/\/knowhow.distrelec.com\/de\/wp-json\/wp\/v2\/pages"}],"about":[{"href":"https:\/\/knowhow.distrelec.com\/de\/wp-json\/wp\/v2\/types\/page"}],"author":[{"embeddable":true,"href":"https:\/\/knowhow.distrelec.com\/de\/wp-json\/wp\/v2\/users\/2"}],"replies":[{"embeddable":true,"href":"https:\/\/knowhow.distrelec.com\/de\/wp-json\/wp\/v2\/comments?post=38978"}],"version-history":[{"count":0,"href":"https:\/\/knowhow.distrelec.com\/de\/wp-json\/wp\/v2\/pages\/38978\/revisions"}],"wp:attachment":[{"href":"https:\/\/knowhow.distrelec.com\/de\/wp-json\/wp\/v2\/media?parent=38978"}],"wp:term":[{"taxonomy":"author","embeddable":true,"href":"https:\/\/knowhow.distrelec.com\/de\/wp-json\/wp\/v2\/coauthors?post=38978"}],"curies":[{"name":"wp","href":"https:\/\/api.w.org\/{rel}","templated":true}]}}