{"id":4974,"date":"2021-08-03T14:30:12","date_gmt":"2021-08-03T14:30:12","guid":{"rendered":"https:\/\/knowhowprod.wpengine.com\/?page_id=4974"},"modified":"2021-08-03T14:31:14","modified_gmt":"2021-08-03T14:31:14","slug":"contact-us","status":"publish","type":"page","link":"https:\/\/knowhow.distrelec.com\/de\/contact-us\/","title":{"rendered":"Kontakt"},"content":{"rendered":"\n<p>Bitte setzen Sie sich mit uns in Verbindung, wenn Sie Fragen zum Inhalt dieser Website haben. Wir w\u00fcrden uns auch \u00fcber Ihr Feedback zu dieser Website freuen. Falls Sie auch einen eigenen Artikel ver\u00f6ffentlichen m\u00f6chten, dann nehmen Sie bitte Kontakt zu uns auf.<\/p>\n\n\n\n<div class=\"cnvs-block-row cnvs-block-row-1574515998844 cnvs-block-row-columns-2\" >\n\t<div class=\"cnvs-block-row-inner\">\n\t\t\n\n<div class=\"cnvs-block-column cnvs-block-column-1574515998911\" >\n\t<div class=\"cnvs-block-column-inner\">\n\t\t<div>\n\t\t\t\n\n<h3 id=\"kontakt-aufnehmen\" class=\"wp-block-heading\">Kontakt aufnehmen<\/h3>\n\n\t\t<\/div>\n\t<\/div>\n<\/div>\n\n\n\n<div class=\"cnvs-block-column cnvs-block-column-1574515998928\" >\n\t<div class=\"cnvs-block-column-inner\">\n\t\t<div>\n\t\t\t\n\n<div class=\"wpcf7 no-js\" id=\"wpcf7-f4965-o1\" lang=\"de-DE\" dir=\"ltr\" data-wpcf7-id=\"4965\">\n<div class=\"screen-reader-response\"><p role=\"status\" aria-live=\"polite\" aria-atomic=\"true\"><\/p> <ul><\/ul><\/div>\n<form action=\"\/de\/wp-json\/wp\/v2\/pages\/4974#wpcf7-f4965-o1\" method=\"post\" class=\"wpcf7-form init\" aria-label=\"Kontaktformular\" novalidate=\"novalidate\" data-status=\"init\">\n<div style=\"display: none;\">\n<input type=\"hidden\" name=\"_wpcf7\" value=\"4965\" \/>\n<input type=\"hidden\" name=\"_wpcf7_version\" value=\"6.0.3\" \/>\n<input type=\"hidden\" name=\"_wpcf7_locale\" value=\"de_DE\" \/>\n<input type=\"hidden\" name=\"_wpcf7_unit_tag\" value=\"wpcf7-f4965-o1\" \/>\n<input type=\"hidden\" name=\"_wpcf7_container_post\" value=\"0\" \/>\n<input type=\"hidden\" name=\"_wpcf7_posted_data_hash\" value=\"\" \/>\n<\/div>\n<p><label> Ihr Name<br \/>\n<span class=\"wpcf7-form-control-wrap\" data-name=\"your-name\"><input size=\"40\" maxlength=\"400\" class=\"wpcf7-form-control wpcf7-text wpcf7-validates-as-required\" aria-required=\"true\" aria-invalid=\"false\" value=\"\" type=\"text\" name=\"your-name\" \/><\/span> <\/label>\n<\/p>\n<p><label> Ihre E-Mail<br \/>\n<span class=\"wpcf7-form-control-wrap\" data-name=\"your-email\"><input size=\"40\" maxlength=\"400\" class=\"wpcf7-form-control wpcf7-email wpcf7-validates-as-required wpcf7-text wpcf7-validates-as-email\" aria-required=\"true\" aria-invalid=\"false\" value=\"\" type=\"email\" name=\"your-email\" \/><\/span> <\/label>\n<\/p>\n<p><label> Betreff<br \/>\n<span class=\"wpcf7-form-control-wrap\" data-name=\"your-subject\"><input size=\"40\" maxlength=\"400\" class=\"wpcf7-form-control wpcf7-text wpcf7-validates-as-required\" aria-required=\"true\" aria-invalid=\"false\" value=\"\" type=\"text\" name=\"your-subject\" \/><\/span> <\/label>\n<\/p>\n<p><label> Ihre Nachricht (optional)<br \/>\n<span class=\"wpcf7-form-control-wrap\" data-name=\"your-message\"><textarea cols=\"40\" rows=\"10\" maxlength=\"2000\" class=\"wpcf7-form-control wpcf7-textarea\" aria-invalid=\"false\" name=\"your-message\"><\/textarea><\/span> <\/label>\n<\/p>\n<p><input class=\"wpcf7-form-control wpcf7-submit has-spinner\" type=\"submit\" value=\"Senden\" \/>\n<\/p><p style=\"display: none !important;\" class=\"akismet-fields-container\" data-prefix=\"_wpcf7_ak_\"><label>&#916;<textarea name=\"_wpcf7_ak_hp_textarea\" cols=\"45\" rows=\"8\" maxlength=\"100\"><\/textarea><\/label><input type=\"hidden\" id=\"ak_js_1\" name=\"_wpcf7_ak_js\" value=\"248\"\/><script>document.getElementById( \"ak_js_1\" ).setAttribute( \"value\", ( new Date() ).getTime() );<\/script><\/p><div class=\"wpcf7-response-output\" aria-hidden=\"true\"><\/div>\n<\/form>\n<\/div>\n\n\n\t\t<\/div>\n\t<\/div>\n<\/div>\n\n\t<\/div>\n<\/div>\n","protected":false},"excerpt":{"rendered":"Bitte setzen Sie sich mit uns in Verbindung, wenn Sie Fragen zum Inhalt dieser Website haben. Wir w\u00fcrden&hellip;\n","protected":false},"author":4,"featured_media":0,"parent":0,"menu_order":0,"comment_status":"closed","ping_status":"closed","template":"","meta":{"csco_singular_sidebar":"","csco_page_header_type":"","csco_appearance_grid":"","csco_page_load_nextpost":"","csco_post_video_location":[],"csco_post_video_location_hash":"","csco_post_video_url":"","csco_post_video_bg_start_time":0,"csco_post_video_bg_end_time":0,"footnotes":""},"coauthors":[],"class_list":{"0":"post-4974","1":"page","2":"type-page","3":"status-publish","5":"cs-entry","6":"cs-video-wrap"},"yoast_head":"<!-- This site is optimized with the Yoast SEO plugin v24.4 - https:\/\/yoast.com\/wordpress\/plugins\/seo\/ -->\n<title>Kontakt - KnowHow<\/title>\n<meta name=\"robots\" content=\"index, follow, max-snippet:-1, max-image-preview:large, max-video-preview:-1\" \/>\n<link rel=\"canonical\" href=\"https:\/\/knowhow.distrelec.com\/de\/contact-us\/\" \/>\n<meta property=\"og:locale\" content=\"de_DE\" \/>\n<meta property=\"og:type\" content=\"article\" \/>\n<meta property=\"og:title\" content=\"Kontakt - KnowHow\" \/>\n<meta property=\"og:description\" content=\"Bitte setzen Sie sich mit uns in Verbindung, wenn Sie Fragen zum Inhalt dieser Website haben. Wir w\u00fcrden&hellip;\" \/>\n<meta property=\"og:url\" content=\"https:\/\/knowhow.distrelec.com\/de\/contact-us\/\" \/>\n<meta property=\"og:site_name\" content=\"KnowHow\" \/>\n<meta property=\"article:modified_time\" content=\"2021-08-03T14:31:14+00:00\" \/>\n<meta name=\"twitter:card\" content=\"summary_large_image\" \/>\n<meta name=\"twitter:label1\" content=\"Gesch\u00e4tzte Lesezeit\" \/>\n\t<meta name=\"twitter:data1\" content=\"1 Minute\" \/>\n\t<meta name=\"twitter:label2\" content=\"Written by\" \/>\n\t<meta name=\"twitter:data2\" content=\"Chris Rush\" \/>\n<script type=\"application\/ld+json\" class=\"yoast-schema-graph\">{\"@context\":\"https:\/\/schema.org\",\"@graph\":[{\"@type\":\"WebPage\",\"@id\":\"https:\/\/knowhow.distrelec.com\/de\/contact-us\/\",\"url\":\"https:\/\/knowhow.distrelec.com\/de\/contact-us\/\",\"name\":\"Kontakt - KnowHow\",\"isPartOf\":{\"@id\":\"https:\/\/knowhow.distrelec.com\/de\/#website\"},\"datePublished\":\"2021-08-03T14:30:12+00:00\",\"dateModified\":\"2021-08-03T14:31:14+00:00\",\"breadcrumb\":{\"@id\":\"https:\/\/knowhow.distrelec.com\/de\/contact-us\/#breadcrumb\"},\"inLanguage\":\"de-DE\",\"potentialAction\":[{\"@type\":\"ReadAction\",\"target\":[\"https:\/\/knowhow.distrelec.com\/de\/contact-us\/\"]}]},{\"@type\":\"BreadcrumbList\",\"@id\":\"https:\/\/knowhow.distrelec.com\/de\/contact-us\/#breadcrumb\",\"itemListElement\":[{\"@type\":\"ListItem\",\"position\":1,\"name\":\"Startseite\",\"item\":\"https:\/\/knowhow.distrelec.com\/de\/\"},{\"@type\":\"ListItem\",\"position\":2,\"name\":\"Kontakt\"}]},{\"@type\":\"WebSite\",\"@id\":\"https:\/\/knowhow.distrelec.com\/de\/#website\",\"url\":\"https:\/\/knowhow.distrelec.com\/de\/\",\"name\":\"KnowHow\",\"description\":\"KnowHow Hub\",\"publisher\":{\"@id\":\"https:\/\/knowhow.distrelec.com\/de\/#organization\"},\"potentialAction\":[{\"@type\":\"SearchAction\",\"target\":{\"@type\":\"EntryPoint\",\"urlTemplate\":\"https:\/\/knowhow.distrelec.com\/de\/?s={search_term_string}\"},\"query-input\":{\"@type\":\"PropertyValueSpecification\",\"valueRequired\":true,\"valueName\":\"search_term_string\"}}],\"inLanguage\":\"de-DE\"},{\"@type\":\"Organization\",\"@id\":\"https:\/\/knowhow.distrelec.com\/de\/#organization\",\"name\":\"Distrelec\",\"url\":\"https:\/\/knowhow.distrelec.com\/de\/\",\"logo\":{\"@type\":\"ImageObject\",\"inLanguage\":\"de-DE\",\"@id\":\"https:\/\/knowhow.distrelec.com\/de\/#\/schema\/logo\/image\/\",\"url\":\"https:\/\/knowhow.distrelec.com\/wp-content\/uploads\/2021\/09\/distrelec_logo.png\",\"contentUrl\":\"https:\/\/knowhow.distrelec.com\/wp-content\/uploads\/2021\/09\/distrelec_logo.png\",\"width\":530,\"height\":98,\"caption\":\"Distrelec\"},\"image\":{\"@id\":\"https:\/\/knowhow.distrelec.com\/de\/#\/schema\/logo\/image\/\"}}]}<\/script>\n<!-- \/ Yoast SEO plugin. -->","yoast_head_json":{"title":"Kontakt - KnowHow","robots":{"index":"index","follow":"follow","max-snippet":"max-snippet:-1","max-image-preview":"max-image-preview:large","max-video-preview":"max-video-preview:-1"},"canonical":"https:\/\/knowhow.distrelec.com\/de\/contact-us\/","og_locale":"de_DE","og_type":"article","og_title":"Kontakt - KnowHow","og_description":"Bitte setzen Sie sich mit uns in Verbindung, wenn Sie Fragen zum Inhalt dieser Website haben. Wir w\u00fcrden&hellip;","og_url":"https:\/\/knowhow.distrelec.com\/de\/contact-us\/","og_site_name":"KnowHow","article_modified_time":"2021-08-03T14:31:14+00:00","twitter_card":"summary_large_image","twitter_misc":{"Gesch\u00e4tzte Lesezeit":"1 Minute","Written by":"Chris Rush"},"schema":{"@context":"https:\/\/schema.org","@graph":[{"@type":"WebPage","@id":"https:\/\/knowhow.distrelec.com\/de\/contact-us\/","url":"https:\/\/knowhow.distrelec.com\/de\/contact-us\/","name":"Kontakt - KnowHow","isPartOf":{"@id":"https:\/\/knowhow.distrelec.com\/de\/#website"},"datePublished":"2021-08-03T14:30:12+00:00","dateModified":"2021-08-03T14:31:14+00:00","breadcrumb":{"@id":"https:\/\/knowhow.distrelec.com\/de\/contact-us\/#breadcrumb"},"inLanguage":"de-DE","potentialAction":[{"@type":"ReadAction","target":["https:\/\/knowhow.distrelec.com\/de\/contact-us\/"]}]},{"@type":"BreadcrumbList","@id":"https:\/\/knowhow.distrelec.com\/de\/contact-us\/#breadcrumb","itemListElement":[{"@type":"ListItem","position":1,"name":"Startseite","item":"https:\/\/knowhow.distrelec.com\/de\/"},{"@type":"ListItem","position":2,"name":"Kontakt"}]},{"@type":"WebSite","@id":"https:\/\/knowhow.distrelec.com\/de\/#website","url":"https:\/\/knowhow.distrelec.com\/de\/","name":"KnowHow","description":"KnowHow Hub","publisher":{"@id":"https:\/\/knowhow.distrelec.com\/de\/#organization"},"potentialAction":[{"@type":"SearchAction","target":{"@type":"EntryPoint","urlTemplate":"https:\/\/knowhow.distrelec.com\/de\/?s={search_term_string}"},"query-input":{"@type":"PropertyValueSpecification","valueRequired":true,"valueName":"search_term_string"}}],"inLanguage":"de-DE"},{"@type":"Organization","@id":"https:\/\/knowhow.distrelec.com\/de\/#organization","name":"Distrelec","url":"https:\/\/knowhow.distrelec.com\/de\/","logo":{"@type":"ImageObject","inLanguage":"de-DE","@id":"https:\/\/knowhow.distrelec.com\/de\/#\/schema\/logo\/image\/","url":"https:\/\/knowhow.distrelec.com\/wp-content\/uploads\/2021\/09\/distrelec_logo.png","contentUrl":"https:\/\/knowhow.distrelec.com\/wp-content\/uploads\/2021\/09\/distrelec_logo.png","width":530,"height":98,"caption":"Distrelec"},"image":{"@id":"https:\/\/knowhow.distrelec.com\/de\/#\/schema\/logo\/image\/"}}]}},"jetpack_sharing_enabled":true,"_links":{"self":[{"href":"https:\/\/knowhow.distrelec.com\/de\/wp-json\/wp\/v2\/pages\/4974","targetHints":{"allow":["GET"]}}],"collection":[{"href":"https:\/\/knowhow.distrelec.com\/de\/wp-json\/wp\/v2\/pages"}],"about":[{"href":"https:\/\/knowhow.distrelec.com\/de\/wp-json\/wp\/v2\/types\/page"}],"author":[{"embeddable":true,"href":"https:\/\/knowhow.distrelec.com\/de\/wp-json\/wp\/v2\/users\/4"}],"replies":[{"embeddable":true,"href":"https:\/\/knowhow.distrelec.com\/de\/wp-json\/wp\/v2\/comments?post=4974"}],"version-history":[{"count":0,"href":"https:\/\/knowhow.distrelec.com\/de\/wp-json\/wp\/v2\/pages\/4974\/revisions"}],"wp:attachment":[{"href":"https:\/\/knowhow.distrelec.com\/de\/wp-json\/wp\/v2\/media?parent=4974"}],"wp:term":[{"taxonomy":"author","embeddable":true,"href":"https:\/\/knowhow.distrelec.com\/de\/wp-json\/wp\/v2\/coauthors?post=4974"}],"curies":[{"name":"wp","href":"https:\/\/api.w.org\/{rel}","templated":true}]}}