{"id":4976,"date":"2021-08-03T14:34:19","date_gmt":"2021-08-03T14:34:19","guid":{"rendered":"https:\/\/knowhowprod.wpengine.com\/?page_id=4976"},"modified":"2024-03-11T12:12:59","modified_gmt":"2024-03-11T12:12:59","slug":"ueber-knowhow","status":"publish","type":"page","link":"https:\/\/knowhow.distrelec.com\/de\/ueber-knowhow\/","title":{"rendered":"\u00dcber KnowHow"},"content":{"rendered":"\n<p><strong>Technische Wissensplattform<\/strong><\/p>\n\n<p>Willkommen auf KnowHow, der Wissensplattform von <a href=\"https:\/\/www.distrelec.com\/global\/\" target=\"_blank\" rel=\"noreferrer noopener\">Distrelec<\/a>, einem f\u00fchrenden Distributor von Elektronik, Automatisierung und Messtechnik. <\/p>\n\n<p>Hier finden Sie technische Artikel, Leitf\u00e4den und aufschlussreiche Informationen zu verschiedenen elektronischen und technischen Themen. Mit KnowHow m\u00f6chten wir die Technik-Community in der Projekt- und Produktentwicklung unterst\u00fctzen und Fachwissen vermitteln.<\/p>\n\n<p>KnowHow deckt einen breiten Themenbereich ab, darunter:<\/p>\n\n<ul class=\"wp-block-list\">\n<li>Grundlagen der Elektronik und fortgeschrittene Konzepte<\/li>\n\n\n\n<li>Automatisierung und Robotik<\/li>\n\n\n\n<li>Mess- und Pr\u00fcfverfahren<\/li>\n\n\n\n<li>Leitf\u00e4den zu bestimmten Ger\u00e4ten und Komponenten<\/li>\n\n\n\n<li>Updates zu neuen Technologien und Branchentrends<\/li>\n\n\n\n<li>Interviews mit Branchenexperten und Fachleuten<\/li>\n\n\n\n<li>Produktbewertungen und -vergleiche<\/li>\n<\/ul>\n\n<h2 id=\"die-redakteure\" class=\"wp-block-heading\">Die Redakteure <\/h2>\n\n<p><strong>Das Team hinter KnowHow<\/strong><\/p>\n\n<ul class=\"wp-block-list\"><\/ul>\n\n<p>KnowHow wird von den Digital Content Writern <a href=\"https:\/\/knowhow.distrelec.com\/author\/justyna-matusza\/\" target=\"_blank\" rel=\"noreferrer noopener\">Justyna Matuszak <\/a>und <a href=\"https:\/\/knowhow.distrelec.com\/author\/jack-portley\/\" target=\"_blank\" rel=\"noreferrer noopener\">Jack Portley<\/a> geleitet. Die harte Arbeit der beiden wurde beim Global Content Award 2023 mit dem prestigetr\u00e4chtigen Titel \u201eGlobal In-House Content Team of the Year\u201c gew\u00fcrdigt. Ausserdem wurde das Team als Finalist f\u00fcr die \u201eGlobal Content Strategy of the Year\u201c nominiert.<\/p>\n\n<figure class=\"wp-block-image size-large\"><img  loading=\"lazy\"  decoding=\"async\"  height=\"683\"  width=\"1024\"  src=\"data:image\/png;base64,iVBORw0KGgoAAAANSUhEUgAABAAAAAKrAQMAAABV2G3XAAAAA1BMVEUAAP+KeNJXAAAAAXRSTlMAQObYZgAAAAlwSFlzAAAOxAAADsQBlSsOGwAAAGxJREFUeNrtwTEBAAAAwqD1T20MH6AAAAAAAAAAAAAAAAAAAAAAAAAAAAAAAAAAAAAAAAAAAAAAAAAAAAAAAAAAAAAAAAAAAAAAAAAAAAAAAAAAAAAAAAAAAAAAAAAAAAAAAAAAAAAAAAAAOBtYOgAB23VbnQAAAABJRU5ErkJggg==\"  alt=\"\"  class=\"wp-image-68783 pk-lazyload\"  data-pk-sizes=\"auto\"  data-ls-sizes=\"auto, (max-width: 1024px) 100vw, 1024px\"  data-pk-src=\"https:\/\/knowhow.distrelec.com\/wp-content\/uploads\/2024\/02\/IMG_4805_3000x2000-1024x683.jpg\"  data-pk-srcset=\"https:\/\/knowhow.distrelec.com\/wp-content\/uploads\/2024\/02\/IMG_4805_3000x2000-1024x683.jpg 1024w, https:\/\/knowhow.distrelec.com\/wp-content\/uploads\/2024\/02\/IMG_4805_3000x2000-300x200.jpg 300w, https:\/\/knowhow.distrelec.com\/wp-content\/uploads\/2024\/02\/IMG_4805_3000x2000-768x512.jpg 768w, https:\/\/knowhow.distrelec.com\/wp-content\/uploads\/2024\/02\/IMG_4805_3000x2000-1536x1024.jpg 1536w, https:\/\/knowhow.distrelec.com\/wp-content\/uploads\/2024\/02\/IMG_4805_3000x2000-2048x1365.jpg 2048w, https:\/\/knowhow.distrelec.com\/wp-content\/uploads\/2024\/02\/IMG_4805_3000x2000-380x253.jpg 380w, https:\/\/knowhow.distrelec.com\/wp-content\/uploads\/2024\/02\/IMG_4805_3000x2000-550x367.jpg 550w, https:\/\/knowhow.distrelec.com\/wp-content\/uploads\/2024\/02\/IMG_4805_3000x2000-800x533.jpg 800w, https:\/\/knowhow.distrelec.com\/wp-content\/uploads\/2024\/02\/IMG_4805_3000x2000-1160x773.jpg 1160w, https:\/\/knowhow.distrelec.com\/wp-content\/uploads\/2024\/02\/IMG_4805_3000x2000-scaled.jpg 2560w\" ><\/figure>\n\n<p>KnowHow ist eine Plattform f\u00fcr alle, die ihr technisches Wissen verbessern oder sich \u00fcber die neuesten technischen Entwicklungen auf dem Laufenden halten oder praktikable L\u00f6sungen f\u00fcr ihre technischen Probleme finden wollen. Distrelec nutzt seine Verbindungen und sein Fachwissen in der Branche, um qualitativ hochwertige und relevante Inhalte \u00fcber diese Plattform zu kuratieren und bereitzustellen.<\/p>\n\n<blockquote class=\"wp-block-quote is-layout-flow wp-block-quote-is-layout-flow\">\n<p><em><em>\u201eWir legen grossen Wert darauf, qualitativ hochwertige und branchenrelevante Inhalte zu erstellen und unsere Leser \u00fcber aktuelle Trends, neue Technologien und Innovationen zu informieren. Dar\u00fcber hinaus m\u00f6chten wir unseren Lesern n\u00fctzliche, ansprechende und lehrreiche Artikel zu verschiedenen Themen, wie Robotik, maschinelles Lernen, k\u00fcnstliche Intelligenz, Automatisierung und die Digitalisierung, bieten.\u201c<\/em><\/em><\/p>\n<\/blockquote>\n\n<p>Zu den <a href=\"https:\/\/knowhow.distrelec.com\/de\/redakteure\/\" target=\"_blank\" rel=\"noreferrer noopener\">Redakteuren <\/a>von KnowHow geh\u00f6ren neben unseren Autoren auch unsere internen Experten in ihren jeweiligen Fachgebieten. Ferner arbeiten wir mit vielen namhaften Industriezulieferern zusammen, die Produkte f\u00fcr verschiedene Wirtschaftszweige herstellen und unseren Kunden L\u00f6sungen in Form von Webinaren, Leitf\u00e4den, Fallstudien und Whitepapers bieten.<\/p>\n\n<figure class=\"wp-block-image size-large\"><a href=\"https:\/\/globalcontentawards.com\/2023-winners\/\" target=\"_blank\" rel=\"noreferrer noopener\"><img  loading=\"lazy\"  decoding=\"async\"  height=\"256\"  width=\"1024\"  src=\"data:image\/png;base64,iVBORw0KGgoAAAANSUhEUgAAAAEAAAABAQMAAAAl21bKAAAAA1BMVEUAAP+KeNJXAAAAAXRSTlMAQObYZgAAAAlwSFlzAAAOxAAADsQBlSsOGwAAAApJREFUCNdjYAAAAAIAAeIhvDMAAAAASUVORK5CYII=\"  alt=\"\"  class=\"wp-image-68800 pk-lazyload\"  data-pk-sizes=\"auto\"  data-pk-src=\"https:\/\/knowhow.distrelec.com\/wp-content\/uploads\/2024\/02\/GCA23_WinnerBanner-2048x512-1-1024x256.png\" ><\/a><\/figure>\n\n<hr class=\"wp-block-separator has-alpha-channel-opacity\" \/>\n\n<p><strong>Jetzt kontaktieren<\/strong><\/p>\n\n<p>Wir hoffen, dass Ihnen KnowHow und die von uns produzierten Inhalte gefallen und w\u00fcrden uns freuen, von Ihnen zu h\u00f6ren. Schicken Sie uns gern Kommentare oder Themenvorschl\u00e4ge \u00fcber unser <a href=\"https:\/\/knowhowprod.wpengine.com\/contact-form\/\" target=\"_blank\" rel=\"noreferrer noopener\">Kontaktformular<\/a> oder per E-Mail an <a href=\"mailto:content.team@distrelec.com\" target=\"_blank\" rel=\"noreferrer noopener\">content.team@distrelec.com<\/a>. Sie finden uns an folgendem Standort:<\/p>\n\n<p>Two Saint Peter&#8217;s Square<br \/>Manchester M2 3AA<br \/>Vereinigtes K\u00f6nigreich<br \/>044 944 99 11<\/p>\n","protected":false},"excerpt":{"rendered":"Technische Wissensplattform Willkommen auf KnowHow, der Wissensplattform von Distrelec, einem f\u00fchrenden Distributor von Elektronik, Automatisierung und Messtechnik. Hier&hellip;\n","protected":false},"author":4,"featured_media":0,"parent":0,"menu_order":0,"comment_status":"closed","ping_status":"closed","template":"","meta":{"csco_singular_sidebar":"","csco_page_header_type":"","csco_appearance_grid":"","csco_page_load_nextpost":"","csco_post_video_location":[],"csco_post_video_location_hash":"","csco_post_video_url":"","csco_post_video_bg_start_time":0,"csco_post_video_bg_end_time":0,"footnotes":""},"coauthors":[1750],"class_list":{"0":"post-4976","1":"page","2":"type-page","3":"status-publish","5":"cs-entry","6":"cs-video-wrap"},"yoast_head":"<!-- This site is optimized with the Yoast SEO plugin v24.4 - https:\/\/yoast.com\/wordpress\/plugins\/seo\/ -->\n<title>\u00dcber KnowHow - KnowHow<\/title>\n<meta name=\"robots\" content=\"index, follow, max-snippet:-1, max-image-preview:large, max-video-preview:-1\" \/>\n<link rel=\"canonical\" href=\"https:\/\/knowhow.distrelec.com\/de\/ueber-knowhow\/\" \/>\n<meta property=\"og:locale\" content=\"de_DE\" \/>\n<meta property=\"og:type\" content=\"article\" \/>\n<meta property=\"og:title\" content=\"\u00dcber KnowHow - KnowHow\" \/>\n<meta property=\"og:description\" content=\"Technische Wissensplattform Willkommen auf KnowHow, der Wissensplattform von Distrelec, einem f\u00fchrenden Distributor von Elektronik, Automatisierung und Messtechnik. Hier&hellip;\" \/>\n<meta property=\"og:url\" content=\"https:\/\/knowhow.distrelec.com\/de\/ueber-knowhow\/\" \/>\n<meta property=\"og:site_name\" content=\"KnowHow\" \/>\n<meta property=\"article:modified_time\" content=\"2024-03-11T12:12:59+00:00\" \/>\n<meta property=\"og:image\" content=\"https:\/\/knowhow.distrelec.com\/wp-content\/uploads\/2024\/02\/IMG_4805_3000x2000-1024x683.jpg\" \/>\n<meta name=\"twitter:card\" content=\"summary_large_image\" \/>\n<meta name=\"twitter:label1\" content=\"Gesch\u00e4tzte Lesezeit\" \/>\n\t<meta name=\"twitter:data1\" content=\"2 Minuten\" \/>\n\t<meta name=\"twitter:label2\" content=\"Written by\" \/>\n\t<meta name=\"twitter:data2\" content=\"Chris Rush\" \/>\n<script type=\"application\/ld+json\" class=\"yoast-schema-graph\">{\"@context\":\"https:\/\/schema.org\",\"@graph\":[{\"@type\":\"WebPage\",\"@id\":\"https:\/\/knowhow.distrelec.com\/de\/ueber-knowhow\/\",\"url\":\"https:\/\/knowhow.distrelec.com\/de\/ueber-knowhow\/\",\"name\":\"\u00dcber KnowHow - KnowHow\",\"isPartOf\":{\"@id\":\"https:\/\/knowhow.distrelec.com\/de\/#website\"},\"primaryImageOfPage\":{\"@id\":\"https:\/\/knowhow.distrelec.com\/de\/ueber-knowhow\/#primaryimage\"},\"image\":{\"@id\":\"https:\/\/knowhow.distrelec.com\/de\/ueber-knowhow\/#primaryimage\"},\"thumbnailUrl\":\"https:\/\/knowhow.distrelec.com\/wp-content\/uploads\/2024\/02\/IMG_4805_3000x2000-1024x683.jpg\",\"datePublished\":\"2021-08-03T14:34:19+00:00\",\"dateModified\":\"2024-03-11T12:12:59+00:00\",\"breadcrumb\":{\"@id\":\"https:\/\/knowhow.distrelec.com\/de\/ueber-knowhow\/#breadcrumb\"},\"inLanguage\":\"de-DE\",\"potentialAction\":[{\"@type\":\"ReadAction\",\"target\":[\"https:\/\/knowhow.distrelec.com\/de\/ueber-knowhow\/\"]}]},{\"@type\":\"ImageObject\",\"inLanguage\":\"de-DE\",\"@id\":\"https:\/\/knowhow.distrelec.com\/de\/ueber-knowhow\/#primaryimage\",\"url\":\"https:\/\/knowhow.distrelec.com\/wp-content\/uploads\/2024\/02\/IMG_4805_3000x2000-1024x683.jpg\",\"contentUrl\":\"https:\/\/knowhow.distrelec.com\/wp-content\/uploads\/2024\/02\/IMG_4805_3000x2000-1024x683.jpg\"},{\"@type\":\"BreadcrumbList\",\"@id\":\"https:\/\/knowhow.distrelec.com\/de\/ueber-knowhow\/#breadcrumb\",\"itemListElement\":[{\"@type\":\"ListItem\",\"position\":1,\"name\":\"Startseite\",\"item\":\"https:\/\/knowhow.distrelec.com\/de\/\"},{\"@type\":\"ListItem\",\"position\":2,\"name\":\"\u00dcber KnowHow\"}]},{\"@type\":\"WebSite\",\"@id\":\"https:\/\/knowhow.distrelec.com\/de\/#website\",\"url\":\"https:\/\/knowhow.distrelec.com\/de\/\",\"name\":\"KnowHow\",\"description\":\"KnowHow Hub\",\"publisher\":{\"@id\":\"https:\/\/knowhow.distrelec.com\/de\/#organization\"},\"potentialAction\":[{\"@type\":\"SearchAction\",\"target\":{\"@type\":\"EntryPoint\",\"urlTemplate\":\"https:\/\/knowhow.distrelec.com\/de\/?s={search_term_string}\"},\"query-input\":{\"@type\":\"PropertyValueSpecification\",\"valueRequired\":true,\"valueName\":\"search_term_string\"}}],\"inLanguage\":\"de-DE\"},{\"@type\":\"Organization\",\"@id\":\"https:\/\/knowhow.distrelec.com\/de\/#organization\",\"name\":\"Distrelec\",\"url\":\"https:\/\/knowhow.distrelec.com\/de\/\",\"logo\":{\"@type\":\"ImageObject\",\"inLanguage\":\"de-DE\",\"@id\":\"https:\/\/knowhow.distrelec.com\/de\/#\/schema\/logo\/image\/\",\"url\":\"https:\/\/knowhow.distrelec.com\/wp-content\/uploads\/2021\/09\/distrelec_logo.png\",\"contentUrl\":\"https:\/\/knowhow.distrelec.com\/wp-content\/uploads\/2021\/09\/distrelec_logo.png\",\"width\":530,\"height\":98,\"caption\":\"Distrelec\"},\"image\":{\"@id\":\"https:\/\/knowhow.distrelec.com\/de\/#\/schema\/logo\/image\/\"}}]}<\/script>\n<!-- \/ Yoast SEO plugin. -->","yoast_head_json":{"title":"\u00dcber KnowHow - KnowHow","robots":{"index":"index","follow":"follow","max-snippet":"max-snippet:-1","max-image-preview":"max-image-preview:large","max-video-preview":"max-video-preview:-1"},"canonical":"https:\/\/knowhow.distrelec.com\/de\/ueber-knowhow\/","og_locale":"de_DE","og_type":"article","og_title":"\u00dcber KnowHow - KnowHow","og_description":"Technische Wissensplattform Willkommen auf KnowHow, der Wissensplattform von Distrelec, einem f\u00fchrenden Distributor von Elektronik, Automatisierung und Messtechnik. Hier&hellip;","og_url":"https:\/\/knowhow.distrelec.com\/de\/ueber-knowhow\/","og_site_name":"KnowHow","article_modified_time":"2024-03-11T12:12:59+00:00","og_image":[{"url":"https:\/\/knowhow.distrelec.com\/wp-content\/uploads\/2024\/02\/IMG_4805_3000x2000-1024x683.jpg","type":"","width":"","height":""}],"twitter_card":"summary_large_image","twitter_misc":{"Gesch\u00e4tzte Lesezeit":"2 Minuten","Written by":"Chris Rush"},"schema":{"@context":"https:\/\/schema.org","@graph":[{"@type":"WebPage","@id":"https:\/\/knowhow.distrelec.com\/de\/ueber-knowhow\/","url":"https:\/\/knowhow.distrelec.com\/de\/ueber-knowhow\/","name":"\u00dcber KnowHow - KnowHow","isPartOf":{"@id":"https:\/\/knowhow.distrelec.com\/de\/#website"},"primaryImageOfPage":{"@id":"https:\/\/knowhow.distrelec.com\/de\/ueber-knowhow\/#primaryimage"},"image":{"@id":"https:\/\/knowhow.distrelec.com\/de\/ueber-knowhow\/#primaryimage"},"thumbnailUrl":"https:\/\/knowhow.distrelec.com\/wp-content\/uploads\/2024\/02\/IMG_4805_3000x2000-1024x683.jpg","datePublished":"2021-08-03T14:34:19+00:00","dateModified":"2024-03-11T12:12:59+00:00","breadcrumb":{"@id":"https:\/\/knowhow.distrelec.com\/de\/ueber-knowhow\/#breadcrumb"},"inLanguage":"de-DE","potentialAction":[{"@type":"ReadAction","target":["https:\/\/knowhow.distrelec.com\/de\/ueber-knowhow\/"]}]},{"@type":"ImageObject","inLanguage":"de-DE","@id":"https:\/\/knowhow.distrelec.com\/de\/ueber-knowhow\/#primaryimage","url":"https:\/\/knowhow.distrelec.com\/wp-content\/uploads\/2024\/02\/IMG_4805_3000x2000-1024x683.jpg","contentUrl":"https:\/\/knowhow.distrelec.com\/wp-content\/uploads\/2024\/02\/IMG_4805_3000x2000-1024x683.jpg"},{"@type":"BreadcrumbList","@id":"https:\/\/knowhow.distrelec.com\/de\/ueber-knowhow\/#breadcrumb","itemListElement":[{"@type":"ListItem","position":1,"name":"Startseite","item":"https:\/\/knowhow.distrelec.com\/de\/"},{"@type":"ListItem","position":2,"name":"\u00dcber KnowHow"}]},{"@type":"WebSite","@id":"https:\/\/knowhow.distrelec.com\/de\/#website","url":"https:\/\/knowhow.distrelec.com\/de\/","name":"KnowHow","description":"KnowHow Hub","publisher":{"@id":"https:\/\/knowhow.distrelec.com\/de\/#organization"},"potentialAction":[{"@type":"SearchAction","target":{"@type":"EntryPoint","urlTemplate":"https:\/\/knowhow.distrelec.com\/de\/?s={search_term_string}"},"query-input":{"@type":"PropertyValueSpecification","valueRequired":true,"valueName":"search_term_string"}}],"inLanguage":"de-DE"},{"@type":"Organization","@id":"https:\/\/knowhow.distrelec.com\/de\/#organization","name":"Distrelec","url":"https:\/\/knowhow.distrelec.com\/de\/","logo":{"@type":"ImageObject","inLanguage":"de-DE","@id":"https:\/\/knowhow.distrelec.com\/de\/#\/schema\/logo\/image\/","url":"https:\/\/knowhow.distrelec.com\/wp-content\/uploads\/2021\/09\/distrelec_logo.png","contentUrl":"https:\/\/knowhow.distrelec.com\/wp-content\/uploads\/2021\/09\/distrelec_logo.png","width":530,"height":98,"caption":"Distrelec"},"image":{"@id":"https:\/\/knowhow.distrelec.com\/de\/#\/schema\/logo\/image\/"}}]}},"jetpack_sharing_enabled":true,"_links":{"self":[{"href":"https:\/\/knowhow.distrelec.com\/de\/wp-json\/wp\/v2\/pages\/4976","targetHints":{"allow":["GET"]}}],"collection":[{"href":"https:\/\/knowhow.distrelec.com\/de\/wp-json\/wp\/v2\/pages"}],"about":[{"href":"https:\/\/knowhow.distrelec.com\/de\/wp-json\/wp\/v2\/types\/page"}],"author":[{"embeddable":true,"href":"https:\/\/knowhow.distrelec.com\/de\/wp-json\/wp\/v2\/users\/4"}],"replies":[{"embeddable":true,"href":"https:\/\/knowhow.distrelec.com\/de\/wp-json\/wp\/v2\/comments?post=4976"}],"version-history":[{"count":0,"href":"https:\/\/knowhow.distrelec.com\/de\/wp-json\/wp\/v2\/pages\/4976\/revisions"}],"wp:attachment":[{"href":"https:\/\/knowhow.distrelec.com\/de\/wp-json\/wp\/v2\/media?parent=4976"}],"wp:term":[{"taxonomy":"author","embeddable":true,"href":"https:\/\/knowhow.distrelec.com\/de\/wp-json\/wp\/v2\/coauthors?post=4976"}],"curies":[{"name":"wp","href":"https:\/\/api.w.org\/{rel}","templated":true}]}}