{"id":72576,"date":"2024-05-15T14:32:11","date_gmt":"2024-05-15T13:32:11","guid":{"rendered":"https:\/\/knowhow.distrelec.com\/?page_id=72576"},"modified":"2024-05-24T11:21:13","modified_gmt":"2024-05-24T10:21:13","slug":"better-world-produkt-glossar","status":"publish","type":"page","link":"https:\/\/knowhow.distrelec.com\/de\/better-world-produkt-glossar\/","title":{"rendered":"Better World-Produkt Glossar"},"content":{"rendered":"\n<h3 id=\"better-world-produkt-glossar\" class=\"wp-block-heading\">Better World-Produkt Glossar<\/h3>\n\n\n\n<p><strong>Glossar f\u00fcr Nachhaltigkeit und Umweltschutz<\/strong><\/p>\n\n\n\n<p><strong>Abfallhierarchie<\/strong><\/p>\n\n\n\n<p>In der Abfallhierarchie werden die Optionen f\u00fcr das Ende des Lebenszyklus eines Produkts nach dem Grad ihrer Auswirkungen auf die Umwelt aufgef\u00fchrt und eingestuft. Ziel ist es, Abfall zu reduzieren oder ganz zu vermeiden.<\/p>\n\n\n\n<p>Entwickler und Konstrukteure mit Nachhaltigkeitsbewusstsein m\u00fcssen die Abfallhierarchie bei der Produktplanung ber\u00fccksichtigen.<\/p>\n\n\n\n<p><strong>Altmaterial<\/strong><\/p>\n\n\n\n<p>Altmaterial bezeichnet Material oder Materialien, die wie beabsichtigt vom Verbraucher verwendet wurden und danach recycelt werden. Oft ist Altkunststoff gemeint und auch solcher, der aus Abfallquellen stammt, z.&nbsp;B. Treibgut im Ozean oder angesp\u00fclter M\u00fcll.<\/p>\n\n\n\n<p><strong>Biologisch abbaubar<\/strong><\/p>\n\n\n\n<p>Biologisch abbaubare Materialien werden beispielsweise von Mikroorganismen wie Bakterien oder Pilzen mit der Zeit zersetzt. Dies kann wenige Monate, aber auch viele Jahre dauern. Nicht zu verwechseln mit kompostierbar.<\/p>\n\n\n\n<p><strong>C2C<\/strong>&nbsp;oder&nbsp;<strong>Cradle-to-Cradle<\/strong><\/p>\n\n\n\n<p>C2C, kurz f\u00fcr \u201eCradle to Cradle\u201c (Kreislauf), ist ein von der Natur inspiriertes Konstruktionsprinzip, das der Wegwerfmentalit\u00e4t entgegensteht. Anstatt den Produktlebenszyklus von der Wiege (\u201ecradle\u201c) bis zur Bahre, also zur Entsorgung) zu denken, geht es bei C2C darum, Produkte zu fertigen und Materialien zu nutzen, die am Ende der Benutzung wiederverwertet und -verwendet werden k\u00f6nnen.<\/p>\n\n\n\n<p>Weitere Infos zum Konzept der Kreislaufwirtschaft.<\/p>\n\n\n\n<p><strong>CDP<\/strong>&nbsp;oder&nbsp;<strong>Carbon Disclosure Project<\/strong><\/p>\n\n\n\n<p>Das Carbon Disclosure Project (CDP) ist eine internationale Non-Profit-Organisation. Es erm\u00f6glicht Unternehmen und auch Kommunen, ihre Umweltdaten zu ver\u00f6ffentlichen und Strategien zur Verringerung ihrerCO<sub>2<\/sub>-Emissionen zu entwickeln.<\/p>\n\n\n\n<p><strong>CEMARS<\/strong><\/p>\n\n\n\n<p>CEMARS steht f\u00fcr \u201eCertified Emissions Measurement and Reduction Scheme\u201c (Zertifiziertes Programm f\u00fcr Emissionsmessung und -reduktion). Es handelt sich um ein international zugelassenes Zertifizierungsprogramm zur Reduktion von Treibhausgasen und bietet Unternehmen und Veranstaltungen Unterst\u00fctzung, um ihre Emissionen zu messen und zu reduzieren.<\/p>\n\n\n\n<p><strong>CO<\/strong><sub>2<\/sub><\/p>\n\n\n\n<p>CO<sub>2<\/sub>&nbsp;ist die chemische Formel f\u00fcr Kohlenstoffdioxid, ein Gas in der Erdatmosph\u00e4re. Obwohl Kohlendioxid in der Natur vorkommt, ist es mittlerweile problematisch geworden, weil es das gr\u00f6\u00dfte der Treibhausgase ist, das die gesamten Treibhausgasemissionen beeinflusst.<\/p>\n\n\n\n<p><strong>CO<sub>2<\/sub>e<\/strong><\/p>\n\n\n\n<p>CO<sub>2<\/sub>e steht f\u00fcr \u201eKohlenstoffdioxid-\u00c4quivalent\u201c und dient dazu, den \u00f6kologischen Fu\u00dfabdruck sichtbar zu machen. Es handelt sich um eine einzige Messgr\u00f6\u00dfe f\u00fcr alle erzeugten Treibhausgas-Emissionen, nicht nur Kohlenstoffdioxid.<\/p>\n\n\n\n<p><strong>CO<sub>2<\/sub>-Fu\u00dfabdruck<\/strong><\/p>\n\n\n\n<p>Unter dem CO<sub>2<\/sub>-Fu\u00dfabdruck versteht man die Menge an Treibhausgasen, die eine Einzelperson, ein Unternehmen, eine Organisation oder eine Gebietsk\u00f6rperschaft wie ein Land oder eine Region innerhalb eines bestimmten Zeitraums in der Atmosph\u00e4re freisetzt.<\/p>\n\n\n\n<p>Kohlenstoffdioxid ist das bekannteste dieser Treibhausgase, deshalb wird es damit oft gleichgesetzt, obwohl alle Treibhausgase in unterschiedlichem Ausma\u00df zum Klimawandel beitragen (siehe Treibhauspotenzial, GWP).<\/p>\n\n\n\n<p><strong>Dekarbonisierung<\/strong><\/p>\n\n\n\n<p>Als Dekarbonisierung wird der Vorgang des Reduzierens und schlie\u00dflich kompletten Vermeidens vonnicht nat\u00fcrlich stattfindenden Kohlenstoffdioxid-Emissionen bezeichnet.<\/p>\n\n\n\n<p><strong>Emissionen in der Wertsch\u00f6pfungskette<\/strong><\/p>\n\n\n\n<p>Indirekte Treibhausgas-Emissionen in der Wertsch\u00f6pfungskette eines Produkts oder einer Organisation, z.&nbsp;B. vor- und nachgelagerte Emissionen.<\/p>\n\n\n\n<p>Siehe auch Scope-3-Emissionen.<\/p>\n\n\n\n<p><strong>Energieausweis<\/strong><\/p>\n\n\n\n<p>Ein Energieausweis belegt die Energieeffizienz eines Geb\u00e4udes auf einer Bewertungsskala von A bis G und ist somit ein Indikator f\u00fcr die m\u00f6gliche H\u00f6he der Heizkosten. Energieausweise beinhalten auch Informationen dazu, wie sich Geb\u00e4ude energieeffizienter gestalten lassen.<\/p>\n\n\n\n<p><strong>Erderw\u00e4rmung<\/strong><\/p>\n\n\n\n<p>Unter Erderw\u00e4rmung versteht man den Anstieg der Durchschnittstemperaturen weltweit. Ursache hierf\u00fcr sind steigende THG-Emissionen aus menschlichen Aktivit\u00e4ten. Die Erderw\u00e4rmung ist ein Motor des Klimawandels.<\/p>\n\n\n\n<p><strong>ESG<\/strong><\/p>\n\n\n\n<p>Das K\u00fcrzel ESG steht f\u00fcr \u201eEnvironmental, Social and Governance\u201c, auf Deutsch: Umwelt, Soziales und Unternehmensf\u00fchrung.<\/p>\n\n\n\n<p>F\u00fcr die Leistung eines Unternehmens gibt es in jedem Bereich diverse Kennzahlen, z.&nbsp;B. Treibhausgas-Emissionen. Investoren nutzen ESG-Kennzahlen h\u00e4ufig, um \u00fcber die Sinnhaftigkeit einer bevorstehenden Investition zu entscheiden.<\/p>\n\n\n\n<p><strong>Geschlossener Recyclingkreislauf<\/strong><\/p>\n\n\n\n<p>Ein geschlossener Recyclingkreislauf ist ein Prozess, in dem alle Materialbestandteile eines Produkts am Ende seines Lebenszyklus wiederverwendet werden.<\/p>\n\n\n\n<p><strong>GHGP<\/strong><\/p>\n\n\n\n<p>GHGP steht f\u00fcr \u201eGreenhouse Gas Protocol\u201c. Dieses Protokoll umfasst Standards, die Unternehmen und Kommunen als Leitlinien zum Messen und Ver\u00f6ffentlichen ihrer Treibhausgas-Emissionen nutzen k\u00f6nnen.<\/p>\n\n\n\n<p><strong>Greenwashing<\/strong><\/p>\n\n\n\n<p>Als \u201eGreenwashing\u201c werden Aussagen bezeichnet, die Produkte, Dienstleistungen, Organisationen oder Aktivit\u00e4ten als umweltschonender darstellen, als sie tats\u00e4chlich sind. Ein Beispiel f\u00fcr dieses &#8222;Reinwaschen&#8220; sind unbegr\u00fcndete Behauptungen auf Basis von Belegen, die aus dem Zusammenhang gerissen wurden.<\/p>\n\n\n\n<p><strong>GWP (Global Warming Potential)<\/strong>&nbsp;oder&nbsp;<strong>Treibhauspotenzial<\/strong><\/p>\n\n\n\n<p>Treibhausgase absorbieren W\u00e4rme unterschiedlich gut, deshalb hat jedes einzelne einen anderen Einfluss auf die Erderw\u00e4rmung.<\/p>\n\n\n\n<p>Das Treibhauspotenzial (engl. Global Warming Potential oder kurz GWP) ist eine Messgr\u00f6\u00dfe zum Vergleich dieser Auswirkungen. Gemessen wird die Energie-Absorptionsf\u00e4higkeit einer Tonne Emissionen des jeweiligen Gases \u00fcber einen bestimmten Zeitraum in Relation zur Absorptionsf\u00e4higkeit einer Tonne Kohlenstoffdioxid in demselben Zeitraum. Das Treibhauspotenzial von Kohlendioxid ist demnach immer 1. Je h\u00f6her das GWP eines anderen Gases, desto st\u00e4rker treibt es die Erderw\u00e4rmung voran.<\/p>\n\n\n\n<p>Siehe auch: CO<sub>2<\/sub>.<\/p>\n\n\n\n<p><strong>Klimawandel<\/strong><\/p>\n\n\n\n<p>Als Klimawandel wird die langfristige Ver\u00e4nderung des globalen Klimas verstanden, das sich in Extremwetterlagen und steigenden Durchschnittstemperaturen ausdr\u00fcckt.<\/p>\n\n\n\n<p>Nat\u00fcrlich hat sich im Laufe der Existenz unseres Planeten das Klima immer wieder ver\u00e4ndert, doch mittlerweile ist es fast \u00fcberall Konsens, dass der Mensch seit Beginn der industriellen Revolution und durch die deshalb st\u00e4ndig steigende Menge an Treibhausgasendie Erderw\u00e4rmung stark beschleunigt. Anders als in fr\u00fcheren Perioden des Klimawandels hat die Natur weniger Zeit, sich anzupassen, und der rasante Wandel kann dazu f\u00fchren, dass der Planet f\u00fcr den Menschen teilweise unbewohnbar wird.<\/p>\n\n\n\n<p><strong>Kompaktleuchtstofflampe<\/strong><\/p>\n\n\n\n<p>Kompaktleuchtstofflampen sind deutlich energieeffizienter als Gl\u00fchlampen und sollen diese deshalb ersetzen. Ihre Lebensdauer betr\u00e4gt ca. 10&nbsp;Jahre.<\/p>\n\n\n\n<p><strong>Kompostierbar<\/strong><\/p>\n\n\n\n<p>Mit dem Wort \u201ekompostierbar\u201c wird Material beschrieben, das unter den richtigen Bedingungen mit der Zeit in nicht umweltsch\u00e4dliche Bestandteile zerf\u00e4llt. Nicht gleichzusetzen mit biologisch abbaubar.<\/p>\n\n\n\n<p><strong>Lebenszyklusanalyse<\/strong><\/p>\n\n\n\n<p>Eine auch \u00d6kobilanz oder Umweltbilanz genannte Lebenszyklusanalyse gibt an, welche Auswirkungen auf die Umwelt ein Produkt in jeder Phase seines Lebenszyklus hat&nbsp;\u2013 von der Rohstoffgewinnung \u00fcber die Produktion bis zur Auslieferung, Verwendung und Entsorgung.<\/p>\n\n\n\n<p><strong>LED<\/strong><\/p>\n\n\n\n<p>Eine Licht emittierende Diode, kurz LED, ist ein Halbleiter-Element, das Licht aussendet, wenn es von elektrischem Strom durchflossen wird. Verglichen mit Gl\u00fchlampen sind LEDs \u00e4u\u00dferst energieeffizient und langlebig.<\/p>\n\n\n\n<p><strong>LEED<\/strong><\/p>\n\n\n\n<p>LEED steht f\u00fcr \u201eLeadership in Energy and Environmental Design\u201c (etwa: f\u00fchrend in energieeffizienter und umweltgerechter Planung). Das Bewertungs- und Zertifizierungssystem gibt Auskunft \u00fcber die Energieeffizienz von Geb\u00e4uden.<\/p>\n\n\n\n<p><strong>Nachgelagerte Emissionen<\/strong><\/p>\n\n\n\n<p>Nachgelagerte Emissionen sind Treibhausgas-Emissionen, die im Lebenszyklus eines Produkts nach seinem Kauf freigesetzt werden. Dazu z\u00e4hlen die Lieferung und Lagerung, aber auch die Verwendung und Entsorgung. Nachgelagerte Emissionen k\u00f6nnen vorgelagerte Emissionen mengenm\u00e4\u00dfig \u00fcbertreffen.<\/p>\n\n\n\n<p>Siehe auch Scope-3-Emissionen und Emissionen in der Wertsch\u00f6pfungskette.<\/p>\n\n\n\n<p><strong>Nachhaltigkeit<\/strong><\/p>\n\n\n\n<p>Als nachhaltig wird ein Prozess bezeichnet, wenn er sich \u00fcber einen l\u00e4ngeren Zeitraum aufrechterhalten l\u00e4sst.<\/p>\n\n\n\n<p>Der Begriff der Nachhaltigkeit wird oft im Zusammenhang mit Wirtschafts- oder Umweltaspekten verwendet. Damit Prozesse oder Systeme umweltgerecht nachhaltig sind, m\u00fcssen sie langfristig unsch\u00e4dlich oder umweltschonend sein. In den meisten F\u00e4llen w\u00e4re es sinnvoller, Prozesse oder Produkte als&nbsp;<em>nachhaltiger<\/em>&nbsp;anstelle von nachhaltig zu bezeichnen&nbsp;\u2013 in dem Sinne, dass sie nachhaltiger sind als ihre Alternativen.<\/p>\n\n\n\n<p><strong>Netto-Null<\/strong><\/p>\n\n\n\n<p>Netto-Null-Emissionen freizusetzen, ist ein Zustand, den die meisten Organisationen anstreben, aber noch nicht erreicht haben. Netto-Null-Emissionen bedeutet, dass in der Summe keine zus\u00e4tzlichen Treibhausgase in die Erdatmosph\u00e4re gelangen und somit kein Beitrag zurErderw\u00e4rmung bzw. zum Klimawandel geleistet wird.<\/p>\n\n\n\n<p><strong>SBT<\/strong>&nbsp;oder&nbsp;<strong>Science-Based Target<\/strong><\/p>\n\n\n\n<p>\u201eScience-Based Target\u201c bedeutet, dass ein Ziel wissenschaftlich fundiert ist. Es kann sich zum Beispiel um ein SBT f\u00fcr die Reduktion von Treibhausgas-Emissionen handeln, das im Umfang und in der Schnelligkeit angemessen ist, um die Erderw\u00e4rmung unter zwei Grad Celsius zu halten.<\/p>\n\n\n\n<p><strong>Scope-1-Emissionen<\/strong><\/p>\n\n\n\n<p>Scope-1-Emissionen sind Treibhausgas-Emissionen, die ein Unternehmen oder eine Organisation direkt aus eigenen oder von ihr verantworteten Quellen freisetzt, z.&nbsp;B. durch Dienstfahrzeuge.<\/p>\n\n\n\n<p>Siehe auch: Scope-2-Emissionen, Scope-3-Emissionen, nachgelagerte Emissionen, vorgelagerte Emissionen und Emissionen in der Wertsch\u00f6pfungskette.<\/p>\n\n\n\n<p><strong>Scope&nbsp;2-Emissionen<\/strong><\/p>\n\n\n\n<p>Scope-2-Emissionen sind Treibhausgas-Emissionen, die ein Unternehmen oder eine Organisation indirekt freisetzt, z.&nbsp;B. durch den Kauf fossiler Energietr\u00e4ger zum Heizen oder K\u00fchlen von Geb\u00e4uden. Die indirekte Freisetzung erfolgt h\u00e4ufig abseits des eigenen Gel\u00e4ndes.<\/p>\n\n\n\n<p>Siehe auch: Scope&nbsp;1-Emissionen, Scope&nbsp;3-Emissionen, nachgelagerte Emissionen, vorgelagerte Emissionen und Emissionen in der Wertsch\u00f6pfungskette.<\/p>\n\n\n\n<p><strong>Scope&nbsp;3-Emissionen<\/strong><\/p>\n\n\n\n<p>Scope-3-Emissionen sind indirekte Emissionen in der (vor- und nachgelagerten) Wertsch\u00f6pfungskette eines Unternehmens oder einer Organisation.<\/p>\n\n\n\n<p>Beispiele sind Treibhausgas-Emissionen, die ein Lieferant bei der Rohstoffgewinnung freisetzt oder die bei der Auslieferung der Fertigwaren durch Dritte entstehen.<\/p>\n\n\n\n<p>Siehe auch: Scope&nbsp;1-Emissionen, Scope&nbsp;2-Emissionen, nachgelagerte Emissionen, vorgelagerte Emissionen und Emissionen in der Wertsch\u00f6pfungskette.<\/p>\n\n\n\n<p><strong>SDGs&nbsp;<em><strong>oder<\/strong><\/em>&nbsp;Ziele f\u00fcr nachhaltige Entwicklung<\/strong><\/p>\n\n\n\n<p>Sustainable Development Goals (SDGs) oder kurz Nachhaltigkeitsziele sind 17 globale Priorit\u00e4ten, die die Vereinten Nationen in ihrer Agenda 2030 f\u00fcr nachhaltige Entwicklung festgehalten haben und die 2015 von allen Mitgliedsstaaten \u00fcbernommen wurden. Einige dieser Verpflichtungen betreffen speziell die Aspekte Umwelt und Soziales, unter anderem in Form von Ma\u00dfnahmen gegen den Klimawandel. Manche Organisationen nutzen die Nachhaltigkeitsziele als Vorlagen f\u00fcr ihre ESG-Aktivit\u00e4ten.<\/p>\n\n\n\n<p><strong>TCFD<\/strong>&nbsp;oder&nbsp;<strong>Task Force for Climate-Related Financial Disclosures<\/strong><\/p>\n\n\n\n<p>Die Task Force for Climate-Related Financial Disclosures (kurz TCFD) gibt Empfehlungen, wie Unternehmen ihre Stakeholder (Anteilseigner, Investoren usw.) \u00fcber ihre klimabezogenen Risiken informieren k\u00f6nnen.<\/p>\n\n\n\n<p><strong>THG<\/strong>&nbsp;oder&nbsp;<strong>Treibhausgase<\/strong><\/p>\n\n\n\n<p>THG steht f\u00fcr \u201eTreibhausgase\u201c. Dies sind Gase wie Kohlendioxid, Methan und Lachgas, die Sonnenw\u00e4rme absorbieren und wieder abgeben. Der Effekt in der Erdatmosph\u00e4re ist \u00e4hnlich der in einem Gew\u00e4chshaus, daher die Bezeichnung.<\/p>\n\n\n\n<p>Treibhausgase entstehen bei zahlreichen Aktivit\u00e4ten, doch menschliche Aktivit\u00e4ten und besonders die im Zusammenhang mit der Industrialisierung (z.&nbsp;B. die Energiegewinnung aus fossilen Brennstoffen) haben die Menge der Treibhausgas-Emissionen extrem gesteigert. Dadurch heizt sich die Erdatmosph\u00e4re schneller auf denn je. Dieses Ph\u00e4nomen hei\u00dft Erderw\u00e4rmung und befeuert den Klimawandel.<\/p>\n\n\n\n<p><strong>Triple Bottom Line<\/strong><\/p>\n\n\n\n<p>Bisher war es \u00fcblich, nur das finanzielle Ergebnis eines Unternehmens als Gewinn oder Verlust zu werten. Mit der TBL, der Triple Bottom Line, werden nun neben den \u00f6konomischen Kosten auch die \u00f6kologischen und sozialen in die Abschlussrechnung einbezogen. Deshalb spricht man oft von den drei Ps: Profit, Planet, People.<\/p>\n\n\n\n<p><strong>Vorgelagerte Emissionen<\/strong><\/p>\n\n\n\n<p>Als vorgelagerte Emissionen bezeichnet man alle Treibhausgas-Emissionen, die ein Material oder Produkt bis zum Zeitpunkt des Verkaufs freisetzt, z.&nbsp;B. bei der Rohstoffgewinnung und -verarbeitung, in der Produktion und bei der Auslieferung.<\/p>\n\n\n\n<p>Siehe auch nachgelagerte Emissionen, Scope-1-Emissionen, Scope-2-Emissionen und Emissionen in der Wertsch\u00f6pfungskette.<\/p>\n\n\n\n<p><strong>Wesentlichkeit<\/strong><\/p>\n\n\n\n<p>Die Frage, welche Aspekte der Gesch\u00e4ftst\u00e4tigkeit wesentlich auf Aspekte der Umwelt, des Sozialen oder der Unternehmensf\u00fchrung einwirken und welchen wesentlichen Einfluss wiederum diese Aspekte auf die Gesch\u00e4ftst\u00e4tigkeit haben k\u00f6nnen. Die Antwort hilft beim Ausrichten der ESG-Strategie.<\/p>\n\n\n\n<p><strong>Zero Waste<\/strong><\/p>\n\n\n\n<p>Das Konzept der totalen Abfallvermeidung, \u201eZero Waste\u201c, beginnt eigentlich schon beim Reduzieren von Abfall&nbsp;\u2013 in der Praxis geht es eher darum, wenig M\u00fcll zu erzeugen anstatt gar keinen. Umsetzen l\u00e4sst sich dies zum Beispiel, indem unn\u00f6tiger Konsum vermieden und alles andere wiederverwendet, recycelt und kompostiert wird. Deponiem\u00fcll gilt es wenn m\u00f6glich zu vermeiden.<\/p>\n","protected":false},"excerpt":{"rendered":"Better World-Produkt Glossar Glossar f\u00fcr Nachhaltigkeit und Umweltschutz Abfallhierarchie In der Abfallhierarchie werden die Optionen f\u00fcr das Ende&hellip;\n","protected":false},"author":16,"featured_media":72751,"parent":0,"menu_order":0,"comment_status":"closed","ping_status":"closed","template":"","meta":{"csco_singular_sidebar":"disabled","csco_page_header_type":"default","csco_appearance_grid":"","csco_page_load_nextpost":"","csco_post_video_location":[],"csco_post_video_location_hash":"","csco_post_video_url":"","csco_post_video_bg_start_time":0,"csco_post_video_bg_end_time":0,"footnotes":""},"coauthors":[1738],"class_list":{"0":"post-72576","1":"page","2":"type-page","3":"status-publish","4":"has-post-thumbnail","6":"cs-entry","7":"cs-video-wrap"},"yoast_head":"<!-- This site is optimized with the Yoast SEO plugin v24.4 - https:\/\/yoast.com\/wordpress\/plugins\/seo\/ -->\n<title>Better World-Produkt Glossar - KnowHow<\/title>\n<meta name=\"robots\" content=\"index, follow, max-snippet:-1, max-image-preview:large, max-video-preview:-1\" \/>\n<link rel=\"canonical\" href=\"https:\/\/knowhow.distrelec.com\/de\/better-world-produkt-glossar\/\" \/>\n<meta property=\"og:locale\" content=\"de_DE\" \/>\n<meta property=\"og:type\" content=\"article\" \/>\n<meta property=\"og:title\" content=\"Better World-Produkt Glossar - KnowHow\" \/>\n<meta property=\"og:description\" content=\"Better World-Produkt Glossar Glossar f\u00fcr Nachhaltigkeit und Umweltschutz Abfallhierarchie In der Abfallhierarchie werden die Optionen f\u00fcr das Ende&hellip;\" \/>\n<meta property=\"og:url\" content=\"https:\/\/knowhow.distrelec.com\/de\/better-world-produkt-glossar\/\" \/>\n<meta property=\"og:site_name\" content=\"KnowHow\" \/>\n<meta property=\"article:modified_time\" content=\"2024-05-24T10:21:13+00:00\" \/>\n<meta property=\"og:image\" content=\"https:\/\/knowhow.distrelec.com\/wp-content\/uploads\/2024\/05\/GettyImages-2082546557.jpg\" \/>\n\t<meta property=\"og:image:width\" content=\"2309\" \/>\n\t<meta property=\"og:image:height\" content=\"1299\" \/>\n\t<meta property=\"og:image:type\" content=\"image\/jpeg\" \/>\n<meta name=\"twitter:card\" content=\"summary_large_image\" \/>\n<meta name=\"twitter:label1\" content=\"Gesch\u00e4tzte Lesezeit\" \/>\n\t<meta name=\"twitter:data1\" content=\"8 Minuten\" \/>\n\t<meta name=\"twitter:label2\" content=\"Written by\" \/>\n\t<meta name=\"twitter:data2\" content=\"Justyna Matuszak\" \/>\n<script type=\"application\/ld+json\" class=\"yoast-schema-graph\">{\"@context\":\"https:\/\/schema.org\",\"@graph\":[{\"@type\":\"WebPage\",\"@id\":\"https:\/\/knowhow.distrelec.com\/de\/better-world-produkt-glossar\/\",\"url\":\"https:\/\/knowhow.distrelec.com\/de\/better-world-produkt-glossar\/\",\"name\":\"Better World-Produkt Glossar - KnowHow\",\"isPartOf\":{\"@id\":\"https:\/\/knowhow.distrelec.com\/de\/#website\"},\"primaryImageOfPage\":{\"@id\":\"https:\/\/knowhow.distrelec.com\/de\/better-world-produkt-glossar\/#primaryimage\"},\"image\":{\"@id\":\"https:\/\/knowhow.distrelec.com\/de\/better-world-produkt-glossar\/#primaryimage\"},\"thumbnailUrl\":\"https:\/\/knowhow.distrelec.com\/wp-content\/uploads\/2024\/05\/GettyImages-2082546557.jpg\",\"datePublished\":\"2024-05-15T13:32:11+00:00\",\"dateModified\":\"2024-05-24T10:21:13+00:00\",\"breadcrumb\":{\"@id\":\"https:\/\/knowhow.distrelec.com\/de\/better-world-produkt-glossar\/#breadcrumb\"},\"inLanguage\":\"de-DE\",\"potentialAction\":[{\"@type\":\"ReadAction\",\"target\":[\"https:\/\/knowhow.distrelec.com\/de\/better-world-produkt-glossar\/\"]}]},{\"@type\":\"ImageObject\",\"inLanguage\":\"de-DE\",\"@id\":\"https:\/\/knowhow.distrelec.com\/de\/better-world-produkt-glossar\/#primaryimage\",\"url\":\"https:\/\/knowhow.distrelec.com\/wp-content\/uploads\/2024\/05\/GettyImages-2082546557.jpg\",\"contentUrl\":\"https:\/\/knowhow.distrelec.com\/wp-content\/uploads\/2024\/05\/GettyImages-2082546557.jpg\",\"width\":2309,\"height\":1299},{\"@type\":\"BreadcrumbList\",\"@id\":\"https:\/\/knowhow.distrelec.com\/de\/better-world-produkt-glossar\/#breadcrumb\",\"itemListElement\":[{\"@type\":\"ListItem\",\"position\":1,\"name\":\"Startseite\",\"item\":\"https:\/\/knowhow.distrelec.com\/de\/\"},{\"@type\":\"ListItem\",\"position\":2,\"name\":\"Better World-Produkt Glossar\"}]},{\"@type\":\"WebSite\",\"@id\":\"https:\/\/knowhow.distrelec.com\/de\/#website\",\"url\":\"https:\/\/knowhow.distrelec.com\/de\/\",\"name\":\"KnowHow\",\"description\":\"KnowHow Hub\",\"publisher\":{\"@id\":\"https:\/\/knowhow.distrelec.com\/de\/#organization\"},\"potentialAction\":[{\"@type\":\"SearchAction\",\"target\":{\"@type\":\"EntryPoint\",\"urlTemplate\":\"https:\/\/knowhow.distrelec.com\/de\/?s={search_term_string}\"},\"query-input\":{\"@type\":\"PropertyValueSpecification\",\"valueRequired\":true,\"valueName\":\"search_term_string\"}}],\"inLanguage\":\"de-DE\"},{\"@type\":\"Organization\",\"@id\":\"https:\/\/knowhow.distrelec.com\/de\/#organization\",\"name\":\"Distrelec\",\"url\":\"https:\/\/knowhow.distrelec.com\/de\/\",\"logo\":{\"@type\":\"ImageObject\",\"inLanguage\":\"de-DE\",\"@id\":\"https:\/\/knowhow.distrelec.com\/de\/#\/schema\/logo\/image\/\",\"url\":\"https:\/\/knowhow.distrelec.com\/wp-content\/uploads\/2021\/09\/distrelec_logo.png\",\"contentUrl\":\"https:\/\/knowhow.distrelec.com\/wp-content\/uploads\/2021\/09\/distrelec_logo.png\",\"width\":530,\"height\":98,\"caption\":\"Distrelec\"},\"image\":{\"@id\":\"https:\/\/knowhow.distrelec.com\/de\/#\/schema\/logo\/image\/\"}}]}<\/script>\n<!-- \/ Yoast SEO plugin. -->","yoast_head_json":{"title":"Better World-Produkt Glossar - KnowHow","robots":{"index":"index","follow":"follow","max-snippet":"max-snippet:-1","max-image-preview":"max-image-preview:large","max-video-preview":"max-video-preview:-1"},"canonical":"https:\/\/knowhow.distrelec.com\/de\/better-world-produkt-glossar\/","og_locale":"de_DE","og_type":"article","og_title":"Better World-Produkt Glossar - KnowHow","og_description":"Better World-Produkt Glossar Glossar f\u00fcr Nachhaltigkeit und Umweltschutz Abfallhierarchie In der Abfallhierarchie werden die Optionen f\u00fcr das Ende&hellip;","og_url":"https:\/\/knowhow.distrelec.com\/de\/better-world-produkt-glossar\/","og_site_name":"KnowHow","article_modified_time":"2024-05-24T10:21:13+00:00","og_image":[{"width":2309,"height":1299,"url":"https:\/\/knowhow.distrelec.com\/wp-content\/uploads\/2024\/05\/GettyImages-2082546557.jpg","type":"image\/jpeg"}],"twitter_card":"summary_large_image","twitter_misc":{"Gesch\u00e4tzte Lesezeit":"8 Minuten","Written by":"Justyna Matuszak"},"schema":{"@context":"https:\/\/schema.org","@graph":[{"@type":"WebPage","@id":"https:\/\/knowhow.distrelec.com\/de\/better-world-produkt-glossar\/","url":"https:\/\/knowhow.distrelec.com\/de\/better-world-produkt-glossar\/","name":"Better World-Produkt Glossar - KnowHow","isPartOf":{"@id":"https:\/\/knowhow.distrelec.com\/de\/#website"},"primaryImageOfPage":{"@id":"https:\/\/knowhow.distrelec.com\/de\/better-world-produkt-glossar\/#primaryimage"},"image":{"@id":"https:\/\/knowhow.distrelec.com\/de\/better-world-produkt-glossar\/#primaryimage"},"thumbnailUrl":"https:\/\/knowhow.distrelec.com\/wp-content\/uploads\/2024\/05\/GettyImages-2082546557.jpg","datePublished":"2024-05-15T13:32:11+00:00","dateModified":"2024-05-24T10:21:13+00:00","breadcrumb":{"@id":"https:\/\/knowhow.distrelec.com\/de\/better-world-produkt-glossar\/#breadcrumb"},"inLanguage":"de-DE","potentialAction":[{"@type":"ReadAction","target":["https:\/\/knowhow.distrelec.com\/de\/better-world-produkt-glossar\/"]}]},{"@type":"ImageObject","inLanguage":"de-DE","@id":"https:\/\/knowhow.distrelec.com\/de\/better-world-produkt-glossar\/#primaryimage","url":"https:\/\/knowhow.distrelec.com\/wp-content\/uploads\/2024\/05\/GettyImages-2082546557.jpg","contentUrl":"https:\/\/knowhow.distrelec.com\/wp-content\/uploads\/2024\/05\/GettyImages-2082546557.jpg","width":2309,"height":1299},{"@type":"BreadcrumbList","@id":"https:\/\/knowhow.distrelec.com\/de\/better-world-produkt-glossar\/#breadcrumb","itemListElement":[{"@type":"ListItem","position":1,"name":"Startseite","item":"https:\/\/knowhow.distrelec.com\/de\/"},{"@type":"ListItem","position":2,"name":"Better World-Produkt Glossar"}]},{"@type":"WebSite","@id":"https:\/\/knowhow.distrelec.com\/de\/#website","url":"https:\/\/knowhow.distrelec.com\/de\/","name":"KnowHow","description":"KnowHow Hub","publisher":{"@id":"https:\/\/knowhow.distrelec.com\/de\/#organization"},"potentialAction":[{"@type":"SearchAction","target":{"@type":"EntryPoint","urlTemplate":"https:\/\/knowhow.distrelec.com\/de\/?s={search_term_string}"},"query-input":{"@type":"PropertyValueSpecification","valueRequired":true,"valueName":"search_term_string"}}],"inLanguage":"de-DE"},{"@type":"Organization","@id":"https:\/\/knowhow.distrelec.com\/de\/#organization","name":"Distrelec","url":"https:\/\/knowhow.distrelec.com\/de\/","logo":{"@type":"ImageObject","inLanguage":"de-DE","@id":"https:\/\/knowhow.distrelec.com\/de\/#\/schema\/logo\/image\/","url":"https:\/\/knowhow.distrelec.com\/wp-content\/uploads\/2021\/09\/distrelec_logo.png","contentUrl":"https:\/\/knowhow.distrelec.com\/wp-content\/uploads\/2021\/09\/distrelec_logo.png","width":530,"height":98,"caption":"Distrelec"},"image":{"@id":"https:\/\/knowhow.distrelec.com\/de\/#\/schema\/logo\/image\/"}}]}},"jetpack_sharing_enabled":true,"_links":{"self":[{"href":"https:\/\/knowhow.distrelec.com\/de\/wp-json\/wp\/v2\/pages\/72576","targetHints":{"allow":["GET"]}}],"collection":[{"href":"https:\/\/knowhow.distrelec.com\/de\/wp-json\/wp\/v2\/pages"}],"about":[{"href":"https:\/\/knowhow.distrelec.com\/de\/wp-json\/wp\/v2\/types\/page"}],"author":[{"embeddable":true,"href":"https:\/\/knowhow.distrelec.com\/de\/wp-json\/wp\/v2\/users\/16"}],"replies":[{"embeddable":true,"href":"https:\/\/knowhow.distrelec.com\/de\/wp-json\/wp\/v2\/comments?post=72576"}],"version-history":[{"count":0,"href":"https:\/\/knowhow.distrelec.com\/de\/wp-json\/wp\/v2\/pages\/72576\/revisions"}],"wp:featuredmedia":[{"embeddable":true,"href":"https:\/\/knowhow.distrelec.com\/de\/wp-json\/wp\/v2\/media\/72751"}],"wp:attachment":[{"href":"https:\/\/knowhow.distrelec.com\/de\/wp-json\/wp\/v2\/media?parent=72576"}],"wp:term":[{"taxonomy":"author","embeddable":true,"href":"https:\/\/knowhow.distrelec.com\/de\/wp-json\/wp\/v2\/coauthors?post=72576"}],"curies":[{"name":"wp","href":"https:\/\/api.w.org\/{rel}","templated":true}]}}