{"id":13937,"date":"2022-01-28T13:41:43","date_gmt":"2022-01-28T13:41:43","guid":{"rendered":"https:\/\/knowhow.distrelec.com\/?page_id=13937"},"modified":"2022-07-08T11:04:21","modified_gmt":"2022-07-08T11:04:21","slug":"serie-debooks-sur-les-technologies-et-les-solutions","status":"publish","type":"page","link":"https:\/\/knowhow.distrelec.com\/fr\/serie-debooks-sur-les-technologies-et-les-solutions\/","title":{"rendered":"S\u00e9rie d&rsquo;eBooks sur les technologies et les solutions"},"content":{"rendered":"\n<p><strong>Dernier num\u00e9ro :<\/strong> La fabrication industrielle<\/p>\n\n\n\n<p>Distrelec est fier d\u2019annoncer la troisi\u00e8me \u00e9dition de sa s\u00e9rie d\u2019eBooks ax\u00e9e sur la fabrication industrielle.<\/p>\n\n\n\n<p>Distrelec investit dans des solutions innovantes en travaillant avec nos fournisseurs cl\u00e9s pour offrir \u00e0 nos clients un portefeuille de produits de premier ordre. Dans cet eBook, nous examinons des solutions dans la cat\u00e9gorie la fabrication industrielle, men\u00e9es par nos fournisseurs cl\u00e9s qui sont des experts de premier plan dans leurs domaines.<\/p>\n\n\n\n<figure class=\"wp-block-image size-large\"><img  loading=\"lazy\"  decoding=\"async\"  height=\"683\"  width=\"1024\"  src=\"data:image\/png;base64,iVBORw0KGgoAAAANSUhEUgAABAAAAAKrAQMAAABV2G3XAAAAA1BMVEUAAP+KeNJXAAAAAXRSTlMAQObYZgAAAAlwSFlzAAAOxAAADsQBlSsOGwAAAGxJREFUeNrtwTEBAAAAwqD1T20MH6AAAAAAAAAAAAAAAAAAAAAAAAAAAAAAAAAAAAAAAAAAAAAAAAAAAAAAAAAAAAAAAAAAAAAAAAAAAAAAAAAAAAAAAAAAAAAAAAAAAAAAAAAAAAAAAAAAOBtYOgAB23VbnQAAAABJRU5ErkJggg==\"  alt=\"\"  class=\"wp-image-32626 pk-lazyload\"  data-pk-sizes=\"auto\"  data-pk-src=\"https:\/\/knowhow.distrelec.com\/wp-content\/uploads\/2022\/06\/eBook-showcase-white-12-1024x683.jpg\" ><\/figure>\n\n\n\n<div class=\"wp-block-buttons is-horizontal is-content-justification-center is-layout-flex wp-container-core-buttons-is-layout-499968f5 wp-block-buttons-is-layout-flex\">\n<div class=\"wp-block-button\"><a class=\"wp-block-button__link has-red-background-color has-background\" href=\"https:\/\/knowhow.distrelec.com\/wp-content\/uploads\/2022\/06\/eBook-Q1-Industrial-Manufacturing-FR.pdf\" target=\"_blank\" rel=\"noreferrer noopener\">T\u00e9l\u00e9charger maintenant<\/a><\/div>\n<\/div>\n\n\n\n<hr class=\"wp-block-separator\"\/>\n\n\n\n<figure class=\"wp-block-image size-large\"><img  loading=\"lazy\"  decoding=\"async\"  height=\"683\"  width=\"1024\"  src=\"data:image\/png;base64,iVBORw0KGgoAAAANSUhEUgAABAAAAAKrAQMAAABV2G3XAAAAA1BMVEUAAP+KeNJXAAAAAXRSTlMAQObYZgAAAAlwSFlzAAAOxAAADsQBlSsOGwAAAGxJREFUeNrtwTEBAAAAwqD1T20MH6AAAAAAAAAAAAAAAAAAAAAAAAAAAAAAAAAAAAAAAAAAAAAAAAAAAAAAAAAAAAAAAAAAAAAAAAAAAAAAAAAAAAAAAAAAAAAAAAAAAAAAAAAAAAAAAAAAOBtYOgAB23VbnQAAAABJRU5ErkJggg==\"  alt=\"\"  class=\"wp-image-13985 pk-lazyload\"  data-pk-sizes=\"auto\"  data-pk-src=\"https:\/\/knowhow.distrelec.com\/wp-content\/uploads\/2022\/01\/eBook-Cover-1-1024x683.jpg\" ><\/figure>\n\n\n\n<div class=\"wp-block-buttons is-horizontal is-content-justification-center is-layout-flex wp-container-core-buttons-is-layout-499968f5 wp-block-buttons-is-layout-flex\">\n<div class=\"wp-block-button\"><a class=\"wp-block-button__link has-red-background-color has-background\" href=\"https:\/\/knowhow.distrelec.com\/wp-content\/uploads\/2022\/05\/Q4-eBook-Transportation-FR.pdf\" target=\"_blank\" rel=\"noreferrer noopener\">T\u00e9l\u00e9charger maintenant<\/a><\/div>\n<\/div>\n\n\n\n<hr class=\"wp-block-separator\"\/>\n\n\n\n<div class=\"wp-block-media-text alignwide is-stacked-on-mobile\"><figure class=\"wp-block-media-text__media\"><img  decoding=\"async\"  src=\"data:image\/png;base64,iVBORw0KGgoAAAANSUhEUgAABlcAAAPTAQMAAAAXes0\/AAAAA1BMVEUAAP+KeNJXAAAAAXRSTlMAQObYZgAAAAlwSFlzAAAOxAAADsQBlSsOGwAAANhJREFUeNrtwYEAAAAAw6D5U1\/gCFUBAAAAAAAAAAAAAAAAAAAAAAAAAAAAAAAAAAAAAAAAAAAAAAAAAAAAAAAAAAAAAAAAAAAAAAAAAAAAAAAAAAAAAAAAAAAAAAAAAAAAAAAAAAAAAAAAAAAAAAAAAAAAAAAAAAAAAAAAAAAAAAAAAAAAAAAAAAAAAAAAAAAAAAAAAAAAAAAAAAAAAAAAAAAAAAAAAAAAAAAAAAAAAAAAAAAAAAAAAAAAAAAAAAAAAAAAAAAAAAAAAAAAAAAAAAAAAAAAwDcMUQABsJ98bwAAAABJRU5ErkJggg==\"  alt=\"\"  class=\"wp-image-14414 size-full pk-lazyload\"  data-pk-sizes=\"auto\"  data-pk-src=\"https:\/\/knowhow.distrelec.com\/wp-content\/uploads\/2022\/02\/ebook-pms-magazine-1024x618.jpg\" ><\/figure><div class=\"wp-block-media-text__content\">\n<h2 id=\"systemes-de-gestion-de-lenergie-sge\" class=\"wp-block-heading\">Syst\u00e8mes de gestion de l&rsquo;\u00e9nergie (SGE)<\/h2>\n\n\n\n<p>Dans ce num\u00e9ro, nous examinons certaines des solutions industrielles qui s&rsquo;attaquent aux aspects difficiles des syst\u00e8mes de gestion de l&rsquo;\u00e9nergie (SGE). Les nouvelles technologies et les nouveaux produits ouvrent une nouvelle \u00e8re dans le domaine des syst\u00e8mes de gestion de l&rsquo;\u00e9nergie, gr\u00e2ce \u00e0 l&rsquo;innovation et \u00e0 la collaboration entre les partenaires industriels.<\/p>\n\n\n\n<div class=\"wp-block-buttons is-layout-flex wp-block-buttons-is-layout-flex\">\n<div class=\"wp-block-button\"><a class=\"wp-block-button__link has-red-background-color has-background\" href=\"https:\/\/knowhow.distrelec.com\/wp-content\/uploads\/2022\/02\/Power-Management-Systems-FR-Spread.pdf\" target=\"_blank\" rel=\"noreferrer noopener\">T\u00e9l\u00e9charger maintenant<\/a><\/div>\n<\/div>\n<\/div><\/div>\n","protected":false},"excerpt":{"rendered":"Dernier num\u00e9ro : La fabrication industrielle Distrelec est fier d\u2019annoncer la troisi\u00e8me \u00e9dition de sa s\u00e9rie d\u2019eBooks ax\u00e9e&hellip;\n","protected":false},"author":4,"featured_media":13923,"parent":0,"menu_order":0,"comment_status":"closed","ping_status":"closed","template":"","meta":{"csco_singular_sidebar":"","csco_page_header_type":"","csco_appearance_grid":"","csco_page_load_nextpost":"","csco_post_video_location":[],"csco_post_video_location_hash":"","csco_post_video_url":"","csco_post_video_bg_start_time":0,"csco_post_video_bg_end_time":0,"footnotes":""},"coauthors":[],"class_list":{"0":"post-13937","1":"page","2":"type-page","3":"status-publish","4":"has-post-thumbnail","6":"cs-entry","7":"cs-video-wrap"},"yoast_head":"<!-- This site is optimized with the Yoast SEO plugin v24.4 - https:\/\/yoast.com\/wordpress\/plugins\/seo\/ -->\n<title>S\u00e9rie d&#039;eBooks sur les technologies et les solutions - KnowHow<\/title>\n<meta name=\"robots\" content=\"index, follow, max-snippet:-1, max-image-preview:large, max-video-preview:-1\" \/>\n<link rel=\"canonical\" href=\"https:\/\/knowhow.distrelec.com\/fr\/serie-debooks-sur-les-technologies-et-les-solutions\/\" \/>\n<meta property=\"og:locale\" content=\"fr_FR\" \/>\n<meta property=\"og:type\" content=\"article\" \/>\n<meta property=\"og:title\" content=\"S\u00e9rie d&#039;eBooks sur les technologies et les solutions - KnowHow\" \/>\n<meta property=\"og:description\" content=\"Dernier num\u00e9ro : La fabrication industrielle Distrelec est fier d\u2019annoncer la troisi\u00e8me \u00e9dition de sa s\u00e9rie d\u2019eBooks ax\u00e9e&hellip;\" \/>\n<meta property=\"og:url\" content=\"https:\/\/knowhow.distrelec.com\/fr\/serie-debooks-sur-les-technologies-et-les-solutions\/\" \/>\n<meta property=\"og:site_name\" content=\"KnowHow\" \/>\n<meta property=\"article:modified_time\" content=\"2022-07-08T11:04:21+00:00\" \/>\n<meta property=\"og:image\" content=\"https:\/\/knowhow.distrelec.com\/wp-content\/uploads\/2022\/01\/ebook-banner-2.jpg\" \/>\n\t<meta property=\"og:image:width\" content=\"2000\" \/>\n\t<meta property=\"og:image:height\" content=\"800\" \/>\n\t<meta property=\"og:image:type\" content=\"image\/jpeg\" \/>\n<meta name=\"twitter:card\" content=\"summary_large_image\" \/>\n<meta name=\"twitter:label1\" content=\"Dur\u00e9e de lecture estim\u00e9e\" \/>\n\t<meta name=\"twitter:data1\" content=\"2 minutes\" \/>\n\t<meta name=\"twitter:label2\" content=\"Written by\" \/>\n\t<meta name=\"twitter:data2\" content=\"Chris Rush\" \/>\n<script type=\"application\/ld+json\" class=\"yoast-schema-graph\">{\"@context\":\"https:\/\/schema.org\",\"@graph\":[{\"@type\":\"WebPage\",\"@id\":\"https:\/\/knowhow.distrelec.com\/fr\/serie-debooks-sur-les-technologies-et-les-solutions\/\",\"url\":\"https:\/\/knowhow.distrelec.com\/fr\/serie-debooks-sur-les-technologies-et-les-solutions\/\",\"name\":\"S\u00e9rie d'eBooks sur les technologies et les solutions - KnowHow\",\"isPartOf\":{\"@id\":\"https:\/\/knowhow.distrelec.com\/fr\/#website\"},\"primaryImageOfPage\":{\"@id\":\"https:\/\/knowhow.distrelec.com\/fr\/serie-debooks-sur-les-technologies-et-les-solutions\/#primaryimage\"},\"image\":{\"@id\":\"https:\/\/knowhow.distrelec.com\/fr\/serie-debooks-sur-les-technologies-et-les-solutions\/#primaryimage\"},\"thumbnailUrl\":\"https:\/\/knowhow.distrelec.com\/wp-content\/uploads\/2022\/01\/ebook-banner-2.jpg\",\"datePublished\":\"2022-01-28T13:41:43+00:00\",\"dateModified\":\"2022-07-08T11:04:21+00:00\",\"breadcrumb\":{\"@id\":\"https:\/\/knowhow.distrelec.com\/fr\/serie-debooks-sur-les-technologies-et-les-solutions\/#breadcrumb\"},\"inLanguage\":\"fr-FR\",\"potentialAction\":[{\"@type\":\"ReadAction\",\"target\":[\"https:\/\/knowhow.distrelec.com\/fr\/serie-debooks-sur-les-technologies-et-les-solutions\/\"]}]},{\"@type\":\"ImageObject\",\"inLanguage\":\"fr-FR\",\"@id\":\"https:\/\/knowhow.distrelec.com\/fr\/serie-debooks-sur-les-technologies-et-les-solutions\/#primaryimage\",\"url\":\"https:\/\/knowhow.distrelec.com\/wp-content\/uploads\/2022\/01\/ebook-banner-2.jpg\",\"contentUrl\":\"https:\/\/knowhow.distrelec.com\/wp-content\/uploads\/2022\/01\/ebook-banner-2.jpg\",\"width\":2000,\"height\":800},{\"@type\":\"BreadcrumbList\",\"@id\":\"https:\/\/knowhow.distrelec.com\/fr\/serie-debooks-sur-les-technologies-et-les-solutions\/#breadcrumb\",\"itemListElement\":[{\"@type\":\"ListItem\",\"position\":1,\"name\":\"Page d'accueil\",\"item\":\"https:\/\/knowhow.distrelec.com\/fr\/\"},{\"@type\":\"ListItem\",\"position\":2,\"name\":\"S\u00e9rie d&#8217;eBooks sur les technologies et les solutions\"}]},{\"@type\":\"WebSite\",\"@id\":\"https:\/\/knowhow.distrelec.com\/fr\/#website\",\"url\":\"https:\/\/knowhow.distrelec.com\/fr\/\",\"name\":\"KnowHow\",\"description\":\"KnowHow Hub\",\"publisher\":{\"@id\":\"https:\/\/knowhow.distrelec.com\/fr\/#organization\"},\"potentialAction\":[{\"@type\":\"SearchAction\",\"target\":{\"@type\":\"EntryPoint\",\"urlTemplate\":\"https:\/\/knowhow.distrelec.com\/fr\/?s={search_term_string}\"},\"query-input\":{\"@type\":\"PropertyValueSpecification\",\"valueRequired\":true,\"valueName\":\"search_term_string\"}}],\"inLanguage\":\"fr-FR\"},{\"@type\":\"Organization\",\"@id\":\"https:\/\/knowhow.distrelec.com\/fr\/#organization\",\"name\":\"Distrelec\",\"url\":\"https:\/\/knowhow.distrelec.com\/fr\/\",\"logo\":{\"@type\":\"ImageObject\",\"inLanguage\":\"fr-FR\",\"@id\":\"https:\/\/knowhow.distrelec.com\/fr\/#\/schema\/logo\/image\/\",\"url\":\"https:\/\/knowhow.distrelec.com\/wp-content\/uploads\/2021\/09\/distrelec_logo.png\",\"contentUrl\":\"https:\/\/knowhow.distrelec.com\/wp-content\/uploads\/2021\/09\/distrelec_logo.png\",\"width\":530,\"height\":98,\"caption\":\"Distrelec\"},\"image\":{\"@id\":\"https:\/\/knowhow.distrelec.com\/fr\/#\/schema\/logo\/image\/\"}}]}<\/script>\n<!-- \/ Yoast SEO plugin. -->","yoast_head_json":{"title":"S\u00e9rie d'eBooks sur les technologies et les solutions - KnowHow","robots":{"index":"index","follow":"follow","max-snippet":"max-snippet:-1","max-image-preview":"max-image-preview:large","max-video-preview":"max-video-preview:-1"},"canonical":"https:\/\/knowhow.distrelec.com\/fr\/serie-debooks-sur-les-technologies-et-les-solutions\/","og_locale":"fr_FR","og_type":"article","og_title":"S\u00e9rie d'eBooks sur les technologies et les solutions - KnowHow","og_description":"Dernier num\u00e9ro : La fabrication industrielle Distrelec est fier d\u2019annoncer la troisi\u00e8me \u00e9dition de sa s\u00e9rie d\u2019eBooks ax\u00e9e&hellip;","og_url":"https:\/\/knowhow.distrelec.com\/fr\/serie-debooks-sur-les-technologies-et-les-solutions\/","og_site_name":"KnowHow","article_modified_time":"2022-07-08T11:04:21+00:00","og_image":[{"width":2000,"height":800,"url":"https:\/\/knowhow.distrelec.com\/wp-content\/uploads\/2022\/01\/ebook-banner-2.jpg","type":"image\/jpeg"}],"twitter_card":"summary_large_image","twitter_misc":{"Dur\u00e9e de lecture estim\u00e9e":"2 minutes","Written by":"Chris Rush"},"schema":{"@context":"https:\/\/schema.org","@graph":[{"@type":"WebPage","@id":"https:\/\/knowhow.distrelec.com\/fr\/serie-debooks-sur-les-technologies-et-les-solutions\/","url":"https:\/\/knowhow.distrelec.com\/fr\/serie-debooks-sur-les-technologies-et-les-solutions\/","name":"S\u00e9rie d'eBooks sur les technologies et les solutions - KnowHow","isPartOf":{"@id":"https:\/\/knowhow.distrelec.com\/fr\/#website"},"primaryImageOfPage":{"@id":"https:\/\/knowhow.distrelec.com\/fr\/serie-debooks-sur-les-technologies-et-les-solutions\/#primaryimage"},"image":{"@id":"https:\/\/knowhow.distrelec.com\/fr\/serie-debooks-sur-les-technologies-et-les-solutions\/#primaryimage"},"thumbnailUrl":"https:\/\/knowhow.distrelec.com\/wp-content\/uploads\/2022\/01\/ebook-banner-2.jpg","datePublished":"2022-01-28T13:41:43+00:00","dateModified":"2022-07-08T11:04:21+00:00","breadcrumb":{"@id":"https:\/\/knowhow.distrelec.com\/fr\/serie-debooks-sur-les-technologies-et-les-solutions\/#breadcrumb"},"inLanguage":"fr-FR","potentialAction":[{"@type":"ReadAction","target":["https:\/\/knowhow.distrelec.com\/fr\/serie-debooks-sur-les-technologies-et-les-solutions\/"]}]},{"@type":"ImageObject","inLanguage":"fr-FR","@id":"https:\/\/knowhow.distrelec.com\/fr\/serie-debooks-sur-les-technologies-et-les-solutions\/#primaryimage","url":"https:\/\/knowhow.distrelec.com\/wp-content\/uploads\/2022\/01\/ebook-banner-2.jpg","contentUrl":"https:\/\/knowhow.distrelec.com\/wp-content\/uploads\/2022\/01\/ebook-banner-2.jpg","width":2000,"height":800},{"@type":"BreadcrumbList","@id":"https:\/\/knowhow.distrelec.com\/fr\/serie-debooks-sur-les-technologies-et-les-solutions\/#breadcrumb","itemListElement":[{"@type":"ListItem","position":1,"name":"Page d'accueil","item":"https:\/\/knowhow.distrelec.com\/fr\/"},{"@type":"ListItem","position":2,"name":"S\u00e9rie d&#8217;eBooks sur les technologies et les solutions"}]},{"@type":"WebSite","@id":"https:\/\/knowhow.distrelec.com\/fr\/#website","url":"https:\/\/knowhow.distrelec.com\/fr\/","name":"KnowHow","description":"KnowHow Hub","publisher":{"@id":"https:\/\/knowhow.distrelec.com\/fr\/#organization"},"potentialAction":[{"@type":"SearchAction","target":{"@type":"EntryPoint","urlTemplate":"https:\/\/knowhow.distrelec.com\/fr\/?s={search_term_string}"},"query-input":{"@type":"PropertyValueSpecification","valueRequired":true,"valueName":"search_term_string"}}],"inLanguage":"fr-FR"},{"@type":"Organization","@id":"https:\/\/knowhow.distrelec.com\/fr\/#organization","name":"Distrelec","url":"https:\/\/knowhow.distrelec.com\/fr\/","logo":{"@type":"ImageObject","inLanguage":"fr-FR","@id":"https:\/\/knowhow.distrelec.com\/fr\/#\/schema\/logo\/image\/","url":"https:\/\/knowhow.distrelec.com\/wp-content\/uploads\/2021\/09\/distrelec_logo.png","contentUrl":"https:\/\/knowhow.distrelec.com\/wp-content\/uploads\/2021\/09\/distrelec_logo.png","width":530,"height":98,"caption":"Distrelec"},"image":{"@id":"https:\/\/knowhow.distrelec.com\/fr\/#\/schema\/logo\/image\/"}}]}},"jetpack_sharing_enabled":true,"_links":{"self":[{"href":"https:\/\/knowhow.distrelec.com\/fr\/wp-json\/wp\/v2\/pages\/13937","targetHints":{"allow":["GET"]}}],"collection":[{"href":"https:\/\/knowhow.distrelec.com\/fr\/wp-json\/wp\/v2\/pages"}],"about":[{"href":"https:\/\/knowhow.distrelec.com\/fr\/wp-json\/wp\/v2\/types\/page"}],"author":[{"embeddable":true,"href":"https:\/\/knowhow.distrelec.com\/fr\/wp-json\/wp\/v2\/users\/4"}],"replies":[{"embeddable":true,"href":"https:\/\/knowhow.distrelec.com\/fr\/wp-json\/wp\/v2\/comments?post=13937"}],"version-history":[{"count":0,"href":"https:\/\/knowhow.distrelec.com\/fr\/wp-json\/wp\/v2\/pages\/13937\/revisions"}],"wp:featuredmedia":[{"embeddable":true,"href":"https:\/\/knowhow.distrelec.com\/fr\/wp-json\/wp\/v2\/media\/13923"}],"wp:attachment":[{"href":"https:\/\/knowhow.distrelec.com\/fr\/wp-json\/wp\/v2\/media?parent=13937"}],"wp:term":[{"taxonomy":"author","embeddable":true,"href":"https:\/\/knowhow.distrelec.com\/fr\/wp-json\/wp\/v2\/coauthors?post=13937"}],"curies":[{"name":"wp","href":"https:\/\/api.w.org\/{rel}","templated":true}]}}