{"id":39744,"date":"2022-11-07T11:12:04","date_gmt":"2022-11-07T11:12:04","guid":{"rendered":"https:\/\/knowhow.distrelec.com\/politique-en-matiere-de-cookies\/"},"modified":"2022-11-07T11:12:06","modified_gmt":"2022-11-07T11:12:06","slug":"politique-en-matiere-de-cookies","status":"publish","type":"page","link":"https:\/\/knowhow.distrelec.com\/fr\/politique-en-matiere-de-cookies\/","title":{"rendered":"Politique en mati\u00e8re de cookies"},"content":{"rendered":"\n<h2 id=\"1-distrelec-et-les-cookies\" class=\"wp-block-heading\">1. <strong>Distrelec et les cookies<\/strong><\/h2>\n\n<p>Notre site Web et nos sites mobiles utilisent des cookies pour am\u00e9liorer votre exp\u00e9rience en ligne. En utilisant notre site Web et en acceptant les directives concern\u00e9es, vous d\u00e9clarez que vous nous permettez d&rsquo;utiliser des cookies conform\u00e9ment aux termes de la pr\u00e9sente politique.<\/p>\n\n<h3 id=\"1-2-quest-ce-quun-cookie-et-comment-le-site-web-de-distrelec-utilise-t-il-les-cookies\" class=\"wp-block-heading\">1.2 Qu&rsquo;est-ce qu&rsquo;un cookie et comment le site Web de Distrelec utilise-t-il les cookies ?<strong><\/strong><\/h3>\n\n<p>Un cookie est un fichier qui contient des donn\u00e9es (une cha\u00eene de lettres et de chiffres) ; ce fichier est transmis d&rsquo;un serveur Web \u00e0 un navigateur Web lorsque vous visitez un site Web, puis est enregistr\u00e9 par le navigateur. L&rsquo;identifiant correspondant est ensuite \u00e0 nouveau transmis en sens retour chaque fois que le navigateur demande une page au serveur.<br \/><br \/>Les cookies ne contiennent aucune information permettant de vous identifier personnellement. Nous pourrons cependant associer certaines informations personnelles que nous avons enregistr\u00e9es vous concernant \u00e0 des informations stock\u00e9es dans les cookies, et associer ces derni\u00e8res aux informations re\u00e7ues.<br \/><br \/>Nous utilisons les informations que nous obtenons par le biais de votre utilisation des cookies aux fins suivantes:<\/p>\n\n<ul class=\"wp-block-list\"><li>Reconna\u00eetre votre ordinateur lorsque vous visitez notre site Web.<\/li><li>Am\u00e9liorer la convivialit\u00e9 du site Web.<\/li><li>Analyser l&rsquo;utilisation du site Web.<\/li><li>G\u00e9rer le site Web.<\/li><li>Eviter la fraude et renforcer la s\u00e9curit\u00e9 du site Web.<\/li><li>Personnaliser notre site \u00e0 votre attention (en fournissant des actualit\u00e9s cibl\u00e9es susceptibles de vous int\u00e9resser).<\/li><li>Suivre le chemin que vous empruntez par l&rsquo;interm\u00e9diaire de notre site Web, ce qui permet l&rsquo;utilisation de certaines fonctions (exemples: ajout\/suppression de produits dans le panier, finalisation d&rsquo;un achat \u00e0 la caisse).<\/li><\/ul>\n<p>Lorsque vous ajoutez des articles \u00e0 votre formulaire de commande, mais d\u00e9cidez ensuite de ne pas effectuer d&rsquo;achats pendant votre visite, nous enregistrons le num\u00e9ro de r\u00e9f\u00e9rence du bon de commande dans un cookie afin d&rsquo;am\u00e9liorer la convivialit\u00e9 pour l&rsquo;utilisateur, de mani\u00e8re que vous puissiez rappeler le formulaire lors de votre prochaine visite.<\/p>\n\n<h3 id=\"1-2-est-il-sur-dactiver-les-cookies\" class=\"wp-block-heading\"><strong>1.2 Est-il s\u00fbr d&rsquo;activer les cookies?<\/strong><\/h3>\n\n<p>Oui. Les cookies sont seulement de courtes cha\u00eenes de donn\u00e9es qui ne peuvent ex\u00e9cuter aucune op\u00e9ration par eux-m\u00eames. Distrelec vous conseille d&rsquo;autoriser les navigateurs Web \u00e0 accepter les cookies de notre site Web.<\/p>\n\n<h3 id=\"1-3-comment-puis-je-ajuster-mes-parametres-relatifs-aux-cookies\" class=\"wp-block-heading\"><strong>1.3 Comment puis-je ajuster mes param\u00e8tres relatifs aux cookies?<\/strong><\/h3>\n\n<p>Pour activer les cookies, suivez les instructions ci-dessous qui s&rsquo;appliquent \u00e0 votre navigateur.<br \/><br \/>Microsoft Internet Explorer<\/p>\n\n<ul class=\"wp-block-list\"><li>S\u00e9lectionnez \u00ab Options Internet \u00bb dans le menu \u00ab Outils \u00bb.<\/li><li>Cliquez sur l&rsquo;onglet \u00ab Confidentialit\u00e9 \u00bb.<\/li><li>Dans le menu \u00ab Param\u00e8tres \u00bb, cliquez sur le bouton \u00ab Standard \u00bb (ou placez le curseur manuellement sur \u00ab Medium \u00bb).<\/li><li>Cliquez sur OK.<\/li><\/ul>\n<p>Mozilla Firefox<\/p>\n\n<ul class=\"wp-block-list\"><li>Aller dans le menu \u00ab Outils \u00bb.<\/li><li>S\u00e9lectionnez \u00ab Options \u00bb.<\/li><li>S\u00e9lectionnez l&rsquo;ic\u00f4ne intitul\u00e9e \u00ab Confidentialit\u00e9 \u00bb.<\/li><li>Cliquez dans la case qui permet aux sites Web d&rsquo;utiliser les cookies (sous la rubrique \u00ab Utilisation des param\u00e8tres personnalis\u00e9s pour l&rsquo;historique \u00bb).<\/li><li>Cliquez sur OK pour enregistrer vos modifications.<\/li><\/ul>\n<p>Google Chrome<\/p>\n\n<ul class=\"wp-block-list\"><li>Dans le menu Personnaliser et contr\u00f4ler, s\u00e9lectionnez \u00ab Param\u00e8tres \u00bb.<\/li><li>Dans les \u00ab Param\u00e8tres avanc\u00e9s \u00bb (Confidentialit\u00e9, Param\u00e8tres de contenu) trouvez la section \u00ab Cookies \u00bb.<\/li><li>Pour permettre l&rsquo;utilisation de cookies, vous devez s\u00e9lectionner \u00ab Autoriser le stockage des donn\u00e9es locales \u00bb (ou \u00ab Activer tous les cookies \u00bb).<\/li><li>Cliquez sur OK.<\/li><\/ul>\n<p>Safari<\/p>\n\n<ul class=\"wp-block-list\"><li>S\u00e9lectionnez Safari &gt; Param\u00e8tres et cliquez sur Confidentialit\u00e9.<\/li><li>Dans le champ \u00ab Bloquer les cookies \u00bb, sp\u00e9cifiez si et \u00e0 quel moment Safari doit accepter les cookies provenant de sites Web.<\/li><\/ul>\n<h3 id=\"1-4-quels-types-de-cookies-le-site-web-distrelec-utilise-t-il\" class=\"wp-block-heading\"><strong>1.4 Quels types de cookies le site Web Distrelec utilise-t-il?<\/strong><\/h3>\n\n<p>Vous pouvez configurer votre navigateur de mani\u00e8re qu&rsquo;il refuse les cookies (vous trouverez davantage d&rsquo;informations \u00e0 ce sujet dans le texte d&rsquo;aide de votre navigateur). Veuillez noter que vous n&rsquo;aurez alors plus acc\u00e8s \u00e0 certaines fonctions personnalis\u00e9es de notre site Web.<\/p>\n\n<h2 id=\"1-5-nous-utilisons-trois-types-differents-de-cookies\" class=\"wp-block-heading\"><strong>1.5 Nous utilisons trois types diff\u00e9rents de cookies:<\/strong><\/h2>\n\n<p>Les cookies de session : ce sont des fichiers temporaires qui ne sont activ\u00e9s que pendant votre visite (session) sur notre site Web. Normalement, votre navigateur supprime ces cookies d\u00e8s que vous le fermez.<br \/><br \/>Les cookies persistants : ces fichiers sont actifs apr\u00e8s la fin de la session du navigateur (par exemple: lorsque vous vous inscrivez sur un site Web, puis revenez plus tard pour une nouvelle visite, le site Web a appris qui vous \u00eates et affiche un message de bienvenue correspondant). Ce comportement est possible gr\u00e2ce aux cookies persistants.<br \/><br \/>Les cookies tiers: lorsque vous utilisez notre site Web, des cookies provenant de fournisseurs tiers peuvent vous \u00eatre transmis. Si vous visitez un site Web qui comporte un contenu int\u00e9gr\u00e9, tel que des vid\u00e9os YouTube par exemple, ce site peut vous transmettre des cookies. Distrelec ne surveille pas les param\u00e8tres de ces cookies. Nous vous recommandons de solliciter davantage d&rsquo;informations concernant ces cookies sur les sites Web de ces prestataires de services tiers et de trouver les options correspondantes pour leur gestion.<br \/><\/p>\n\n<h3 id=\"1-6-parametres-des-cookies\" class=\"wp-block-heading\"><strong>1.6 Param\u00e8tres des cookies<\/strong><\/h3>\n\n<p>Vous trouverez davantage d&rsquo;informations sur l&rsquo;utilisation des cookies sur les sites Web \u00e0 l&rsquo;adresse suivante: www.allaboutcookies.org<\/p>\n\n<h3 id=\"1-7-bloquer-les-cookies\" class=\"wp-block-heading\"><strong>1.7 Bloquer les cookies<\/strong><\/h3>\n\n<p>La plupart des navigateurs disposent d&rsquo;une option pour bloquer les cookies. En voici des exemples:<\/p>\n\n<ul class=\"wp-block-list\"><li>Dans Internet Explorer, vous pouvez bloquer tous les cookies, en cliquant sur \u00ab Outils \u00bb, \u00ab Options Internet \u00bb, \u00ab Confidentialit\u00e9 \u00bb, puis utilisez le curseur pour s\u00e9lectionner \u00ab Bloquer tous les cookies \u00bb.<\/li><li>Dans Mozilla Firefox, vous pouvez bloquer tous les cookies en cliquant sur \u00ab Outils \u00bb et \u00ab Options \u00bb, puis d\u00e9sactiver l&rsquo;option \u00ab Accepter les cookies \u00bb dans la section \u00ab Confidentialit\u00e9 \u00bb.<\/li><\/ul>\n<p>Cependant, le blocage de tous les cookies a un effet n\u00e9gatif sur les possibilit\u00e9s d&rsquo;utilisation de nombreux sites web.<\/p>\n\n<h3 id=\"1-8-supprimer-les-cookies\" class=\"wp-block-heading\"><strong>1.8 Supprimer les cookies<\/strong><\/h3>\n\n<p>Vous pouvez bien s\u00fbr \u00e9galement supprimer les cookies qui ont d\u00e9j\u00e0 \u00e9t\u00e9 enregistr\u00e9s sur votre ordinateur.<\/p>\n\n<ul class=\"wp-block-list\"><li>Si vous utilisez Internet Explorer, vous devez supprimer manuellement les fichiers cookies (vous trouverez des instructions \u00e0 ce sujet \u00e0 l&rsquo;adresse: http:\/\/support.microsoft.com\/kb\/278835).<\/li><li>Si vous utilisez Mozilla Firefox et que vous souhaitez supprimer les cookies, vous devez d&rsquo;abord v\u00e9rifier que les cookies sont supprim\u00e9s lorsque vous utilisez l&rsquo;option \u00ab Supprimer des donn\u00e9es priv\u00e9es \u00bb (vous pouvez modifier ce param\u00e8tre en cliquant sur \u00ab Outils \u00bb, \u00ab Options \u00bb, \u00ab Param\u00e8tres \u00bb et \u00ab Confidentialit\u00e9 \u00bb) et cliquez sur \u00ab Effacer votre historique r\u00e9cent \u00bb dans le menu \u00ab Outils \u00bb.<\/li><\/ul>\n<p>Sur ce site Web ainsi que sur ses applications mobiles, les donn\u00e9es sont collect\u00e9es et stock\u00e9es par Adobe Analytics, un service d&rsquo;analyse internet fourni par Adobe, et par Google Analytics, un service d&rsquo;analyse internet fourni par Google. Elles sont utilis\u00e9es pour cr\u00e9er des profils d&rsquo;utilisateur sous des pseudonymes. Ces profils utilisateurs sont utilis\u00e9s pour l&rsquo;analyse du comportement des visiteurs et sont \u00e9valu\u00e9s pour l&rsquo;am\u00e9lioration et l&rsquo;efficacit\u00e9 de la conception de notre gamme de produits. Les cookies sont utilis\u00e9s dans le cadre de cette politique. Vous pouvez \u00e0 tout moment refuser de permettre la collecte et la conservation futures de donn\u00e9es \u00e0 des fins d&rsquo;analyse Web.<\/p>\n\n<p>Sur ce site, la technologie dite de reciblage est utilis\u00e9e pour recueillir et enregistrer des informations sur les habitudes de navigation des visiteurs du site Web de mani\u00e8re anonyme. Ces donn\u00e9es sont stock\u00e9es sur votre ordinateur \u00e0 l&rsquo;aide de fichiers textes appel\u00e9s \u00ab cookies \u00bb. Cette technologie applique un algorithme pour analyser le comportement de navigation et peut ensuite afficher des recommandations de produits cibl\u00e9es sous forme de banni\u00e8res publicitaires associ\u00e9es \u00e0 vos centres d&rsquo;int\u00e9r\u00eat sur d&rsquo;autres sites Web (connus en tant qu&rsquo;\u00e9diteurs). En aucun cas ces donn\u00e9es ne peuvent \u00eatre utilis\u00e9es pour identifier personnellement le visiteur de ce site Web. Les donn\u00e9es collect\u00e9es sont utilis\u00e9es uniquement pour am\u00e9liorer l&rsquo;offre. Aucune autre utilisation ou transmission de donn\u00e9es \u00e0 des tiers n&rsquo;intervient.<\/p>\n\n<p>Pour d\u00e9sactiver le suivi Adobe Analytics, <a href=\"https:\/\/smetrics.distrelec.ch\/optout.html\">cliquez ici<\/a><\/p>\n\n<p>Pour d\u00e9sactiver le suivi Google Analytics, Google propose un <a href=\"https:\/\/tools.google.com\/dlpage\/gaoptout\">plug-in de navigateur<\/a> permettant d&rsquo;\u00eatre exclu du suivi<\/p>\n\n<h2 id=\"1-9-integration-de-plugins-sociaux\" class=\"wp-block-heading\"><strong>1.9 Int\u00e9gration de plugins sociaux<\/strong><\/h2>\n\n<p>Des plugins sociaux pour Facebook, Google et autres sont utilis\u00e9s sur notre site Web. Notre site Internet affiche par cons\u00e9quent un \u00ab + 1 \u00bb, un \u00ab f \u00bb ou un bouton \u00ab Pouce lev\u00e9 \u00bb. Il s&rsquo;agit d&rsquo;offres des soci\u00e9t\u00e9s am\u00e9ricaines Google Inc. (1600 Amphitheatre Parkway, Mountain View, CA 94043, Etats-Unis d&rsquo;Am\u00e9rique) et Facebook Inc. (1601 S California Ave, Palo Alto, CA 94394 Etats-Unis d&rsquo;Am\u00e9rique).<\/p>\n\n<p>Ce n&rsquo;est que lorsque vous cliquez sur le bouton \u00ab + 1 \u00bb, \u00ab f \u00bb ou \u00ab Pouce lev\u00e9 \u00bb que votre navigateur configure une connexion directe aux serveurs utilis\u00e9s sur Facebook ou Google. Le contenu du bouton \u00ab + 1 \u00bb, \u00ab f \u00bb ou \u00ab Pouce lev\u00e9 \u00bb est ensuite transmis par Google ou Facebook directement \u00e0 votre navigateur et incorpor\u00e9 par celui-ci au site Web. Par cons\u00e9quent, nous n&rsquo;avons aucune influence sur l&rsquo;\u00e9tendue des donn\u00e9es que Google ou Facebook collecte par le biais de ce bouton.<\/p>\n\n<p>Leurs pages Internet Facebook et Google (http:\/\/www.facebook.com\/policy.php; http:\/\/www.google.com\/Intel\/de\/+\/policy\/+1button.html) pr\u00e9sentent des informations d\u00e9taill\u00e9es sur la port\u00e9e, le type, l&rsquo;objectif et le traitement ult\u00e9rieur de vos donn\u00e9es et sur vos droits \u00e0 la protection de votre vie priv\u00e9e.<\/p>\n\n<p>En commen\u00e7ant par vous d\u00e9connecter des pages de vos r\u00e9seaux sociaux (Facebook et Google +) et en supprimant les cookies qui ont \u00e9t\u00e9 param\u00e9tr\u00e9s, vous pouvez emp\u00eacher Facebook et Google de recueillir des informations vous concernant lors de votre visite sur notre site Web.<\/p>\n\n<h2 id=\"1-10-protection-ddos-spam\" class=\"wp-block-heading\"><strong>1.10 Protection DDOS\/spam<\/strong><\/h2>\n\n<p>Nous utilisons des outils (tels que reCAPTCHA de Google et d&rsquo;autres) pour prot\u00e9ger notre site web contre le trafic malveillant, en particulier pour la protection contre le spam et les DDOS. Ces types de services analysent votre comportement sur le site web, la configuration de votre ordinateur (y compris les cookies Google ou de tiers que vous avez d\u00e9j\u00e0 install\u00e9s) et votre adresse IP afin de d\u00e9terminer si vous \u00eates un utilisateur authentique ou malveillant. Lorsqu&rsquo;un probl\u00e8me est d\u00e9tect\u00e9, il vous sera demand\u00e9 de prouver que vous n&rsquo;\u00eates pas un robot avant d&rsquo;effectuer certaines t\u00e2ches. Par exemple, lors de l&rsquo;envoi d&rsquo;un formulaire.<\/p>\n\n<p>Ces donn\u00e9es sont transmises directement entre votre ordinateur et les serveurs de Google et d&rsquo;autres tiers en Europe et aux \u00c9tats-Unis (en ce qui concerne Google) ; nous n&rsquo;avons donc aucune influence sur l&rsquo;\u00e9tendue des donn\u00e9es qu&rsquo;ils collectent, ni sur l&rsquo;utilisation ult\u00e9rieure de ces donn\u00e9es.<\/p>\n\n<p>Google reCAPTCHA est un service fourni par Google Inc, 1600 Ampitheatre Parkway, Mountain View, CA 94043, Etats-Unis d&rsquo;Am\u00e9rique. Pour en savoir plus sur l&rsquo;\u00e9tendue, le type et le traitement ult\u00e9rieur de vos donn\u00e9es et sur la fa\u00e7on de prot\u00e9ger votre vie priv\u00e9e, veuillez vous r\u00e9f\u00e9rer \u00e0 la politique de confidentialit\u00e9 de Google (<a href=\"https:\/\/www.google.com\/policies\/privacy\/\" target=\"_blank\" rel=\"noreferrer noopener\">https:\/\/policies.google.com\/privacy?hl=fr<\/a>) et aux conditions d&rsquo;utilisation de Google (<a href=\"https:\/\/www.google.com\/policies\/terms\/\" target=\"_blank\" rel=\"noreferrer noopener\">https:\/\/policies.google.com\/terms?hl=fr\/<\/a>).<\/p>\n\n<div style=\"height:100px\" aria-hidden=\"true\" class=\"wp-block-spacer\"><\/div>\n","protected":false},"excerpt":{"rendered":"1. Distrelec et les cookies Notre site Web et nos sites mobiles utilisent des cookies pour am\u00e9liorer votre&hellip;\n","protected":false},"author":2,"featured_media":0,"parent":0,"menu_order":0,"comment_status":"closed","ping_status":"closed","template":"","meta":{"csco_singular_sidebar":"","csco_page_header_type":"","csco_appearance_grid":"","csco_page_load_nextpost":"","csco_post_video_location":[],"csco_post_video_location_hash":"","csco_post_video_url":"","csco_post_video_bg_start_time":0,"csco_post_video_bg_end_time":0,"footnotes":""},"coauthors":[],"class_list":{"0":"post-39744","1":"page","2":"type-page","3":"status-publish","5":"cs-entry","6":"cs-video-wrap"},"yoast_head":"<!-- This site is optimized with the Yoast SEO plugin v24.4 - https:\/\/yoast.com\/wordpress\/plugins\/seo\/ -->\n<title>Politique en mati\u00e8re de cookies - KnowHow<\/title>\n<meta name=\"robots\" content=\"index, follow, max-snippet:-1, max-image-preview:large, max-video-preview:-1\" \/>\n<link rel=\"canonical\" href=\"https:\/\/knowhow.distrelec.com\/fr\/politique-en-matiere-de-cookies\/\" \/>\n<meta property=\"og:locale\" content=\"fr_FR\" \/>\n<meta property=\"og:type\" content=\"article\" \/>\n<meta property=\"og:title\" content=\"Politique en mati\u00e8re de cookies - KnowHow\" \/>\n<meta property=\"og:description\" content=\"1. Distrelec et les cookies Notre site Web et nos sites mobiles utilisent des cookies pour am\u00e9liorer votre&hellip;\" \/>\n<meta property=\"og:url\" content=\"https:\/\/knowhow.distrelec.com\/fr\/politique-en-matiere-de-cookies\/\" \/>\n<meta property=\"og:site_name\" content=\"KnowHow\" \/>\n<meta property=\"article:modified_time\" content=\"2022-11-07T11:12:06+00:00\" \/>\n<meta name=\"twitter:card\" content=\"summary_large_image\" \/>\n<meta name=\"twitter:label1\" content=\"Dur\u00e9e de lecture estim\u00e9e\" \/>\n\t<meta name=\"twitter:data1\" content=\"9 minutes\" \/>\n\t<meta name=\"twitter:label2\" content=\"Written by\" \/>\n\t<meta name=\"twitter:data2\" content=\"Ash Ali\" \/>\n<script type=\"application\/ld+json\" class=\"yoast-schema-graph\">{\"@context\":\"https:\/\/schema.org\",\"@graph\":[{\"@type\":\"WebPage\",\"@id\":\"https:\/\/knowhow.distrelec.com\/fr\/politique-en-matiere-de-cookies\/\",\"url\":\"https:\/\/knowhow.distrelec.com\/fr\/politique-en-matiere-de-cookies\/\",\"name\":\"Politique en mati\u00e8re de cookies - KnowHow\",\"isPartOf\":{\"@id\":\"https:\/\/knowhow.distrelec.com\/fr\/#website\"},\"datePublished\":\"2022-11-07T11:12:04+00:00\",\"dateModified\":\"2022-11-07T11:12:06+00:00\",\"breadcrumb\":{\"@id\":\"https:\/\/knowhow.distrelec.com\/fr\/politique-en-matiere-de-cookies\/#breadcrumb\"},\"inLanguage\":\"fr-FR\",\"potentialAction\":[{\"@type\":\"ReadAction\",\"target\":[\"https:\/\/knowhow.distrelec.com\/fr\/politique-en-matiere-de-cookies\/\"]}]},{\"@type\":\"BreadcrumbList\",\"@id\":\"https:\/\/knowhow.distrelec.com\/fr\/politique-en-matiere-de-cookies\/#breadcrumb\",\"itemListElement\":[{\"@type\":\"ListItem\",\"position\":1,\"name\":\"Page d'accueil\",\"item\":\"https:\/\/knowhow.distrelec.com\/fr\/\"},{\"@type\":\"ListItem\",\"position\":2,\"name\":\"Politique en mati\u00e8re de cookies\"}]},{\"@type\":\"WebSite\",\"@id\":\"https:\/\/knowhow.distrelec.com\/fr\/#website\",\"url\":\"https:\/\/knowhow.distrelec.com\/fr\/\",\"name\":\"KnowHow\",\"description\":\"KnowHow Hub\",\"publisher\":{\"@id\":\"https:\/\/knowhow.distrelec.com\/fr\/#organization\"},\"potentialAction\":[{\"@type\":\"SearchAction\",\"target\":{\"@type\":\"EntryPoint\",\"urlTemplate\":\"https:\/\/knowhow.distrelec.com\/fr\/?s={search_term_string}\"},\"query-input\":{\"@type\":\"PropertyValueSpecification\",\"valueRequired\":true,\"valueName\":\"search_term_string\"}}],\"inLanguage\":\"fr-FR\"},{\"@type\":\"Organization\",\"@id\":\"https:\/\/knowhow.distrelec.com\/fr\/#organization\",\"name\":\"Distrelec\",\"url\":\"https:\/\/knowhow.distrelec.com\/fr\/\",\"logo\":{\"@type\":\"ImageObject\",\"inLanguage\":\"fr-FR\",\"@id\":\"https:\/\/knowhow.distrelec.com\/fr\/#\/schema\/logo\/image\/\",\"url\":\"https:\/\/knowhow.distrelec.com\/wp-content\/uploads\/2021\/09\/distrelec_logo.png\",\"contentUrl\":\"https:\/\/knowhow.distrelec.com\/wp-content\/uploads\/2021\/09\/distrelec_logo.png\",\"width\":530,\"height\":98,\"caption\":\"Distrelec\"},\"image\":{\"@id\":\"https:\/\/knowhow.distrelec.com\/fr\/#\/schema\/logo\/image\/\"}}]}<\/script>\n<!-- \/ Yoast SEO plugin. -->","yoast_head_json":{"title":"Politique en mati\u00e8re de cookies - KnowHow","robots":{"index":"index","follow":"follow","max-snippet":"max-snippet:-1","max-image-preview":"max-image-preview:large","max-video-preview":"max-video-preview:-1"},"canonical":"https:\/\/knowhow.distrelec.com\/fr\/politique-en-matiere-de-cookies\/","og_locale":"fr_FR","og_type":"article","og_title":"Politique en mati\u00e8re de cookies - KnowHow","og_description":"1. Distrelec et les cookies Notre site Web et nos sites mobiles utilisent des cookies pour am\u00e9liorer votre&hellip;","og_url":"https:\/\/knowhow.distrelec.com\/fr\/politique-en-matiere-de-cookies\/","og_site_name":"KnowHow","article_modified_time":"2022-11-07T11:12:06+00:00","twitter_card":"summary_large_image","twitter_misc":{"Dur\u00e9e de lecture estim\u00e9e":"9 minutes","Written by":"Ash Ali"},"schema":{"@context":"https:\/\/schema.org","@graph":[{"@type":"WebPage","@id":"https:\/\/knowhow.distrelec.com\/fr\/politique-en-matiere-de-cookies\/","url":"https:\/\/knowhow.distrelec.com\/fr\/politique-en-matiere-de-cookies\/","name":"Politique en mati\u00e8re de cookies - KnowHow","isPartOf":{"@id":"https:\/\/knowhow.distrelec.com\/fr\/#website"},"datePublished":"2022-11-07T11:12:04+00:00","dateModified":"2022-11-07T11:12:06+00:00","breadcrumb":{"@id":"https:\/\/knowhow.distrelec.com\/fr\/politique-en-matiere-de-cookies\/#breadcrumb"},"inLanguage":"fr-FR","potentialAction":[{"@type":"ReadAction","target":["https:\/\/knowhow.distrelec.com\/fr\/politique-en-matiere-de-cookies\/"]}]},{"@type":"BreadcrumbList","@id":"https:\/\/knowhow.distrelec.com\/fr\/politique-en-matiere-de-cookies\/#breadcrumb","itemListElement":[{"@type":"ListItem","position":1,"name":"Page d'accueil","item":"https:\/\/knowhow.distrelec.com\/fr\/"},{"@type":"ListItem","position":2,"name":"Politique en mati\u00e8re de cookies"}]},{"@type":"WebSite","@id":"https:\/\/knowhow.distrelec.com\/fr\/#website","url":"https:\/\/knowhow.distrelec.com\/fr\/","name":"KnowHow","description":"KnowHow Hub","publisher":{"@id":"https:\/\/knowhow.distrelec.com\/fr\/#organization"},"potentialAction":[{"@type":"SearchAction","target":{"@type":"EntryPoint","urlTemplate":"https:\/\/knowhow.distrelec.com\/fr\/?s={search_term_string}"},"query-input":{"@type":"PropertyValueSpecification","valueRequired":true,"valueName":"search_term_string"}}],"inLanguage":"fr-FR"},{"@type":"Organization","@id":"https:\/\/knowhow.distrelec.com\/fr\/#organization","name":"Distrelec","url":"https:\/\/knowhow.distrelec.com\/fr\/","logo":{"@type":"ImageObject","inLanguage":"fr-FR","@id":"https:\/\/knowhow.distrelec.com\/fr\/#\/schema\/logo\/image\/","url":"https:\/\/knowhow.distrelec.com\/wp-content\/uploads\/2021\/09\/distrelec_logo.png","contentUrl":"https:\/\/knowhow.distrelec.com\/wp-content\/uploads\/2021\/09\/distrelec_logo.png","width":530,"height":98,"caption":"Distrelec"},"image":{"@id":"https:\/\/knowhow.distrelec.com\/fr\/#\/schema\/logo\/image\/"}}]}},"jetpack_sharing_enabled":true,"_links":{"self":[{"href":"https:\/\/knowhow.distrelec.com\/fr\/wp-json\/wp\/v2\/pages\/39744","targetHints":{"allow":["GET"]}}],"collection":[{"href":"https:\/\/knowhow.distrelec.com\/fr\/wp-json\/wp\/v2\/pages"}],"about":[{"href":"https:\/\/knowhow.distrelec.com\/fr\/wp-json\/wp\/v2\/types\/page"}],"author":[{"embeddable":true,"href":"https:\/\/knowhow.distrelec.com\/fr\/wp-json\/wp\/v2\/users\/2"}],"replies":[{"embeddable":true,"href":"https:\/\/knowhow.distrelec.com\/fr\/wp-json\/wp\/v2\/comments?post=39744"}],"version-history":[{"count":0,"href":"https:\/\/knowhow.distrelec.com\/fr\/wp-json\/wp\/v2\/pages\/39744\/revisions"}],"wp:attachment":[{"href":"https:\/\/knowhow.distrelec.com\/fr\/wp-json\/wp\/v2\/media?parent=39744"}],"wp:term":[{"taxonomy":"author","embeddable":true,"href":"https:\/\/knowhow.distrelec.com\/fr\/wp-json\/wp\/v2\/coauthors?post=39744"}],"curies":[{"name":"wp","href":"https:\/\/api.w.org\/{rel}","templated":true}]}}