{"id":4759,"date":"2021-07-15T23:34:57","date_gmt":"2021-07-15T23:34:57","guid":{"rendered":"http:\/\/knowhowprod.wpengine.com\/a-propos-de-knowhow\/"},"modified":"2024-03-11T12:13:01","modified_gmt":"2024-03-11T12:13:01","slug":"a-propos-de-knowhow","status":"publish","type":"page","link":"https:\/\/knowhow.distrelec.com\/fr\/a-propos-de-knowhow\/","title":{"rendered":"\u00c0 propos de KnowHow"},"content":{"rendered":"\n<p><strong>Source de savoir-faire technique<\/strong><\/p>\n\n<p>Bienvenue sur KnowHow, une plateforme en ligne propos\u00e9e par <a href=\"https:\/\/www.distrelec.com\/global\/\" target=\"_blank\" rel=\"noreferrer noopener\">Distrelec<\/a>, l&rsquo;un des leaders dans la distribution de produits \u00e9lectroniques, d&rsquo;automatisation et de technologie de mesure.<\/p>\n\n<p>La plateforme KnowHow vise \u00e0 fournir aux ing\u00e9nieurs, techniciens et passionn\u00e9s des articles techniques, des tutoriels et des informations pertinentes sur une multitude de sujets li\u00e9s \u00e0 l&rsquo;\u00e9lectronique et \u00e0 la technologie. Son objectif est d&rsquo;apporter son soutien \u00e0 la communaut\u00e9 en offrant des r\u00e9ponses, en aidant \u00e0 r\u00e9soudre les probl\u00e8mes rencontr\u00e9s dans les projets et le d\u00e9veloppement de produits, ainsi qu&rsquo;en partageant des connaissances professionnelles.<\/p>\n\n<p>KnowHow couvre un large \u00e9ventail de sujets, y compris, mais sans s&rsquo;y limiter :<\/p>\n\n<ul class=\"wp-block-list\">\n<li>Bases de l&rsquo;\u00e9lectronique et concepts avanc\u00e9s<\/li>\n\n\n\n<li>Automatisation et robotique<\/li>\n\n\n\n<li>Techniques de mesure et d&rsquo;essai<\/li>\n\n\n\n<li>Guides d\u00e9taill\u00e9s pour l&rsquo;utilisation d&rsquo;outils et de composants sp\u00e9cifiques<\/li>\n\n\n\n<li>Actualit\u00e9s concernant les derni\u00e8res technologies et les tendances de l&rsquo;industrie<\/li>\n\n\n\n<li>Entretiens avec des experts et des professionnels de l&rsquo;industrie<\/li>\n\n\n\n<li>\u00c9valuations et comparaisons de produits<\/li>\n<\/ul>\n\n<h2 id=\"a-propos-des-redacteurs\" class=\"wp-block-heading\">\u00c0 propos des r\u00e9dacteurs <\/h2>\n\n<p><strong>Rencontrez l&rsquo;\u00e9quipe<\/strong><\/p>\n\n<ul class=\"wp-block-list\"><\/ul>\n\n<p>KnowHow est dirig\u00e9 par une \u00e9quipe d\u00e9vou\u00e9e de r\u00e9dacteurs de contenu num\u00e9rique, comprenant <a href=\"https:\/\/knowhow.distrelec.com\/author\/justyna-matusza\/\" target=\"_blank\" rel=\"noreferrer noopener\">Justyna Matuszak<\/a> et <a href=\"https:\/\/knowhow.distrelec.com\/author\/jack-portley\/\" target=\"_blank\" rel=\"noreferrer noopener\">Jack Portley<\/a>. L&rsquo;\u00e9quipe de deux personnes a travaill\u00e9 avec acharnement et a remport\u00e9 le titre prestigieux de \u00ab Global In-House Content Team of the Year \u00bb (\u00e9quipe de contenu interne de l&rsquo;ann\u00e9e) lors des Global Content Awards 2023. De plus, elle a atteint le statut de finaliste pour \u00ab Global Content Strategy of the Year \u00bb (strat\u00e9gie de contenu de l&rsquo;ann\u00e9e).<\/p>\n\n<figure class=\"wp-block-image size-large\"><img  loading=\"lazy\"  decoding=\"async\"  height=\"683\"  width=\"1024\"  src=\"data:image\/png;base64,iVBORw0KGgoAAAANSUhEUgAABAAAAAKrAQMAAABV2G3XAAAAA1BMVEUAAP+KeNJXAAAAAXRSTlMAQObYZgAAAAlwSFlzAAAOxAAADsQBlSsOGwAAAGxJREFUeNrtwTEBAAAAwqD1T20MH6AAAAAAAAAAAAAAAAAAAAAAAAAAAAAAAAAAAAAAAAAAAAAAAAAAAAAAAAAAAAAAAAAAAAAAAAAAAAAAAAAAAAAAAAAAAAAAAAAAAAAAAAAAAAAAAAAAOBtYOgAB23VbnQAAAABJRU5ErkJggg==\"  alt=\"\"  class=\"wp-image-68783 pk-lazyload\"  data-pk-sizes=\"auto\"  data-ls-sizes=\"auto, (max-width: 1024px) 100vw, 1024px\"  data-pk-src=\"https:\/\/knowhow.distrelec.com\/wp-content\/uploads\/2024\/02\/IMG_4805_3000x2000-1024x683.jpg\"  data-pk-srcset=\"https:\/\/knowhow.distrelec.com\/wp-content\/uploads\/2024\/02\/IMG_4805_3000x2000-1024x683.jpg 1024w, https:\/\/knowhow.distrelec.com\/wp-content\/uploads\/2024\/02\/IMG_4805_3000x2000-300x200.jpg 300w, https:\/\/knowhow.distrelec.com\/wp-content\/uploads\/2024\/02\/IMG_4805_3000x2000-768x512.jpg 768w, https:\/\/knowhow.distrelec.com\/wp-content\/uploads\/2024\/02\/IMG_4805_3000x2000-1536x1024.jpg 1536w, https:\/\/knowhow.distrelec.com\/wp-content\/uploads\/2024\/02\/IMG_4805_3000x2000-2048x1365.jpg 2048w, https:\/\/knowhow.distrelec.com\/wp-content\/uploads\/2024\/02\/IMG_4805_3000x2000-380x253.jpg 380w, https:\/\/knowhow.distrelec.com\/wp-content\/uploads\/2024\/02\/IMG_4805_3000x2000-550x367.jpg 550w, https:\/\/knowhow.distrelec.com\/wp-content\/uploads\/2024\/02\/IMG_4805_3000x2000-800x533.jpg 800w, https:\/\/knowhow.distrelec.com\/wp-content\/uploads\/2024\/02\/IMG_4805_3000x2000-1160x773.jpg 1160w, https:\/\/knowhow.distrelec.com\/wp-content\/uploads\/2024\/02\/IMG_4805_3000x2000-scaled.jpg 2560w\" ><\/figure>\n\n<p>KnowHow s&rsquo;efforce d&rsquo;\u00eatre une ressource compl\u00e8te pour ceux qui cherchent \u00e0 enrichir leurs connaissances techniques, \u00e0 se tenir au courant des derniers d\u00e9veloppements technologiques, ou \u00e0 trouver des solutions pratiques \u00e0 leurs probl\u00e8mes techniques. Distrelec s&rsquo;appuie sur ses relations et son expertise dans le secteur pour s\u00e9lectionner et fournir un contenu pertinent et de haute qualit\u00e9 via cette plateforme.<\/p>\n\n<blockquote class=\"wp-block-quote is-layout-flow wp-block-quote-is-layout-flow\">\n<p><em><em>\u00ab Nous nous effor\u00e7ons de cr\u00e9er un contenu de qualit\u00e9, pertinent pour notre secteur, afin d&rsquo;informer notre public sur les derni\u00e8res tendances, les nouvelles technologies et les innovations Nous nous attachons \u00e9galement \u00e0 fournir \u00e0 nos lecteurs des articles utiles, attrayants et \u00e9ducatifs, couvrant un large \u00e9ventail de sujets, notamment la robotique, l&rsquo;apprentissage automatique, l&rsquo;intelligence artificielle, ainsi que l&rsquo;automatisation et la num\u00e9risation croissante de notre monde. \u00bb<\/em><\/em><\/p>\n<\/blockquote>\n\n<p>Sur KnowHow, nos <a href=\"https:\/\/knowhow.distrelec.com\/fr\/editeurs-contributeurs\/\" target=\"_blank\" rel=\"noreferrer noopener\">r\u00e9dacteurs contributeurs<\/a> comprennent \u00e0 la fois nos r\u00e9dacteurs internes talentueux et nos experts internes dans leurs domaines de pr\u00e9dilection. En outre, nous collaborons avec un grand nombre de fournisseurs industriels r\u00e9put\u00e9s qui fabriquent des produits pour divers secteurs d&rsquo;activit\u00e9. Ils fournissent \u00e0 nos clients des solutions \u00e0 travers des webinaires, des guides de l&rsquo;acheteur, des \u00e9tudes de cas et des livres blancs.<\/p>\n\n<figure class=\"wp-block-image size-large\"><a href=\"https:\/\/globalcontentawards.com\/2023-winners\/\" target=\"_blank\" rel=\"noreferrer noopener\"><img  loading=\"lazy\"  decoding=\"async\"  height=\"256\"  width=\"1024\"  src=\"data:image\/png;base64,iVBORw0KGgoAAAANSUhEUgAAAAEAAAABAQMAAAAl21bKAAAAA1BMVEUAAP+KeNJXAAAAAXRSTlMAQObYZgAAAAlwSFlzAAAOxAAADsQBlSsOGwAAAApJREFUCNdjYAAAAAIAAeIhvDMAAAAASUVORK5CYII=\"  alt=\"\"  class=\"wp-image-68800 pk-lazyload\"  data-pk-sizes=\"auto\"  data-pk-src=\"https:\/\/knowhow.distrelec.com\/wp-content\/uploads\/2024\/02\/GCA23_WinnerBanner-2048x512-1-1024x256.png\" ><\/a><\/figure>\n\n<hr class=\"wp-block-separator has-alpha-channel-opacity\" \/>\n\n<p><strong>Nous contacter<\/strong><\/p>\n\n<p>Nous esp\u00e9rons que vous appr\u00e9ciez KnowHow et le contenu que nous produisons. Nous serions ravis d&rsquo;entendre vos impressions et vos suggestions, notamment sur les sujets que vous aimeriez voir abord\u00e9s. Vous pouvez nous contacter <a href=\"https:\/\/knowhowprod.wpengine.com\/contact-form\/\" target=\"_blank\" rel=\"noreferrer noopener\">ici<\/a> ou nous envoyer un e-mail \u00e0 l&rsquo;adresse suivante : <a href=\"mailto:content.team@distrelec.com\" target=\"_blank\" rel=\"noreferrer noopener\">content.team@distrelec.com<\/a>. Vous pouvez \u00e9galement nous trouver ici : <\/p>\n\n<p>Two Saint Peter&rsquo;s Square<br \/>Manchester M2 3AA<br \/>Royaume-Uni<br \/>044 944 99 11<\/p>\n","protected":false},"excerpt":{"rendered":"Source de savoir-faire technique Bienvenue sur KnowHow, une plateforme en ligne propos\u00e9e par Distrelec, l&rsquo;un des leaders dans&hellip;\n","protected":false},"author":4,"featured_media":0,"parent":0,"menu_order":0,"comment_status":"closed","ping_status":"closed","template":"","meta":{"csco_singular_sidebar":"","csco_page_header_type":"","csco_appearance_grid":"","csco_page_load_nextpost":"","csco_post_video_location":[],"csco_post_video_location_hash":"","csco_post_video_url":"","csco_post_video_bg_start_time":0,"csco_post_video_bg_end_time":0,"footnotes":""},"coauthors":[1750],"class_list":{"0":"post-4759","1":"page","2":"type-page","3":"status-publish","5":"cs-entry","6":"cs-video-wrap"},"yoast_head":"<!-- This site is optimized with the Yoast SEO plugin v24.4 - https:\/\/yoast.com\/wordpress\/plugins\/seo\/ -->\n<title>\u00c0 propos de KnowHow - KnowHow<\/title>\n<meta name=\"robots\" content=\"index, follow, max-snippet:-1, max-image-preview:large, max-video-preview:-1\" \/>\n<link rel=\"canonical\" href=\"https:\/\/knowhow.distrelec.com\/fr\/a-propos-de-knowhow\/\" \/>\n<meta property=\"og:locale\" content=\"fr_FR\" \/>\n<meta property=\"og:type\" content=\"article\" \/>\n<meta property=\"og:title\" content=\"\u00c0 propos de KnowHow - KnowHow\" \/>\n<meta property=\"og:description\" content=\"Source de savoir-faire technique Bienvenue sur KnowHow, une plateforme en ligne propos\u00e9e par Distrelec, l&rsquo;un des leaders dans&hellip;\" \/>\n<meta property=\"og:url\" content=\"https:\/\/knowhow.distrelec.com\/fr\/a-propos-de-knowhow\/\" \/>\n<meta property=\"og:site_name\" content=\"KnowHow\" \/>\n<meta property=\"article:modified_time\" content=\"2024-03-11T12:13:01+00:00\" \/>\n<meta property=\"og:image\" content=\"https:\/\/knowhow.distrelec.com\/wp-content\/uploads\/2024\/02\/IMG_4805_3000x2000-1024x683.jpg\" \/>\n<meta name=\"twitter:card\" content=\"summary_large_image\" \/>\n<meta name=\"twitter:label1\" content=\"Dur\u00e9e de lecture estim\u00e9e\" \/>\n\t<meta name=\"twitter:data1\" content=\"3 minutes\" \/>\n\t<meta name=\"twitter:label2\" content=\"Written by\" \/>\n\t<meta name=\"twitter:data2\" content=\"Chris Rush\" \/>\n<script type=\"application\/ld+json\" class=\"yoast-schema-graph\">{\"@context\":\"https:\/\/schema.org\",\"@graph\":[{\"@type\":\"WebPage\",\"@id\":\"https:\/\/knowhow.distrelec.com\/fr\/a-propos-de-knowhow\/\",\"url\":\"https:\/\/knowhow.distrelec.com\/fr\/a-propos-de-knowhow\/\",\"name\":\"\u00c0 propos de KnowHow - KnowHow\",\"isPartOf\":{\"@id\":\"https:\/\/knowhow.distrelec.com\/fr\/#website\"},\"primaryImageOfPage\":{\"@id\":\"https:\/\/knowhow.distrelec.com\/fr\/a-propos-de-knowhow\/#primaryimage\"},\"image\":{\"@id\":\"https:\/\/knowhow.distrelec.com\/fr\/a-propos-de-knowhow\/#primaryimage\"},\"thumbnailUrl\":\"https:\/\/knowhow.distrelec.com\/wp-content\/uploads\/2024\/02\/IMG_4805_3000x2000-1024x683.jpg\",\"datePublished\":\"2021-07-15T23:34:57+00:00\",\"dateModified\":\"2024-03-11T12:13:01+00:00\",\"breadcrumb\":{\"@id\":\"https:\/\/knowhow.distrelec.com\/fr\/a-propos-de-knowhow\/#breadcrumb\"},\"inLanguage\":\"fr-FR\",\"potentialAction\":[{\"@type\":\"ReadAction\",\"target\":[\"https:\/\/knowhow.distrelec.com\/fr\/a-propos-de-knowhow\/\"]}]},{\"@type\":\"ImageObject\",\"inLanguage\":\"fr-FR\",\"@id\":\"https:\/\/knowhow.distrelec.com\/fr\/a-propos-de-knowhow\/#primaryimage\",\"url\":\"https:\/\/knowhow.distrelec.com\/wp-content\/uploads\/2024\/02\/IMG_4805_3000x2000-1024x683.jpg\",\"contentUrl\":\"https:\/\/knowhow.distrelec.com\/wp-content\/uploads\/2024\/02\/IMG_4805_3000x2000-1024x683.jpg\"},{\"@type\":\"BreadcrumbList\",\"@id\":\"https:\/\/knowhow.distrelec.com\/fr\/a-propos-de-knowhow\/#breadcrumb\",\"itemListElement\":[{\"@type\":\"ListItem\",\"position\":1,\"name\":\"Page d'accueil\",\"item\":\"https:\/\/knowhow.distrelec.com\/fr\/\"},{\"@type\":\"ListItem\",\"position\":2,\"name\":\"\u00c0 propos de KnowHow\"}]},{\"@type\":\"WebSite\",\"@id\":\"https:\/\/knowhow.distrelec.com\/fr\/#website\",\"url\":\"https:\/\/knowhow.distrelec.com\/fr\/\",\"name\":\"KnowHow\",\"description\":\"KnowHow Hub\",\"publisher\":{\"@id\":\"https:\/\/knowhow.distrelec.com\/fr\/#organization\"},\"potentialAction\":[{\"@type\":\"SearchAction\",\"target\":{\"@type\":\"EntryPoint\",\"urlTemplate\":\"https:\/\/knowhow.distrelec.com\/fr\/?s={search_term_string}\"},\"query-input\":{\"@type\":\"PropertyValueSpecification\",\"valueRequired\":true,\"valueName\":\"search_term_string\"}}],\"inLanguage\":\"fr-FR\"},{\"@type\":\"Organization\",\"@id\":\"https:\/\/knowhow.distrelec.com\/fr\/#organization\",\"name\":\"Distrelec\",\"url\":\"https:\/\/knowhow.distrelec.com\/fr\/\",\"logo\":{\"@type\":\"ImageObject\",\"inLanguage\":\"fr-FR\",\"@id\":\"https:\/\/knowhow.distrelec.com\/fr\/#\/schema\/logo\/image\/\",\"url\":\"https:\/\/knowhow.distrelec.com\/wp-content\/uploads\/2021\/09\/distrelec_logo.png\",\"contentUrl\":\"https:\/\/knowhow.distrelec.com\/wp-content\/uploads\/2021\/09\/distrelec_logo.png\",\"width\":530,\"height\":98,\"caption\":\"Distrelec\"},\"image\":{\"@id\":\"https:\/\/knowhow.distrelec.com\/fr\/#\/schema\/logo\/image\/\"}}]}<\/script>\n<!-- \/ Yoast SEO plugin. -->","yoast_head_json":{"title":"\u00c0 propos de KnowHow - KnowHow","robots":{"index":"index","follow":"follow","max-snippet":"max-snippet:-1","max-image-preview":"max-image-preview:large","max-video-preview":"max-video-preview:-1"},"canonical":"https:\/\/knowhow.distrelec.com\/fr\/a-propos-de-knowhow\/","og_locale":"fr_FR","og_type":"article","og_title":"\u00c0 propos de KnowHow - KnowHow","og_description":"Source de savoir-faire technique Bienvenue sur KnowHow, une plateforme en ligne propos\u00e9e par Distrelec, l&rsquo;un des leaders dans&hellip;","og_url":"https:\/\/knowhow.distrelec.com\/fr\/a-propos-de-knowhow\/","og_site_name":"KnowHow","article_modified_time":"2024-03-11T12:13:01+00:00","og_image":[{"url":"https:\/\/knowhow.distrelec.com\/wp-content\/uploads\/2024\/02\/IMG_4805_3000x2000-1024x683.jpg","type":"","width":"","height":""}],"twitter_card":"summary_large_image","twitter_misc":{"Dur\u00e9e de lecture estim\u00e9e":"3 minutes","Written by":"Chris Rush"},"schema":{"@context":"https:\/\/schema.org","@graph":[{"@type":"WebPage","@id":"https:\/\/knowhow.distrelec.com\/fr\/a-propos-de-knowhow\/","url":"https:\/\/knowhow.distrelec.com\/fr\/a-propos-de-knowhow\/","name":"\u00c0 propos de KnowHow - KnowHow","isPartOf":{"@id":"https:\/\/knowhow.distrelec.com\/fr\/#website"},"primaryImageOfPage":{"@id":"https:\/\/knowhow.distrelec.com\/fr\/a-propos-de-knowhow\/#primaryimage"},"image":{"@id":"https:\/\/knowhow.distrelec.com\/fr\/a-propos-de-knowhow\/#primaryimage"},"thumbnailUrl":"https:\/\/knowhow.distrelec.com\/wp-content\/uploads\/2024\/02\/IMG_4805_3000x2000-1024x683.jpg","datePublished":"2021-07-15T23:34:57+00:00","dateModified":"2024-03-11T12:13:01+00:00","breadcrumb":{"@id":"https:\/\/knowhow.distrelec.com\/fr\/a-propos-de-knowhow\/#breadcrumb"},"inLanguage":"fr-FR","potentialAction":[{"@type":"ReadAction","target":["https:\/\/knowhow.distrelec.com\/fr\/a-propos-de-knowhow\/"]}]},{"@type":"ImageObject","inLanguage":"fr-FR","@id":"https:\/\/knowhow.distrelec.com\/fr\/a-propos-de-knowhow\/#primaryimage","url":"https:\/\/knowhow.distrelec.com\/wp-content\/uploads\/2024\/02\/IMG_4805_3000x2000-1024x683.jpg","contentUrl":"https:\/\/knowhow.distrelec.com\/wp-content\/uploads\/2024\/02\/IMG_4805_3000x2000-1024x683.jpg"},{"@type":"BreadcrumbList","@id":"https:\/\/knowhow.distrelec.com\/fr\/a-propos-de-knowhow\/#breadcrumb","itemListElement":[{"@type":"ListItem","position":1,"name":"Page d'accueil","item":"https:\/\/knowhow.distrelec.com\/fr\/"},{"@type":"ListItem","position":2,"name":"\u00c0 propos de KnowHow"}]},{"@type":"WebSite","@id":"https:\/\/knowhow.distrelec.com\/fr\/#website","url":"https:\/\/knowhow.distrelec.com\/fr\/","name":"KnowHow","description":"KnowHow Hub","publisher":{"@id":"https:\/\/knowhow.distrelec.com\/fr\/#organization"},"potentialAction":[{"@type":"SearchAction","target":{"@type":"EntryPoint","urlTemplate":"https:\/\/knowhow.distrelec.com\/fr\/?s={search_term_string}"},"query-input":{"@type":"PropertyValueSpecification","valueRequired":true,"valueName":"search_term_string"}}],"inLanguage":"fr-FR"},{"@type":"Organization","@id":"https:\/\/knowhow.distrelec.com\/fr\/#organization","name":"Distrelec","url":"https:\/\/knowhow.distrelec.com\/fr\/","logo":{"@type":"ImageObject","inLanguage":"fr-FR","@id":"https:\/\/knowhow.distrelec.com\/fr\/#\/schema\/logo\/image\/","url":"https:\/\/knowhow.distrelec.com\/wp-content\/uploads\/2021\/09\/distrelec_logo.png","contentUrl":"https:\/\/knowhow.distrelec.com\/wp-content\/uploads\/2021\/09\/distrelec_logo.png","width":530,"height":98,"caption":"Distrelec"},"image":{"@id":"https:\/\/knowhow.distrelec.com\/fr\/#\/schema\/logo\/image\/"}}]}},"jetpack_sharing_enabled":true,"_links":{"self":[{"href":"https:\/\/knowhow.distrelec.com\/fr\/wp-json\/wp\/v2\/pages\/4759","targetHints":{"allow":["GET"]}}],"collection":[{"href":"https:\/\/knowhow.distrelec.com\/fr\/wp-json\/wp\/v2\/pages"}],"about":[{"href":"https:\/\/knowhow.distrelec.com\/fr\/wp-json\/wp\/v2\/types\/page"}],"author":[{"embeddable":true,"href":"https:\/\/knowhow.distrelec.com\/fr\/wp-json\/wp\/v2\/users\/4"}],"replies":[{"embeddable":true,"href":"https:\/\/knowhow.distrelec.com\/fr\/wp-json\/wp\/v2\/comments?post=4759"}],"version-history":[{"count":0,"href":"https:\/\/knowhow.distrelec.com\/fr\/wp-json\/wp\/v2\/pages\/4759\/revisions"}],"wp:attachment":[{"href":"https:\/\/knowhow.distrelec.com\/fr\/wp-json\/wp\/v2\/media?parent=4759"}],"wp:term":[{"taxonomy":"author","embeddable":true,"href":"https:\/\/knowhow.distrelec.com\/fr\/wp-json\/wp\/v2\/coauthors?post=4759"}],"curies":[{"name":"wp","href":"https:\/\/api.w.org\/{rel}","templated":true}]}}