{"id":14590,"date":"2022-02-08T09:39:27","date_gmt":"2022-02-08T09:39:27","guid":{"rendered":"https:\/\/knowhow.distrelec.com\/?page_id=14590"},"modified":"2022-02-08T09:39:27","modified_gmt":"2022-02-08T09:39:27","slug":"a-knowhow-hubrol","status":"publish","type":"page","link":"https:\/\/knowhow.distrelec.com\/hu\/a-knowhow-hubrol\/","title":{"rendered":"A KnowHow Hubr\u00f3l"},"content":{"rendered":"\n<p>Vil\u00e1g\u00faj\u00edt\u00f3 technol\u00f3gi\u00e1k \u00e9lvonal\u00e1ban \u00dcdv\u00f6z\u00f6lj\u00fck az elektronikai term\u00e9kek Eur\u00f3pa-szerte jelen l\u00e9v\u0151 forgalmaz\u00f3ja, a <a href=\"https:\/\/www.distrelec.hu\" target=\"_blank\" rel=\"noreferrer noopener\">Distrelec<\/a> \u00e1ltal \u00e9letre h\u00edvott KnowHow Hubban! A <em>KnowHow Hub<\/em> egy olyan tartalomk\u00f6zpont, ahol olvas\u00f3ink naprak\u00e9sz inform\u00e1ci\u00f3hoz juthatnak a leg\u00fajabb trendekkel \u00e9s technol\u00f3gi\u00e1kkal kapcsolatban. <\/p>\n\n\n\n<p>A <em>KnowHow<\/em> online tartalomk\u00f6zpontot az elektronikai term\u00e9kek Eur\u00f3pa-szerte jelen l\u00e9v\u0151 forgalmaz\u00f3ja, a Distrelec csapata h\u00edvta \u00e9letre. <\/p>\n\n\n\n<p>Az\u00e9rt hoztuk l\u00e9tre a tud\u00e1sk\u00f6zpontot, hogy besz\u00e9lgethess\u00fcnk a minket \u00e9s k\u00f6z\u00f6ns\u00e9g\u00fcnket legink\u00e1bb \u00e9rdekl\u0151 t\u00e9m\u00e1kr\u00f3l, mint p\u00e9ld\u00e1ul a robotik\u00e1r\u00f3l, a g\u00e9pi tanul\u00e1sr\u00f3l, a mesters\u00e9ges intelligenci\u00e1r\u00f3l, az automatiz\u00e1l\u00e1sr\u00f3l \u00e9s vil\u00e1gunk egyre er\u0151teljesebb digitaliz\u00e1ci\u00f3j\u00e1r\u00f3l. <\/p>\n\n\n\n<p>Rem\u00e9lj\u00fck, hogy bolyg\u00f3nk leginnovat\u00edvabb, legink\u00e1bb hat\u00e1rokat feszeget\u0151 tev\u00e9kenys\u00e9geinek \u00e9s megold\u00e1sainak reflektorf\u00e9nybe \u00e1ll\u00edt\u00e1s\u00e1val \u00f6szt\u00f6nz\u0151en hatunk a m\u00e9rn\u00f6k\u00f6k \u00faj gener\u00e1ci\u00f3j\u00e1ra. <\/p>\n\n\n\n<p>Bemutatjuk az izgalmas innov\u00e1ci\u00f3kat \u00e9s r\u00e9szletesen taglaljuk a vil\u00e1gunkat alak\u00edt\u00f3 m\u0171szaki \u00faj\u00edt\u00e1sokat. Besz\u00e9lget\u00fcnk a projektek m\u00f6g\u00f6tt \u00e1ll\u00f3 csapatokkal \u00e9s kifaggatjuk \u0151ket arr\u00f3l is, hogy milyen tan\u00e1csokkal l\u00e1tn\u00e1k el az ifj\u00fa m\u00e9rn\u00f6k\u00f6ket. <\/p>\n\n\n\n<p>Az elektronikai \u00e9s m\u0171szaki vil\u00e1g sokak sz\u00e1m\u00e1ra nem mindig t\u0171nik \u00e9rhet\u0151nek vagy inspir\u00e1l\u00f3nak. Mi azonban hissz\u00fck, hogy a digitaliz\u00e1ci\u00f3 lehet\u0151v\u00e9 t\u00e9tele fontos (m\u00e9gis kev\u00e9ss\u00e9 hangs\u00falyozott) szerepet j\u00e1tszik az emberi fejl\u0151d\u00e9s el\u0151seg\u00edt\u00e9s\u00e9ben. <\/p>\n\n\n\n<p>Arra t\u00f6reksz\u00fcnk, hogy koherens, intelligens hangk\u00e9nt sz\u00f3laljunk meg az ehhez kapcsol\u00f3d\u00f3 vit\u00e1kban; rem\u00e9lj\u00fck, hogy olvas\u00f3ink is ugyanebben a szellemben fogj\u00e1k megjelen\u00edteni saj\u00e1t \u00e1ll\u00e1spontjukat. <\/p>\n\n\n\n<p>A tartalmakat saj\u00e1t, igen tehets\u00e9ges \u00edr\u00f3ink \u00e9s c\u00e9ges szakembereink \u00edrj\u00e1k; mindenki a v\u00e1lasztott szakter\u00fclet\u00e9nek megfelel\u0151en. Emellett sok h\u00edres \u00e9s elismert ipari besz\u00e1ll\u00edt\u00f3val is dolgozunk, akik t\u00f6bb ipar\u00e1gban is jelen vannak term\u00e9keikkel. \u00dcgyfeleinket tanulm\u00e1nyokkal, esettanulm\u00e1nyokkal, webinarokkal \u00e9s v\u00e1s\u00e1rl\u00f3i \u00fatmutat\u00f3kkal l\u00e1tj\u00e1k el a megfelel\u0151 megold\u00e1s \u00e9rdek\u00e9ben.<\/p>\n\n\n\n<h2 id=\"koszonjuk\" class=\"wp-block-heading\">K\u00f6sz\u00f6nj\u00fck!<\/h2>\n\n\n\n<p>Rem\u00e9lj\u00fck, hogy \u00f6r\u00f6m\u00e9t leli a <em>KnowHow<\/em> Hubban; megjegyz\u00e9seit \u00e9s javaslatait sz\u00edvesen fogadjuk p\u00e9ld\u00e1ul olyan t\u00e9m\u00e1kkal kapcsolatban is, amelyekr\u0151l sz\u00edvesen olvasna n\u00e1lunk. L\u00e9pjen kapcsolatba vel\u00fcnk!<\/p>\n\n\n\n<p>K\u00f6sz\u00f6nj\u00fck, hogy minket olvas.<\/p>\n","protected":false},"excerpt":{"rendered":"Vil\u00e1g\u00faj\u00edt\u00f3 technol\u00f3gi\u00e1k \u00e9lvonal\u00e1ban \u00dcdv\u00f6z\u00f6lj\u00fck az elektronikai term\u00e9kek Eur\u00f3pa-szerte jelen l\u00e9v\u0151 forgalmaz\u00f3ja, a Distrelec \u00e1ltal \u00e9letre h\u00edvott KnowHow Hubban!&hellip;\n","protected":false},"author":4,"featured_media":0,"parent":0,"menu_order":0,"comment_status":"closed","ping_status":"closed","template":"","meta":{"csco_singular_sidebar":"","csco_page_header_type":"","csco_appearance_grid":"","csco_page_load_nextpost":"","csco_post_video_location":[],"csco_post_video_location_hash":"","csco_post_video_url":"","csco_post_video_bg_start_time":0,"csco_post_video_bg_end_time":0,"footnotes":""},"coauthors":[],"class_list":{"0":"post-14590","1":"page","2":"type-page","3":"status-publish","5":"cs-entry","6":"cs-video-wrap"},"yoast_head":"<!-- This site is optimized with the Yoast SEO plugin v24.4 - https:\/\/yoast.com\/wordpress\/plugins\/seo\/ -->\n<title>A KnowHow Hubr\u00f3l - KnowHow<\/title>\n<meta name=\"robots\" content=\"index, follow, max-snippet:-1, max-image-preview:large, max-video-preview:-1\" \/>\n<link rel=\"canonical\" href=\"https:\/\/knowhow.distrelec.com\/hu\/a-knowhow-hubrol\/\" \/>\n<meta property=\"og:locale\" content=\"hu_HU\" \/>\n<meta property=\"og:type\" content=\"article\" \/>\n<meta property=\"og:title\" content=\"A KnowHow Hubr\u00f3l - KnowHow\" \/>\n<meta property=\"og:description\" content=\"Vil\u00e1g\u00faj\u00edt\u00f3 technol\u00f3gi\u00e1k \u00e9lvonal\u00e1ban \u00dcdv\u00f6z\u00f6lj\u00fck az elektronikai term\u00e9kek Eur\u00f3pa-szerte jelen l\u00e9v\u0151 forgalmaz\u00f3ja, a Distrelec \u00e1ltal \u00e9letre h\u00edvott KnowHow Hubban!&hellip;\" \/>\n<meta property=\"og:url\" content=\"https:\/\/knowhow.distrelec.com\/hu\/a-knowhow-hubrol\/\" \/>\n<meta property=\"og:site_name\" content=\"KnowHow\" \/>\n<meta name=\"twitter:card\" content=\"summary_large_image\" \/>\n<meta name=\"twitter:label1\" content=\"Becs\u00fclt olvas\u00e1si id\u0151\" \/>\n\t<meta name=\"twitter:data1\" content=\"2 perc\" \/>\n\t<meta name=\"twitter:label2\" content=\"Written by\" \/>\n\t<meta name=\"twitter:data2\" content=\"Chris Rush\" \/>\n<script type=\"application\/ld+json\" class=\"yoast-schema-graph\">{\"@context\":\"https:\/\/schema.org\",\"@graph\":[{\"@type\":\"WebPage\",\"@id\":\"https:\/\/knowhow.distrelec.com\/hu\/a-knowhow-hubrol\/\",\"url\":\"https:\/\/knowhow.distrelec.com\/hu\/a-knowhow-hubrol\/\",\"name\":\"A KnowHow Hubr\u00f3l - KnowHow\",\"isPartOf\":{\"@id\":\"https:\/\/knowhow.distrelec.com\/hu\/#website\"},\"datePublished\":\"2022-02-08T09:39:27+00:00\",\"breadcrumb\":{\"@id\":\"https:\/\/knowhow.distrelec.com\/hu\/a-knowhow-hubrol\/#breadcrumb\"},\"inLanguage\":\"hu\",\"potentialAction\":[{\"@type\":\"ReadAction\",\"target\":[\"https:\/\/knowhow.distrelec.com\/hu\/a-knowhow-hubrol\/\"]}]},{\"@type\":\"BreadcrumbList\",\"@id\":\"https:\/\/knowhow.distrelec.com\/hu\/a-knowhow-hubrol\/#breadcrumb\",\"itemListElement\":[{\"@type\":\"ListItem\",\"position\":1,\"name\":\"Kezd\u0151lap\",\"item\":\"https:\/\/knowhow.distrelec.com\/hu\/\"},{\"@type\":\"ListItem\",\"position\":2,\"name\":\"A KnowHow Hubr\u00f3l\"}]},{\"@type\":\"WebSite\",\"@id\":\"https:\/\/knowhow.distrelec.com\/hu\/#website\",\"url\":\"https:\/\/knowhow.distrelec.com\/hu\/\",\"name\":\"KnowHow\",\"description\":\"KnowHow Hub\",\"publisher\":{\"@id\":\"https:\/\/knowhow.distrelec.com\/hu\/#organization\"},\"potentialAction\":[{\"@type\":\"SearchAction\",\"target\":{\"@type\":\"EntryPoint\",\"urlTemplate\":\"https:\/\/knowhow.distrelec.com\/hu\/?s={search_term_string}\"},\"query-input\":{\"@type\":\"PropertyValueSpecification\",\"valueRequired\":true,\"valueName\":\"search_term_string\"}}],\"inLanguage\":\"hu\"},{\"@type\":\"Organization\",\"@id\":\"https:\/\/knowhow.distrelec.com\/hu\/#organization\",\"name\":\"Distrelec\",\"url\":\"https:\/\/knowhow.distrelec.com\/hu\/\",\"logo\":{\"@type\":\"ImageObject\",\"inLanguage\":\"hu\",\"@id\":\"https:\/\/knowhow.distrelec.com\/hu\/#\/schema\/logo\/image\/\",\"url\":\"https:\/\/knowhow.distrelec.com\/wp-content\/uploads\/2021\/09\/distrelec_logo.png\",\"contentUrl\":\"https:\/\/knowhow.distrelec.com\/wp-content\/uploads\/2021\/09\/distrelec_logo.png\",\"width\":530,\"height\":98,\"caption\":\"Distrelec\"},\"image\":{\"@id\":\"https:\/\/knowhow.distrelec.com\/hu\/#\/schema\/logo\/image\/\"}}]}<\/script>\n<!-- \/ Yoast SEO plugin. -->","yoast_head_json":{"title":"A KnowHow Hubr\u00f3l - KnowHow","robots":{"index":"index","follow":"follow","max-snippet":"max-snippet:-1","max-image-preview":"max-image-preview:large","max-video-preview":"max-video-preview:-1"},"canonical":"https:\/\/knowhow.distrelec.com\/hu\/a-knowhow-hubrol\/","og_locale":"hu_HU","og_type":"article","og_title":"A KnowHow Hubr\u00f3l - KnowHow","og_description":"Vil\u00e1g\u00faj\u00edt\u00f3 technol\u00f3gi\u00e1k \u00e9lvonal\u00e1ban \u00dcdv\u00f6z\u00f6lj\u00fck az elektronikai term\u00e9kek Eur\u00f3pa-szerte jelen l\u00e9v\u0151 forgalmaz\u00f3ja, a Distrelec \u00e1ltal \u00e9letre h\u00edvott KnowHow Hubban!&hellip;","og_url":"https:\/\/knowhow.distrelec.com\/hu\/a-knowhow-hubrol\/","og_site_name":"KnowHow","twitter_card":"summary_large_image","twitter_misc":{"Becs\u00fclt olvas\u00e1si id\u0151":"2 perc","Written by":"Chris Rush"},"schema":{"@context":"https:\/\/schema.org","@graph":[{"@type":"WebPage","@id":"https:\/\/knowhow.distrelec.com\/hu\/a-knowhow-hubrol\/","url":"https:\/\/knowhow.distrelec.com\/hu\/a-knowhow-hubrol\/","name":"A KnowHow Hubr\u00f3l - KnowHow","isPartOf":{"@id":"https:\/\/knowhow.distrelec.com\/hu\/#website"},"datePublished":"2022-02-08T09:39:27+00:00","breadcrumb":{"@id":"https:\/\/knowhow.distrelec.com\/hu\/a-knowhow-hubrol\/#breadcrumb"},"inLanguage":"hu","potentialAction":[{"@type":"ReadAction","target":["https:\/\/knowhow.distrelec.com\/hu\/a-knowhow-hubrol\/"]}]},{"@type":"BreadcrumbList","@id":"https:\/\/knowhow.distrelec.com\/hu\/a-knowhow-hubrol\/#breadcrumb","itemListElement":[{"@type":"ListItem","position":1,"name":"Kezd\u0151lap","item":"https:\/\/knowhow.distrelec.com\/hu\/"},{"@type":"ListItem","position":2,"name":"A KnowHow Hubr\u00f3l"}]},{"@type":"WebSite","@id":"https:\/\/knowhow.distrelec.com\/hu\/#website","url":"https:\/\/knowhow.distrelec.com\/hu\/","name":"KnowHow","description":"KnowHow Hub","publisher":{"@id":"https:\/\/knowhow.distrelec.com\/hu\/#organization"},"potentialAction":[{"@type":"SearchAction","target":{"@type":"EntryPoint","urlTemplate":"https:\/\/knowhow.distrelec.com\/hu\/?s={search_term_string}"},"query-input":{"@type":"PropertyValueSpecification","valueRequired":true,"valueName":"search_term_string"}}],"inLanguage":"hu"},{"@type":"Organization","@id":"https:\/\/knowhow.distrelec.com\/hu\/#organization","name":"Distrelec","url":"https:\/\/knowhow.distrelec.com\/hu\/","logo":{"@type":"ImageObject","inLanguage":"hu","@id":"https:\/\/knowhow.distrelec.com\/hu\/#\/schema\/logo\/image\/","url":"https:\/\/knowhow.distrelec.com\/wp-content\/uploads\/2021\/09\/distrelec_logo.png","contentUrl":"https:\/\/knowhow.distrelec.com\/wp-content\/uploads\/2021\/09\/distrelec_logo.png","width":530,"height":98,"caption":"Distrelec"},"image":{"@id":"https:\/\/knowhow.distrelec.com\/hu\/#\/schema\/logo\/image\/"}}]}},"jetpack_sharing_enabled":true,"_links":{"self":[{"href":"https:\/\/knowhow.distrelec.com\/hu\/wp-json\/wp\/v2\/pages\/14590","targetHints":{"allow":["GET"]}}],"collection":[{"href":"https:\/\/knowhow.distrelec.com\/hu\/wp-json\/wp\/v2\/pages"}],"about":[{"href":"https:\/\/knowhow.distrelec.com\/hu\/wp-json\/wp\/v2\/types\/page"}],"author":[{"embeddable":true,"href":"https:\/\/knowhow.distrelec.com\/hu\/wp-json\/wp\/v2\/users\/4"}],"replies":[{"embeddable":true,"href":"https:\/\/knowhow.distrelec.com\/hu\/wp-json\/wp\/v2\/comments?post=14590"}],"version-history":[{"count":0,"href":"https:\/\/knowhow.distrelec.com\/hu\/wp-json\/wp\/v2\/pages\/14590\/revisions"}],"wp:attachment":[{"href":"https:\/\/knowhow.distrelec.com\/hu\/wp-json\/wp\/v2\/media?parent=14590"}],"wp:term":[{"taxonomy":"author","embeddable":true,"href":"https:\/\/knowhow.distrelec.com\/hu\/wp-json\/wp\/v2\/coauthors?post=14590"}],"curies":[{"name":"wp","href":"https:\/\/api.w.org\/{rel}","templated":true}]}}