{"id":14600,"date":"2022-02-08T10:10:05","date_gmt":"2022-02-08T10:10:05","guid":{"rendered":"https:\/\/knowhow.distrelec.com\/?page_id=14600"},"modified":"2022-02-08T10:10:07","modified_gmt":"2022-02-08T10:10:07","slug":"lepjen-velunk-kapcsolatba","status":"publish","type":"page","link":"https:\/\/knowhow.distrelec.com\/hu\/lepjen-velunk-kapcsolatba\/","title":{"rendered":"L\u00e9pjen vel\u00fcnk kapcsolatba"},"content":{"rendered":"\n<p>Ha b\u00e1rmilyen k\u00e9rd\u00e9se van a weboldal tartalm\u00e1val kapcsolatban, vegye fel vel\u00fcnk a kapcsolatot. \u00d6r\u00fcln\u00e9nk, ha megosztan\u00e1 vel\u00fcnk gondolatait a weboldallal kapcsolatban, illetve \u00f6r\u00f6mmel vessz\u00fck azt is, ha cikkel szeretne hozz\u00e1j\u00e1rulni a tud\u00e1sk\u00f6zpont gyarap\u00edt\u00e1s\u00e1hoz.<\/p>\n\n\n\n<div class=\"cnvs-block-row cnvs-block-row-1574515998844 cnvs-block-row-columns-2\" >\n\t<div class=\"cnvs-block-row-inner\">\n\t\t\n\n<div class=\"cnvs-block-column cnvs-block-column-1574515998911\" >\n\t<div class=\"cnvs-block-column-inner\">\n\t\t<div>\n\t\t\t\n\n<h3 id=\"szeretne-felvenni-a-kapcsolatot\" class=\"wp-block-heading\">Szeretn\u00e9 felvenni a kapcsolatot?<\/h3>\n\n\t\t<\/div>\n\t<\/div>\n<\/div>\n\n\n\n<div class=\"cnvs-block-column cnvs-block-column-1574515998928\" >\n\t<div class=\"cnvs-block-column-inner\">\n\t\t<div>\n\t\t\t\n\n<div class=\"wpcf7 no-js\" id=\"wpcf7-f14599-o1\" lang=\"hu-HU\" dir=\"ltr\" data-wpcf7-id=\"14599\">\n<div class=\"screen-reader-response\"><p role=\"status\" aria-live=\"polite\" aria-atomic=\"true\"><\/p> <ul><\/ul><\/div>\n<form action=\"\/hu\/wp-json\/wp\/v2\/pages\/14600#wpcf7-f14599-o1\" method=\"post\" class=\"wpcf7-form init\" aria-label=\"Kapcsolatfelv\u00e9teli \u0171rlap\" novalidate=\"novalidate\" data-status=\"init\">\n<div style=\"display: none;\">\n<input type=\"hidden\" name=\"_wpcf7\" value=\"14599\" \/>\n<input type=\"hidden\" name=\"_wpcf7_version\" value=\"6.0.3\" \/>\n<input type=\"hidden\" name=\"_wpcf7_locale\" value=\"hu_HU\" \/>\n<input type=\"hidden\" name=\"_wpcf7_unit_tag\" value=\"wpcf7-f14599-o1\" \/>\n<input type=\"hidden\" name=\"_wpcf7_container_post\" value=\"0\" \/>\n<input type=\"hidden\" name=\"_wpcf7_posted_data_hash\" value=\"\" \/>\n<\/div>\n<p><label> Az \u00d6n neve<br \/>\n<span class=\"wpcf7-form-control-wrap\" data-name=\"your-name\"><input size=\"40\" maxlength=\"400\" class=\"wpcf7-form-control wpcf7-text wpcf7-validates-as-required\" aria-required=\"true\" aria-invalid=\"false\" value=\"\" type=\"text\" name=\"your-name\" \/><\/span> <\/label>\n<\/p>\n<p><label> Az \u00d6n e-mail-c\u00edme<br \/>\n<span class=\"wpcf7-form-control-wrap\" data-name=\"your-email\"><input size=\"40\" maxlength=\"400\" class=\"wpcf7-form-control wpcf7-email wpcf7-validates-as-required wpcf7-text wpcf7-validates-as-email\" aria-required=\"true\" aria-invalid=\"false\" value=\"\" type=\"email\" name=\"your-email\" \/><\/span> <\/label>\n<\/p>\n<p><label> T\u00e1rgy<br \/>\n<span class=\"wpcf7-form-control-wrap\" data-name=\"your-subject\"><input size=\"40\" maxlength=\"400\" class=\"wpcf7-form-control wpcf7-text wpcf7-validates-as-required\" aria-required=\"true\" aria-invalid=\"false\" value=\"\" type=\"text\" name=\"your-subject\" \/><\/span> <\/label>\n<\/p>\n<p><label> Az \u00d6n \u00fczenete (opcion\u00e1lis)<br \/>\n<span class=\"wpcf7-form-control-wrap\" data-name=\"your-message\"><textarea cols=\"40\" rows=\"10\" maxlength=\"2000\" class=\"wpcf7-form-control wpcf7-textarea\" aria-invalid=\"false\" name=\"your-message\"><\/textarea><\/span> <\/label>\n<\/p>\n<p><input class=\"wpcf7-form-control wpcf7-submit has-spinner\" type=\"submit\" value=\"K\u00fcld\u00e9s\" \/>\n<\/p><p style=\"display: none !important;\" class=\"akismet-fields-container\" data-prefix=\"_wpcf7_ak_\"><label>&#916;<textarea name=\"_wpcf7_ak_hp_textarea\" cols=\"45\" rows=\"8\" maxlength=\"100\"><\/textarea><\/label><input type=\"hidden\" id=\"ak_js_1\" name=\"_wpcf7_ak_js\" value=\"27\"\/><script>document.getElementById( \"ak_js_1\" ).setAttribute( \"value\", ( new Date() ).getTime() );<\/script><\/p><div class=\"wpcf7-response-output\" aria-hidden=\"true\"><\/div>\n<\/form>\n<\/div>\n\n\n\t\t<\/div>\n\t<\/div>\n<\/div>\n\n\t<\/div>\n<\/div>\n","protected":false},"excerpt":{"rendered":"Ha b\u00e1rmilyen k\u00e9rd\u00e9se van a weboldal tartalm\u00e1val kapcsolatban, vegye fel vel\u00fcnk a kapcsolatot. \u00d6r\u00fcln\u00e9nk, ha megosztan\u00e1 vel\u00fcnk gondolatait&hellip;\n","protected":false},"author":4,"featured_media":0,"parent":0,"menu_order":0,"comment_status":"closed","ping_status":"closed","template":"","meta":{"csco_singular_sidebar":"","csco_page_header_type":"","csco_appearance_grid":"","csco_page_load_nextpost":"","csco_post_video_location":[],"csco_post_video_location_hash":"","csco_post_video_url":"","csco_post_video_bg_start_time":0,"csco_post_video_bg_end_time":0,"footnotes":""},"coauthors":[],"class_list":{"0":"post-14600","1":"page","2":"type-page","3":"status-publish","5":"cs-entry","6":"cs-video-wrap"},"yoast_head":"<!-- This site is optimized with the Yoast SEO plugin v24.4 - https:\/\/yoast.com\/wordpress\/plugins\/seo\/ -->\n<title>L\u00e9pjen vel\u00fcnk kapcsolatba - KnowHow<\/title>\n<meta name=\"robots\" content=\"index, follow, max-snippet:-1, max-image-preview:large, max-video-preview:-1\" \/>\n<link rel=\"canonical\" href=\"https:\/\/knowhow.distrelec.com\/hu\/lepjen-velunk-kapcsolatba\/\" \/>\n<meta property=\"og:locale\" content=\"hu_HU\" \/>\n<meta property=\"og:type\" content=\"article\" \/>\n<meta property=\"og:title\" content=\"L\u00e9pjen vel\u00fcnk kapcsolatba - KnowHow\" \/>\n<meta property=\"og:description\" content=\"Ha b\u00e1rmilyen k\u00e9rd\u00e9se van a weboldal tartalm\u00e1val kapcsolatban, vegye fel vel\u00fcnk a kapcsolatot. \u00d6r\u00fcln\u00e9nk, ha megosztan\u00e1 vel\u00fcnk gondolatait&hellip;\" \/>\n<meta property=\"og:url\" content=\"https:\/\/knowhow.distrelec.com\/hu\/lepjen-velunk-kapcsolatba\/\" \/>\n<meta property=\"og:site_name\" content=\"KnowHow\" \/>\n<meta property=\"article:modified_time\" content=\"2022-02-08T10:10:07+00:00\" \/>\n<meta name=\"twitter:card\" content=\"summary_large_image\" \/>\n<meta name=\"twitter:label1\" content=\"Becs\u00fclt olvas\u00e1si id\u0151\" \/>\n\t<meta name=\"twitter:data1\" content=\"1 perc\" \/>\n\t<meta name=\"twitter:label2\" content=\"Written by\" \/>\n\t<meta name=\"twitter:data2\" content=\"Chris Rush\" \/>\n<script type=\"application\/ld+json\" class=\"yoast-schema-graph\">{\"@context\":\"https:\/\/schema.org\",\"@graph\":[{\"@type\":\"WebPage\",\"@id\":\"https:\/\/knowhow.distrelec.com\/hu\/lepjen-velunk-kapcsolatba\/\",\"url\":\"https:\/\/knowhow.distrelec.com\/hu\/lepjen-velunk-kapcsolatba\/\",\"name\":\"L\u00e9pjen vel\u00fcnk kapcsolatba - KnowHow\",\"isPartOf\":{\"@id\":\"https:\/\/knowhow.distrelec.com\/hu\/#website\"},\"datePublished\":\"2022-02-08T10:10:05+00:00\",\"dateModified\":\"2022-02-08T10:10:07+00:00\",\"breadcrumb\":{\"@id\":\"https:\/\/knowhow.distrelec.com\/hu\/lepjen-velunk-kapcsolatba\/#breadcrumb\"},\"inLanguage\":\"hu\",\"potentialAction\":[{\"@type\":\"ReadAction\",\"target\":[\"https:\/\/knowhow.distrelec.com\/hu\/lepjen-velunk-kapcsolatba\/\"]}]},{\"@type\":\"BreadcrumbList\",\"@id\":\"https:\/\/knowhow.distrelec.com\/hu\/lepjen-velunk-kapcsolatba\/#breadcrumb\",\"itemListElement\":[{\"@type\":\"ListItem\",\"position\":1,\"name\":\"Kezd\u0151lap\",\"item\":\"https:\/\/knowhow.distrelec.com\/hu\/\"},{\"@type\":\"ListItem\",\"position\":2,\"name\":\"L\u00e9pjen vel\u00fcnk kapcsolatba\"}]},{\"@type\":\"WebSite\",\"@id\":\"https:\/\/knowhow.distrelec.com\/hu\/#website\",\"url\":\"https:\/\/knowhow.distrelec.com\/hu\/\",\"name\":\"KnowHow\",\"description\":\"KnowHow Hub\",\"publisher\":{\"@id\":\"https:\/\/knowhow.distrelec.com\/hu\/#organization\"},\"potentialAction\":[{\"@type\":\"SearchAction\",\"target\":{\"@type\":\"EntryPoint\",\"urlTemplate\":\"https:\/\/knowhow.distrelec.com\/hu\/?s={search_term_string}\"},\"query-input\":{\"@type\":\"PropertyValueSpecification\",\"valueRequired\":true,\"valueName\":\"search_term_string\"}}],\"inLanguage\":\"hu\"},{\"@type\":\"Organization\",\"@id\":\"https:\/\/knowhow.distrelec.com\/hu\/#organization\",\"name\":\"Distrelec\",\"url\":\"https:\/\/knowhow.distrelec.com\/hu\/\",\"logo\":{\"@type\":\"ImageObject\",\"inLanguage\":\"hu\",\"@id\":\"https:\/\/knowhow.distrelec.com\/hu\/#\/schema\/logo\/image\/\",\"url\":\"https:\/\/knowhow.distrelec.com\/wp-content\/uploads\/2021\/09\/distrelec_logo.png\",\"contentUrl\":\"https:\/\/knowhow.distrelec.com\/wp-content\/uploads\/2021\/09\/distrelec_logo.png\",\"width\":530,\"height\":98,\"caption\":\"Distrelec\"},\"image\":{\"@id\":\"https:\/\/knowhow.distrelec.com\/hu\/#\/schema\/logo\/image\/\"}}]}<\/script>\n<!-- \/ Yoast SEO plugin. -->","yoast_head_json":{"title":"L\u00e9pjen vel\u00fcnk kapcsolatba - KnowHow","robots":{"index":"index","follow":"follow","max-snippet":"max-snippet:-1","max-image-preview":"max-image-preview:large","max-video-preview":"max-video-preview:-1"},"canonical":"https:\/\/knowhow.distrelec.com\/hu\/lepjen-velunk-kapcsolatba\/","og_locale":"hu_HU","og_type":"article","og_title":"L\u00e9pjen vel\u00fcnk kapcsolatba - KnowHow","og_description":"Ha b\u00e1rmilyen k\u00e9rd\u00e9se van a weboldal tartalm\u00e1val kapcsolatban, vegye fel vel\u00fcnk a kapcsolatot. \u00d6r\u00fcln\u00e9nk, ha megosztan\u00e1 vel\u00fcnk gondolatait&hellip;","og_url":"https:\/\/knowhow.distrelec.com\/hu\/lepjen-velunk-kapcsolatba\/","og_site_name":"KnowHow","article_modified_time":"2022-02-08T10:10:07+00:00","twitter_card":"summary_large_image","twitter_misc":{"Becs\u00fclt olvas\u00e1si id\u0151":"1 perc","Written by":"Chris Rush"},"schema":{"@context":"https:\/\/schema.org","@graph":[{"@type":"WebPage","@id":"https:\/\/knowhow.distrelec.com\/hu\/lepjen-velunk-kapcsolatba\/","url":"https:\/\/knowhow.distrelec.com\/hu\/lepjen-velunk-kapcsolatba\/","name":"L\u00e9pjen vel\u00fcnk kapcsolatba - KnowHow","isPartOf":{"@id":"https:\/\/knowhow.distrelec.com\/hu\/#website"},"datePublished":"2022-02-08T10:10:05+00:00","dateModified":"2022-02-08T10:10:07+00:00","breadcrumb":{"@id":"https:\/\/knowhow.distrelec.com\/hu\/lepjen-velunk-kapcsolatba\/#breadcrumb"},"inLanguage":"hu","potentialAction":[{"@type":"ReadAction","target":["https:\/\/knowhow.distrelec.com\/hu\/lepjen-velunk-kapcsolatba\/"]}]},{"@type":"BreadcrumbList","@id":"https:\/\/knowhow.distrelec.com\/hu\/lepjen-velunk-kapcsolatba\/#breadcrumb","itemListElement":[{"@type":"ListItem","position":1,"name":"Kezd\u0151lap","item":"https:\/\/knowhow.distrelec.com\/hu\/"},{"@type":"ListItem","position":2,"name":"L\u00e9pjen vel\u00fcnk kapcsolatba"}]},{"@type":"WebSite","@id":"https:\/\/knowhow.distrelec.com\/hu\/#website","url":"https:\/\/knowhow.distrelec.com\/hu\/","name":"KnowHow","description":"KnowHow Hub","publisher":{"@id":"https:\/\/knowhow.distrelec.com\/hu\/#organization"},"potentialAction":[{"@type":"SearchAction","target":{"@type":"EntryPoint","urlTemplate":"https:\/\/knowhow.distrelec.com\/hu\/?s={search_term_string}"},"query-input":{"@type":"PropertyValueSpecification","valueRequired":true,"valueName":"search_term_string"}}],"inLanguage":"hu"},{"@type":"Organization","@id":"https:\/\/knowhow.distrelec.com\/hu\/#organization","name":"Distrelec","url":"https:\/\/knowhow.distrelec.com\/hu\/","logo":{"@type":"ImageObject","inLanguage":"hu","@id":"https:\/\/knowhow.distrelec.com\/hu\/#\/schema\/logo\/image\/","url":"https:\/\/knowhow.distrelec.com\/wp-content\/uploads\/2021\/09\/distrelec_logo.png","contentUrl":"https:\/\/knowhow.distrelec.com\/wp-content\/uploads\/2021\/09\/distrelec_logo.png","width":530,"height":98,"caption":"Distrelec"},"image":{"@id":"https:\/\/knowhow.distrelec.com\/hu\/#\/schema\/logo\/image\/"}}]}},"jetpack_sharing_enabled":true,"_links":{"self":[{"href":"https:\/\/knowhow.distrelec.com\/hu\/wp-json\/wp\/v2\/pages\/14600","targetHints":{"allow":["GET"]}}],"collection":[{"href":"https:\/\/knowhow.distrelec.com\/hu\/wp-json\/wp\/v2\/pages"}],"about":[{"href":"https:\/\/knowhow.distrelec.com\/hu\/wp-json\/wp\/v2\/types\/page"}],"author":[{"embeddable":true,"href":"https:\/\/knowhow.distrelec.com\/hu\/wp-json\/wp\/v2\/users\/4"}],"replies":[{"embeddable":true,"href":"https:\/\/knowhow.distrelec.com\/hu\/wp-json\/wp\/v2\/comments?post=14600"}],"version-history":[{"count":0,"href":"https:\/\/knowhow.distrelec.com\/hu\/wp-json\/wp\/v2\/pages\/14600\/revisions"}],"wp:attachment":[{"href":"https:\/\/knowhow.distrelec.com\/hu\/wp-json\/wp\/v2\/media?parent=14600"}],"wp:term":[{"taxonomy":"author","embeddable":true,"href":"https:\/\/knowhow.distrelec.com\/hu\/wp-json\/wp\/v2\/coauthors?post=14600"}],"curies":[{"name":"wp","href":"https:\/\/api.w.org\/{rel}","templated":true}]}}