{"id":39486,"date":"2022-11-02T10:03:38","date_gmt":"2022-11-02T10:03:38","guid":{"rendered":"https:\/\/knowhow.distrelec.com\/cookie-kra-vonatkozo-szabalyzat\/"},"modified":"2022-11-02T10:03:45","modified_gmt":"2022-11-02T10:03:45","slug":"cookie-kra-vonatkozo-szabalyzat","status":"publish","type":"page","link":"https:\/\/knowhow.distrelec.com\/hu\/cookie-kra-vonatkozo-szabalyzat\/","title":{"rendered":"Cookie-kra vonatkoz\u00f3 szab\u00e1lyzat"},"content":{"rendered":"\n<h2 id=\"1-a-distrelec-es-a-cookie-k\" class=\"wp-block-heading\">1. <strong>A Distrelec \u00e9s a cookie-k<\/strong><\/h2>\n\n<p>A weboldalaink \u00e9s mobiloldalaink cookie-kat haszn\u00e1lnak az online \u00e9lm\u00e9nye jav\u00edt\u00e1sa \u00e9rdek\u00e9ben. A weboldalunk haszn\u00e1lat\u00e1val \u00e9s a kapcsol\u00f3d\u00f3 ir\u00e1nyelvek elfogad\u00e1s\u00e1val kijelenti, hogy a jelen szab\u00e1lyzat felt\u00e9teleivel \u00f6sszhangban enged\u00e9lyezi sz\u00e1munkra a cookie-k haszn\u00e1lat\u00e1t.<\/p>\n\n<h3 id=\"1-2-mi-az-a-cookie-es-a-distrelec-weboldala-hogyan-hasznalja-a-cookie-kat\" class=\"wp-block-heading\">1.2 <strong>Mi az a cookie, \u00e9s a Distrelec weboldala hogyan haszn\u00e1lja a cookie-kat?<\/strong><\/h3>\n\n<p>A cookie egy olyan f\u00e1jl, amely adatokat tartalmaz (bet\u0171kb\u0151l \u00e9s sz\u00e1mokb\u00f3l \u00e1ll\u00f3 karakterl\u00e1nc); amikor felkeres egy weboldalt, egy webkiszolg\u00e1l\u00f3 ezt a f\u00e1jlt tov\u00e1bb\u00edtja egy webb\u00f6ng\u00e9sz\u0151 sz\u00e1m\u00e1ra, amelyet azt\u00e1n a b\u00f6ng\u00e9sz\u0151 elment. A megfelel\u0151 azonos\u00edt\u00f3 ezut\u00e1n minden alkalommal visszak\u00fcld\u00e9sre ker\u00fcl, amikor a b\u00f6ng\u00e9sz\u0151 egy oldalt k\u00e9r a szervert\u0151l.<br\/><br\/>A cookie-k nem tartalmaznak olyan inform\u00e1ci\u00f3t, amely lehet\u0151v\u00e9 tenn\u00e9 az \u00d6n szem\u00e9lyes azonos\u00edt\u00e1s\u00e1t. Lehets\u00e9ges azonban, hogy az \u00d6nr\u0151l elmentett szem\u00e9lyes adatokat \u00f6sszekapcsoljuk a cookie-kban t\u00e1rolt adatokkal, \u00e9s \u00f6sszekapcsoljuk a kapott adatokkal.<br\/><br\/>A cookie-k haszn\u00e1lat\u00e1b\u00f3l sz\u00e1rmaz\u00f3 inform\u00e1ci\u00f3kat a k\u00f6vetkez\u0151 c\u00e9lokra haszn\u00e1ljuk fel:<\/p>\n\n<ul class=\"wp-block-list\"><li>A sz\u00e1m\u00edt\u00f3g\u00e9pe felismer\u00e9s\u00e9re, amikor felkeresi a weboldalunkat.<\/li><li>A weboldal felhaszn\u00e1l\u00f3bar\u00e1t jelleg\u00e9nek jav\u00edt\u00e1s\u00e1ra.<\/li><li>A weboldal haszn\u00e1lat\u00e1nak elemz\u00e9s\u00e9re.<\/li><li>A weboldal kezel\u00e9s\u00e9re.<\/li><li>A csal\u00e1s elker\u00fcl\u00e9s\u00e9re \u00e9s a weboldal biztons\u00e1g\u00e1nak n\u00f6vel\u00e9s\u00e9re.<\/li><li>A weboldalunk \u00d6nnek val\u00f3 szem\u00e9lyre szab\u00e1s\u00e1ra (az \u00d6n sz\u00e1m\u00e1ra esetlegesen \u00e9rdekes c\u00e9lzott h\u00edrek biztos\u00edt\u00e1s\u00e1val).<\/li><li>A weboldalunkon megtett \u00fatvonala nyomon k\u00f6vet\u00e9s\u00e9re, ami lehet\u0151v\u00e9 teszi bizonyos funkci\u00f3k haszn\u00e1lat\u00e1t (pl. term\u00e9kek hozz\u00e1ad\u00e1sa a bev\u00e1s\u00e1rl\u00f3kos\u00e1rhoz, illetve azok elt\u00e1vol\u00edt\u00e1sa onnan, v\u00e1s\u00e1rl\u00e1s v\u00e9gleges\u00edt\u00e9se a kifizet\u00e9sn\u00e9l).<\/li><\/ul>\n<p>Ha cikkeket ad hozz\u00e1 a megrendel\u0151laphoz, de \u00fagy d\u00f6nt, nem v\u00e1s\u00e1rol a l\u00e1togat\u00e1sa sor\u00e1n, elmentj\u00fck a megrendel\u0151lap referenciasz\u00e1m\u00e1t egy cookie-ban, hogy jav\u00edtsuk a felhaszn\u00e1l\u00f3bar\u00e1t jelleget, vagyis hogy a k\u00f6vetkez\u0151 l\u00e1togat\u00e1sakor el\u0151 tudja h\u00edvni a megrendel\u0151lapot.<\/p>\n\n<h3 id=\"1-2-biztonsagos-a-cookie-k-aktivalasa\" class=\"wp-block-heading\"><strong>1.2 Biztons\u00e1gos a cookie-k aktiv\u00e1l\u00e1sa?<\/strong><\/h3>\n\n<p>Igen. A cookie-k csak r\u00f6vid adatl\u00e1ncok, amelyek magukt\u00f3l nem tudnak v\u00e9grehajtani semmilyen m\u0171veletet. A Distrelec azt javasolja, hogy enged\u00e9lyezze a webb\u00f6ng\u00e9sz\u0151k sz\u00e1m\u00e1ra a weboldalunkr\u00f3l sz\u00e1rmaz\u00f3 cookie-k elfogad\u00e1s\u00e1t.<\/p>\n\n<h3 id=\"1-3-hogyan-modosithatom-a-cookie-kra-vonatkozo-beallitasaimat\" class=\"wp-block-heading\"><strong>1.3 Hogyan m\u00f3dos\u00edthatom a cookie-kra vonatkoz\u00f3 be\u00e1ll\u00edt\u00e1saimat?<\/strong><\/h3>\n\n<p>A cookie-k aktiv\u00e1l\u00e1s\u00e1hoz k\u00f6vesse az \u00d6n konkr\u00e9t b\u00f6ng\u00e9sz\u0151j\u00e9re vonatkoz\u00f3 al\u00e1bbi utas\u00edt\u00e1sokat.<br\/><br\/>Microsoft Internet Explorer<\/p>\n\n<ul class=\"wp-block-list\"><li>V\u00e1lassza ki az \u201eEszk\u00f6z\u00f6k\u201d men\u00fc \u201eInternetbe\u00e1ll\u00edt\u00e1sok\u201d elem\u00e9t.<\/li><li>Kattintson az \u201eAdatv\u00e9delem\u201d f\u00fclre.<\/li><li>A \u201eBe\u00e1ll\u00edt\u00e1sok\u201d alatt kattintson a \u201eNorm\u00e1l\u201d gombra (vagy mozgassa a cs\u00faszk\u00e1t k\u00e9zzel a \u201eK\u00f6zepes\u201d \u00e9rt\u00e9kre).<\/li><li>Kattintson az OK gombra.<\/li><\/ul>\n<p>Mozilla Firefox<\/p>\n\n<ul class=\"wp-block-list\"><li>Ugorjon az \u201eEszk\u00f6z\u00f6k\u201d men\u00fcre.<\/li><li>V\u00e1lassza ki a \u201eBe\u00e1ll\u00edt\u00e1sok\u201d lehet\u0151s\u00e9get.<\/li><li>V\u00e1lassza ki az \u201eAdatv\u00e9delmet\u201d jel\u00f6l\u0151 ikont.<\/li><li>Kattintson a mez\u0151be, amely lehet\u0151v\u00e9 teszi a cookie-k haszn\u00e1lat\u00e1t (az \u201eEgy\u00e9ni be\u00e1ll\u00edt\u00e1sokat haszn\u00e1l az el\u0151zm\u00e9nyekhez\u201d r\u00e9sz alatt).<\/li><li>A m\u00f3dos\u00edt\u00e1sok ment\u00e9s\u00e9hez kattintson az OK gombra.<\/li><\/ul>\n<p>Google Chrome<\/p>\n\n<ul class=\"wp-block-list\"><li>A \u201eTestreszab\u00e1s \u00e9s vez\u00e9rl\u00e9s\u201d men\u00fcben v\u00e1lassza ki a \u201eBe\u00e1ll\u00edt\u00e1sok\u201d elemet.<\/li><li>A \u201eSpeci\u00e1lis be\u00e1ll\u00edt\u00e1sok\u201d (Adatv\u00e9delem, Tartalom be\u00e1ll\u00edt\u00e1sai) men\u00fcben keresse meg a \u201eCookie-k\u201d r\u00e9szt.<\/li><li>A cookie-k haszn\u00e1lat\u00e1nak enged\u00e9lyez\u00e9s\u00e9hez v\u00e1lassza ki a \u201eHelyi adatok megad\u00e1s\u00e1nak enged\u00e9lyez\u00e9se\u201d (vagy \u201eAz \u00f6sszes cookie aktiv\u00e1l\u00e1sa\u201d) lehet\u0151s\u00e9get.<\/li><li>Kattintson az OK gombra.<\/li><\/ul>\n<p>Safari<\/p>\n\n<ul class=\"wp-block-list\"><li>V\u00e1lassza ki a Safari &gt; Be\u00e1ll\u00edt\u00e1sok lehet\u0151s\u00e9get, majd kattintson az Adatv\u00e9delem elemre.<\/li><li>A \u201eS\u00fctik blokkol\u00e1sa\u201d mez\u0151ben hat\u00e1rozza meg, hogy a Safari elfogadhatja-e a weboldalakr\u00f3l sz\u00e1rmaz\u00f3 cookie-kat, \u00e9s ha igen, milyen esetekben.<\/li><\/ul>\n<h3 id=\"1-4-milyen-tipusu-cookie-kat-hasznal-a-distrelec-weboldala\" class=\"wp-block-heading\"><strong>1.4 Milyen t\u00edpus\u00fa cookie-kat haszn\u00e1l a Distrelec weboldala?<\/strong><\/h3>\n\n<p>Be\u00e1ll\u00edthatja a b\u00f6ng\u00e9sz\u0151j\u00e9ben a cookie-k visszautas\u00edt\u00e1s\u00e1t (tov\u00e1bbi inform\u00e1ci\u00f3kat tal\u00e1lhat ezzel kapcsolatban a b\u00f6ng\u00e9sz\u0151je s\u00fag\u00f3sz\u00f6veg\u00e9ben). K\u00e9rj\u00fck, vegye figyelembe, hogy ebben az esetben a weboldalunk bizonyos szem\u00e9lyre szabott funkci\u00f3i nem lesznek el\u00e9rhet\u0151k az \u00d6n sz\u00e1m\u00e1ra.<\/p>\n\n<h2 id=\"1-5-harom-kulonbozo-tipusu-cookie-t-hasznalunk\" class=\"wp-block-heading\"><strong>1.5 H\u00e1rom k\u00fcl\u00f6nb\u00f6z\u0151 t\u00edpus\u00fa cookie-t haszn\u00e1lunk:<\/strong><\/h2>\n\n<p>Munkamenet-cookie-k \u2013 ezek ideiglenes f\u00e1jlok, amelyek csak a l\u00e1togat\u00e1sa (munkamenet) sor\u00e1n aktiv\u00e1l\u00f3dnak a weboldalunkon. \u00c1ltal\u00e1ban a b\u00f6ng\u00e9sz\u0151je t\u00f6rli az effajta cookie-kat, amint bez\u00e1rja azt.<br\/><br\/>Maradand\u00f3 cookie-k \u2013 ezek a f\u00e1jlok akt\u00edvak a b\u00f6ng\u00e9sz\u0151-munkamenet v\u00e9g\u00e9t k\u00f6vet\u0151en (p\u00e9lda: amikor regisztr\u00e1l egy weboldalon, majd k\u00e9s\u0151bb visszat\u00e9r \u00e9s \u00fajb\u00f3l felkeresi, a weboldal tudja, hogy \u00d6n kicsoda, \u00e9s ennek megfelel\u0151en jelen\u00edti meg az \u00fcdv\u00f6zl\u0151 \u00fczenetet). Ezt a viselked\u00e9st a maradand\u00f3 cookie-k teszik lehet\u0151v\u00e9.<br\/><br\/>Harmadik f\u00e9lt\u0151l sz\u00e1rmaz\u00f3 cookie-k \u2013 a weboldalunk haszn\u00e1lata sor\u00e1n el\u0151fordulhat, hogy k\u00fcls\u0151 szolg\u00e1ltat\u00f3kt\u00f3l sz\u00e1rmaz\u00f3 cookie-k lesznek tov\u00e1bb\u00edtva az \u00d6n sz\u00e1m\u00e1ra. Ha be\u00e1gyazott tartalommal (pl. YouTube-vide\u00f3k) rendelkez\u0151 weboldalt keres fel, ezek a weboldalak cookie-kat tov\u00e1bb\u00edthatnak az \u00d6n sz\u00e1m\u00e1ra. A Distrelec nem fel\u00fcgyeli az effajta cookie-k be\u00e1ll\u00edt\u00e1sait. Javasoljuk, hogy \u00e9rdekl\u0151dj\u00f6n az ilyen k\u00fcls\u0151 szolg\u00e1ltat\u00f3k weboldalain l\u00e9v\u0151 cookie-kkal kapcsolatos tov\u00e1bbi inform\u00e1ci\u00f3k ir\u00e1nt, \u00e9s ismerje meg a kezel\u00e9s\u00fckh\u00f6z tartoz\u00f3 megfelel\u0151 be\u00e1ll\u00edt\u00e1sokat.<br\/><\/p>\n\n<h3 id=\"1-6-cookie-beallitasok\" class=\"wp-block-heading\"><strong>1.6 Cookie-be\u00e1ll\u00edt\u00e1sok<\/strong><\/h3>\n\n<p>Tov\u00e1bbi inform\u00e1ci\u00f3k tal\u00e1lhat\u00f3k a weboldalakon l\u00e9v\u0151 cookie-k haszn\u00e1lat\u00e1val kapcsolatban a k\u00f6vetkez\u0151 webhelyen: www.allaboutcookies.org<\/p>\n\n<h3 id=\"1-7-cookie-k-tiltasa\" class=\"wp-block-heading\"><strong>1.7 Cookie-k tilt\u00e1sa<\/strong><\/h3>\n\n<p>A legt\u00f6bb b\u00f6ng\u00e9sz\u0151ben rendelkez\u00e9sre \u00e1ll egy be\u00e1ll\u00edt\u00e1s a cookie-k letilt\u00e1s\u00e1ra. P\u00e9lda erre:<\/p>\n\n<ul class=\"wp-block-list\"><li>Az Internet Explorerben letilthatja az \u00f6sszes cookie-t az \u201eEszk\u00f6z\u00f6k\u201d, \u201eInternetbe\u00e1ll\u00edt\u00e1sok\u201d, \u201eAdatv\u00e9delem\u201d lehet\u0151s\u00e9gekre kattintva, majd pedig a cs\u00faszka \u201eAz \u00f6sszes cookie blokkol\u00e1sa\u201d elemre val\u00f3 mozgat\u00e1s\u00e1val.<\/li><li>A Mozilla Firefoxban letilthatja az \u00f6sszes cookie-t az \u201eEszk\u00f6z\u00f6k\u201d, majd pedig a \u201eBe\u00e1ll\u00edt\u00e1sok\u201d elemre kattintva, \u00e9s ut\u00e1na az \u201eAdatv\u00e9delem\u201d r\u00e9szben a \u201eS\u00fctik elfogad\u00e1sa webhelyekr\u0151l\u201d be\u00e1ll\u00edt\u00e1s kikapcsol\u00e1s\u00e1val.<\/li><\/ul>\n<p>Az \u00f6sszes cookie letilt\u00e1sa azonban negat\u00edv hat\u00e1ssal van sz\u00e1mos weboldal haszn\u00e1lhat\u00f3s\u00e1g\u00e1ra.<\/p>\n\n<h3 id=\"1-8-cookie-k-torlese\" class=\"wp-block-heading\"><strong>1.8 Cookie-k t\u00f6rl\u00e9se<\/strong><\/h3>\n\n<p>Term\u00e9szetesen a sz\u00e1m\u00edt\u00f3g\u00e9p\u00e9re m\u00e1r elmentett cookie-kat is t\u00f6r\u00f6lheti.<\/p>\n\n<ul class=\"wp-block-list\"><li>Ha Internet Explorert haszn\u00e1l, manu\u00e1lisan kell t\u00f6r\u00f6lnie a cookie-f\u00e1jlokat (az ezzel kapcsolatos utas\u00edt\u00e1sokat a http:\/\/support.microsoft.com\/kb\/278835 weboldalon tal\u00e1lja).<\/li><li>Ha Mozilla Firefoxot haszn\u00e1l, \u00e9s t\u00f6r\u00f6lni k\u00edv\u00e1nja a cookie-kat, el\u0151sz\u00f6r ellen\u0151riznie kell, hogy a rendszer t\u00f6rli-e a cookie-kat a \u201eSzem\u00e9lyes adatok elt\u00e1vol\u00edt\u00e1sa\u201d opci\u00f3 haszn\u00e1latakor (az \u201eEszk\u00f6z\u00f6k\u201d, \u201eBe\u00e1ll\u00edt\u00e1sok\u201d, \u201eBe\u00e1ll\u00edt\u00e1sok\u201d \u00e9s \u201eAdatv\u00e9delem\u201d elemekre kattintva m\u00f3dos\u00edthatja ezt a be\u00e1ll\u00edt\u00e1st), majd kattintson az \u201eEszk\u00f6z\u00f6k\u201d men\u00fc \u201eLegut\u00f3bbi el\u0151zm\u00e9nyek t\u00f6rl\u00e9se\u201d elem\u00e9re.<\/li><\/ul>\n<p>A jelen weboldalon \u00e9s a mobilalkalmaz\u00e1sokban az Adobe szolg\u00e1ltat\u00f3 Adobe Analytics webelemz\u0151 szolg\u00e1ltat\u00e1sa \u00e9s a Google szolg\u00e1ltat\u00f3 Google Analytics webelemz\u0151 szolg\u00e1ltat\u00e1sa adatokat gy\u0171jt \u00e9s t\u00e1rol. Az adatokb\u00f3l \u00e1lnevek m\u00f6g\u00e9 rejtett felhaszn\u00e1l\u00f3i profilokat hoznak l\u00e9tre. Ezek a felhaszn\u00e1l\u00f3i profilok a l\u00e1togat\u00f3k viselked\u00e9s\u00e9nek elemz\u00e9s\u00e9re szolg\u00e1lnak, \u00e9s ki\u00e9rt\u00e9kel\u00e9sre ker\u00fclnek term\u00e9kv\u00e1laszt\u00e9kunk jav\u00edt\u00e1sa \u00e9s hat\u00e9kony kialak\u00edt\u00e1sa c\u00e9lj\u00e1b\u00f3l. A folyamat r\u00e9szek\u00e9nt cookie-kat is alkalmazunk. B\u00e1rmikor visszautas\u00edthatja az adatok j\u00f6v\u0151beli webelemz\u00e9s c\u00e9lj\u00e1b\u00f3l val\u00f3 gy\u0171jt\u00e9s\u00e9t \u00e9s t\u00e1rol\u00e1s\u00e1t.<\/p>\n\n<p>Ezen a weboldalon \u00fan. \u00fajrac\u00e9lz\u00f3 technol\u00f3gi\u00e1t haszn\u00e1lunk a weboldal l\u00e1togat\u00f3j\u00e1nak b\u00f6ng\u00e9sz\u00e9si viselked\u00e9s\u00e9vel kapcsolatos inform\u00e1ci\u00f3k anonimiz\u00e1lt form\u00e1ban t\u00f6rt\u00e9n\u0151 gy\u0171jt\u00e9s\u00e9re \u00e9s elment\u00e9s\u00e9re. Ezek az adatok \u00fan. \u201ecookie\u201d sz\u00f6veges f\u00e1jlok haszn\u00e1lat\u00e1val ker\u00fclnek t\u00e1rol\u00e1sra a sz\u00e1m\u00edt\u00f3g\u00e9p\u00e9n. A technol\u00f3gia egy algoritmust alkalmaz a b\u00f6ng\u00e9sz\u00e9si viselked\u00e9s elemz\u00e9s\u00e9re, majd \u00e9rdekl\u0151d\u00e9si k\u00f6rh\u00f6z kapcsol\u00f3d\u00f3 bannerhirdet\u00e9sek form\u00e1j\u00e1ban c\u00e9lzott term\u00e9kaj\u00e1nlatokat jelen\u00edt meg egy\u00e9b weboldalakon (k\u00f6zz\u00e9tev\u0151k). Ezek az adatok egyetlen esetben sem haszn\u00e1lhat\u00f3k a weboldal l\u00e1togat\u00f3inak szem\u00e9lyes azonos\u00edt\u00e1s\u00e1ra. Az \u00f6sszegy\u0171jt\u00f6tt adatokat kiz\u00e1r\u00f3lag az aj\u00e1nlat jav\u00edt\u00e1sa c\u00e9lj\u00e1b\u00f3l haszn\u00e1ljuk fel. Az adatokat nem haszn\u00e1ljuk fel egy\u00e9b m\u00f3don, illetve nem adjuk \u00e1t harmadik felek sz\u00e1m\u00e1ra.<\/p>\n\n<p>Ha nem szeretn\u00e9 enged\u00e9lyezni, hogy az Adobe Analytics nyomon k\u00f6vesse b\u00f6ng\u00e9sz\u00e9si adatait,\u00a0<a href=\"https:\/\/smetrics.distrelec.ch\/optout.html\">kattintson erre a hivatkoz\u00e1sra<\/a><\/p>\n\n<p>Ha nem szeretn\u00e9 enged\u00e9lyezni, hogy a Google Analytics nyomon k\u00f6vesse b\u00f6ng\u00e9sz\u00e9si adatait, a Google biztos\u00edt egy <a href=\"https:\/\/tools.google.com\/dlpage\/gaoptout\">b\u00f6ng\u00e9sz\u0151-be\u00e9p\u00fcl\u0151modult<\/a><\/p>\n\n<h2 id=\"1-9-kozossegi-bovitmenyek-beagyazasa\" class=\"wp-block-heading\"><strong>1.9 K\u00f6z\u00f6ss\u00e9gi b\u0151v\u00edtm\u00e9nyek be\u00e1gyaz\u00e1sa<\/strong><\/h2>\n\n<p>A Facebook, Google stb. k\u00f6z\u00f6ss\u00e9gi b\u0151v\u00edtm\u00e9nyeit haszn\u00e1ljuk a weboldalunkon. A webhely\u00fcnk ennek megfelel\u0151en megjelen\u00edt egy \u201e+ 1\u201d vagy \u201ef\u201d vagy \u201eFelfel\u00e9 tartott h\u00fcvelykujj\u201d gombot. Ezek az amerikai egyes\u00fclt \u00e1llamokbeli v\u00e1llalatok, a Google Inc. (1600 Amphitheatre Parkway, Mountain View, CA 94043, USA) \u00e9s a Facebook Inc. (1601 S California Ave, Palo Alto, CA 94394 USA) aj\u00e1nlatai.<\/p>\n\n<p>A b\u00f6ng\u00e9sz\u0151je kiz\u00e1r\u00f3lag akkor l\u00e9tes\u00edt k\u00f6zvetlen kapcsolatot a Facebook vagy a Google kiszolg\u00e1l\u00f3ival, amikor a \u201e+ 1\u201d vagy az \u201ef\u201d vagy a \u201eFelfel\u00e9 tartott h\u00fcvelykujj\u201d gombra kattint. A Google vagy a Facebook ekkor a \u201e+ 1\u201d vagy az \u201ef\u201d vagy a \u201eFelfel\u00e9 tartott h\u00fcvelykujj\u201d gomb tartalm\u00e1t k\u00f6zvetlen\u00fcl \u00e1tadja a b\u00f6ng\u00e9sz\u0151j\u00e9nek, \u00e9s be\u00e9p\u00edti a weboldalba. Enn\u00e9lfogva nincs befoly\u00e1sunk a Google vagy a Facebook \u00e1ltal ezen gombbal gy\u0171jt\u00f6tt adatok kiterjed\u00e9s\u00e9re.<\/p>\n\n<p>A Facebook \u00e9s a Google a weboldalukon (http:\/\/www.facebook.com\/policy.php; http:\/\/www.google.com\/Intel\/de\/+\/policy\/+1button.html) r\u00e9szletes inform\u00e1ci\u00f3kat szolg\u00e1ltat az \u00d6n adatai kiterjed\u00e9s\u00e9re, t\u00edpus\u00e1ra, c\u00e9lj\u00e1ra \u00e9s tov\u00e1bbi feldolgoz\u00e1s\u00e1ra vonatkoz\u00f3an, illetve a mag\u00e1n\u00e9lete tiszteletben tart\u00e1s\u00e1hoz val\u00f3 jogaival kapcsolatban.<\/p>\n\n<p>El\u0151sz\u00f6r a k\u00f6z\u00f6ss\u00e9gi h\u00e1l\u00f3zatok (Facebook \u00e9s Google +) oldalair\u00f3l val\u00f3 kijelentkez\u00e9ssel, majd a megadott cookie-k t\u00f6rl\u00e9s\u00e9vel megakad\u00e1lyozhatja, hogy a Facebook \u00e9s a Google a weboldalaink felkeres\u00e9sekor inform\u00e1ci\u00f3kat gy\u0171jts\u00f6n \u00d6nr\u0151l.<\/p>\n\n<h2 id=\"1-10-spam-ddos-vedelem\" class=\"wp-block-heading\"><strong>1.10 Spam-\/DDOS-v\u00e9delem<\/strong><\/h2>\n\n<p>Bizonyos eszk\u00f6z\u00f6k (mint a Google reCAPTCHA \u00e9s egyebek) haszn\u00e1lat\u00e1val biztos\u00edtjuk weboldalunk v\u00e9delm\u00e9t a rosszindulat\u00fa adatforgalommal, p\u00e9ld\u00e1ul a spam-ekkel \u00e9s a DDoS-t\u00e1mad\u00e1sokkal szemben. Az ilyen t\u00edpus\u00fa szolg\u00e1ltat\u00e1sok elemzik az \u00d6n \u00e1ltal a weboldalunkon tan\u00fas\u00edtott viselked\u00e9st, az \u00d6n sz\u00e1m\u00edt\u00f3g\u00e9p\u00e9nek konfigur\u00e1ci\u00f3j\u00e1t (bele\u00e9rtve az \u00d6n \u00e1ltal esetlegesen m\u00e1r telep\u00edtett Google cookie-kat) \u00e9s az \u00d6n IP-c\u00edm\u00e9t, hogy meghat\u00e1rozz\u00e1k, \u00d6n val\u00f3di vagy rosszindulat\u00fa felhaszn\u00e1l\u00f3-e. Amennyiben valamilyen probl\u00e9m\u00e1t \u00e9szlel\u00fcnk, a rendszer felk\u00e9ri \u00d6nt annak bizony\u00edt\u00e1s\u00e1ra, hogy \u00d6n nem robot, amikor bizonyos feladatokat hajt v\u00e9gre. P\u00e9ld\u00e1ul, amikor \u0171rlapot t\u00f6lt ki.<\/p>\n\n<p>Az ilyen adatok tov\u00e1bb\u00edt\u00e1s\u00e1ra k\u00f6zvetlen\u00fcl az \u00d6n sz\u00e1m\u00edt\u00f3g\u00e9pe \u00e9s a Google, illetve a harmadik felek Eur\u00f3p\u00e1ban \u00e9s az Amerikai Egyes\u00fclt \u00c1llamokban tal\u00e1lhat\u00f3 szerverei k\u00f6z\u00f6tt ker\u00fcl sor, ez\u00e9rt nincs befoly\u00e1sunk az \u00e1ltaluk gy\u0171jt\u00f6tt adatok kiterjed\u00e9s\u00e9re, sem arra, hogy ezt k\u00f6vet\u0151en mire haszn\u00e1lj\u00e1k fel az adatokat.<\/p>\n\n<p>A Google reCAPTCHA szolg\u00e1ltat\u00e1st a Google Inc, 1600 Ampitheatre Parkway, Mountain View, CA 94043, USA ny\u00fajtja. Az adatai kiterjed\u00e9s\u00e9re, t\u00edpus\u00e1ra \u00e9s tov\u00e1bbi feldolgoz\u00e1s\u00e1ra vonatkoz\u00f3 tov\u00e1bbi inform\u00e1ci\u00f3kat \u00e9s az \u00d6n adatai v\u00e9delm\u00e9re vonatkoz\u00f3 inform\u00e1ci\u00f3kat l\u00e1sd a Google adatv\u00e9delmi szab\u00e1lyzat\u00e1ban (\u00a0<a href=\"https:\/\/www.google.com\/policies\/privacy\/\" target=\"_blank\" rel=\"noreferrer noopener\">https:\/\/www.google.com\/policies\/privacy\/\u00a0<\/a>) \u00e9s szolg\u00e1ltat\u00e1si felt\u00e9teleiben (\u00a0<a href=\"https:\/\/www.google.com\/policies\/terms\/\" target=\"_blank\" rel=\"noreferrer noopener\">www.google.com\/policies\/terms\u00a0<\/a>).<\/p>\n\n<div style=\"height:100px\" aria-hidden=\"true\" class=\"wp-block-spacer\"><\/div>\n","protected":false},"excerpt":{"rendered":"1. A Distrelec \u00e9s a cookie-k A weboldalaink \u00e9s mobiloldalaink cookie-kat haszn\u00e1lnak az online \u00e9lm\u00e9nye jav\u00edt\u00e1sa \u00e9rdek\u00e9ben. A&hellip;\n","protected":false},"author":2,"featured_media":0,"parent":0,"menu_order":0,"comment_status":"closed","ping_status":"closed","template":"","meta":{"csco_singular_sidebar":"","csco_page_header_type":"","csco_appearance_grid":"","csco_page_load_nextpost":"","csco_post_video_location":[],"csco_post_video_location_hash":"","csco_post_video_url":"","csco_post_video_bg_start_time":0,"csco_post_video_bg_end_time":0,"footnotes":""},"coauthors":[],"class_list":{"0":"post-39486","1":"page","2":"type-page","3":"status-publish","5":"cs-entry","6":"cs-video-wrap"},"yoast_head":"<!-- This site is optimized with the Yoast SEO plugin v24.4 - https:\/\/yoast.com\/wordpress\/plugins\/seo\/ -->\n<title>Cookie-kra vonatkoz\u00f3 szab\u00e1lyzat - KnowHow<\/title>\n<meta name=\"robots\" content=\"index, follow, max-snippet:-1, max-image-preview:large, max-video-preview:-1\" \/>\n<link rel=\"canonical\" href=\"https:\/\/knowhow.distrelec.com\/hu\/cookie-kra-vonatkozo-szabalyzat\/\" \/>\n<meta property=\"og:locale\" content=\"hu_HU\" \/>\n<meta property=\"og:type\" content=\"article\" \/>\n<meta property=\"og:title\" content=\"Cookie-kra vonatkoz\u00f3 szab\u00e1lyzat - KnowHow\" \/>\n<meta property=\"og:description\" content=\"1. A Distrelec \u00e9s a cookie-k A weboldalaink \u00e9s mobiloldalaink cookie-kat haszn\u00e1lnak az online \u00e9lm\u00e9nye jav\u00edt\u00e1sa \u00e9rdek\u00e9ben. A&hellip;\" \/>\n<meta property=\"og:url\" content=\"https:\/\/knowhow.distrelec.com\/hu\/cookie-kra-vonatkozo-szabalyzat\/\" \/>\n<meta property=\"og:site_name\" content=\"KnowHow\" \/>\n<meta property=\"article:modified_time\" content=\"2022-11-02T10:03:45+00:00\" \/>\n<meta name=\"twitter:card\" content=\"summary_large_image\" \/>\n<meta name=\"twitter:label1\" content=\"Becs\u00fclt olvas\u00e1si id\u0151\" \/>\n\t<meta name=\"twitter:data1\" content=\"11 perc\" \/>\n\t<meta name=\"twitter:label2\" content=\"Written by\" \/>\n\t<meta name=\"twitter:data2\" content=\"Ash Ali\" \/>\n<script type=\"application\/ld+json\" class=\"yoast-schema-graph\">{\"@context\":\"https:\/\/schema.org\",\"@graph\":[{\"@type\":\"WebPage\",\"@id\":\"https:\/\/knowhow.distrelec.com\/hu\/cookie-kra-vonatkozo-szabalyzat\/\",\"url\":\"https:\/\/knowhow.distrelec.com\/hu\/cookie-kra-vonatkozo-szabalyzat\/\",\"name\":\"Cookie-kra vonatkoz\u00f3 szab\u00e1lyzat - KnowHow\",\"isPartOf\":{\"@id\":\"https:\/\/knowhow.distrelec.com\/hu\/#website\"},\"datePublished\":\"2022-11-02T10:03:38+00:00\",\"dateModified\":\"2022-11-02T10:03:45+00:00\",\"breadcrumb\":{\"@id\":\"https:\/\/knowhow.distrelec.com\/hu\/cookie-kra-vonatkozo-szabalyzat\/#breadcrumb\"},\"inLanguage\":\"hu\",\"potentialAction\":[{\"@type\":\"ReadAction\",\"target\":[\"https:\/\/knowhow.distrelec.com\/hu\/cookie-kra-vonatkozo-szabalyzat\/\"]}]},{\"@type\":\"BreadcrumbList\",\"@id\":\"https:\/\/knowhow.distrelec.com\/hu\/cookie-kra-vonatkozo-szabalyzat\/#breadcrumb\",\"itemListElement\":[{\"@type\":\"ListItem\",\"position\":1,\"name\":\"Kezd\u0151lap\",\"item\":\"https:\/\/knowhow.distrelec.com\/hu\/\"},{\"@type\":\"ListItem\",\"position\":2,\"name\":\"Cookie-kra vonatkoz\u00f3 szab\u00e1lyzat\"}]},{\"@type\":\"WebSite\",\"@id\":\"https:\/\/knowhow.distrelec.com\/hu\/#website\",\"url\":\"https:\/\/knowhow.distrelec.com\/hu\/\",\"name\":\"KnowHow\",\"description\":\"KnowHow Hub\",\"publisher\":{\"@id\":\"https:\/\/knowhow.distrelec.com\/hu\/#organization\"},\"potentialAction\":[{\"@type\":\"SearchAction\",\"target\":{\"@type\":\"EntryPoint\",\"urlTemplate\":\"https:\/\/knowhow.distrelec.com\/hu\/?s={search_term_string}\"},\"query-input\":{\"@type\":\"PropertyValueSpecification\",\"valueRequired\":true,\"valueName\":\"search_term_string\"}}],\"inLanguage\":\"hu\"},{\"@type\":\"Organization\",\"@id\":\"https:\/\/knowhow.distrelec.com\/hu\/#organization\",\"name\":\"Distrelec\",\"url\":\"https:\/\/knowhow.distrelec.com\/hu\/\",\"logo\":{\"@type\":\"ImageObject\",\"inLanguage\":\"hu\",\"@id\":\"https:\/\/knowhow.distrelec.com\/hu\/#\/schema\/logo\/image\/\",\"url\":\"https:\/\/knowhow.distrelec.com\/wp-content\/uploads\/2021\/09\/distrelec_logo.png\",\"contentUrl\":\"https:\/\/knowhow.distrelec.com\/wp-content\/uploads\/2021\/09\/distrelec_logo.png\",\"width\":530,\"height\":98,\"caption\":\"Distrelec\"},\"image\":{\"@id\":\"https:\/\/knowhow.distrelec.com\/hu\/#\/schema\/logo\/image\/\"}}]}<\/script>\n<!-- \/ Yoast SEO plugin. -->","yoast_head_json":{"title":"Cookie-kra vonatkoz\u00f3 szab\u00e1lyzat - KnowHow","robots":{"index":"index","follow":"follow","max-snippet":"max-snippet:-1","max-image-preview":"max-image-preview:large","max-video-preview":"max-video-preview:-1"},"canonical":"https:\/\/knowhow.distrelec.com\/hu\/cookie-kra-vonatkozo-szabalyzat\/","og_locale":"hu_HU","og_type":"article","og_title":"Cookie-kra vonatkoz\u00f3 szab\u00e1lyzat - KnowHow","og_description":"1. A Distrelec \u00e9s a cookie-k A weboldalaink \u00e9s mobiloldalaink cookie-kat haszn\u00e1lnak az online \u00e9lm\u00e9nye jav\u00edt\u00e1sa \u00e9rdek\u00e9ben. A&hellip;","og_url":"https:\/\/knowhow.distrelec.com\/hu\/cookie-kra-vonatkozo-szabalyzat\/","og_site_name":"KnowHow","article_modified_time":"2022-11-02T10:03:45+00:00","twitter_card":"summary_large_image","twitter_misc":{"Becs\u00fclt olvas\u00e1si id\u0151":"11 perc","Written by":"Ash Ali"},"schema":{"@context":"https:\/\/schema.org","@graph":[{"@type":"WebPage","@id":"https:\/\/knowhow.distrelec.com\/hu\/cookie-kra-vonatkozo-szabalyzat\/","url":"https:\/\/knowhow.distrelec.com\/hu\/cookie-kra-vonatkozo-szabalyzat\/","name":"Cookie-kra vonatkoz\u00f3 szab\u00e1lyzat - KnowHow","isPartOf":{"@id":"https:\/\/knowhow.distrelec.com\/hu\/#website"},"datePublished":"2022-11-02T10:03:38+00:00","dateModified":"2022-11-02T10:03:45+00:00","breadcrumb":{"@id":"https:\/\/knowhow.distrelec.com\/hu\/cookie-kra-vonatkozo-szabalyzat\/#breadcrumb"},"inLanguage":"hu","potentialAction":[{"@type":"ReadAction","target":["https:\/\/knowhow.distrelec.com\/hu\/cookie-kra-vonatkozo-szabalyzat\/"]}]},{"@type":"BreadcrumbList","@id":"https:\/\/knowhow.distrelec.com\/hu\/cookie-kra-vonatkozo-szabalyzat\/#breadcrumb","itemListElement":[{"@type":"ListItem","position":1,"name":"Kezd\u0151lap","item":"https:\/\/knowhow.distrelec.com\/hu\/"},{"@type":"ListItem","position":2,"name":"Cookie-kra vonatkoz\u00f3 szab\u00e1lyzat"}]},{"@type":"WebSite","@id":"https:\/\/knowhow.distrelec.com\/hu\/#website","url":"https:\/\/knowhow.distrelec.com\/hu\/","name":"KnowHow","description":"KnowHow Hub","publisher":{"@id":"https:\/\/knowhow.distrelec.com\/hu\/#organization"},"potentialAction":[{"@type":"SearchAction","target":{"@type":"EntryPoint","urlTemplate":"https:\/\/knowhow.distrelec.com\/hu\/?s={search_term_string}"},"query-input":{"@type":"PropertyValueSpecification","valueRequired":true,"valueName":"search_term_string"}}],"inLanguage":"hu"},{"@type":"Organization","@id":"https:\/\/knowhow.distrelec.com\/hu\/#organization","name":"Distrelec","url":"https:\/\/knowhow.distrelec.com\/hu\/","logo":{"@type":"ImageObject","inLanguage":"hu","@id":"https:\/\/knowhow.distrelec.com\/hu\/#\/schema\/logo\/image\/","url":"https:\/\/knowhow.distrelec.com\/wp-content\/uploads\/2021\/09\/distrelec_logo.png","contentUrl":"https:\/\/knowhow.distrelec.com\/wp-content\/uploads\/2021\/09\/distrelec_logo.png","width":530,"height":98,"caption":"Distrelec"},"image":{"@id":"https:\/\/knowhow.distrelec.com\/hu\/#\/schema\/logo\/image\/"}}]}},"jetpack_sharing_enabled":true,"_links":{"self":[{"href":"https:\/\/knowhow.distrelec.com\/hu\/wp-json\/wp\/v2\/pages\/39486","targetHints":{"allow":["GET"]}}],"collection":[{"href":"https:\/\/knowhow.distrelec.com\/hu\/wp-json\/wp\/v2\/pages"}],"about":[{"href":"https:\/\/knowhow.distrelec.com\/hu\/wp-json\/wp\/v2\/types\/page"}],"author":[{"embeddable":true,"href":"https:\/\/knowhow.distrelec.com\/hu\/wp-json\/wp\/v2\/users\/2"}],"replies":[{"embeddable":true,"href":"https:\/\/knowhow.distrelec.com\/hu\/wp-json\/wp\/v2\/comments?post=39486"}],"version-history":[{"count":0,"href":"https:\/\/knowhow.distrelec.com\/hu\/wp-json\/wp\/v2\/pages\/39486\/revisions"}],"wp:attachment":[{"href":"https:\/\/knowhow.distrelec.com\/hu\/wp-json\/wp\/v2\/media?parent=39486"}],"wp:term":[{"taxonomy":"author","embeddable":true,"href":"https:\/\/knowhow.distrelec.com\/hu\/wp-json\/wp\/v2\/coauthors?post=39486"}],"curies":[{"name":"wp","href":"https:\/\/api.w.org\/{rel}","templated":true}]}}