{"id":7134,"date":"2021-09-06T17:50:47","date_gmt":"2021-09-06T17:50:47","guid":{"rendered":"https:\/\/knowhow.distrelec.com\/?page_id=7134"},"modified":"2024-03-11T12:13:03","modified_gmt":"2024-03-11T12:13:03","slug":"informazioni-sul-knowhow","status":"publish","type":"page","link":"https:\/\/knowhow.distrelec.com\/it\/informazioni-sul-knowhow\/","title":{"rendered":"Info su KnowHow"},"content":{"rendered":"\n<p><strong>Fonte di Conoscenza Tecnologica<\/strong><\/p>\n\n<p>Benvenuti su KnowHow, una risorsa online fornita da <a href=\"https:\/\/www.distrelec.com\/global\/\" target=\"_blank\" rel=\"noreferrer noopener\">Distrelec<\/a>, il principale distributore di elettronica, automazione e tecnologia di misura.<\/p>\n\n<p>La piattaforma KnowHow si propone di offrire a ingegneri, tecnici e appassionati articoli tecnici, tutorial e informazioni approfondite su una variet\u00e0 di argomenti legati all&#8217;elettronica e alla tecnologia. Il suo obiettivo \u00e8 assistere la comunit\u00e0 fornendo risposte, aiutando a risolvere i problemi incontrati nei progetti e nello sviluppo dei prodotti, e condividendo le conoscenze professionali.<\/p>\n\n<p>KnowHow copre un&#8217;ampia gamma di argomenti, tra cui, ma non solo:<\/p>\n\n<ul class=\"wp-block-list\">\n<li>Nozioni di base di elettronica e concetti avanzati<\/li>\n\n\n\n<li>Automazione e robotica<\/li>\n\n\n\n<li>Tecniche di misura e collaudo<\/li>\n\n\n\n<li>Guide all&#8217;uso di strumenti e componenti specifici<\/li>\n\n\n\n<li>Aggiornamenti sulle nuove tecnologie e sulle tendenze del settore<\/li>\n\n\n\n<li>Interviste con esperti e professionisti del settore<\/li>\n\n\n\n<li>Recensioni e confronti di prodotti<\/li>\n<\/ul>\n\n<h2 id=\"informazioni-sui-redattori\" class=\"wp-block-heading\">Informazioni sui redattori <\/h2>\n\n<p><strong>Il team<\/strong><\/p>\n\n<ul class=\"wp-block-list\"><\/ul>\n\n<p>KnowHow \u00e8 guidato da un team dedicato di scrittori di contenuti digitali, <a href=\"https:\/\/knowhow.distrelec.com\/author\/justyna-matusza\/\" target=\"_blank\" rel=\"noreferrer noopener\">Justyna Matuszak <\/a>e <a href=\"https:\/\/knowhow.distrelec.com\/author\/jack-portley\/\" target=\"_blank\" rel=\"noreferrer noopener\">Jack Portley<\/a>.  Questo duo ha lavorato duramente e ha trionfato al Global Content Award 2023, guadagnandosi il prestigioso titolo di Global In-House Content Team of the Year e ottenendo lo status di finalista per il Global Content Strategy of the Year.<\/p>\n\n<figure class=\"wp-block-image size-large\"><img  loading=\"lazy\"  decoding=\"async\"  height=\"683\"  width=\"1024\"  src=\"data:image\/png;base64,iVBORw0KGgoAAAANSUhEUgAABAAAAAKrAQMAAABV2G3XAAAAA1BMVEUAAP+KeNJXAAAAAXRSTlMAQObYZgAAAAlwSFlzAAAOxAAADsQBlSsOGwAAAGxJREFUeNrtwTEBAAAAwqD1T20MH6AAAAAAAAAAAAAAAAAAAAAAAAAAAAAAAAAAAAAAAAAAAAAAAAAAAAAAAAAAAAAAAAAAAAAAAAAAAAAAAAAAAAAAAAAAAAAAAAAAAAAAAAAAAAAAAAAAOBtYOgAB23VbnQAAAABJRU5ErkJggg==\"  alt=\"\"  class=\"wp-image-68783 pk-lazyload\"  data-pk-sizes=\"auto\"  data-ls-sizes=\"auto, (max-width: 1024px) 100vw, 1024px\"  data-pk-src=\"https:\/\/knowhow.distrelec.com\/wp-content\/uploads\/2024\/02\/IMG_4805_3000x2000-1024x683.jpg\"  data-pk-srcset=\"https:\/\/knowhow.distrelec.com\/wp-content\/uploads\/2024\/02\/IMG_4805_3000x2000-1024x683.jpg 1024w, https:\/\/knowhow.distrelec.com\/wp-content\/uploads\/2024\/02\/IMG_4805_3000x2000-300x200.jpg 300w, https:\/\/knowhow.distrelec.com\/wp-content\/uploads\/2024\/02\/IMG_4805_3000x2000-768x512.jpg 768w, https:\/\/knowhow.distrelec.com\/wp-content\/uploads\/2024\/02\/IMG_4805_3000x2000-1536x1024.jpg 1536w, https:\/\/knowhow.distrelec.com\/wp-content\/uploads\/2024\/02\/IMG_4805_3000x2000-2048x1365.jpg 2048w, https:\/\/knowhow.distrelec.com\/wp-content\/uploads\/2024\/02\/IMG_4805_3000x2000-380x253.jpg 380w, https:\/\/knowhow.distrelec.com\/wp-content\/uploads\/2024\/02\/IMG_4805_3000x2000-550x367.jpg 550w, https:\/\/knowhow.distrelec.com\/wp-content\/uploads\/2024\/02\/IMG_4805_3000x2000-800x533.jpg 800w, https:\/\/knowhow.distrelec.com\/wp-content\/uploads\/2024\/02\/IMG_4805_3000x2000-1160x773.jpg 1160w, https:\/\/knowhow.distrelec.com\/wp-content\/uploads\/2024\/02\/IMG_4805_3000x2000-scaled.jpg 2560w\" ><\/figure>\n\n<p>KnowHow si propone di essere una risorsa completa per chi cerca di migliorare le proprie conoscenze tecniche, di tenersi al passo con gli sviluppi pi\u00f9 recenti della tecnologia o di individuare soluzioni praticabili per i propri problemi tecnici. Distrelec sfrutta le sue connessioni e la sua esperienza nel settore per curare e fornire contenuti di alta qualit\u00e0 e pertinenti attraverso questa piattaforma. <\/p>\n\n<blockquote class=\"wp-block-quote is-layout-flow wp-block-quote-is-layout-flow\">\n<p><em><em>&#8221; Ci impegniamo a fondo per creare contenuti di qualit\u00e0 e rilevanti per il settore, informando il nostro pubblico sulle ultime tendenze, sulle nuove tecnologie e sulle innovazioni.  Inoltre, ci impegniamo a fornire ai nostri lettori articoli utili, coinvolgenti ed educativi, che coprono un&#8217;ampia gamma di argomenti, tra cui la robotica, l&#8217;apprendimento automatico, l&#8217;intelligenza artificiale, l&#8217;automazione e la crescente digitalizzazione del nostro mondo&#8221;.<\/em><\/em><\/p>\n<\/blockquote>\n\n<p>Su KnowHow, i <a href=\"https:\/\/knowhow.distrelec.com\/it\/editori\/\" target=\"_blank\" rel=\"noreferrer noopener\">redattori che partecipano al progetto<\/a> includono i nostri scrittori interni altamente qualificati e esperti interni nei rispettivi campi di specializzazione, in collaborazione con numerosi rinomati fornitori del settore che sviluppano prodotti per svariati settori merceologici. Questi fornitori offrono soluzioni ai nostri clienti attraverso webinar, guide all&#8217;acquisto, casi di studio e white paper.<\/p>\n\n<figure class=\"wp-block-image size-large\"><a href=\"https:\/\/globalcontentawards.com\/2023-winners\/\" target=\"_blank\" rel=\"noreferrer noopener\"><img  loading=\"lazy\"  decoding=\"async\"  height=\"256\"  width=\"1024\"  src=\"data:image\/png;base64,iVBORw0KGgoAAAANSUhEUgAAAAEAAAABAQMAAAAl21bKAAAAA1BMVEUAAP+KeNJXAAAAAXRSTlMAQObYZgAAAAlwSFlzAAAOxAAADsQBlSsOGwAAAApJREFUCNdjYAAAAAIAAeIhvDMAAAAASUVORK5CYII=\"  alt=\"\"  class=\"wp-image-68800 pk-lazyload\"  data-pk-sizes=\"auto\"  data-pk-src=\"https:\/\/knowhow.distrelec.com\/wp-content\/uploads\/2024\/02\/GCA23_WinnerBanner-2048x512-1-1024x256.png\" ><\/a><\/figure>\n\n<hr class=\"wp-block-separator has-alpha-channel-opacity\" \/>\n\n<p><strong>Contattateci<\/strong><\/p>\n\n<p>Ci auguriamo che KnowHow e i contenuti che produciamo vi piacciano.  Saremo lieti di ricevere i vostri commenti o suggerimenti, ad esempio sugli argomenti che vorreste venissero trattati.  Potete contattarci qui<a href=\"https:\/\/knowhowprod.wpengine.com\/contact-form\/\" target=\"_blank\" rel=\"noreferrer noopener\"><\/a>, inviarci un&#8217;e-mail a questo indirizzo: <a href=\"mailto:content.team@distrelec.com\" target=\"_blank\" rel=\"noreferrer noopener\">content.team@distrelec.com <\/a>o trovarci al seguente indirizzo:<\/p>\n\n<p>Two Saint Peter&#8217;s Square <br \/>Manchester M2 3AA <br \/>Regno <br \/>Unito Telefono: 044 944 99 11<\/p>\n","protected":false},"excerpt":{"rendered":"Fonte di Conoscenza Tecnologica Benvenuti su KnowHow, una risorsa online fornita da Distrelec, il principale distributore di elettronica,&hellip;\n","protected":false},"author":4,"featured_media":0,"parent":0,"menu_order":0,"comment_status":"closed","ping_status":"closed","template":"","meta":{"csco_singular_sidebar":"","csco_page_header_type":"","csco_appearance_grid":"","csco_page_load_nextpost":"","csco_post_video_location":[],"csco_post_video_location_hash":"","csco_post_video_url":"","csco_post_video_bg_start_time":0,"csco_post_video_bg_end_time":0,"footnotes":""},"coauthors":[1750],"class_list":{"0":"post-7134","1":"page","2":"type-page","3":"status-publish","5":"cs-entry","6":"cs-video-wrap"},"yoast_head":"<!-- This site is optimized with the Yoast SEO plugin v24.4 - https:\/\/yoast.com\/wordpress\/plugins\/seo\/ -->\n<title>Info su KnowHow - KnowHow<\/title>\n<meta name=\"robots\" content=\"index, follow, max-snippet:-1, max-image-preview:large, max-video-preview:-1\" \/>\n<link rel=\"canonical\" href=\"https:\/\/knowhow.distrelec.com\/it\/informazioni-sul-knowhow\/\" \/>\n<meta property=\"og:locale\" content=\"it_IT\" \/>\n<meta property=\"og:type\" content=\"article\" \/>\n<meta property=\"og:title\" content=\"Info su KnowHow - KnowHow\" \/>\n<meta property=\"og:description\" content=\"Fonte di Conoscenza Tecnologica Benvenuti su KnowHow, una risorsa online fornita da Distrelec, il principale distributore di elettronica,&hellip;\" \/>\n<meta property=\"og:url\" content=\"https:\/\/knowhow.distrelec.com\/it\/informazioni-sul-knowhow\/\" \/>\n<meta property=\"og:site_name\" content=\"KnowHow\" \/>\n<meta property=\"article:modified_time\" content=\"2024-03-11T12:13:03+00:00\" \/>\n<meta property=\"og:image\" content=\"https:\/\/knowhow.distrelec.com\/wp-content\/uploads\/2024\/02\/IMG_4805_3000x2000-1024x683.jpg\" \/>\n<meta name=\"twitter:card\" content=\"summary_large_image\" \/>\n<meta name=\"twitter:label1\" content=\"Tempo di lettura stimato\" \/>\n\t<meta name=\"twitter:data1\" content=\"2 minuti\" \/>\n\t<meta name=\"twitter:label2\" content=\"Written by\" \/>\n\t<meta name=\"twitter:data2\" content=\"Chris Rush\" \/>\n<script type=\"application\/ld+json\" class=\"yoast-schema-graph\">{\"@context\":\"https:\/\/schema.org\",\"@graph\":[{\"@type\":\"WebPage\",\"@id\":\"https:\/\/knowhow.distrelec.com\/it\/informazioni-sul-knowhow\/\",\"url\":\"https:\/\/knowhow.distrelec.com\/it\/informazioni-sul-knowhow\/\",\"name\":\"Info su KnowHow - KnowHow\",\"isPartOf\":{\"@id\":\"https:\/\/knowhow.distrelec.com\/it\/#website\"},\"primaryImageOfPage\":{\"@id\":\"https:\/\/knowhow.distrelec.com\/it\/informazioni-sul-knowhow\/#primaryimage\"},\"image\":{\"@id\":\"https:\/\/knowhow.distrelec.com\/it\/informazioni-sul-knowhow\/#primaryimage\"},\"thumbnailUrl\":\"https:\/\/knowhow.distrelec.com\/wp-content\/uploads\/2024\/02\/IMG_4805_3000x2000-1024x683.jpg\",\"datePublished\":\"2021-09-06T17:50:47+00:00\",\"dateModified\":\"2024-03-11T12:13:03+00:00\",\"breadcrumb\":{\"@id\":\"https:\/\/knowhow.distrelec.com\/it\/informazioni-sul-knowhow\/#breadcrumb\"},\"inLanguage\":\"it-IT\",\"potentialAction\":[{\"@type\":\"ReadAction\",\"target\":[\"https:\/\/knowhow.distrelec.com\/it\/informazioni-sul-knowhow\/\"]}]},{\"@type\":\"ImageObject\",\"inLanguage\":\"it-IT\",\"@id\":\"https:\/\/knowhow.distrelec.com\/it\/informazioni-sul-knowhow\/#primaryimage\",\"url\":\"https:\/\/knowhow.distrelec.com\/wp-content\/uploads\/2024\/02\/IMG_4805_3000x2000-1024x683.jpg\",\"contentUrl\":\"https:\/\/knowhow.distrelec.com\/wp-content\/uploads\/2024\/02\/IMG_4805_3000x2000-1024x683.jpg\"},{\"@type\":\"BreadcrumbList\",\"@id\":\"https:\/\/knowhow.distrelec.com\/it\/informazioni-sul-knowhow\/#breadcrumb\",\"itemListElement\":[{\"@type\":\"ListItem\",\"position\":1,\"name\":\"Pagina iniziale\",\"item\":\"https:\/\/knowhow.distrelec.com\/it\/\"},{\"@type\":\"ListItem\",\"position\":2,\"name\":\"Info su KnowHow\"}]},{\"@type\":\"WebSite\",\"@id\":\"https:\/\/knowhow.distrelec.com\/it\/#website\",\"url\":\"https:\/\/knowhow.distrelec.com\/it\/\",\"name\":\"KnowHow\",\"description\":\"KnowHow Hub\",\"publisher\":{\"@id\":\"https:\/\/knowhow.distrelec.com\/it\/#organization\"},\"potentialAction\":[{\"@type\":\"SearchAction\",\"target\":{\"@type\":\"EntryPoint\",\"urlTemplate\":\"https:\/\/knowhow.distrelec.com\/it\/?s={search_term_string}\"},\"query-input\":{\"@type\":\"PropertyValueSpecification\",\"valueRequired\":true,\"valueName\":\"search_term_string\"}}],\"inLanguage\":\"it-IT\"},{\"@type\":\"Organization\",\"@id\":\"https:\/\/knowhow.distrelec.com\/it\/#organization\",\"name\":\"Distrelec\",\"url\":\"https:\/\/knowhow.distrelec.com\/it\/\",\"logo\":{\"@type\":\"ImageObject\",\"inLanguage\":\"it-IT\",\"@id\":\"https:\/\/knowhow.distrelec.com\/it\/#\/schema\/logo\/image\/\",\"url\":\"https:\/\/knowhow.distrelec.com\/wp-content\/uploads\/2021\/09\/distrelec_logo.png\",\"contentUrl\":\"https:\/\/knowhow.distrelec.com\/wp-content\/uploads\/2021\/09\/distrelec_logo.png\",\"width\":530,\"height\":98,\"caption\":\"Distrelec\"},\"image\":{\"@id\":\"https:\/\/knowhow.distrelec.com\/it\/#\/schema\/logo\/image\/\"}}]}<\/script>\n<!-- \/ Yoast SEO plugin. -->","yoast_head_json":{"title":"Info su KnowHow - KnowHow","robots":{"index":"index","follow":"follow","max-snippet":"max-snippet:-1","max-image-preview":"max-image-preview:large","max-video-preview":"max-video-preview:-1"},"canonical":"https:\/\/knowhow.distrelec.com\/it\/informazioni-sul-knowhow\/","og_locale":"it_IT","og_type":"article","og_title":"Info su KnowHow - KnowHow","og_description":"Fonte di Conoscenza Tecnologica Benvenuti su KnowHow, una risorsa online fornita da Distrelec, il principale distributore di elettronica,&hellip;","og_url":"https:\/\/knowhow.distrelec.com\/it\/informazioni-sul-knowhow\/","og_site_name":"KnowHow","article_modified_time":"2024-03-11T12:13:03+00:00","og_image":[{"url":"https:\/\/knowhow.distrelec.com\/wp-content\/uploads\/2024\/02\/IMG_4805_3000x2000-1024x683.jpg","type":"","width":"","height":""}],"twitter_card":"summary_large_image","twitter_misc":{"Tempo di lettura stimato":"2 minuti","Written by":"Chris Rush"},"schema":{"@context":"https:\/\/schema.org","@graph":[{"@type":"WebPage","@id":"https:\/\/knowhow.distrelec.com\/it\/informazioni-sul-knowhow\/","url":"https:\/\/knowhow.distrelec.com\/it\/informazioni-sul-knowhow\/","name":"Info su KnowHow - KnowHow","isPartOf":{"@id":"https:\/\/knowhow.distrelec.com\/it\/#website"},"primaryImageOfPage":{"@id":"https:\/\/knowhow.distrelec.com\/it\/informazioni-sul-knowhow\/#primaryimage"},"image":{"@id":"https:\/\/knowhow.distrelec.com\/it\/informazioni-sul-knowhow\/#primaryimage"},"thumbnailUrl":"https:\/\/knowhow.distrelec.com\/wp-content\/uploads\/2024\/02\/IMG_4805_3000x2000-1024x683.jpg","datePublished":"2021-09-06T17:50:47+00:00","dateModified":"2024-03-11T12:13:03+00:00","breadcrumb":{"@id":"https:\/\/knowhow.distrelec.com\/it\/informazioni-sul-knowhow\/#breadcrumb"},"inLanguage":"it-IT","potentialAction":[{"@type":"ReadAction","target":["https:\/\/knowhow.distrelec.com\/it\/informazioni-sul-knowhow\/"]}]},{"@type":"ImageObject","inLanguage":"it-IT","@id":"https:\/\/knowhow.distrelec.com\/it\/informazioni-sul-knowhow\/#primaryimage","url":"https:\/\/knowhow.distrelec.com\/wp-content\/uploads\/2024\/02\/IMG_4805_3000x2000-1024x683.jpg","contentUrl":"https:\/\/knowhow.distrelec.com\/wp-content\/uploads\/2024\/02\/IMG_4805_3000x2000-1024x683.jpg"},{"@type":"BreadcrumbList","@id":"https:\/\/knowhow.distrelec.com\/it\/informazioni-sul-knowhow\/#breadcrumb","itemListElement":[{"@type":"ListItem","position":1,"name":"Pagina iniziale","item":"https:\/\/knowhow.distrelec.com\/it\/"},{"@type":"ListItem","position":2,"name":"Info su KnowHow"}]},{"@type":"WebSite","@id":"https:\/\/knowhow.distrelec.com\/it\/#website","url":"https:\/\/knowhow.distrelec.com\/it\/","name":"KnowHow","description":"KnowHow Hub","publisher":{"@id":"https:\/\/knowhow.distrelec.com\/it\/#organization"},"potentialAction":[{"@type":"SearchAction","target":{"@type":"EntryPoint","urlTemplate":"https:\/\/knowhow.distrelec.com\/it\/?s={search_term_string}"},"query-input":{"@type":"PropertyValueSpecification","valueRequired":true,"valueName":"search_term_string"}}],"inLanguage":"it-IT"},{"@type":"Organization","@id":"https:\/\/knowhow.distrelec.com\/it\/#organization","name":"Distrelec","url":"https:\/\/knowhow.distrelec.com\/it\/","logo":{"@type":"ImageObject","inLanguage":"it-IT","@id":"https:\/\/knowhow.distrelec.com\/it\/#\/schema\/logo\/image\/","url":"https:\/\/knowhow.distrelec.com\/wp-content\/uploads\/2021\/09\/distrelec_logo.png","contentUrl":"https:\/\/knowhow.distrelec.com\/wp-content\/uploads\/2021\/09\/distrelec_logo.png","width":530,"height":98,"caption":"Distrelec"},"image":{"@id":"https:\/\/knowhow.distrelec.com\/it\/#\/schema\/logo\/image\/"}}]}},"jetpack_sharing_enabled":true,"_links":{"self":[{"href":"https:\/\/knowhow.distrelec.com\/it\/wp-json\/wp\/v2\/pages\/7134","targetHints":{"allow":["GET"]}}],"collection":[{"href":"https:\/\/knowhow.distrelec.com\/it\/wp-json\/wp\/v2\/pages"}],"about":[{"href":"https:\/\/knowhow.distrelec.com\/it\/wp-json\/wp\/v2\/types\/page"}],"author":[{"embeddable":true,"href":"https:\/\/knowhow.distrelec.com\/it\/wp-json\/wp\/v2\/users\/4"}],"replies":[{"embeddable":true,"href":"https:\/\/knowhow.distrelec.com\/it\/wp-json\/wp\/v2\/comments?post=7134"}],"version-history":[{"count":0,"href":"https:\/\/knowhow.distrelec.com\/it\/wp-json\/wp\/v2\/pages\/7134\/revisions"}],"wp:attachment":[{"href":"https:\/\/knowhow.distrelec.com\/it\/wp-json\/wp\/v2\/media?parent=7134"}],"wp:term":[{"taxonomy":"author","embeddable":true,"href":"https:\/\/knowhow.distrelec.com\/it\/wp-json\/wp\/v2\/coauthors?post=7134"}],"curies":[{"name":"wp","href":"https:\/\/api.w.org\/{rel}","templated":true}]}}