{"id":72577,"date":"2024-05-15T14:42:23","date_gmt":"2024-05-15T13:42:23","guid":{"rendered":"https:\/\/knowhow.distrelec.com\/?page_id=72577"},"modified":"2024-05-24T11:23:48","modified_gmt":"2024-05-24T10:23:48","slug":"glossario-better-world","status":"publish","type":"page","link":"https:\/\/knowhow.distrelec.com\/it\/glossario-better-world\/","title":{"rendered":"Glossario &#8211; Better World"},"content":{"rendered":"\n<p><strong>Glossario dei termini relativi alla sostenibilit\u00e0 e all\u2019ambiente<\/strong>&nbsp;<\/p>\n\n\n\n<p><strong>Biodegradabile<\/strong>&nbsp;<\/p>\n\n\n\n<p>Biodegradabile descrive un materiale che si decompone organicamente nel tempo, ad esempio quando microrganismi come batteri o funghi lo digeriscono. Il tempo impiegato pu\u00f2 variare da pochi mesi a molti anni. Da non confondere con compostabile.&nbsp;<\/p>\n\n\n\n<p><strong>C2C<\/strong>&nbsp;<em><strong>o<\/strong><\/em>&nbsp;<strong>Cradle to Cradle<\/strong>&nbsp;<\/p>\n\n\n\n<p>C2C o Cradle to Cradle \u00e8 un approccio alla progettazione che rifiuta il tradizionale modello lineare (make-take-dispose) e trae invece ispirazione dai sistemi naturali. Anzich\u00e9 pensare a un prodotto come al passaggio dalla culla (estrazione) alla tomba (rifiuti), con il cradle to cradle si creano prodotti e si utilizzano materiali che possono, alla fine della loro vita, essere recuperati e riutilizzati.&nbsp;&nbsp;<\/p>\n\n\n\n<p>Legato al concetto di economia circolare.&nbsp;<\/p>\n\n\n\n<p><strong>CDP o Carbon Disclosure Project<\/strong>&nbsp;<\/p>\n\n\n\n<p>CDP o Carbon Disclosure Project \u00e8 un\u2019organizzazione internazionale senza scopo di lucro. Fornisce un sistema di divulgazione che supporta le organizzazioni, comprese le imprese e i governi, nella rendicontazione ambientale e nello sviluppo di strategie per ridurre le emissioni di carbonio.&nbsp;<\/p>\n\n\n\n<p><strong>CEMARS<\/strong>&nbsp;<\/p>\n\n\n\n<p>CEMARS \u00e8 l\u2019acronimo di Certified Emissions Measurement and Reduction Scheme. CEMARS \u00e8 uno schema di certificazione dei gas serra accreditato a livello internazionale e fornisce strumenti che consentono alle aziende e agli eventi di misurare e ridurre le loro emissioni di gas serra.&nbsp;<\/p>\n\n\n\n<p><strong>Cambiamento climatico<\/strong>&nbsp;<\/p>\n\n\n\n<p>Il cambiamento climatico \u00e8 la variazione a lungo termine dei modelli meteorologici globali, misurata da caratteristiche meteorologiche come la temperatura media o eventi meteorologici estremi.&nbsp;&nbsp;<\/p>\n\n\n\n<p>Se \u00e8 vero che il clima del nostro pianeta \u00e8 cambiato nel corso della sua storia, \u00e8 ormai ampiamente accettato che l\u2019attivit\u00e0 umana dall\u2019inizio della rivoluzione industriale, e i livelli sempre crescenti di gas serra emessi di conseguenza, hanno portato al riscaldamento globale a un ritmo notevolmente accelerato. La natura ha meno tempo per adattarsi alle nuove condizioni rispetto ai periodi precedenti di cambiamento climatico e le variazioni rapide possono creare nuove condizioni non favorevoli alla vita umana.&nbsp;&nbsp;<\/p>\n\n\n\n<p><strong>CLR o Riciclo a circuito chiuso<\/strong>&nbsp;<\/p>\n\n\n\n<p>Il CLR, o riciclaggio a circuito chiuso, descrive un processo in cui tutti i materiali di un prodotto vengono riutilizzati alla fine della sua vita.&nbsp;<\/p>\n\n\n\n<p><strong>CO<sub>2&nbsp;<\/sub>o anidride carbonica<\/strong>&nbsp;<\/p>\n\n\n\n<p>La CO<sub>2<\/sub>&nbsp;\u00e8 il simbolo chimico dell\u2019anidride carbonica, un gas presente nell\u2019atmosfera terrestre. Sebbene l\u2019anidride carbonica si presenti in natura, \u00e8 diventata problematica, perch\u00e9 \u00e8 il principale gas serra e quindi influisce sulle emissioni complessive di questi gas.&nbsp;<\/p>\n\n\n\n<p><strong>CO<sub>2<\/sub>e<\/strong>&nbsp;<\/p>\n\n\n\n<p>CO<sub>2<\/sub>e sta per anidride carbonica equivalente ed \u00e8 l\u2019unit\u00e0 utilizzata per misurare le impronte di carbonio. Esprime la quantit\u00e0 di tutte le emissioni di gas serra generate in totale, compresa l\u2019anidride carbonica.&nbsp;<\/p>\n\n\n\n<p><strong>Impronta di carbonio<\/strong>&nbsp;<\/p>\n\n\n\n<p>Per impronta di carbonio si intende la quantit\u00e0 di gas serra rilasciata nell\u2019atmosfera in un determinato periodo da un individuo, un\u2019azienda, un\u2019organizzazione o una collettivit\u00e0, ad esempio un paese o una regione.&nbsp;&nbsp;<\/p>\n\n\n\n<p>L\u2019anidride carbonica \u00e8 il pi\u00f9 comune di questi gas serra, da qui il termine impronta di carbonio, anche se tutti i gas serra contribuiscono al cambiamento climatico in varia misura (vedi GWP).&nbsp;<\/p>\n\n\n\n<p><strong>CFL o lampadina fluorescente compatta<\/strong>&nbsp;<\/p>\n\n\n\n<p>Una lampadina fluorescente compatta, o CFL, \u00e8 un sistema di illuminazione ad alta efficienza energetica. Le lampadine fluorescenti compatte sono progettate per sostituire le lampadine a incandescenza, molto meno efficienti dal punto di vista energetico, e hanno una durata di vita di circa dieci anni.&nbsp;<\/p>\n\n\n\n<p><strong>Compostabile<\/strong>&nbsp;&nbsp;<\/p>\n\n\n\n<p>Per compostabile si intende un materiale che, nelle giuste condizioni, si scompone nel tempo in componenti non dannosi per l\u2019ambiente. Compostabile e biodegradabile non sono sinonimi.&nbsp;<\/p>\n\n\n\n<p><strong>Decarbonizzazione<\/strong>&nbsp;<\/p>\n\n\n\n<p>La decarbonizzazione \u00e8 il processo di riduzione, ed eventuale eliminazione, delle emissioni di anidride carbonica generate da un\u2019attivit\u00e0.&nbsp;<\/p>\n\n\n\n<p><strong>Emissioni a valle<\/strong>&nbsp;<\/p>\n\n\n\n<p>Le emissioni a valle sono le emissioni di gas serra generate durante il ciclo di vita di un prodotto dopo che \u00e8 stato venduto. Ci\u00f2 include la distribuzione e lo stoccaggio, nonch\u00e9 l\u2019uso da parte del consumatore e lo smaltimento. Le emissioni a valle possono essere maggiori delle emissioni a monte.&nbsp;<\/p>\n\n\n\n<p>Vedi anche le emissioni scope 3 e le emissioni della catena del valore.&nbsp;<\/p>\n\n\n\n<p><strong>EPC<\/strong>&nbsp;<\/p>\n\n\n\n<p>EPC sta per Certificato di prestazione energetica. Un EPC include una valutazione dell\u2019efficienza energetica di un edificio, basata su un sistema di classificazione da A a G, che quindi indica quanto coster\u00e0 riscaldare. Gli EPC includono anche informazioni su come rendere un edificio pi\u00f9 efficiente dal punto di vista energetico.&nbsp;<\/p>\n\n\n\n<p><strong>ESG<\/strong>&nbsp;<\/p>\n\n\n\n<p>ESG \u00e8 l\u2019acronimo di Environmental, Social and Governance, talvolta definito anche Environmental, Social and Corporate Governance.&nbsp;&nbsp;<\/p>\n\n\n\n<p>\u00c8 possibile misurare le prestazioni di un\u2019organizzazione in ciascuna di queste aree rispetto a una serie di metriche diverse, come le emissioni di gas serra. La maggior parte degli investitori utilizza le metriche ESG come metodo per valutare la fattibilit\u00e0 di potenziali investimenti.&nbsp;&nbsp;<\/p>\n\n\n\n<p><strong>GHG o gas serra<\/strong>&nbsp;<\/p>\n\n\n\n<p>GHG \u00e8 l\u2019abbreviazione di gas serra. Si tratta di gas tra cui anidride carbonica, metano e protossido di azoto che assorbono ed emettono calore dal sole, riscaldando cos\u00ec l\u2019atmosfera terrestre in modo simile a una serra (da cui il nome).&nbsp;&nbsp;<\/p>\n\n\n\n<p>Molti processi generano gas serra, ma le attivit\u00e0 umane, in particolare quelle associate all\u2019industrializzazione, come la combustione di combustibili fossili per l\u2019energia, hanno portato a livelli di emissioni di gas serra senza precedenti. Ci\u00f2 significa che l\u2019atmosfera terrestre si sta riscaldando come mai prima d\u2019ora: questo fenomeno \u00e8 definito riscaldamento globale e a sua volta \u00e8 alla base del cambiamento climatico.&nbsp;<\/p>\n\n\n\n<p><strong>GHGP<\/strong>&nbsp;<\/p>\n\n\n\n<p>GHGP significa Protocollo GHG. Il protocollo sui gas a effetto serra fornisce standard che le organizzazioni, comprese le imprese e i governi, possono utilizzare come quadro per misurare e comunicare le loro emissioni di gas a effetto serra.&nbsp;<\/p>\n\n\n\n<p><strong>Riscaldamento globale<\/strong>&nbsp;<\/p>\n\n\n\n<p>Il riscaldamento globale descrive l\u2019aumento delle temperature medie globali causato dai crescenti livelli di emissioni di gas serra derivanti dalle attivit\u00e0 umane. Il riscaldamento globale \u00e8 un fattore determinante dei cambiamenti climatici.&nbsp;<\/p>\n\n\n\n<p><strong>Greenwashing (ecologismo di facciata)<\/strong>&nbsp;<\/p>\n\n\n\n<p>Greenwashing \u00e8 un termine usato per descrivere strategie di comunicazione che suggeriscono che un prodotto, servizio, organizzazione o attivit\u00e0 \u00e8 migliore per l\u2019ambiente di quanto non sia in realt\u00e0. Un esempio di greenwashing \u00e8 l\u2019utilizzo di affermazioni non comprovate basate su una selezione delle prove.&nbsp;&nbsp;<\/p>\n\n\n\n<p><strong>GWP o potenziale di riscaldamento globale<\/strong>&nbsp;<\/p>\n\n\n\n<p>I gas serra assorbono calore a velocit\u00e0 diverse, quindi ognuno ha un effetto diverso sul riscaldamento globale.&nbsp;&nbsp;<\/p>\n\n\n\n<p>Il GWP o potenziale di riscaldamento globale confronta l\u2019impatto misurando la quantit\u00e0 di energia che una tonnellata di emissioni di un determinato gas assorbe in un periodo rispetto alla quantit\u00e0 di energia che una tonnellata di emissioni di anidride carbonica assorbe nello stesso intervallo di tempo. Il GWP per l\u2019anidride carbonica \u00e8 quindi sempre lo stesso; maggiore \u00e8 il GWP per gli altri gas, maggiore \u00e8 il loro impatto sul riscaldamento globale.&nbsp;&nbsp;<\/p>\n\n\n\n<p>Vedi anche: CO<sub>2<\/sub>e.&nbsp;<\/p>\n\n\n\n<p><strong>LCA o Analisi del ciclo di vita<\/strong>&nbsp;<\/p>\n\n\n\n<p>LCA sta per Life cycle assessment (analisi del ciclo di vita) e valuta l\u2019impatto ambientale di un prodotto in ogni fase del suo ciclo di vita, dall\u2019estrazione dei materiali alla produzione, distribuzione, uso e smaltimento.&nbsp;<\/p>\n\n\n\n<p><strong>LED<\/strong>&nbsp;<\/p>\n\n\n\n<p>Un LED, o diodo a emissione luminosa, \u00e8 un dispositivo semiconduttore che emette luce quando una corrente elettrica lo attraversa. Rispetto alle lampadine a incandescenza, i LED sono estremamente efficienti dal punto di vista energetico e durano a lungo.&nbsp;<\/p>\n\n\n\n<p><strong>LEED<\/strong>&nbsp;<\/p>\n\n\n\n<p>LEED sta per Leadership in energy and environmental design. Lo schema fornisce un quadro per la creazione e la certificazione di un sistema di rating per la valutazione degli edifici ad alta efficienza energetica.&nbsp;<\/p>\n\n\n\n<p><strong>Materialit\u00e0<\/strong>&nbsp;<\/p>\n\n\n\n<p>La materialit\u00e0 \u00e8 un concetto che aiuta a guidare la strategia ESG di un\u2019organizzazione. Una questione materiale a livello ambientale, sociale o di governance \u00e8 quella su cui un\u2019organizzazione ha un effetto o da cui pu\u00f2 essere influenzata.&nbsp;<\/p>\n\n\n\n<p><strong>Zero netto<\/strong>&nbsp;<\/p>\n\n\n\n<p>Lo zero netto \u00e8 il livello di emissioni a cui la maggior parte delle organizzazioni aspira ma che deve ancora raggiungere. Zero netto significa che un\u2019entit\u00e0 non aggiunge emissioni di gas serra all\u2019atmosfera terrestre e quindi non contribuisce al riscaldamento globale o al cambiamento climatico.&nbsp;&nbsp;<\/p>\n\n\n\n<p><strong>PCR o Riciclaggio dopo il consumo<\/strong>&nbsp;<\/p>\n\n\n\n<p>PCR (Post-Consumer Recycled) significa che i materiali sono stati utilizzati come previsto dai consumatori e poi riciclati per essere riutilizzati. La PCR \u00e8 particolarmente utilizzata in relazione alla plastica e include materiale deviato dai canali dei rifiuti, come la plastica negli oceani, o recuperato dai rifiuti, come la plastica sulle spiagge.&nbsp;&nbsp;<\/p>\n\n\n\n<p><strong>SBT o Science Based Target<\/strong>&nbsp;<\/p>\n\n\n\n<p>SBT \u00e8 l\u2019acronimo di science-based target. Un obiettivo basato sulla scienza \u00e8 un obiettivo per ridurre le emissioni di gas serra che si allinea con la scala e la velocit\u00e0 delle riduzioni necessarie per mantenere il riscaldamento globale al di sotto dei due gradi Celsius.&nbsp;<\/p>\n\n\n\n<p><strong>Emissioni scope 1<\/strong>&nbsp;<\/p>\n\n\n\n<p>Le emissioni Scope 1 sono emissioni dirette di gas serra che derivano da fonti possedute o controllate dall\u2019organizzazione, come i veicoli aziendali.&nbsp;&nbsp;<\/p>\n\n\n\n<p>Vedi anche: Emissioni scope 2, emissioni scope 3, emissioni a valle, emissioni a monte ed emissioni della catena del valore.&nbsp;<\/p>\n\n\n\n<p><strong>Emissioni scope 2<\/strong>&nbsp;<\/p>\n\n\n\n<p>Le emissioni scope 2 sono emissioni indirette di gas serra generate per conto di un\u2019organizzazione, come l\u2019energia acquistata per riscaldare o raffreddare gli edifici. Spesso si verificano al di fuori dei propri locali.&nbsp;<\/p>\n\n\n\n<p>Vedi anche: Emissioni scope 1, emissioni scope 3, emissioni a valle, emissioni a monte ed emissioni della catena del valore.&nbsp;<\/p>\n\n\n\n<p><strong>Emissioni scope 3<\/strong>&nbsp;<\/p>\n\n\n\n<p>Le emissioni scope 3 sono emissioni indirette che si verificano nella catena del valore di un\u2019organizzazione (sia a monte che a valle).&nbsp;&nbsp;<\/p>\n\n\n\n<p>Alcuni esempi sono le emissioni di gas serra generate da un fornitore durante l\u2019estrazione di materiali o quelle generate durante il trasporto di prodotti finiti da parte di terzi.&nbsp;<\/p>\n\n\n\n<p>Vedi anche: Emissioni scope 1, emissioni scope 2, emissioni a valle, emissioni a monte ed emissioni della catena del valore.&nbsp;<\/p>\n\n\n\n<p><strong>SDG<\/strong>&nbsp;<\/p>\n\n\n\n<p>Gli SDG sono Obiettivi di sviluppo sostenibile: diciassette priorit\u00e0 globali delineate nell\u2019Agenda 2030 per lo sviluppo sostenibile delle Nazioni Unite, adottata da tutti gli Stati membri nel 2015. Contengono accordi per affrontare varie questioni ambientali e sociali, tra cui il cambiamento climatico. Alcune organizzazioni utilizzano gli SDG come cornice per le attivit\u00e0 ESG.&nbsp;<\/p>\n\n\n\n<p><strong>Sostenibilit\u00e0<\/strong>&nbsp;<\/p>\n\n\n\n<p>Per sostenibilit\u00e0 si intende la capacit\u00e0 di portare avanti un processo con costanza nel tempo.&nbsp;&nbsp;<\/p>\n\n\n\n<p>Il termine sostenibilit\u00e0 \u00e8 spesso usato in relazione all\u2019economia e all\u2019ambiente. Un processo o un sistema sostenibile dal punto di vista ambientale deve essere in grado di continuare nel tempo senza danneggiare l\u2019ambiente. Nella maggior parte dei casi, sarebbe pi\u00f9 accurato descrivere un processo o un prodotto come pi\u00f9 sostenibile rispetto a un\u2019opzione alternativa piuttosto che sostenibile in termini assoluti.&nbsp;&nbsp;<\/p>\n\n\n\n<p><strong>TCFD (Task Force for Climate-Related Financial Disclosures)<\/strong>&nbsp;<\/p>\n\n\n\n<p>La TCFD, o task force sulle informazioni finanziarie relative al clima, fornisce una guida per le organizzazioni che le aiuta a condividere con le parti interessate, come azionisti e investitori, i rischi finanziari a cui possono essere esposte a causa dei cambiamenti climatici.&nbsp;<\/p>\n\n\n\n<p><strong>Triple bottom line (tripla linea di fondo)<\/strong>&nbsp;<\/p>\n\n\n\n<p>Il profitto \u00e8 stato a lungo l\u2019unica linea di fondo per le imprese. La tripla linea di fondo \u00e8 un concetto che enfatizza gli obiettivi ambientali, sociali e finanziari. Si fa spesso riferimento a profitto, persone e pianeta.&nbsp;&nbsp;&nbsp;<\/p>\n\n\n\n<p><strong>Emissioni a monte<\/strong>&nbsp;<\/p>\n\n\n\n<p>Con l\u2019espressione emissioni a monte si intendono tutte le emissioni di gas serra generate da un materiale o prodotto fino al punto vendita, come l\u2019estrazione, le materie prime, la produzione e la distribuzione.&nbsp;<\/p>\n\n\n\n<p>Vedi anche emissioni a valle, emissioni scope 1, emissioni scope 2 ed emissioni della catena del valore.&nbsp;<\/p>\n\n\n\n<p><strong>Emissioni della catena del valore<\/strong>&nbsp;<\/p>\n\n\n\n<p>Le emissioni della catena del valore sono le emissioni indirette di gas a effetto serra generate in un prodotto o nella catena del valore di un\u2019organizzazione, comprese le emissioni a monte e a valle.&nbsp;&nbsp;<\/p>\n\n\n\n<p>Vedi anche Emissioni scope 3.&nbsp;<\/p>\n\n\n\n<p><strong>Gerarchia dei rifiuti<\/strong>&nbsp;<\/p>\n\n\n\n<p>Nella gerarchia dei rifiuti, le opzioni di fine vita per un prodotto sono classificate in base al loro impatto sull\u2019ambiente. L\u2019obiettivo \u00e8 ridurre o eliminare del tutto gli sprechi.&nbsp;&nbsp;<\/p>\n\n\n\n<p>I progettisti e gli ingegneri che si occupano di sostenibilit\u00e0 devono considerare la gerarchia dei rifiuti durante la fase di sviluppo del prodotto per garantire che questa fase del ciclo di vita sia presa in considerazione.&nbsp;<\/p>\n\n\n\n<p><strong>Rifiuti zero<\/strong>&nbsp;<\/p>\n\n\n\n<p>Rifiuti zero \u00e8 un concetto che promuove la riduzione e, in ultima analisi, l\u2019eliminazione totale dei rifiuti, anche se la frase viene spesso interpretata nel senso di bassi livelli di rifiuti piuttosto che di assenza completa di rifiuti. Per raggiungere questo obiettivo, sono valide tutte le opzioni: dal rifiuto di un articolo al riutilizzo, al riciclaggio e al compostaggio. La discarica \u00e8 vista come ultima risorsa.<\/p>\n","protected":false},"excerpt":{"rendered":"Glossario dei termini relativi alla sostenibilit\u00e0 e all\u2019ambiente&nbsp; Biodegradabile&nbsp; Biodegradabile descrive un materiale che si decompone organicamente nel&hellip;\n","protected":false},"author":16,"featured_media":72753,"parent":0,"menu_order":0,"comment_status":"closed","ping_status":"closed","template":"","meta":{"csco_singular_sidebar":"disabled","csco_page_header_type":"default","csco_appearance_grid":"","csco_page_load_nextpost":"","csco_post_video_location":[],"csco_post_video_location_hash":"","csco_post_video_url":"","csco_post_video_bg_start_time":0,"csco_post_video_bg_end_time":0,"footnotes":""},"coauthors":[1738],"class_list":{"0":"post-72577","1":"page","2":"type-page","3":"status-publish","4":"has-post-thumbnail","6":"cs-entry","7":"cs-video-wrap"},"yoast_head":"<!-- This site is optimized with the Yoast SEO plugin v24.4 - https:\/\/yoast.com\/wordpress\/plugins\/seo\/ -->\n<title>Glossario - Better World - KnowHow<\/title>\n<meta name=\"robots\" content=\"index, follow, max-snippet:-1, max-image-preview:large, max-video-preview:-1\" \/>\n<link rel=\"canonical\" href=\"https:\/\/knowhow.distrelec.com\/it\/glossario-better-world\/\" \/>\n<meta property=\"og:locale\" content=\"it_IT\" \/>\n<meta property=\"og:type\" content=\"article\" \/>\n<meta property=\"og:title\" content=\"Glossario - Better World - KnowHow\" \/>\n<meta property=\"og:description\" content=\"Glossario dei termini relativi alla sostenibilit\u00e0 e all\u2019ambiente&nbsp; Biodegradabile&nbsp; Biodegradabile descrive un materiale che si decompone organicamente nel&hellip;\" \/>\n<meta property=\"og:url\" content=\"https:\/\/knowhow.distrelec.com\/it\/glossario-better-world\/\" \/>\n<meta property=\"og:site_name\" content=\"KnowHow\" \/>\n<meta property=\"article:modified_time\" content=\"2024-05-24T10:23:48+00:00\" \/>\n<meta property=\"og:image\" content=\"https:\/\/knowhow.distrelec.com\/wp-content\/uploads\/2024\/05\/GettyImages-2082546557.jpg\" \/>\n\t<meta property=\"og:image:width\" content=\"2309\" \/>\n\t<meta property=\"og:image:height\" content=\"1299\" \/>\n\t<meta property=\"og:image:type\" content=\"image\/jpeg\" \/>\n<meta name=\"twitter:card\" content=\"summary_large_image\" \/>\n<meta name=\"twitter:label1\" content=\"Tempo di lettura stimato\" \/>\n\t<meta name=\"twitter:data1\" content=\"1 minuto\" \/>\n\t<meta name=\"twitter:label2\" content=\"Written by\" \/>\n\t<meta name=\"twitter:data2\" content=\"Justyna Matuszak\" \/>\n<script type=\"application\/ld+json\" class=\"yoast-schema-graph\">{\"@context\":\"https:\/\/schema.org\",\"@graph\":[{\"@type\":\"WebPage\",\"@id\":\"https:\/\/knowhow.distrelec.com\/it\/glossario-better-world\/\",\"url\":\"https:\/\/knowhow.distrelec.com\/it\/glossario-better-world\/\",\"name\":\"Glossario - Better World - KnowHow\",\"isPartOf\":{\"@id\":\"https:\/\/knowhow.distrelec.com\/it\/#website\"},\"primaryImageOfPage\":{\"@id\":\"https:\/\/knowhow.distrelec.com\/it\/glossario-better-world\/#primaryimage\"},\"image\":{\"@id\":\"https:\/\/knowhow.distrelec.com\/it\/glossario-better-world\/#primaryimage\"},\"thumbnailUrl\":\"https:\/\/knowhow.distrelec.com\/wp-content\/uploads\/2024\/05\/GettyImages-2082546557.jpg\",\"datePublished\":\"2024-05-15T13:42:23+00:00\",\"dateModified\":\"2024-05-24T10:23:48+00:00\",\"breadcrumb\":{\"@id\":\"https:\/\/knowhow.distrelec.com\/it\/glossario-better-world\/#breadcrumb\"},\"inLanguage\":\"it-IT\",\"potentialAction\":[{\"@type\":\"ReadAction\",\"target\":[\"https:\/\/knowhow.distrelec.com\/it\/glossario-better-world\/\"]}]},{\"@type\":\"ImageObject\",\"inLanguage\":\"it-IT\",\"@id\":\"https:\/\/knowhow.distrelec.com\/it\/glossario-better-world\/#primaryimage\",\"url\":\"https:\/\/knowhow.distrelec.com\/wp-content\/uploads\/2024\/05\/GettyImages-2082546557.jpg\",\"contentUrl\":\"https:\/\/knowhow.distrelec.com\/wp-content\/uploads\/2024\/05\/GettyImages-2082546557.jpg\",\"width\":2309,\"height\":1299},{\"@type\":\"BreadcrumbList\",\"@id\":\"https:\/\/knowhow.distrelec.com\/it\/glossario-better-world\/#breadcrumb\",\"itemListElement\":[{\"@type\":\"ListItem\",\"position\":1,\"name\":\"Pagina iniziale\",\"item\":\"https:\/\/knowhow.distrelec.com\/it\/\"},{\"@type\":\"ListItem\",\"position\":2,\"name\":\"Glossario &#8211; Better World\"}]},{\"@type\":\"WebSite\",\"@id\":\"https:\/\/knowhow.distrelec.com\/it\/#website\",\"url\":\"https:\/\/knowhow.distrelec.com\/it\/\",\"name\":\"KnowHow\",\"description\":\"KnowHow Hub\",\"publisher\":{\"@id\":\"https:\/\/knowhow.distrelec.com\/it\/#organization\"},\"potentialAction\":[{\"@type\":\"SearchAction\",\"target\":{\"@type\":\"EntryPoint\",\"urlTemplate\":\"https:\/\/knowhow.distrelec.com\/it\/?s={search_term_string}\"},\"query-input\":{\"@type\":\"PropertyValueSpecification\",\"valueRequired\":true,\"valueName\":\"search_term_string\"}}],\"inLanguage\":\"it-IT\"},{\"@type\":\"Organization\",\"@id\":\"https:\/\/knowhow.distrelec.com\/it\/#organization\",\"name\":\"Distrelec\",\"url\":\"https:\/\/knowhow.distrelec.com\/it\/\",\"logo\":{\"@type\":\"ImageObject\",\"inLanguage\":\"it-IT\",\"@id\":\"https:\/\/knowhow.distrelec.com\/it\/#\/schema\/logo\/image\/\",\"url\":\"https:\/\/knowhow.distrelec.com\/wp-content\/uploads\/2021\/09\/distrelec_logo.png\",\"contentUrl\":\"https:\/\/knowhow.distrelec.com\/wp-content\/uploads\/2021\/09\/distrelec_logo.png\",\"width\":530,\"height\":98,\"caption\":\"Distrelec\"},\"image\":{\"@id\":\"https:\/\/knowhow.distrelec.com\/it\/#\/schema\/logo\/image\/\"}}]}<\/script>\n<!-- \/ Yoast SEO plugin. -->","yoast_head_json":{"title":"Glossario - Better World - KnowHow","robots":{"index":"index","follow":"follow","max-snippet":"max-snippet:-1","max-image-preview":"max-image-preview:large","max-video-preview":"max-video-preview:-1"},"canonical":"https:\/\/knowhow.distrelec.com\/it\/glossario-better-world\/","og_locale":"it_IT","og_type":"article","og_title":"Glossario - Better World - KnowHow","og_description":"Glossario dei termini relativi alla sostenibilit\u00e0 e all\u2019ambiente&nbsp; Biodegradabile&nbsp; Biodegradabile descrive un materiale che si decompone organicamente nel&hellip;","og_url":"https:\/\/knowhow.distrelec.com\/it\/glossario-better-world\/","og_site_name":"KnowHow","article_modified_time":"2024-05-24T10:23:48+00:00","og_image":[{"width":2309,"height":1299,"url":"https:\/\/knowhow.distrelec.com\/wp-content\/uploads\/2024\/05\/GettyImages-2082546557.jpg","type":"image\/jpeg"}],"twitter_card":"summary_large_image","twitter_misc":{"Tempo di lettura stimato":"1 minuto","Written by":"Justyna Matuszak"},"schema":{"@context":"https:\/\/schema.org","@graph":[{"@type":"WebPage","@id":"https:\/\/knowhow.distrelec.com\/it\/glossario-better-world\/","url":"https:\/\/knowhow.distrelec.com\/it\/glossario-better-world\/","name":"Glossario - Better World - KnowHow","isPartOf":{"@id":"https:\/\/knowhow.distrelec.com\/it\/#website"},"primaryImageOfPage":{"@id":"https:\/\/knowhow.distrelec.com\/it\/glossario-better-world\/#primaryimage"},"image":{"@id":"https:\/\/knowhow.distrelec.com\/it\/glossario-better-world\/#primaryimage"},"thumbnailUrl":"https:\/\/knowhow.distrelec.com\/wp-content\/uploads\/2024\/05\/GettyImages-2082546557.jpg","datePublished":"2024-05-15T13:42:23+00:00","dateModified":"2024-05-24T10:23:48+00:00","breadcrumb":{"@id":"https:\/\/knowhow.distrelec.com\/it\/glossario-better-world\/#breadcrumb"},"inLanguage":"it-IT","potentialAction":[{"@type":"ReadAction","target":["https:\/\/knowhow.distrelec.com\/it\/glossario-better-world\/"]}]},{"@type":"ImageObject","inLanguage":"it-IT","@id":"https:\/\/knowhow.distrelec.com\/it\/glossario-better-world\/#primaryimage","url":"https:\/\/knowhow.distrelec.com\/wp-content\/uploads\/2024\/05\/GettyImages-2082546557.jpg","contentUrl":"https:\/\/knowhow.distrelec.com\/wp-content\/uploads\/2024\/05\/GettyImages-2082546557.jpg","width":2309,"height":1299},{"@type":"BreadcrumbList","@id":"https:\/\/knowhow.distrelec.com\/it\/glossario-better-world\/#breadcrumb","itemListElement":[{"@type":"ListItem","position":1,"name":"Pagina iniziale","item":"https:\/\/knowhow.distrelec.com\/it\/"},{"@type":"ListItem","position":2,"name":"Glossario &#8211; Better World"}]},{"@type":"WebSite","@id":"https:\/\/knowhow.distrelec.com\/it\/#website","url":"https:\/\/knowhow.distrelec.com\/it\/","name":"KnowHow","description":"KnowHow Hub","publisher":{"@id":"https:\/\/knowhow.distrelec.com\/it\/#organization"},"potentialAction":[{"@type":"SearchAction","target":{"@type":"EntryPoint","urlTemplate":"https:\/\/knowhow.distrelec.com\/it\/?s={search_term_string}"},"query-input":{"@type":"PropertyValueSpecification","valueRequired":true,"valueName":"search_term_string"}}],"inLanguage":"it-IT"},{"@type":"Organization","@id":"https:\/\/knowhow.distrelec.com\/it\/#organization","name":"Distrelec","url":"https:\/\/knowhow.distrelec.com\/it\/","logo":{"@type":"ImageObject","inLanguage":"it-IT","@id":"https:\/\/knowhow.distrelec.com\/it\/#\/schema\/logo\/image\/","url":"https:\/\/knowhow.distrelec.com\/wp-content\/uploads\/2021\/09\/distrelec_logo.png","contentUrl":"https:\/\/knowhow.distrelec.com\/wp-content\/uploads\/2021\/09\/distrelec_logo.png","width":530,"height":98,"caption":"Distrelec"},"image":{"@id":"https:\/\/knowhow.distrelec.com\/it\/#\/schema\/logo\/image\/"}}]}},"jetpack_sharing_enabled":true,"_links":{"self":[{"href":"https:\/\/knowhow.distrelec.com\/it\/wp-json\/wp\/v2\/pages\/72577","targetHints":{"allow":["GET"]}}],"collection":[{"href":"https:\/\/knowhow.distrelec.com\/it\/wp-json\/wp\/v2\/pages"}],"about":[{"href":"https:\/\/knowhow.distrelec.com\/it\/wp-json\/wp\/v2\/types\/page"}],"author":[{"embeddable":true,"href":"https:\/\/knowhow.distrelec.com\/it\/wp-json\/wp\/v2\/users\/16"}],"replies":[{"embeddable":true,"href":"https:\/\/knowhow.distrelec.com\/it\/wp-json\/wp\/v2\/comments?post=72577"}],"version-history":[{"count":0,"href":"https:\/\/knowhow.distrelec.com\/it\/wp-json\/wp\/v2\/pages\/72577\/revisions"}],"wp:featuredmedia":[{"embeddable":true,"href":"https:\/\/knowhow.distrelec.com\/it\/wp-json\/wp\/v2\/media\/72753"}],"wp:attachment":[{"href":"https:\/\/knowhow.distrelec.com\/it\/wp-json\/wp\/v2\/media?parent=72577"}],"wp:term":[{"taxonomy":"author","embeddable":true,"href":"https:\/\/knowhow.distrelec.com\/it\/wp-json\/wp\/v2\/coauthors?post=72577"}],"curies":[{"name":"wp","href":"https:\/\/api.w.org\/{rel}","templated":true}]}}