{"id":13940,"date":"2022-01-28T13:49:02","date_gmt":"2022-01-28T13:49:02","guid":{"rendered":"https:\/\/knowhow.distrelec.com\/?page_id=13940"},"modified":"2022-07-08T11:09:59","modified_gmt":"2022-07-08T11:09:59","slug":"ebook-serien-teknologi-og-losninger","status":"publish","type":"page","link":"https:\/\/knowhow.distrelec.com\/no\/ebook-serien-teknologi-og-losninger\/","title":{"rendered":"eBook-serien teknologi og l\u00f8sninger"},"content":{"rendered":"\n<p><strong>Siste utgave:<\/strong> Industriell produksjon<\/p>\n\n\n\n<p>Vi i Elfa Distrelec er stolte av \u00e5 kunne annonsere tredje utgave av v\u00e5r eBok-serie. Fokuset denne gang er p\u00e5 industriell produksjon.<\/p>\n\n\n\n<p>Elfa Distrelec investerer i innovative l\u00f8sninger ved \u00e5 jobbe med leverand\u00f8rer med verdensledende produktportof\u00f8ljer for v\u00e5re kunder. I denne eboken tar vi en titt p\u00e5 noen av l\u00f8sningene som finnes i industriell produksjon sammen med v\u00e5re verdensledende leverand\u00f8rer.<\/p>\n\n\n\n<figure class=\"wp-block-image size-large\"><img  loading=\"lazy\"  decoding=\"async\"  height=\"683\"  width=\"1024\"  src=\"data:image\/png;base64,iVBORw0KGgoAAAANSUhEUgAABAAAAAKrAQMAAABV2G3XAAAAA1BMVEUAAP+KeNJXAAAAAXRSTlMAQObYZgAAAAlwSFlzAAAOxAAADsQBlSsOGwAAAGxJREFUeNrtwTEBAAAAwqD1T20MH6AAAAAAAAAAAAAAAAAAAAAAAAAAAAAAAAAAAAAAAAAAAAAAAAAAAAAAAAAAAAAAAAAAAAAAAAAAAAAAAAAAAAAAAAAAAAAAAAAAAAAAAAAAAAAAAAAAOBtYOgAB23VbnQAAAABJRU5ErkJggg==\"  alt=\"\"  class=\"wp-image-32485 pk-lazyload\"  data-pk-sizes=\"auto\"  data-pk-src=\"https:\/\/knowhow.distrelec.com\/wp-content\/uploads\/2022\/06\/eBook-showcase-white-5-1024x683.jpg\" ><\/figure>\n\n\n\n<div class=\"wp-block-buttons is-horizontal is-content-justification-center is-layout-flex wp-container-core-buttons-is-layout-499968f5 wp-block-buttons-is-layout-flex\">\n<div class=\"wp-block-button\"><a class=\"wp-block-button__link has-red-background-color has-background\" href=\"https:\/\/knowhow.distrelec.com\/wp-content\/uploads\/2022\/06\/eBook-Q1-Industrial-Manufacturing-NO.pdf\" target=\"_blank\" rel=\"noreferrer noopener\">Last ned n\u00e5<\/a><\/div>\n<\/div>\n\n\n\n<hr class=\"wp-block-separator\"\/>\n\n\n\n<figure class=\"wp-block-image size-large\"><img  loading=\"lazy\"  decoding=\"async\"  height=\"683\"  width=\"1024\"  src=\"data:image\/png;base64,iVBORw0KGgoAAAANSUhEUgAABAAAAAKrAQMAAABV2G3XAAAAA1BMVEUAAP+KeNJXAAAAAXRSTlMAQObYZgAAAAlwSFlzAAAOxAAADsQBlSsOGwAAAGxJREFUeNrtwTEBAAAAwqD1T20MH6AAAAAAAAAAAAAAAAAAAAAAAAAAAAAAAAAAAAAAAAAAAAAAAAAAAAAAAAAAAAAAAAAAAAAAAAAAAAAAAAAAAAAAAAAAAAAAAAAAAAAAAAAAAAAAAAAAOBtYOgAB23VbnQAAAABJRU5ErkJggg==\"  alt=\"\"  class=\"wp-image-13991 pk-lazyload\"  data-pk-sizes=\"auto\"  data-pk-src=\"https:\/\/knowhow.distrelec.com\/wp-content\/uploads\/2022\/01\/eBook-Cover-1-1024x683.jpg\" ><\/figure>\n\n\n\n<div class=\"wp-block-buttons is-horizontal is-content-justification-center is-layout-flex wp-container-core-buttons-is-layout-499968f5 wp-block-buttons-is-layout-flex\">\n<div class=\"wp-block-button\"><a class=\"wp-block-button__link has-red-background-color has-background\" href=\"https:\/\/knowhow.distrelec.com\/wp-content\/uploads\/2022\/01\/eBook-Q4-Transportation-NO.pdf\" target=\"_blank\" rel=\"noreferrer noopener\">Last ned n\u00e5<\/a><\/div>\n<\/div>\n\n\n\n<hr class=\"wp-block-separator\"\/>\n\n\n\n<div class=\"wp-block-media-text alignwide is-stacked-on-mobile\"><figure class=\"wp-block-media-text__media\"><img  decoding=\"async\"  src=\"data:image\/png;base64,iVBORw0KGgoAAAANSUhEUgAABlcAAAPTAQMAAAAXes0\/AAAAA1BMVEUAAP+KeNJXAAAAAXRSTlMAQObYZgAAAAlwSFlzAAAOxAAADsQBlSsOGwAAANhJREFUeNrtwYEAAAAAw6D5U1\/gCFUBAAAAAAAAAAAAAAAAAAAAAAAAAAAAAAAAAAAAAAAAAAAAAAAAAAAAAAAAAAAAAAAAAAAAAAAAAAAAAAAAAAAAAAAAAAAAAAAAAAAAAAAAAAAAAAAAAAAAAAAAAAAAAAAAAAAAAAAAAAAAAAAAAAAAAAAAAAAAAAAAAAAAAAAAAAAAAAAAAAAAAAAAAAAAAAAAAAAAAAAAAAAAAAAAAAAAAAAAAAAAAAAAAAAAAAAAAAAAAAAAAAAAAAAAAAAAAAAAwDcMUQABsJ98bwAAAABJRU5ErkJggg==\"  alt=\"\"  class=\"wp-image-14420 size-full pk-lazyload\"  data-pk-sizes=\"auto\"  data-pk-src=\"https:\/\/knowhow.distrelec.com\/wp-content\/uploads\/2022\/02\/ebook-pms-magazine-1024x618.jpg\" ><\/figure><div class=\"wp-block-media-text__content\">\n<h2 id=\"power-management-systems-pms\" class=\"wp-block-heading\">Power Management Systems (PMS)<\/h2>\n\n\n\n<p>I denne utgaven ser vi p\u00e5 noen av l\u00f8sningene som finnes for \u00e5 takle utfordringene rundt kraftstyringssystemer (PMS). Nye teknologier og produktl\u00f8sninger legger grunnlaget for en ny \u00e6ra innen str\u00f8mstyringssystemer, gjennom innovasjon og samarbeid mellom industripartnere.<\/p>\n\n\n\n<div class=\"wp-block-buttons is-layout-flex wp-block-buttons-is-layout-flex\">\n<div class=\"wp-block-button\"><a class=\"wp-block-button__link has-red-background-color has-background\" href=\"https:\/\/knowhow.distrelec.com\/wp-content\/uploads\/2022\/02\/Power-Managament-Systems-NO-Spread.pdf\" target=\"_blank\" rel=\"noreferrer noopener\">Last ned n\u00e5<\/a><\/div>\n<\/div>\n<\/div><\/div>\n\n\n\n<p><\/p>\n","protected":false},"excerpt":{"rendered":"Siste utgave: Industriell produksjon Vi i Elfa Distrelec er stolte av \u00e5 kunne annonsere tredje utgave av v\u00e5r&hellip;\n","protected":false},"author":4,"featured_media":13929,"parent":0,"menu_order":0,"comment_status":"closed","ping_status":"closed","template":"","meta":{"csco_singular_sidebar":"","csco_page_header_type":"","csco_appearance_grid":"","csco_page_load_nextpost":"","csco_post_video_location":[],"csco_post_video_location_hash":"","csco_post_video_url":"","csco_post_video_bg_start_time":0,"csco_post_video_bg_end_time":0,"footnotes":""},"coauthors":[],"class_list":{"0":"post-13940","1":"page","2":"type-page","3":"status-publish","4":"has-post-thumbnail","6":"cs-entry","7":"cs-video-wrap"},"yoast_head":"<!-- This site is optimized with the Yoast SEO plugin v24.4 - https:\/\/yoast.com\/wordpress\/plugins\/seo\/ -->\n<title>eBook-serien teknologi og l\u00f8sninger - KnowHow<\/title>\n<meta name=\"robots\" content=\"index, follow, max-snippet:-1, max-image-preview:large, max-video-preview:-1\" \/>\n<link rel=\"canonical\" href=\"https:\/\/knowhow.distrelec.com\/no\/ebook-serien-teknologi-og-losninger\/\" \/>\n<meta property=\"og:locale\" content=\"nb_NO\" \/>\n<meta property=\"og:type\" content=\"article\" \/>\n<meta property=\"og:title\" content=\"eBook-serien teknologi og l\u00f8sninger - KnowHow\" \/>\n<meta property=\"og:description\" content=\"Siste utgave: Industriell produksjon Vi i Elfa Distrelec er stolte av \u00e5 kunne annonsere tredje utgave av v\u00e5r&hellip;\" \/>\n<meta property=\"og:url\" content=\"https:\/\/knowhow.distrelec.com\/no\/ebook-serien-teknologi-og-losninger\/\" \/>\n<meta property=\"og:site_name\" content=\"KnowHow\" \/>\n<meta property=\"article:modified_time\" content=\"2022-07-08T11:09:59+00:00\" \/>\n<meta property=\"og:image\" content=\"https:\/\/knowhow.distrelec.com\/wp-content\/uploads\/2022\/01\/ebook-banner-2.jpg\" \/>\n\t<meta property=\"og:image:width\" content=\"2000\" \/>\n\t<meta property=\"og:image:height\" content=\"800\" \/>\n\t<meta property=\"og:image:type\" content=\"image\/jpeg\" \/>\n<meta name=\"twitter:card\" content=\"summary_large_image\" \/>\n<meta name=\"twitter:label1\" content=\"Ansl. lesetid\" \/>\n\t<meta name=\"twitter:data1\" content=\"2 minutter\" \/>\n\t<meta name=\"twitter:label2\" content=\"Written by\" \/>\n\t<meta name=\"twitter:data2\" content=\"Chris Rush\" \/>\n<script type=\"application\/ld+json\" class=\"yoast-schema-graph\">{\"@context\":\"https:\/\/schema.org\",\"@graph\":[{\"@type\":\"WebPage\",\"@id\":\"https:\/\/knowhow.distrelec.com\/no\/ebook-serien-teknologi-og-losninger\/\",\"url\":\"https:\/\/knowhow.distrelec.com\/no\/ebook-serien-teknologi-og-losninger\/\",\"name\":\"eBook-serien teknologi og l\u00f8sninger - KnowHow\",\"isPartOf\":{\"@id\":\"https:\/\/knowhow.distrelec.com\/no\/#website\"},\"primaryImageOfPage\":{\"@id\":\"https:\/\/knowhow.distrelec.com\/no\/ebook-serien-teknologi-og-losninger\/#primaryimage\"},\"image\":{\"@id\":\"https:\/\/knowhow.distrelec.com\/no\/ebook-serien-teknologi-og-losninger\/#primaryimage\"},\"thumbnailUrl\":\"https:\/\/knowhow.distrelec.com\/wp-content\/uploads\/2022\/01\/ebook-banner-2.jpg\",\"datePublished\":\"2022-01-28T13:49:02+00:00\",\"dateModified\":\"2022-07-08T11:09:59+00:00\",\"breadcrumb\":{\"@id\":\"https:\/\/knowhow.distrelec.com\/no\/ebook-serien-teknologi-og-losninger\/#breadcrumb\"},\"inLanguage\":\"nb-NO\",\"potentialAction\":[{\"@type\":\"ReadAction\",\"target\":[\"https:\/\/knowhow.distrelec.com\/no\/ebook-serien-teknologi-og-losninger\/\"]}]},{\"@type\":\"ImageObject\",\"inLanguage\":\"nb-NO\",\"@id\":\"https:\/\/knowhow.distrelec.com\/no\/ebook-serien-teknologi-og-losninger\/#primaryimage\",\"url\":\"https:\/\/knowhow.distrelec.com\/wp-content\/uploads\/2022\/01\/ebook-banner-2.jpg\",\"contentUrl\":\"https:\/\/knowhow.distrelec.com\/wp-content\/uploads\/2022\/01\/ebook-banner-2.jpg\",\"width\":2000,\"height\":800},{\"@type\":\"BreadcrumbList\",\"@id\":\"https:\/\/knowhow.distrelec.com\/no\/ebook-serien-teknologi-og-losninger\/#breadcrumb\",\"itemListElement\":[{\"@type\":\"ListItem\",\"position\":1,\"name\":\"Hjem\",\"item\":\"https:\/\/knowhow.distrelec.com\/no\/\"},{\"@type\":\"ListItem\",\"position\":2,\"name\":\"eBook-serien teknologi og l\u00f8sninger\"}]},{\"@type\":\"WebSite\",\"@id\":\"https:\/\/knowhow.distrelec.com\/no\/#website\",\"url\":\"https:\/\/knowhow.distrelec.com\/no\/\",\"name\":\"KnowHow\",\"description\":\"KnowHow Hub\",\"publisher\":{\"@id\":\"https:\/\/knowhow.distrelec.com\/no\/#organization\"},\"potentialAction\":[{\"@type\":\"SearchAction\",\"target\":{\"@type\":\"EntryPoint\",\"urlTemplate\":\"https:\/\/knowhow.distrelec.com\/no\/?s={search_term_string}\"},\"query-input\":{\"@type\":\"PropertyValueSpecification\",\"valueRequired\":true,\"valueName\":\"search_term_string\"}}],\"inLanguage\":\"nb-NO\"},{\"@type\":\"Organization\",\"@id\":\"https:\/\/knowhow.distrelec.com\/no\/#organization\",\"name\":\"Distrelec\",\"url\":\"https:\/\/knowhow.distrelec.com\/no\/\",\"logo\":{\"@type\":\"ImageObject\",\"inLanguage\":\"nb-NO\",\"@id\":\"https:\/\/knowhow.distrelec.com\/no\/#\/schema\/logo\/image\/\",\"url\":\"https:\/\/knowhow.distrelec.com\/wp-content\/uploads\/2021\/09\/distrelec_logo.png\",\"contentUrl\":\"https:\/\/knowhow.distrelec.com\/wp-content\/uploads\/2021\/09\/distrelec_logo.png\",\"width\":530,\"height\":98,\"caption\":\"Distrelec\"},\"image\":{\"@id\":\"https:\/\/knowhow.distrelec.com\/no\/#\/schema\/logo\/image\/\"}}]}<\/script>\n<!-- \/ Yoast SEO plugin. -->","yoast_head_json":{"title":"eBook-serien teknologi og l\u00f8sninger - KnowHow","robots":{"index":"index","follow":"follow","max-snippet":"max-snippet:-1","max-image-preview":"max-image-preview:large","max-video-preview":"max-video-preview:-1"},"canonical":"https:\/\/knowhow.distrelec.com\/no\/ebook-serien-teknologi-og-losninger\/","og_locale":"nb_NO","og_type":"article","og_title":"eBook-serien teknologi og l\u00f8sninger - KnowHow","og_description":"Siste utgave: Industriell produksjon Vi i Elfa Distrelec er stolte av \u00e5 kunne annonsere tredje utgave av v\u00e5r&hellip;","og_url":"https:\/\/knowhow.distrelec.com\/no\/ebook-serien-teknologi-og-losninger\/","og_site_name":"KnowHow","article_modified_time":"2022-07-08T11:09:59+00:00","og_image":[{"width":2000,"height":800,"url":"https:\/\/knowhow.distrelec.com\/wp-content\/uploads\/2022\/01\/ebook-banner-2.jpg","type":"image\/jpeg"}],"twitter_card":"summary_large_image","twitter_misc":{"Ansl. lesetid":"2 minutter","Written by":"Chris Rush"},"schema":{"@context":"https:\/\/schema.org","@graph":[{"@type":"WebPage","@id":"https:\/\/knowhow.distrelec.com\/no\/ebook-serien-teknologi-og-losninger\/","url":"https:\/\/knowhow.distrelec.com\/no\/ebook-serien-teknologi-og-losninger\/","name":"eBook-serien teknologi og l\u00f8sninger - KnowHow","isPartOf":{"@id":"https:\/\/knowhow.distrelec.com\/no\/#website"},"primaryImageOfPage":{"@id":"https:\/\/knowhow.distrelec.com\/no\/ebook-serien-teknologi-og-losninger\/#primaryimage"},"image":{"@id":"https:\/\/knowhow.distrelec.com\/no\/ebook-serien-teknologi-og-losninger\/#primaryimage"},"thumbnailUrl":"https:\/\/knowhow.distrelec.com\/wp-content\/uploads\/2022\/01\/ebook-banner-2.jpg","datePublished":"2022-01-28T13:49:02+00:00","dateModified":"2022-07-08T11:09:59+00:00","breadcrumb":{"@id":"https:\/\/knowhow.distrelec.com\/no\/ebook-serien-teknologi-og-losninger\/#breadcrumb"},"inLanguage":"nb-NO","potentialAction":[{"@type":"ReadAction","target":["https:\/\/knowhow.distrelec.com\/no\/ebook-serien-teknologi-og-losninger\/"]}]},{"@type":"ImageObject","inLanguage":"nb-NO","@id":"https:\/\/knowhow.distrelec.com\/no\/ebook-serien-teknologi-og-losninger\/#primaryimage","url":"https:\/\/knowhow.distrelec.com\/wp-content\/uploads\/2022\/01\/ebook-banner-2.jpg","contentUrl":"https:\/\/knowhow.distrelec.com\/wp-content\/uploads\/2022\/01\/ebook-banner-2.jpg","width":2000,"height":800},{"@type":"BreadcrumbList","@id":"https:\/\/knowhow.distrelec.com\/no\/ebook-serien-teknologi-og-losninger\/#breadcrumb","itemListElement":[{"@type":"ListItem","position":1,"name":"Hjem","item":"https:\/\/knowhow.distrelec.com\/no\/"},{"@type":"ListItem","position":2,"name":"eBook-serien teknologi og l\u00f8sninger"}]},{"@type":"WebSite","@id":"https:\/\/knowhow.distrelec.com\/no\/#website","url":"https:\/\/knowhow.distrelec.com\/no\/","name":"KnowHow","description":"KnowHow Hub","publisher":{"@id":"https:\/\/knowhow.distrelec.com\/no\/#organization"},"potentialAction":[{"@type":"SearchAction","target":{"@type":"EntryPoint","urlTemplate":"https:\/\/knowhow.distrelec.com\/no\/?s={search_term_string}"},"query-input":{"@type":"PropertyValueSpecification","valueRequired":true,"valueName":"search_term_string"}}],"inLanguage":"nb-NO"},{"@type":"Organization","@id":"https:\/\/knowhow.distrelec.com\/no\/#organization","name":"Distrelec","url":"https:\/\/knowhow.distrelec.com\/no\/","logo":{"@type":"ImageObject","inLanguage":"nb-NO","@id":"https:\/\/knowhow.distrelec.com\/no\/#\/schema\/logo\/image\/","url":"https:\/\/knowhow.distrelec.com\/wp-content\/uploads\/2021\/09\/distrelec_logo.png","contentUrl":"https:\/\/knowhow.distrelec.com\/wp-content\/uploads\/2021\/09\/distrelec_logo.png","width":530,"height":98,"caption":"Distrelec"},"image":{"@id":"https:\/\/knowhow.distrelec.com\/no\/#\/schema\/logo\/image\/"}}]}},"jetpack_sharing_enabled":true,"_links":{"self":[{"href":"https:\/\/knowhow.distrelec.com\/no\/wp-json\/wp\/v2\/pages\/13940","targetHints":{"allow":["GET"]}}],"collection":[{"href":"https:\/\/knowhow.distrelec.com\/no\/wp-json\/wp\/v2\/pages"}],"about":[{"href":"https:\/\/knowhow.distrelec.com\/no\/wp-json\/wp\/v2\/types\/page"}],"author":[{"embeddable":true,"href":"https:\/\/knowhow.distrelec.com\/no\/wp-json\/wp\/v2\/users\/4"}],"replies":[{"embeddable":true,"href":"https:\/\/knowhow.distrelec.com\/no\/wp-json\/wp\/v2\/comments?post=13940"}],"version-history":[{"count":0,"href":"https:\/\/knowhow.distrelec.com\/no\/wp-json\/wp\/v2\/pages\/13940\/revisions"}],"wp:featuredmedia":[{"embeddable":true,"href":"https:\/\/knowhow.distrelec.com\/no\/wp-json\/wp\/v2\/media\/13929"}],"wp:attachment":[{"href":"https:\/\/knowhow.distrelec.com\/no\/wp-json\/wp\/v2\/media?parent=13940"}],"wp:term":[{"taxonomy":"author","embeddable":true,"href":"https:\/\/knowhow.distrelec.com\/no\/wp-json\/wp\/v2\/coauthors?post=13940"}],"curies":[{"name":"wp","href":"https:\/\/api.w.org\/{rel}","templated":true}]}}