{"id":39752,"date":"2022-11-08T11:33:05","date_gmt":"2022-11-08T11:33:05","guid":{"rendered":"https:\/\/knowhow.distrelec.com\/policy-om-informasjonskapsler\/"},"modified":"2022-11-08T11:33:08","modified_gmt":"2022-11-08T11:33:08","slug":"policy-om-informasjonskapsler","status":"publish","type":"page","link":"https:\/\/knowhow.distrelec.com\/no\/policy-om-informasjonskapsler\/","title":{"rendered":"Policy om informasjonskapsler"},"content":{"rendered":"\n<h2 id=\"1-elfa-distrelec-og-cookies\" class=\"wp-block-heading\">1. <strong>Elfa Distrelec og Cookies<\/strong><\/h2>\n\n<p>V\u00e5re nettsteder og mobilnettsteder bruker informasjonskapsler for \u00e5 forbedre din nettopplevelse.. Ved \u00e5 bruke nettstedet v\u00e5rt og samtykke til de respektive retningslinjene, erkl\u00e6rer du at du tillater oss \u00e5 bruke informasjonskapsler i samsvar med vilk\u00e5rene i denne erkl\u00e6ringen.<\/p>\n\n<h3 id=\"1-2-hva-er-en-informasjonskapsel-og-hvordan-bruker-elfa-distrelec-nettstedet-informasjonskapsler\" class=\"wp-block-heading\">1.2 <strong>Hva er en informasjonskapsel, og hvordan bruker Elfa Distrelec nettstedet informasjonskapsler?<\/strong><\/h3>\n\n<p>En informasjonskapsel er en fil som inneholder data (en streng med bokstaver og tall); Denne filen overf\u00f8res fra en nettserver til en nettleser n\u00e5r du bes\u00f8ker et nettsted, og lagres deretter av nettleseren. Den respektive ID sendes deretter tilbake igjen hver gang nettleseren ber om en side fra serveren.<br \/><br \/>Informasjonskapsler inneholder ingen informasjon som gj\u00f8r det mulig \u00e5 identifisere deg personlig. Det er imidlertid mulig at vi kan knytte personopplysninger som vi har lagret om deg til detaljene som er lagret i informasjonskapslene, og koble dem til disse mottatte detaljene.<br \/><br \/>Vi bruker informasjonen vi f\u00e5r fra din bruk av informasjonskapslene for f\u00f8lgende form\u00e5l:<\/p>\n\n<ul class=\"wp-block-list\"><li>for \u00e5 gjenkjenne datamaskinen din n\u00e5r du bes\u00f8ker nettstedet v\u00e5rt<\/li><li>for \u00e5 forbedre brukervennligheten av nettstedet<\/li><li>for \u00e5 analysere hvordan nettstedet brukes<\/li><li>for \u00e5 administrere nettstedet<\/li><li>for \u00e5 unng\u00e5 svindel og \u00f8ke sikkerheten p\u00e5 nettstedet<\/li><li>for \u00e5 tilpasse nettstedet v\u00e5rt til deg (ved \u00e5 gi m\u00e5lrettede nyheter som kan v\u00e6re av interesse for deg)<\/li><li>for \u00e5 spore veien du tar gjennom nettstedet v\u00e5rt, som tillater visse funksjoner \u00e5 brukes (eksempler: legge til \/ fjern produkter i handlekurven, avslutte et kj\u00f8p ved kassen)<\/li><\/ul>\n<p>N\u00e5r du legger til varer i bestillingsskjemaet ditt, men bestemmer deg for ikke \u00e5 gj\u00f8re noen kj\u00f8p under bes\u00f8ket, lagrer vi referansenummeret til bestillingsskjemaet i en informasjonskapsel for \u00e5 forbedre brukervennligheten, slik at du kan gjenopprette skjemaet p\u00e5 ditt neste bes\u00f8k.<\/p>\n\n<h3 id=\"1-2-er-det-trygt-a-aktivere-informasjonskapsler\" class=\"wp-block-heading\"><strong>1.2 Er det trygt \u00e5 aktivere informasjonskapsler?<\/strong><\/h3>\n\n<p>Ja. Informasjonskapsler er bare korte datastrenger som ikke kan utf\u00f8re noen operasjoner av seg selv Elfa Distrelec anbefaler at du tillater nettleserne \u00e5 godta informasjonskapsler fra v\u00e5r nettside.<\/p>\n\n<h3 id=\"1-3-hvordan-justerer-jeg-innstillingene-mine-for-informasjonskapsler\" class=\"wp-block-heading\"><strong>1.3 Hvordan justerer jeg innstillingene mine for informasjonskapsler?<\/strong><\/h3>\n\n<p>For \u00e5 aktivere informasjonskapsler f\u00f8lg instruksjonene nedenfor som gjelder for din nettleser.<br \/><br \/>Microsoft Internet Explorer<\/p>\n\n<ul class=\"wp-block-list\"><li>Velg Internett-alternativer i Verkt\u00f8y-menyen.<\/li><li>Velg fanen Personvern.<\/li><li>Under Innstillinger klikker du p\u00e5 knappen Standard (eller flytt glidebryteren manuelt til Medium).<\/li><li>Klikk OK.<\/li><\/ul>\n<p>Mozilla Firefox<\/p>\n\n<ul class=\"wp-block-list\"><li>G\u00e5 til Verkt\u00f8y-menyen.<\/li><li>Velg Alternativer.<\/li><li>Velg ikonet merket Personvern.<\/li><li>Klikk i boksen som tillater nettsteder \u00e5 bruke informasjonskapsler (under Bruk egendefinerte innstillinger for historie).<\/li><li>Klikk p\u00e5 OK for \u00e5 lagre endringene dine.<\/li><\/ul>\n<p>Google Chrome<\/p>\n\n<ul class=\"wp-block-list\"><li>I menyen for tilpasning og kontroll velger du Innstillinger.<\/li><li>I Avanserte innstillinger (Personvern, Innholdsinnstillinger) finner du avsnittet Informasjonskapsler.<\/li><li>For \u00e5 tillate bruk av informasjonskapsler m\u00e5 du velge Tillat at lokal data kan angis (eller Aktiver alle informasjonskapsler).<\/li><li>Klikk p\u00e5 OK.<\/li><\/ul>\n<p>Safari<\/p>\n\n<ul class=\"wp-block-list\"><li>Velg Safari&gt; Innstillinger, og klikk p\u00e5 Personvern.<\/li><li>I feltet Blokker informasjonskapsler angir du om og n\u00e5r Safari skal godta informasjonskapsler fra nettsteder.<\/li><\/ul>\n<h3 id=\"1-4-hvilke-typer-informasjonskapsler-bruker-elfa-distrelec-nettstedet\" class=\"wp-block-heading\"><strong>1.4 Hvilke typer informasjonskapsler bruker Elfa Distrelec nettstedet?<\/strong><\/h3>\n\n<p>Du kan stille inn nettleseren din for \u00e5 nekte informasjonskapsler (du finner mer informasjon om dette i hjelpeteksten til nettleseren din).. V\u00e6r oppmerksom p\u00e5 at hvis du gj\u00f8r dette, vil enkelte personlige funksjoner p\u00e5 nettstedet v\u00e5rt ikke lenger v\u00e6re tilgjengelige.<\/p>\n\n<h2 id=\"1-5-vi-bruker-tre-forskjellige-typer-informasjonskapsler\" class=\"wp-block-heading\"><strong>1.5 Vi bruker tre forskjellige typer informasjonskapsler:<\/strong><\/h2>\n\n<p>Sesjonsavhengig informasjonskapsel \u2013 dette er midlertidige filer som bare aktiveres under ditt bes\u00f8k (sesjon) p\u00e5 v\u00e5rt nettsted. Normalt sletter nettleseren din slike informasjonskapsler s\u00e5 snart du lukker den,<br \/><br \/>Fast informasjonskapsel \u2013 disse filene er aktive etter at nettlesersesjonen er avsluttet (eksempelvis: n\u00e5r du registrerer deg p\u00e5 et nettsted og senere kommer tilbake og bes\u00f8ker det igjen, har nettstedet l\u00e6rt hvem du er og viser en tilsvarende velkomstmelding). Slik atferd muliggj\u00f8res av faste informasjonskapsler.<br \/><br \/>Tredjeparts-informasjonskapsel &#8211; n\u00e5r du bruker nettstedet v\u00e5rt, kan informasjonskapsler fra tredjepartsleverand\u00f8rer overf\u00f8res til deg. Hvis du bes\u00f8ker et nettsted som har innebygd innhold, for eksempel YouTube-videoer, kan disse nettstedene overf\u00f8re informasjonskapsler til deg. Elfa Distrelec overv\u00e5ker ikke innstillingene til slike informasjonskapsler. Vi anbefaler at du ber om mer informasjon om disse informasjonskapslene p\u00e5 nettstedene til slike tredjepartsleverand\u00f8rer, og finner ut de tilsvarende alternativene for \u00e5 administrere dem.<br \/><\/p>\n\n<h3 id=\"1-6-innstillinger-for-informasjonskapsler\" class=\"wp-block-heading\"><strong>1.6 Innstillinger for informasjonskapsler<\/strong><\/h3>\n\n<p>Du finner mer informasjon om bruk av informasjonskapsler p\u00e5 nettsteder p\u00e5 www.allaboutcookies.org<\/p>\n\n<h3 id=\"1-7-blokker-informasjonskapsler\" class=\"wp-block-heading\"><strong>1.7 Blokker informasjonskapsler<\/strong><\/h3>\n\n<p>De fleste nettlesere har mulighet til \u00e5 blokkere informasjonskapsler. Et eksempel p\u00e5 dette:<\/p>\n\n<ul class=\"wp-block-list\"><li>I Internet Explorer kan du blokkere alle informasjonskapsler ved \u00e5 klikke p\u00e5 Verkt\u00f8y, Alternativer for Internett, Personvern, og bruk glidebryteren til \u00e5 velge Blokker alle informasjonskapsler.<\/li><li>I Mozilla Firefox kan du blokkere alle informasjonskapsler ved \u00e5 klikke p\u00e5 Verkt\u00f8y og deretter Valg, og sl\u00e5 av Godta informasjonskapsler fra nettsteder i delen Personvern.<\/li><\/ul>\n<p>Blokkering av alle informasjonskapsler har imidlertid en negativ effekt p\u00e5 bruken av mange nettsteder.<\/p>\n\n<h3 id=\"1-8-slett-informasjonskapsler\" class=\"wp-block-heading\"><strong>1.8 Slett informasjonskapsler<\/strong><\/h3>\n\n<p>Du kan selvf\u00f8lgelig ogs\u00e5 slette eventuelle informasjonskapsler som allerede er lagret p\u00e5 datamaskinen.<\/p>\n\n<ul class=\"wp-block-list\"><li>Dersom du bruker Internet Explorer, m\u00e5 du manuelt slette informasjonskapslene (du finner instruksjoner for dette p\u00e5 https:\/\/support.microsoft.com\/nb-no\/help\/278835\/).<\/li><li>Dersom du bruker Mozilla Firefox og du vil slette informasjonskapslene, m\u00e5 du f\u00f8rst kontrollere at informasjonskapsler slettes n\u00e5r du bruker alternativet Fjern private data (du kan endre denne innstillingen ved \u00e5 klikke p\u00e5 Verkt\u00f8y, Valg, Innstillinger og Personvern) og klikker p\u00e5 Slett nylig historikk i Verkt\u00f8y-menyen.<\/li><\/ul>\n<p>P\u00e5 denne nettsiden og p\u00e5 mobilappene blir data samlet inn og lagret av Adobe Analytics, en nettanalysetjeneste som leveres av Adobe, og Google Analytics, en nettanalysetjeneste som leveres av Google. De brukes til \u00e5 danne brukerprofiler under pseudonymer. Disse brukerprofilene brukes til \u00e5 analysere bes\u00f8kendes atferd og evalueres for \u00e5 forbedre og effektivisere utformingen av nettsidene v\u00e5re og produktutvalget v\u00e5rt. Informasjonskapsler brukes som en del av dette. Du kan n\u00e5r som helst nekte \u00e5 tillate at opplysninger samles inn og lagres for nettanalyse i fremtiden.<\/p>\n\n<p>P\u00e5 denne nettsiden brukes s\u00e5kalt retargeting-teknologi til \u00e5 samle inn og lagre informasjon om nettstedets bes\u00f8kende i anonymisert form. Disse dataene lagres p\u00e5 datamaskinen ved hjelp av informasjonskapsler, s\u00e5kalte cookies. Teknologien bruker en algoritme for \u00e5 analysere surfeadferd, og kan deretter vise m\u00e5lrettede produktanbefalinger som interessebaserte annonse bannere p\u00e5 andre nettsteder (kjent som utgivere). Ikke i noe tilfelle kan disse dataene brukes til \u00e5 personlig identifisere de bes\u00f8kende til denne nettsiden. De innsamlede dataene brukes kun for \u00e5 forbedre tilbudet. Det er ingen annen bruk eller overf\u00f8ring av opplysninger til tredjepart.<\/p>\n\n<p>Hvis du ikke godtar Adobe Analytics-sporing, \u00a0<a href=\"https:\/\/smetrics.distrelec.ch\/optout.html\">klikker du her<\/a><\/p>\n\n<p>Hvis du ikke godtar Google Analytics-sporing, har Google en \u00a0<a href=\"https:\/\/tools.google.com\/dlpage\/gaoptout\">nettleser-plugin<\/a>\u00a0som utelukker deg fra sporing \u2013 klikk her.<\/p>\n\n<h2 id=\"1-9-inkludering-av-sosiale-programtillegg\" class=\"wp-block-heading\"><strong>1.9 Inkludering av sosiale programtillegg<\/strong><\/h2>\n\n<p>Sosiale programtillegg for Facebook, Google og andre er brukt p\u00e5 v\u00e5re nettsider. V\u00e5r nettside viser dermed en + 1, f eller tommel-opp-knapp. Disse er tilbud fra de amerikanske firmaene Google Inc. (1600 Amfiteater Parkway, Mountain View, CA 94043, USA) og Facebook Inc. (1601 S California Ave, Palo Alto, CA 94394 USA).<\/p>\n\n<p>Kun n\u00e5r du klikker p\u00e5 knappen &laquo;+1&raquo; eller &laquo;f&raquo; eller&raquo;tommelen opp&raquo; kan nettleseren sette opp en direkt tilkobling til servere ved Facebook eller Google. Innholdet av + 1, f eller tommel-opp-knappen sendes deretter videre fra Google eller Facebook direkte til nettleseren din, og innlemmes av den p\u00e5 nettstedet. Dermed har vi ingen innflytelse p\u00e5 omfanget av opplysningene som Google eller Facebook samler inn med knappen.<\/p>\n\n<p>Facebook og Google  presenteres detaljert p\u00e5 deres nettsider (http:\/\/www.facebook.com\/policy.php; http:\/\/www.google.com\/Intel\/de\/+\/policy\/+1button.html)informasjon om omfang, type, form\u00e5l og videre behandling av dine opplysninger og dine rettigheter til beskyttelse av personvernet ditt.<\/p>\n\n<p>Ved f\u00f8rst \u00e5 logge ut fra sidene i dine sosiale nettverk (Facebook og Google +) og slette informasjonskapslene som er satt, kan du hindre at Facebook og Google samler inn opplysninger om deg under bes\u00f8ket p\u00e5 nettstedet v\u00e5rt.<\/p>\n\n<h2 id=\"1-10-soppelpost-ddos-beskyttelse\" class=\"wp-block-heading\"><strong>1.10 S\u00f8ppelpost\/DDOS beskyttelse<\/strong><\/h2>\n\n<p>Vi bruker verkt\u00f8y (for eksempel Googles reCAPTCHA og andre) for \u00e5 beskytte nettstedet v\u00e5rt mot skadelig trafikk, spesielt for s\u00f8ppelpost- og DDOS-beskyttelse. Slike typer tjenester analyserer atferden din p\u00e5 nettsiden, konfigurasjonen til datamaskinen din (inkludert eventuelle informasjonskapsler fra Google eller eventuelle tredjeparter du allerede har installert) samt IP-adressen for \u00e5 avgj\u00f8re om du har gode eller ondsinnede hensikter. N\u00e5r et problem registreres, blir du bedt om \u00e5 bevise at du ikke er en robot n\u00e5r du utf\u00f8rer enkelte handlinger. For eksempel under innsendelse av et skjema.<\/p>\n\n<p>Disse dataene overf\u00f8res direkte mellom datamaskinen din og Googles og andre tredjeparters servere i Europa og USA (som til Google) og vi har derfor ingen innflytelse p\u00e5 hvor mye opplysninger de samler inn, og heller ikke hva disse dataene deretter brukes til.<\/p>\n\n<p>Google reCAPTCHA er en tjeneste som leveres av Google Inc, 1600 Ampitheatre Parkway, Mountain View, CA 94043, USA. Hvis du vil ha mer informasjon om omfang, type og videre behandling av dataene dine samt informasjon om hvordan du beskytter personvernet ditt, kan du se Googles personvernregler (\u00a0<a href=\"https:\/\/www.google.com\/policies\/privacy\/\" target=\"_blank\" rel=\"noreferrer noopener\">https:\/\/policies.google.com\/privacy?hl=no\u00a0<\/a>) og vilk\u00e5r (\u00a0<a href=\"https:\/\/www.google.com\/policies\/terms\/\" target=\"_blank\" rel=\"noreferrer noopener\">https:\/\/policies.google.com\/terms?hl=no\u00a0<\/a>).<\/p>\n\n<div style=\"height:100px\" aria-hidden=\"true\" class=\"wp-block-spacer\"><\/div>\n","protected":false},"excerpt":{"rendered":"1. Elfa Distrelec og Cookies V\u00e5re nettsteder og mobilnettsteder bruker informasjonskapsler for \u00e5 forbedre din nettopplevelse.. Ved \u00e5&hellip;\n","protected":false},"author":2,"featured_media":0,"parent":0,"menu_order":0,"comment_status":"closed","ping_status":"closed","template":"","meta":{"csco_singular_sidebar":"","csco_page_header_type":"","csco_appearance_grid":"","csco_page_load_nextpost":"","csco_post_video_location":[],"csco_post_video_location_hash":"","csco_post_video_url":"","csco_post_video_bg_start_time":0,"csco_post_video_bg_end_time":0,"footnotes":""},"coauthors":[],"class_list":{"0":"post-39752","1":"page","2":"type-page","3":"status-publish","5":"cs-entry","6":"cs-video-wrap"},"yoast_head":"<!-- This site is optimized with the Yoast SEO plugin v24.4 - https:\/\/yoast.com\/wordpress\/plugins\/seo\/ -->\n<title>Policy om informasjonskapsler - KnowHow<\/title>\n<meta name=\"robots\" content=\"index, follow, max-snippet:-1, max-image-preview:large, max-video-preview:-1\" \/>\n<link rel=\"canonical\" href=\"https:\/\/knowhow.distrelec.com\/no\/policy-om-informasjonskapsler\/\" \/>\n<meta property=\"og:locale\" content=\"nb_NO\" \/>\n<meta property=\"og:type\" content=\"article\" \/>\n<meta property=\"og:title\" content=\"Policy om informasjonskapsler - KnowHow\" \/>\n<meta property=\"og:description\" content=\"1. Elfa Distrelec og Cookies V\u00e5re nettsteder og mobilnettsteder bruker informasjonskapsler for \u00e5 forbedre din nettopplevelse.. Ved \u00e5&hellip;\" \/>\n<meta property=\"og:url\" content=\"https:\/\/knowhow.distrelec.com\/no\/policy-om-informasjonskapsler\/\" \/>\n<meta property=\"og:site_name\" content=\"KnowHow\" \/>\n<meta property=\"article:modified_time\" content=\"2022-11-08T11:33:08+00:00\" \/>\n<meta name=\"twitter:card\" content=\"summary_large_image\" \/>\n<meta name=\"twitter:label1\" content=\"Ansl. lesetid\" \/>\n\t<meta name=\"twitter:data1\" content=\"7 minutter\" \/>\n\t<meta name=\"twitter:label2\" content=\"Written by\" \/>\n\t<meta name=\"twitter:data2\" content=\"Ash Ali\" \/>\n<script type=\"application\/ld+json\" class=\"yoast-schema-graph\">{\"@context\":\"https:\/\/schema.org\",\"@graph\":[{\"@type\":\"WebPage\",\"@id\":\"https:\/\/knowhow.distrelec.com\/no\/policy-om-informasjonskapsler\/\",\"url\":\"https:\/\/knowhow.distrelec.com\/no\/policy-om-informasjonskapsler\/\",\"name\":\"Policy om informasjonskapsler - KnowHow\",\"isPartOf\":{\"@id\":\"https:\/\/knowhow.distrelec.com\/no\/#website\"},\"datePublished\":\"2022-11-08T11:33:05+00:00\",\"dateModified\":\"2022-11-08T11:33:08+00:00\",\"breadcrumb\":{\"@id\":\"https:\/\/knowhow.distrelec.com\/no\/policy-om-informasjonskapsler\/#breadcrumb\"},\"inLanguage\":\"nb-NO\",\"potentialAction\":[{\"@type\":\"ReadAction\",\"target\":[\"https:\/\/knowhow.distrelec.com\/no\/policy-om-informasjonskapsler\/\"]}]},{\"@type\":\"BreadcrumbList\",\"@id\":\"https:\/\/knowhow.distrelec.com\/no\/policy-om-informasjonskapsler\/#breadcrumb\",\"itemListElement\":[{\"@type\":\"ListItem\",\"position\":1,\"name\":\"Hjem\",\"item\":\"https:\/\/knowhow.distrelec.com\/no\/\"},{\"@type\":\"ListItem\",\"position\":2,\"name\":\"Policy om informasjonskapsler\"}]},{\"@type\":\"WebSite\",\"@id\":\"https:\/\/knowhow.distrelec.com\/no\/#website\",\"url\":\"https:\/\/knowhow.distrelec.com\/no\/\",\"name\":\"KnowHow\",\"description\":\"KnowHow Hub\",\"publisher\":{\"@id\":\"https:\/\/knowhow.distrelec.com\/no\/#organization\"},\"potentialAction\":[{\"@type\":\"SearchAction\",\"target\":{\"@type\":\"EntryPoint\",\"urlTemplate\":\"https:\/\/knowhow.distrelec.com\/no\/?s={search_term_string}\"},\"query-input\":{\"@type\":\"PropertyValueSpecification\",\"valueRequired\":true,\"valueName\":\"search_term_string\"}}],\"inLanguage\":\"nb-NO\"},{\"@type\":\"Organization\",\"@id\":\"https:\/\/knowhow.distrelec.com\/no\/#organization\",\"name\":\"Distrelec\",\"url\":\"https:\/\/knowhow.distrelec.com\/no\/\",\"logo\":{\"@type\":\"ImageObject\",\"inLanguage\":\"nb-NO\",\"@id\":\"https:\/\/knowhow.distrelec.com\/no\/#\/schema\/logo\/image\/\",\"url\":\"https:\/\/knowhow.distrelec.com\/wp-content\/uploads\/2021\/09\/distrelec_logo.png\",\"contentUrl\":\"https:\/\/knowhow.distrelec.com\/wp-content\/uploads\/2021\/09\/distrelec_logo.png\",\"width\":530,\"height\":98,\"caption\":\"Distrelec\"},\"image\":{\"@id\":\"https:\/\/knowhow.distrelec.com\/no\/#\/schema\/logo\/image\/\"}}]}<\/script>\n<!-- \/ Yoast SEO plugin. -->","yoast_head_json":{"title":"Policy om informasjonskapsler - KnowHow","robots":{"index":"index","follow":"follow","max-snippet":"max-snippet:-1","max-image-preview":"max-image-preview:large","max-video-preview":"max-video-preview:-1"},"canonical":"https:\/\/knowhow.distrelec.com\/no\/policy-om-informasjonskapsler\/","og_locale":"nb_NO","og_type":"article","og_title":"Policy om informasjonskapsler - KnowHow","og_description":"1. Elfa Distrelec og Cookies V\u00e5re nettsteder og mobilnettsteder bruker informasjonskapsler for \u00e5 forbedre din nettopplevelse.. Ved \u00e5&hellip;","og_url":"https:\/\/knowhow.distrelec.com\/no\/policy-om-informasjonskapsler\/","og_site_name":"KnowHow","article_modified_time":"2022-11-08T11:33:08+00:00","twitter_card":"summary_large_image","twitter_misc":{"Ansl. lesetid":"7 minutter","Written by":"Ash Ali"},"schema":{"@context":"https:\/\/schema.org","@graph":[{"@type":"WebPage","@id":"https:\/\/knowhow.distrelec.com\/no\/policy-om-informasjonskapsler\/","url":"https:\/\/knowhow.distrelec.com\/no\/policy-om-informasjonskapsler\/","name":"Policy om informasjonskapsler - KnowHow","isPartOf":{"@id":"https:\/\/knowhow.distrelec.com\/no\/#website"},"datePublished":"2022-11-08T11:33:05+00:00","dateModified":"2022-11-08T11:33:08+00:00","breadcrumb":{"@id":"https:\/\/knowhow.distrelec.com\/no\/policy-om-informasjonskapsler\/#breadcrumb"},"inLanguage":"nb-NO","potentialAction":[{"@type":"ReadAction","target":["https:\/\/knowhow.distrelec.com\/no\/policy-om-informasjonskapsler\/"]}]},{"@type":"BreadcrumbList","@id":"https:\/\/knowhow.distrelec.com\/no\/policy-om-informasjonskapsler\/#breadcrumb","itemListElement":[{"@type":"ListItem","position":1,"name":"Hjem","item":"https:\/\/knowhow.distrelec.com\/no\/"},{"@type":"ListItem","position":2,"name":"Policy om informasjonskapsler"}]},{"@type":"WebSite","@id":"https:\/\/knowhow.distrelec.com\/no\/#website","url":"https:\/\/knowhow.distrelec.com\/no\/","name":"KnowHow","description":"KnowHow Hub","publisher":{"@id":"https:\/\/knowhow.distrelec.com\/no\/#organization"},"potentialAction":[{"@type":"SearchAction","target":{"@type":"EntryPoint","urlTemplate":"https:\/\/knowhow.distrelec.com\/no\/?s={search_term_string}"},"query-input":{"@type":"PropertyValueSpecification","valueRequired":true,"valueName":"search_term_string"}}],"inLanguage":"nb-NO"},{"@type":"Organization","@id":"https:\/\/knowhow.distrelec.com\/no\/#organization","name":"Distrelec","url":"https:\/\/knowhow.distrelec.com\/no\/","logo":{"@type":"ImageObject","inLanguage":"nb-NO","@id":"https:\/\/knowhow.distrelec.com\/no\/#\/schema\/logo\/image\/","url":"https:\/\/knowhow.distrelec.com\/wp-content\/uploads\/2021\/09\/distrelec_logo.png","contentUrl":"https:\/\/knowhow.distrelec.com\/wp-content\/uploads\/2021\/09\/distrelec_logo.png","width":530,"height":98,"caption":"Distrelec"},"image":{"@id":"https:\/\/knowhow.distrelec.com\/no\/#\/schema\/logo\/image\/"}}]}},"jetpack_sharing_enabled":true,"_links":{"self":[{"href":"https:\/\/knowhow.distrelec.com\/no\/wp-json\/wp\/v2\/pages\/39752","targetHints":{"allow":["GET"]}}],"collection":[{"href":"https:\/\/knowhow.distrelec.com\/no\/wp-json\/wp\/v2\/pages"}],"about":[{"href":"https:\/\/knowhow.distrelec.com\/no\/wp-json\/wp\/v2\/types\/page"}],"author":[{"embeddable":true,"href":"https:\/\/knowhow.distrelec.com\/no\/wp-json\/wp\/v2\/users\/2"}],"replies":[{"embeddable":true,"href":"https:\/\/knowhow.distrelec.com\/no\/wp-json\/wp\/v2\/comments?post=39752"}],"version-history":[{"count":0,"href":"https:\/\/knowhow.distrelec.com\/no\/wp-json\/wp\/v2\/pages\/39752\/revisions"}],"wp:attachment":[{"href":"https:\/\/knowhow.distrelec.com\/no\/wp-json\/wp\/v2\/media?parent=39752"}],"wp:term":[{"taxonomy":"author","embeddable":true,"href":"https:\/\/knowhow.distrelec.com\/no\/wp-json\/wp\/v2\/coauthors?post=39752"}],"curies":[{"name":"wp","href":"https:\/\/api.w.org\/{rel}","templated":true}]}}