{"id":8425,"date":"2021-09-21T13:55:51","date_gmt":"2021-09-21T13:55:51","guid":{"rendered":"https:\/\/knowhow.distrelec.com\/?page_id=8425"},"modified":"2024-03-11T12:13:04","modified_gmt":"2024-03-11T12:13:04","slug":"om-knowhow","status":"publish","type":"page","link":"https:\/\/knowhow.distrelec.com\/no\/om-knowhow\/","title":{"rendered":"Om KnowHow"},"content":{"rendered":"\n<p><strong>Kilde til teknologisk kunnskap<\/strong><\/p>\n\n<p>Velkommen til KnowHow, en nettressurs drevet av <a href=\"https:\/\/www.distrelec.com\/global\/\" target=\"_blank\" rel=\"noreferrer noopener\">Elfa Distrelec<\/a>, en ledende distribut\u00f8r av elektronikk, automasjon og m\u00e5leteknologi.<\/p>\n\n<p>KnowHow er en plattform med tekniske artikler, veiledninger og innsiktsfull informasjon om en rekke elektronikk- og teknologirelaterte emner for teknikere, fagfolk og entusiaster. M\u00e5let er \u00e5 hjelpe til med problemer som oppst\u00e5r i prosjekter og produktutvikling, dele fagkunnskap og gi svar p\u00e5 sp\u00f8rsm\u00e5l man m\u00e5tte ha.<\/p>\n\n<p>Vi dekker et bredt spekter av emner, som:<\/p>\n\n<ul class=\"wp-block-list\">\n<li>Grunnleggende elektronikk og avanserte konsepter<\/li>\n\n\n\n<li>Automasjon og robotikk<\/li>\n\n\n\n<li>Test- og m\u00e5lemetoder<\/li>\n\n\n\n<li>Veiledninger i bruk av spesifikke verkt\u00f8y og komponenter<\/li>\n\n\n\n<li>Oppdateringer om ny teknologi og industritrender<\/li>\n\n\n\n<li>Intervjuer med industrieksperter og fagfolk<\/li>\n\n\n\n<li>Produktomtaler og sammenligninger<\/li>\n<\/ul>\n\n<h2 id=\"om-redaksjonen\" class=\"wp-block-heading\">Om redaksjonen <\/h2>\n\n<p><strong>M\u00f8t teamet<\/strong><\/p>\n\n<ul class=\"wp-block-list\"><\/ul>\n\n<p>KnowHow drives av et dedikert team av digitale innholdsskribenter som best\u00e5r av <a href=\"https:\/\/knowhow.distrelec.com\/author\/justyna-matusza\/\" target=\"_blank\" rel=\"noreferrer noopener\">Justyna Matuszak<\/a> og <a href=\"https:\/\/knowhow.distrelec.com\/author\/jack-portley\/\" target=\"_blank\" rel=\"noreferrer noopener\">Jack Portley<\/a>. Teamet p\u00e5 to har jobbet hardt og den prestisjetunge tittelen Global In-House Content Team of the Year under Global Content Awards 2023, og var i finalen i kategorien Global Content Strategy of the Year i samme prisutdeling.<\/p>\n\n<figure class=\"wp-block-image size-large\"><img  loading=\"lazy\"  decoding=\"async\"  height=\"683\"  width=\"1024\"  src=\"data:image\/png;base64,iVBORw0KGgoAAAANSUhEUgAABAAAAAKrAQMAAABV2G3XAAAAA1BMVEUAAP+KeNJXAAAAAXRSTlMAQObYZgAAAAlwSFlzAAAOxAAADsQBlSsOGwAAAGxJREFUeNrtwTEBAAAAwqD1T20MH6AAAAAAAAAAAAAAAAAAAAAAAAAAAAAAAAAAAAAAAAAAAAAAAAAAAAAAAAAAAAAAAAAAAAAAAAAAAAAAAAAAAAAAAAAAAAAAAAAAAAAAAAAAAAAAAAAAOBtYOgAB23VbnQAAAABJRU5ErkJggg==\"  alt=\"\"  class=\"wp-image-68783 pk-lazyload\"  data-pk-sizes=\"auto\"  data-ls-sizes=\"auto, (max-width: 1024px) 100vw, 1024px\"  data-pk-src=\"https:\/\/knowhow.distrelec.com\/wp-content\/uploads\/2024\/02\/IMG_4805_3000x2000-1024x683.jpg\"  data-pk-srcset=\"https:\/\/knowhow.distrelec.com\/wp-content\/uploads\/2024\/02\/IMG_4805_3000x2000-1024x683.jpg 1024w, https:\/\/knowhow.distrelec.com\/wp-content\/uploads\/2024\/02\/IMG_4805_3000x2000-300x200.jpg 300w, https:\/\/knowhow.distrelec.com\/wp-content\/uploads\/2024\/02\/IMG_4805_3000x2000-768x512.jpg 768w, https:\/\/knowhow.distrelec.com\/wp-content\/uploads\/2024\/02\/IMG_4805_3000x2000-1536x1024.jpg 1536w, https:\/\/knowhow.distrelec.com\/wp-content\/uploads\/2024\/02\/IMG_4805_3000x2000-2048x1365.jpg 2048w, https:\/\/knowhow.distrelec.com\/wp-content\/uploads\/2024\/02\/IMG_4805_3000x2000-380x253.jpg 380w, https:\/\/knowhow.distrelec.com\/wp-content\/uploads\/2024\/02\/IMG_4805_3000x2000-550x367.jpg 550w, https:\/\/knowhow.distrelec.com\/wp-content\/uploads\/2024\/02\/IMG_4805_3000x2000-800x533.jpg 800w, https:\/\/knowhow.distrelec.com\/wp-content\/uploads\/2024\/02\/IMG_4805_3000x2000-1160x773.jpg 1160w, https:\/\/knowhow.distrelec.com\/wp-content\/uploads\/2024\/02\/IMG_4805_3000x2000-scaled.jpg 2560w\" ><\/figure>\n\n<p>KnowHow har som m\u00e5l \u00e5 v\u00e6re en omfattende ressurs for alle som \u00f8nsker \u00e5 forbedre sine tekniske kunnskaper, holde seg oppdatert p\u00e5 den nyeste teknologiske utviklingen eller finne praktiske l\u00f8sninger p\u00e5 tekniske problemer. Elfa Distrelec utnytter sine bransjekontakter og ekspertise til \u00e5 levere relevant innhold av h\u00f8y kvalitet gjennom denne plattformen.<\/p>\n\n<blockquote class=\"wp-block-quote is-layout-flow wp-block-quote-is-layout-flow\">\n<p><em><em>&laquo;Vi er opptatt av \u00e5 skape bransjerelevant innhold av h\u00f8y kvalitet og informere leserne v\u00e5re om de nyeste trendene, teknologiene og innovasjonene. Vi er ogs\u00e5 opptatt av \u00e5 levere nyttige, engasjerende og l\u00e6rerike artikler til leserne v\u00e5re, som dekker et bredt spekter av temaer, inkludert robotteknologi, maskinl\u00e6ring, kunstig intelligens, automatisering og digitalisering.&raquo;<\/em><\/em><\/p>\n<\/blockquote>\n\n<p>Medvirkende redakt\u00f8rer<a href=\"https:\/\/knowhow.distrelec.com\/no\/bidragsytere\/\" target=\"_blank\" rel=\"noreferrer noopener\"> best\u00e5r av er v\u00e5re egne dyktige skribenter og interne eksperter. I tillegg samarbeider vi med et stort antall velkjente industriprodusenter. De foresl\u00e5r l\u00f8sninger gjennom webinarer, kj\u00f8psveiledninger, studier og hvitb\u00f8ker for v\u00e5re kunder.<\/a><\/p>\n\n<figure class=\"wp-block-image size-large\"><a href=\"https:\/\/globalcontentawards.com\/2023-winners\/\" target=\"_blank\" rel=\"noreferrer noopener\"><img  loading=\"lazy\"  decoding=\"async\"  height=\"256\"  width=\"1024\"  src=\"data:image\/png;base64,iVBORw0KGgoAAAANSUhEUgAAAAEAAAABAQMAAAAl21bKAAAAA1BMVEUAAP+KeNJXAAAAAXRSTlMAQObYZgAAAAlwSFlzAAAOxAAADsQBlSsOGwAAAApJREFUCNdjYAAAAAIAAeIhvDMAAAAASUVORK5CYII=\"  alt=\"\"  class=\"wp-image-68800 pk-lazyload\"  data-pk-sizes=\"auto\"  data-pk-src=\"https:\/\/knowhow.distrelec.com\/wp-content\/uploads\/2024\/02\/GCA23_WinnerBanner-2048x512-1-1024x256.png\" ><\/a><\/figure>\n\n<hr class=\"wp-block-separator has-alpha-channel-opacity\" \/>\n\n<p><strong>Ta kontakt<\/strong><\/p>\n\n<p>Vi h\u00e5per du liker KnowHow og innholdet vi produserer. Vi vil gjerne h\u00f8re fra deg hvis du har kommentarer eller forslag &#8211; for eksempel om hvilke temaer du \u00f8nsker at vi skal ta opp. Du kan kontakte oss <a href=\"https:\/\/knowhowprod.wpengine.com\/contact-form\/\" target=\"_blank\" rel=\"noreferrer noopener\">her<\/a>, sende oss en e-post p\u00e5 denne adressen: <a href=\"mailto:content.team@distrelec.com\" target=\"_blank\" rel=\"noreferrer noopener\">content.team@distrelec.com<\/a> eller finne oss p\u00e5 adressen nedenfor:<\/p>\n\n<p>Two Saint Peter&#8217;s Square<br \/>Manchester M2 3AA<br \/>Storbritannia<br \/>044 944 99 11<\/p>\n","protected":false},"excerpt":{"rendered":"Kilde til teknologisk kunnskap Velkommen til KnowHow, en nettressurs drevet av Elfa Distrelec, en ledende distribut\u00f8r av elektronikk,&hellip;\n","protected":false},"author":4,"featured_media":0,"parent":0,"menu_order":0,"comment_status":"closed","ping_status":"closed","template":"","meta":{"csco_singular_sidebar":"","csco_page_header_type":"","csco_appearance_grid":"","csco_page_load_nextpost":"","csco_post_video_location":[],"csco_post_video_location_hash":"","csco_post_video_url":"","csco_post_video_bg_start_time":0,"csco_post_video_bg_end_time":0,"footnotes":""},"coauthors":[1750],"class_list":{"0":"post-8425","1":"page","2":"type-page","3":"status-publish","5":"cs-entry","6":"cs-video-wrap"},"yoast_head":"<!-- This site is optimized with the Yoast SEO plugin v24.4 - https:\/\/yoast.com\/wordpress\/plugins\/seo\/ -->\n<title>Om KnowHow - KnowHow<\/title>\n<meta name=\"robots\" content=\"index, follow, max-snippet:-1, max-image-preview:large, max-video-preview:-1\" \/>\n<link rel=\"canonical\" href=\"https:\/\/knowhow.distrelec.com\/no\/om-knowhow\/\" \/>\n<meta property=\"og:locale\" content=\"nb_NO\" \/>\n<meta property=\"og:type\" content=\"article\" \/>\n<meta property=\"og:title\" content=\"Om KnowHow - KnowHow\" \/>\n<meta property=\"og:description\" content=\"Kilde til teknologisk kunnskap Velkommen til KnowHow, en nettressurs drevet av Elfa Distrelec, en ledende distribut\u00f8r av elektronikk,&hellip;\" \/>\n<meta property=\"og:url\" content=\"https:\/\/knowhow.distrelec.com\/no\/om-knowhow\/\" \/>\n<meta property=\"og:site_name\" content=\"KnowHow\" \/>\n<meta property=\"article:modified_time\" content=\"2024-03-11T12:13:04+00:00\" \/>\n<meta property=\"og:image\" content=\"https:\/\/knowhow.distrelec.com\/wp-content\/uploads\/2024\/02\/IMG_4805_3000x2000-1024x683.jpg\" \/>\n<meta name=\"twitter:card\" content=\"summary_large_image\" \/>\n<meta name=\"twitter:label1\" content=\"Ansl. lesetid\" \/>\n\t<meta name=\"twitter:data1\" content=\"2 minutter\" \/>\n\t<meta name=\"twitter:label2\" content=\"Written by\" \/>\n\t<meta name=\"twitter:data2\" content=\"Chris Rush\" \/>\n<script type=\"application\/ld+json\" class=\"yoast-schema-graph\">{\"@context\":\"https:\/\/schema.org\",\"@graph\":[{\"@type\":\"WebPage\",\"@id\":\"https:\/\/knowhow.distrelec.com\/no\/om-knowhow\/\",\"url\":\"https:\/\/knowhow.distrelec.com\/no\/om-knowhow\/\",\"name\":\"Om KnowHow - KnowHow\",\"isPartOf\":{\"@id\":\"https:\/\/knowhow.distrelec.com\/no\/#website\"},\"primaryImageOfPage\":{\"@id\":\"https:\/\/knowhow.distrelec.com\/no\/om-knowhow\/#primaryimage\"},\"image\":{\"@id\":\"https:\/\/knowhow.distrelec.com\/no\/om-knowhow\/#primaryimage\"},\"thumbnailUrl\":\"https:\/\/knowhow.distrelec.com\/wp-content\/uploads\/2024\/02\/IMG_4805_3000x2000-1024x683.jpg\",\"datePublished\":\"2021-09-21T13:55:51+00:00\",\"dateModified\":\"2024-03-11T12:13:04+00:00\",\"breadcrumb\":{\"@id\":\"https:\/\/knowhow.distrelec.com\/no\/om-knowhow\/#breadcrumb\"},\"inLanguage\":\"nb-NO\",\"potentialAction\":[{\"@type\":\"ReadAction\",\"target\":[\"https:\/\/knowhow.distrelec.com\/no\/om-knowhow\/\"]}]},{\"@type\":\"ImageObject\",\"inLanguage\":\"nb-NO\",\"@id\":\"https:\/\/knowhow.distrelec.com\/no\/om-knowhow\/#primaryimage\",\"url\":\"https:\/\/knowhow.distrelec.com\/wp-content\/uploads\/2024\/02\/IMG_4805_3000x2000-1024x683.jpg\",\"contentUrl\":\"https:\/\/knowhow.distrelec.com\/wp-content\/uploads\/2024\/02\/IMG_4805_3000x2000-1024x683.jpg\"},{\"@type\":\"BreadcrumbList\",\"@id\":\"https:\/\/knowhow.distrelec.com\/no\/om-knowhow\/#breadcrumb\",\"itemListElement\":[{\"@type\":\"ListItem\",\"position\":1,\"name\":\"Hjem\",\"item\":\"https:\/\/knowhow.distrelec.com\/no\/\"},{\"@type\":\"ListItem\",\"position\":2,\"name\":\"Om KnowHow\"}]},{\"@type\":\"WebSite\",\"@id\":\"https:\/\/knowhow.distrelec.com\/no\/#website\",\"url\":\"https:\/\/knowhow.distrelec.com\/no\/\",\"name\":\"KnowHow\",\"description\":\"KnowHow Hub\",\"publisher\":{\"@id\":\"https:\/\/knowhow.distrelec.com\/no\/#organization\"},\"potentialAction\":[{\"@type\":\"SearchAction\",\"target\":{\"@type\":\"EntryPoint\",\"urlTemplate\":\"https:\/\/knowhow.distrelec.com\/no\/?s={search_term_string}\"},\"query-input\":{\"@type\":\"PropertyValueSpecification\",\"valueRequired\":true,\"valueName\":\"search_term_string\"}}],\"inLanguage\":\"nb-NO\"},{\"@type\":\"Organization\",\"@id\":\"https:\/\/knowhow.distrelec.com\/no\/#organization\",\"name\":\"Distrelec\",\"url\":\"https:\/\/knowhow.distrelec.com\/no\/\",\"logo\":{\"@type\":\"ImageObject\",\"inLanguage\":\"nb-NO\",\"@id\":\"https:\/\/knowhow.distrelec.com\/no\/#\/schema\/logo\/image\/\",\"url\":\"https:\/\/knowhow.distrelec.com\/wp-content\/uploads\/2021\/09\/distrelec_logo.png\",\"contentUrl\":\"https:\/\/knowhow.distrelec.com\/wp-content\/uploads\/2021\/09\/distrelec_logo.png\",\"width\":530,\"height\":98,\"caption\":\"Distrelec\"},\"image\":{\"@id\":\"https:\/\/knowhow.distrelec.com\/no\/#\/schema\/logo\/image\/\"}}]}<\/script>\n<!-- \/ Yoast SEO plugin. -->","yoast_head_json":{"title":"Om KnowHow - KnowHow","robots":{"index":"index","follow":"follow","max-snippet":"max-snippet:-1","max-image-preview":"max-image-preview:large","max-video-preview":"max-video-preview:-1"},"canonical":"https:\/\/knowhow.distrelec.com\/no\/om-knowhow\/","og_locale":"nb_NO","og_type":"article","og_title":"Om KnowHow - KnowHow","og_description":"Kilde til teknologisk kunnskap Velkommen til KnowHow, en nettressurs drevet av Elfa Distrelec, en ledende distribut\u00f8r av elektronikk,&hellip;","og_url":"https:\/\/knowhow.distrelec.com\/no\/om-knowhow\/","og_site_name":"KnowHow","article_modified_time":"2024-03-11T12:13:04+00:00","og_image":[{"url":"https:\/\/knowhow.distrelec.com\/wp-content\/uploads\/2024\/02\/IMG_4805_3000x2000-1024x683.jpg","type":"","width":"","height":""}],"twitter_card":"summary_large_image","twitter_misc":{"Ansl. lesetid":"2 minutter","Written by":"Chris Rush"},"schema":{"@context":"https:\/\/schema.org","@graph":[{"@type":"WebPage","@id":"https:\/\/knowhow.distrelec.com\/no\/om-knowhow\/","url":"https:\/\/knowhow.distrelec.com\/no\/om-knowhow\/","name":"Om KnowHow - KnowHow","isPartOf":{"@id":"https:\/\/knowhow.distrelec.com\/no\/#website"},"primaryImageOfPage":{"@id":"https:\/\/knowhow.distrelec.com\/no\/om-knowhow\/#primaryimage"},"image":{"@id":"https:\/\/knowhow.distrelec.com\/no\/om-knowhow\/#primaryimage"},"thumbnailUrl":"https:\/\/knowhow.distrelec.com\/wp-content\/uploads\/2024\/02\/IMG_4805_3000x2000-1024x683.jpg","datePublished":"2021-09-21T13:55:51+00:00","dateModified":"2024-03-11T12:13:04+00:00","breadcrumb":{"@id":"https:\/\/knowhow.distrelec.com\/no\/om-knowhow\/#breadcrumb"},"inLanguage":"nb-NO","potentialAction":[{"@type":"ReadAction","target":["https:\/\/knowhow.distrelec.com\/no\/om-knowhow\/"]}]},{"@type":"ImageObject","inLanguage":"nb-NO","@id":"https:\/\/knowhow.distrelec.com\/no\/om-knowhow\/#primaryimage","url":"https:\/\/knowhow.distrelec.com\/wp-content\/uploads\/2024\/02\/IMG_4805_3000x2000-1024x683.jpg","contentUrl":"https:\/\/knowhow.distrelec.com\/wp-content\/uploads\/2024\/02\/IMG_4805_3000x2000-1024x683.jpg"},{"@type":"BreadcrumbList","@id":"https:\/\/knowhow.distrelec.com\/no\/om-knowhow\/#breadcrumb","itemListElement":[{"@type":"ListItem","position":1,"name":"Hjem","item":"https:\/\/knowhow.distrelec.com\/no\/"},{"@type":"ListItem","position":2,"name":"Om KnowHow"}]},{"@type":"WebSite","@id":"https:\/\/knowhow.distrelec.com\/no\/#website","url":"https:\/\/knowhow.distrelec.com\/no\/","name":"KnowHow","description":"KnowHow Hub","publisher":{"@id":"https:\/\/knowhow.distrelec.com\/no\/#organization"},"potentialAction":[{"@type":"SearchAction","target":{"@type":"EntryPoint","urlTemplate":"https:\/\/knowhow.distrelec.com\/no\/?s={search_term_string}"},"query-input":{"@type":"PropertyValueSpecification","valueRequired":true,"valueName":"search_term_string"}}],"inLanguage":"nb-NO"},{"@type":"Organization","@id":"https:\/\/knowhow.distrelec.com\/no\/#organization","name":"Distrelec","url":"https:\/\/knowhow.distrelec.com\/no\/","logo":{"@type":"ImageObject","inLanguage":"nb-NO","@id":"https:\/\/knowhow.distrelec.com\/no\/#\/schema\/logo\/image\/","url":"https:\/\/knowhow.distrelec.com\/wp-content\/uploads\/2021\/09\/distrelec_logo.png","contentUrl":"https:\/\/knowhow.distrelec.com\/wp-content\/uploads\/2021\/09\/distrelec_logo.png","width":530,"height":98,"caption":"Distrelec"},"image":{"@id":"https:\/\/knowhow.distrelec.com\/no\/#\/schema\/logo\/image\/"}}]}},"jetpack_sharing_enabled":true,"_links":{"self":[{"href":"https:\/\/knowhow.distrelec.com\/no\/wp-json\/wp\/v2\/pages\/8425","targetHints":{"allow":["GET"]}}],"collection":[{"href":"https:\/\/knowhow.distrelec.com\/no\/wp-json\/wp\/v2\/pages"}],"about":[{"href":"https:\/\/knowhow.distrelec.com\/no\/wp-json\/wp\/v2\/types\/page"}],"author":[{"embeddable":true,"href":"https:\/\/knowhow.distrelec.com\/no\/wp-json\/wp\/v2\/users\/4"}],"replies":[{"embeddable":true,"href":"https:\/\/knowhow.distrelec.com\/no\/wp-json\/wp\/v2\/comments?post=8425"}],"version-history":[{"count":0,"href":"https:\/\/knowhow.distrelec.com\/no\/wp-json\/wp\/v2\/pages\/8425\/revisions"}],"wp:attachment":[{"href":"https:\/\/knowhow.distrelec.com\/no\/wp-json\/wp\/v2\/media?parent=8425"}],"wp:term":[{"taxonomy":"author","embeddable":true,"href":"https:\/\/knowhow.distrelec.com\/no\/wp-json\/wp\/v2\/coauthors?post=8425"}],"curies":[{"name":"wp","href":"https:\/\/api.w.org\/{rel}","templated":true}]}}