{"id":13942,"date":"2022-01-28T13:54:10","date_gmt":"2022-01-28T13:54:10","guid":{"rendered":"https:\/\/knowhow.distrelec.com\/?page_id=13942"},"modified":"2022-07-08T11:28:01","modified_gmt":"2022-07-08T11:28:01","slug":"seria-ebookow-technologia-i-rozwiazania","status":"publish","type":"page","link":"https:\/\/knowhow.distrelec.com\/pl\/seria-ebookow-technologia-i-rozwiazania\/","title":{"rendered":"Seria ebook\u00f3w Technologia i rozwi\u0105zania"},"content":{"rendered":"\n<p><strong>Najnowsze wydanie:<\/strong> Produkcja Przemys\u0142owa<\/p>\n\n\n\n<p>Elfa Distrelec z dum\u0105 prezentuje trzecie wydanie z serii ebook\u00f3w po\u015bwi\u0119cone produkcji<br>przemys\u0142owej.<\/p>\n\n\n\n<p>W Elfie Distrelec inwestujemy w innowacyjne rozwi\u0105zania, wsp\u00f3\u0142pracuj\u0105c z naszymi kluczowymi dostawcami, dzi\u0119ki czemu mo\u017cemy zaoferowa\u0107 naszym klientom najlepsze w swojej klasie portfolio produkt\u00f3w. W tym e-booku przygl\u0105damy si\u0119 niekt\u00f3rym rozwi\u0105zaniom z dziedziny produkcji przemys\u0142owej, opracowanym przez naszych dostawc\u00f3w \u2013 lider\u00f3w w swoich dziedzinach.<\/p>\n\n\n\n<figure class=\"wp-block-image size-large\"><img  loading=\"lazy\"  decoding=\"async\"  height=\"683\"  width=\"1024\"  src=\"data:image\/png;base64,iVBORw0KGgoAAAANSUhEUgAABAAAAAKrAQMAAABV2G3XAAAAA1BMVEUAAP+KeNJXAAAAAXRSTlMAQObYZgAAAAlwSFlzAAAOxAAADsQBlSsOGwAAAGxJREFUeNrtwTEBAAAAwqD1T20MH6AAAAAAAAAAAAAAAAAAAAAAAAAAAAAAAAAAAAAAAAAAAAAAAAAAAAAAAAAAAAAAAAAAAAAAAAAAAAAAAAAAAAAAAAAAAAAAAAAAAAAAAAAAAAAAAAAAOBtYOgAB23VbnQAAAABJRU5ErkJggg==\"  alt=\"\"  class=\"wp-image-32503 pk-lazyload\"  data-pk-sizes=\"auto\"  data-pk-src=\"https:\/\/knowhow.distrelec.com\/wp-content\/uploads\/2022\/06\/eBook-showcase-white-6-1024x683.jpg\" ><\/figure>\n\n\n\n<div class=\"wp-block-buttons is-horizontal is-content-justification-center is-layout-flex wp-container-core-buttons-is-layout-499968f5 wp-block-buttons-is-layout-flex\">\n<div class=\"wp-block-button\"><a class=\"wp-block-button__link has-red-background-color has-background\" href=\"https:\/\/knowhow.distrelec.com\/wp-content\/uploads\/2022\/06\/eBook-Q1-Industrial-Manufacturing-PL.pdf\" target=\"_blank\" rel=\"noreferrer noopener\">Pobierz teraz<\/a><\/div>\n<\/div>\n\n\n\n<hr class=\"wp-block-separator\"\/>\n\n\n\n<figure class=\"wp-block-image size-large\"><img  loading=\"lazy\"  decoding=\"async\"  height=\"683\"  width=\"1024\"  src=\"data:image\/png;base64,iVBORw0KGgoAAAANSUhEUgAABAAAAAKrAQMAAABV2G3XAAAAA1BMVEUAAP+KeNJXAAAAAXRSTlMAQObYZgAAAAlwSFlzAAAOxAAADsQBlSsOGwAAAGxJREFUeNrtwTEBAAAAwqD1T20MH6AAAAAAAAAAAAAAAAAAAAAAAAAAAAAAAAAAAAAAAAAAAAAAAAAAAAAAAAAAAAAAAAAAAAAAAAAAAAAAAAAAAAAAAAAAAAAAAAAAAAAAAAAAAAAAAAAAOBtYOgAB23VbnQAAAABJRU5ErkJggg==\"  alt=\"\"  class=\"wp-image-13992 pk-lazyload\"  data-pk-sizes=\"auto\"  data-pk-src=\"https:\/\/knowhow.distrelec.com\/wp-content\/uploads\/2022\/01\/eBook-Cover-1-1024x683.jpg\" ><\/figure>\n\n\n\n<div class=\"wp-block-buttons is-horizontal is-content-justification-center is-layout-flex wp-container-core-buttons-is-layout-499968f5 wp-block-buttons-is-layout-flex\">\n<div class=\"wp-block-button\"><a class=\"wp-block-button__link has-red-background-color has-background\" href=\"https:\/\/knowhow.distrelec.com\/wp-content\/uploads\/2022\/01\/eBook-Q4-Transportation-PL.pdf\" target=\"_blank\" rel=\"noreferrer noopener\">Pobierz teraz<\/a><\/div>\n<\/div>\n\n\n\n<hr class=\"wp-block-separator\"\/>\n\n\n\n<div class=\"wp-block-media-text alignwide is-stacked-on-mobile\"><figure class=\"wp-block-media-text__media\"><img  decoding=\"async\"  src=\"data:image\/png;base64,iVBORw0KGgoAAAANSUhEUgAABlcAAAPTAQMAAAAXes0\/AAAAA1BMVEUAAP+KeNJXAAAAAXRSTlMAQObYZgAAAAlwSFlzAAAOxAAADsQBlSsOGwAAANhJREFUeNrtwYEAAAAAw6D5U1\/gCFUBAAAAAAAAAAAAAAAAAAAAAAAAAAAAAAAAAAAAAAAAAAAAAAAAAAAAAAAAAAAAAAAAAAAAAAAAAAAAAAAAAAAAAAAAAAAAAAAAAAAAAAAAAAAAAAAAAAAAAAAAAAAAAAAAAAAAAAAAAAAAAAAAAAAAAAAAAAAAAAAAAAAAAAAAAAAAAAAAAAAAAAAAAAAAAAAAAAAAAAAAAAAAAAAAAAAAAAAAAAAAAAAAAAAAAAAAAAAAAAAAAAAAAAAAAAAAAAAAwDcMUQABsJ98bwAAAABJRU5ErkJggg==\"  alt=\"\"  class=\"wp-image-14421 size-full pk-lazyload\"  data-pk-sizes=\"auto\"  data-pk-src=\"https:\/\/knowhow.distrelec.com\/wp-content\/uploads\/2022\/02\/ebook-pms-magazine-1024x618.jpg\" ><\/figure><div class=\"wp-block-media-text__content\">\n<h2 id=\"systemy-zarzadzania-energia-pms\" class=\"wp-block-heading\">Systemy zarz\u0105dzania energi\u0105 (PMS)<\/h2>\n\n\n\n<p>W tym wydaniu przyjrzymy si\u0119 niekt\u00f3rym rozwi\u0105zaniom przemys\u0142owym, kt\u00f3re dotycz\u0105 trudnych aspekt\u00f3w system\u00f3w zarz\u0105dzania energi\u0105 (PMS). Nowe rozwi\u0105zania technologiczne i produktowe wdra\u017caj\u0105 now\u0105 er\u0119 system\u00f3w zarz\u0105dzania energi\u0105 dzi\u0119ki innowacyjno\u015bci i wsp\u00f3\u0142pracy mi\u0119dzy partnerami z danej bran\u017cy.<\/p>\n\n\n\n<div class=\"wp-block-buttons is-layout-flex wp-block-buttons-is-layout-flex\">\n<div class=\"wp-block-button\"><a class=\"wp-block-button__link has-red-background-color has-background\" href=\"https:\/\/knowhow.distrelec.com\/wp-content\/uploads\/2022\/02\/Power-Management-Systems-PL-Spread.pdf\" target=\"_blank\" rel=\"noreferrer noopener\">Pobierz teraz<\/a><\/div>\n<\/div>\n<\/div><\/div>\n","protected":false},"excerpt":{"rendered":"Najnowsze wydanie: Produkcja Przemys\u0142owa Elfa Distrelec z dum\u0105 prezentuje trzecie wydanie z serii ebook\u00f3w po\u015bwi\u0119cone produkcjiprzemys\u0142owej. W Elfie&hellip;\n","protected":false},"author":4,"featured_media":13930,"parent":0,"menu_order":0,"comment_status":"closed","ping_status":"closed","template":"","meta":{"csco_singular_sidebar":"","csco_page_header_type":"","csco_appearance_grid":"","csco_page_load_nextpost":"","csco_post_video_location":[],"csco_post_video_location_hash":"","csco_post_video_url":"","csco_post_video_bg_start_time":0,"csco_post_video_bg_end_time":0,"footnotes":""},"coauthors":[],"class_list":{"0":"post-13942","1":"page","2":"type-page","3":"status-publish","4":"has-post-thumbnail","6":"cs-entry","7":"cs-video-wrap"},"yoast_head":"<!-- This site is optimized with the Yoast SEO plugin v24.4 - https:\/\/yoast.com\/wordpress\/plugins\/seo\/ -->\n<title>Seria ebook\u00f3w Technologia i rozwi\u0105zania - KnowHow<\/title>\n<meta name=\"robots\" content=\"index, follow, max-snippet:-1, max-image-preview:large, max-video-preview:-1\" \/>\n<link rel=\"canonical\" href=\"https:\/\/knowhow.distrelec.com\/pl\/seria-ebookow-technologia-i-rozwiazania\/\" \/>\n<meta property=\"og:locale\" content=\"pl_PL\" \/>\n<meta property=\"og:type\" content=\"article\" \/>\n<meta property=\"og:title\" content=\"Seria ebook\u00f3w Technologia i rozwi\u0105zania - KnowHow\" \/>\n<meta property=\"og:description\" content=\"Najnowsze wydanie: Produkcja Przemys\u0142owa Elfa Distrelec z dum\u0105 prezentuje trzecie wydanie z serii ebook\u00f3w po\u015bwi\u0119cone produkcjiprzemys\u0142owej. W Elfie&hellip;\" \/>\n<meta property=\"og:url\" content=\"https:\/\/knowhow.distrelec.com\/pl\/seria-ebookow-technologia-i-rozwiazania\/\" \/>\n<meta property=\"og:site_name\" content=\"KnowHow\" \/>\n<meta property=\"article:modified_time\" content=\"2022-07-08T11:28:01+00:00\" \/>\n<meta property=\"og:image\" content=\"https:\/\/knowhow.distrelec.com\/wp-content\/uploads\/2022\/01\/ebook-banner-2.jpg\" \/>\n\t<meta property=\"og:image:width\" content=\"2000\" \/>\n\t<meta property=\"og:image:height\" content=\"800\" \/>\n\t<meta property=\"og:image:type\" content=\"image\/jpeg\" \/>\n<meta name=\"twitter:card\" content=\"summary_large_image\" \/>\n<meta name=\"twitter:label1\" content=\"Szacowany czas czytania\" \/>\n\t<meta name=\"twitter:data1\" content=\"2 minuty\" \/>\n\t<meta name=\"twitter:label2\" content=\"Written by\" \/>\n\t<meta name=\"twitter:data2\" content=\"Chris Rush\" \/>\n<script type=\"application\/ld+json\" class=\"yoast-schema-graph\">{\"@context\":\"https:\/\/schema.org\",\"@graph\":[{\"@type\":\"WebPage\",\"@id\":\"https:\/\/knowhow.distrelec.com\/pl\/seria-ebookow-technologia-i-rozwiazania\/\",\"url\":\"https:\/\/knowhow.distrelec.com\/pl\/seria-ebookow-technologia-i-rozwiazania\/\",\"name\":\"Seria ebook\u00f3w Technologia i rozwi\u0105zania - KnowHow\",\"isPartOf\":{\"@id\":\"https:\/\/knowhow.distrelec.com\/pl\/#website\"},\"primaryImageOfPage\":{\"@id\":\"https:\/\/knowhow.distrelec.com\/pl\/seria-ebookow-technologia-i-rozwiazania\/#primaryimage\"},\"image\":{\"@id\":\"https:\/\/knowhow.distrelec.com\/pl\/seria-ebookow-technologia-i-rozwiazania\/#primaryimage\"},\"thumbnailUrl\":\"https:\/\/knowhow.distrelec.com\/wp-content\/uploads\/2022\/01\/ebook-banner-2.jpg\",\"datePublished\":\"2022-01-28T13:54:10+00:00\",\"dateModified\":\"2022-07-08T11:28:01+00:00\",\"breadcrumb\":{\"@id\":\"https:\/\/knowhow.distrelec.com\/pl\/seria-ebookow-technologia-i-rozwiazania\/#breadcrumb\"},\"inLanguage\":\"pl-PL\",\"potentialAction\":[{\"@type\":\"ReadAction\",\"target\":[\"https:\/\/knowhow.distrelec.com\/pl\/seria-ebookow-technologia-i-rozwiazania\/\"]}]},{\"@type\":\"ImageObject\",\"inLanguage\":\"pl-PL\",\"@id\":\"https:\/\/knowhow.distrelec.com\/pl\/seria-ebookow-technologia-i-rozwiazania\/#primaryimage\",\"url\":\"https:\/\/knowhow.distrelec.com\/wp-content\/uploads\/2022\/01\/ebook-banner-2.jpg\",\"contentUrl\":\"https:\/\/knowhow.distrelec.com\/wp-content\/uploads\/2022\/01\/ebook-banner-2.jpg\",\"width\":2000,\"height\":800},{\"@type\":\"BreadcrumbList\",\"@id\":\"https:\/\/knowhow.distrelec.com\/pl\/seria-ebookow-technologia-i-rozwiazania\/#breadcrumb\",\"itemListElement\":[{\"@type\":\"ListItem\",\"position\":1,\"name\":\"Strona g\u0142\u00f3wna\",\"item\":\"https:\/\/knowhow.distrelec.com\/pl\/\"},{\"@type\":\"ListItem\",\"position\":2,\"name\":\"Seria ebook\u00f3w Technologia i rozwi\u0105zania\"}]},{\"@type\":\"WebSite\",\"@id\":\"https:\/\/knowhow.distrelec.com\/pl\/#website\",\"url\":\"https:\/\/knowhow.distrelec.com\/pl\/\",\"name\":\"KnowHow\",\"description\":\"KnowHow Hub\",\"publisher\":{\"@id\":\"https:\/\/knowhow.distrelec.com\/pl\/#organization\"},\"potentialAction\":[{\"@type\":\"SearchAction\",\"target\":{\"@type\":\"EntryPoint\",\"urlTemplate\":\"https:\/\/knowhow.distrelec.com\/pl\/?s={search_term_string}\"},\"query-input\":{\"@type\":\"PropertyValueSpecification\",\"valueRequired\":true,\"valueName\":\"search_term_string\"}}],\"inLanguage\":\"pl-PL\"},{\"@type\":\"Organization\",\"@id\":\"https:\/\/knowhow.distrelec.com\/pl\/#organization\",\"name\":\"Distrelec\",\"url\":\"https:\/\/knowhow.distrelec.com\/pl\/\",\"logo\":{\"@type\":\"ImageObject\",\"inLanguage\":\"pl-PL\",\"@id\":\"https:\/\/knowhow.distrelec.com\/pl\/#\/schema\/logo\/image\/\",\"url\":\"https:\/\/knowhow.distrelec.com\/wp-content\/uploads\/2021\/09\/distrelec_logo.png\",\"contentUrl\":\"https:\/\/knowhow.distrelec.com\/wp-content\/uploads\/2021\/09\/distrelec_logo.png\",\"width\":530,\"height\":98,\"caption\":\"Distrelec\"},\"image\":{\"@id\":\"https:\/\/knowhow.distrelec.com\/pl\/#\/schema\/logo\/image\/\"}}]}<\/script>\n<!-- \/ Yoast SEO plugin. -->","yoast_head_json":{"title":"Seria ebook\u00f3w Technologia i rozwi\u0105zania - KnowHow","robots":{"index":"index","follow":"follow","max-snippet":"max-snippet:-1","max-image-preview":"max-image-preview:large","max-video-preview":"max-video-preview:-1"},"canonical":"https:\/\/knowhow.distrelec.com\/pl\/seria-ebookow-technologia-i-rozwiazania\/","og_locale":"pl_PL","og_type":"article","og_title":"Seria ebook\u00f3w Technologia i rozwi\u0105zania - KnowHow","og_description":"Najnowsze wydanie: Produkcja Przemys\u0142owa Elfa Distrelec z dum\u0105 prezentuje trzecie wydanie z serii ebook\u00f3w po\u015bwi\u0119cone produkcjiprzemys\u0142owej. W Elfie&hellip;","og_url":"https:\/\/knowhow.distrelec.com\/pl\/seria-ebookow-technologia-i-rozwiazania\/","og_site_name":"KnowHow","article_modified_time":"2022-07-08T11:28:01+00:00","og_image":[{"width":2000,"height":800,"url":"https:\/\/knowhow.distrelec.com\/wp-content\/uploads\/2022\/01\/ebook-banner-2.jpg","type":"image\/jpeg"}],"twitter_card":"summary_large_image","twitter_misc":{"Szacowany czas czytania":"2 minuty","Written by":"Chris Rush"},"schema":{"@context":"https:\/\/schema.org","@graph":[{"@type":"WebPage","@id":"https:\/\/knowhow.distrelec.com\/pl\/seria-ebookow-technologia-i-rozwiazania\/","url":"https:\/\/knowhow.distrelec.com\/pl\/seria-ebookow-technologia-i-rozwiazania\/","name":"Seria ebook\u00f3w Technologia i rozwi\u0105zania - KnowHow","isPartOf":{"@id":"https:\/\/knowhow.distrelec.com\/pl\/#website"},"primaryImageOfPage":{"@id":"https:\/\/knowhow.distrelec.com\/pl\/seria-ebookow-technologia-i-rozwiazania\/#primaryimage"},"image":{"@id":"https:\/\/knowhow.distrelec.com\/pl\/seria-ebookow-technologia-i-rozwiazania\/#primaryimage"},"thumbnailUrl":"https:\/\/knowhow.distrelec.com\/wp-content\/uploads\/2022\/01\/ebook-banner-2.jpg","datePublished":"2022-01-28T13:54:10+00:00","dateModified":"2022-07-08T11:28:01+00:00","breadcrumb":{"@id":"https:\/\/knowhow.distrelec.com\/pl\/seria-ebookow-technologia-i-rozwiazania\/#breadcrumb"},"inLanguage":"pl-PL","potentialAction":[{"@type":"ReadAction","target":["https:\/\/knowhow.distrelec.com\/pl\/seria-ebookow-technologia-i-rozwiazania\/"]}]},{"@type":"ImageObject","inLanguage":"pl-PL","@id":"https:\/\/knowhow.distrelec.com\/pl\/seria-ebookow-technologia-i-rozwiazania\/#primaryimage","url":"https:\/\/knowhow.distrelec.com\/wp-content\/uploads\/2022\/01\/ebook-banner-2.jpg","contentUrl":"https:\/\/knowhow.distrelec.com\/wp-content\/uploads\/2022\/01\/ebook-banner-2.jpg","width":2000,"height":800},{"@type":"BreadcrumbList","@id":"https:\/\/knowhow.distrelec.com\/pl\/seria-ebookow-technologia-i-rozwiazania\/#breadcrumb","itemListElement":[{"@type":"ListItem","position":1,"name":"Strona g\u0142\u00f3wna","item":"https:\/\/knowhow.distrelec.com\/pl\/"},{"@type":"ListItem","position":2,"name":"Seria ebook\u00f3w Technologia i rozwi\u0105zania"}]},{"@type":"WebSite","@id":"https:\/\/knowhow.distrelec.com\/pl\/#website","url":"https:\/\/knowhow.distrelec.com\/pl\/","name":"KnowHow","description":"KnowHow Hub","publisher":{"@id":"https:\/\/knowhow.distrelec.com\/pl\/#organization"},"potentialAction":[{"@type":"SearchAction","target":{"@type":"EntryPoint","urlTemplate":"https:\/\/knowhow.distrelec.com\/pl\/?s={search_term_string}"},"query-input":{"@type":"PropertyValueSpecification","valueRequired":true,"valueName":"search_term_string"}}],"inLanguage":"pl-PL"},{"@type":"Organization","@id":"https:\/\/knowhow.distrelec.com\/pl\/#organization","name":"Distrelec","url":"https:\/\/knowhow.distrelec.com\/pl\/","logo":{"@type":"ImageObject","inLanguage":"pl-PL","@id":"https:\/\/knowhow.distrelec.com\/pl\/#\/schema\/logo\/image\/","url":"https:\/\/knowhow.distrelec.com\/wp-content\/uploads\/2021\/09\/distrelec_logo.png","contentUrl":"https:\/\/knowhow.distrelec.com\/wp-content\/uploads\/2021\/09\/distrelec_logo.png","width":530,"height":98,"caption":"Distrelec"},"image":{"@id":"https:\/\/knowhow.distrelec.com\/pl\/#\/schema\/logo\/image\/"}}]}},"jetpack_sharing_enabled":true,"_links":{"self":[{"href":"https:\/\/knowhow.distrelec.com\/pl\/wp-json\/wp\/v2\/pages\/13942","targetHints":{"allow":["GET"]}}],"collection":[{"href":"https:\/\/knowhow.distrelec.com\/pl\/wp-json\/wp\/v2\/pages"}],"about":[{"href":"https:\/\/knowhow.distrelec.com\/pl\/wp-json\/wp\/v2\/types\/page"}],"author":[{"embeddable":true,"href":"https:\/\/knowhow.distrelec.com\/pl\/wp-json\/wp\/v2\/users\/4"}],"replies":[{"embeddable":true,"href":"https:\/\/knowhow.distrelec.com\/pl\/wp-json\/wp\/v2\/comments?post=13942"}],"version-history":[{"count":0,"href":"https:\/\/knowhow.distrelec.com\/pl\/wp-json\/wp\/v2\/pages\/13942\/revisions"}],"wp:featuredmedia":[{"embeddable":true,"href":"https:\/\/knowhow.distrelec.com\/pl\/wp-json\/wp\/v2\/media\/13930"}],"wp:attachment":[{"href":"https:\/\/knowhow.distrelec.com\/pl\/wp-json\/wp\/v2\/media?parent=13942"}],"wp:term":[{"taxonomy":"author","embeddable":true,"href":"https:\/\/knowhow.distrelec.com\/pl\/wp-json\/wp\/v2\/coauthors?post=13942"}],"curies":[{"name":"wp","href":"https:\/\/api.w.org\/{rel}","templated":true}]}}