{"id":39771,"date":"2022-11-08T13:00:32","date_gmt":"2022-11-08T13:00:32","guid":{"rendered":"https:\/\/knowhow.distrelec.com\/polityka-plikow-cookie\/"},"modified":"2022-11-08T13:00:35","modified_gmt":"2022-11-08T13:00:35","slug":"polityka-plikow-cookie","status":"publish","type":"page","link":"https:\/\/knowhow.distrelec.com\/pl\/polityka-plikow-cookie\/","title":{"rendered":"Polityka plik\u00f3w cookie"},"content":{"rendered":"\n<h2 id=\"1-pliki-cookie-firmy-elfa-distrelec\" class=\"wp-block-heading\">1. <strong>Pliki cookie firmy Elfa Distrelec<\/strong><\/h2>\n\n<p>Nasze witryny internetowe i witryny mobilne wykorzystuj\u0105 pliki cookie w celu poprawy komfortu u\u017cytkowania. Korzystaj\u0105c z naszej witryny internetowej i zgadzaj\u0105c si\u0119 na odpowiednie wytyczne, u\u017cytkownik o\u015bwiadcza, \u017ce zezwala nam na korzystanie z plik\u00f3w cookie zgodnie z warunkami niniejszej polityki.<\/p>\n\n<h3 id=\"1-2-czym-jest-plik-cookie-i-w-jaki-sposob-witryna-internetowa-firmy-elfa-distrelec-wykorzystuje-pliki-cookie\" class=\"wp-block-heading\">1.2 <strong>Czym jest plik cookie i w jaki spos\u00f3b witryna internetowa firmy Elfa Distrelec wykorzystuje pliki cookie?<\/strong><\/h3>\n\n<p>Plik cookie to plik zawieraj\u0105cy dane (ci\u0105g liter i cyfr); plik ten jest przesy\u0142any z serwera internetowego do przegl\u0105darki internetowej podczas przegl\u0105dania witryny internetowej, a nast\u0119pnie zapisywany przez przegl\u0105dark\u0119. Odpowiedni identyfikator jest nast\u0119pnie przesy\u0142any z powrotem za ka\u017cdym razem, gdy przegl\u0105darka \u017c\u0105da strony z serwera.<br \/><br \/>Pliki cookie nie zawieraj\u0105 \u017cadnych informacji umo\u017cliwiaj\u0105cych identyfikacj\u0119 u\u017cytkownika. Mo\u017cliwe jest jednak, \u017ce dane osobowe, kt\u00f3re zapisali\u015bmy na jego temat, zostan\u0105 powi\u0105zane z danymi przechowywanymi w plikach cookie, a nast\u0119pnie z otrzymanymi danymi.<br \/><br \/>Informacje, kt\u00f3re uzyskujemy w wyniku korzystania przez u\u017cytkownika z plik\u00f3w cookie, wykorzystujemy w nast\u0119puj\u0105cych celach:<\/p>\n\n<ul class=\"wp-block-list\"><li>rozpoznanie komputera podczas odwiedzania naszej witryny internetowej;<\/li><li>u\u0142atwienie korzystania z naszej witryny internetowej;<\/li><li>analiza wykorzystania witryny internetowej;<\/li><li>zarz\u0105dzanie witryn\u0105 internetow\u0105;<\/li><li>zapobieganie oszustwom i zwi\u0119kszenie bezpiecze\u0144stwa witryny internetowej;<\/li><li>personalizacja naszej Witryny internetowej dla u\u017cytkownika (poprzez dostarczanie informacji, kt\u00f3re mog\u0105 go zainteresowa\u0107);<\/li><li>\u015bledzenie \u015bcie\u017cki, kt\u00f3r\u0105 u\u017cytkownik pod\u0105\u017ca przez nasz\u0105 witryn\u0119 internetow\u0105 i kt\u00f3ra umo\u017cliwia korzystanie z okre\u015blonych funkcji (np. dodawanie\/usuwanie produkt\u00f3w w koszyku, finalizowanie zakupu).<\/li><\/ul>\n<p>Kiedy u\u017cytkownik dodaje produkty do formularza zam\u00f3wienia, a nast\u0119pnie decyduje si\u0119 nie dokonywa\u0107 \u017cadnych zakup\u00f3w podczas wizyty, zapisujemy numer referencyjny formularza zam\u00f3wienia w pliku cookie, aby u\u0142atwi\u0107 u\u017cytkownikowi korzystanie z formularza, tak aby m\u00f3g\u0142 go ponownie wywo\u0142a\u0107 podczas kolejnej wizyty.<\/p>\n\n<h3 id=\"1-2-czy-aktywacja-plikow-cookie-jest-bezpieczna\" class=\"wp-block-heading\"><strong>1.2 Czy aktywacja plik\u00f3w cookie jest bezpieczna?<\/strong><\/h3>\n\n<p>Tak. Pliki cookie s\u0105 kr\u00f3tkimi \u0142a\u0144cuchami danych, kt\u00f3re same w sobie nie mog\u0105 wykona\u0107 \u017cadnych operacji. Firma Elfa Distrelec zaleca, aby zezwoli\u0107 przegl\u0105darce na akceptowanie plik\u00f3w cookie pochodz\u0105cych z naszej witryny internetowej.<\/p>\n\n<h3 id=\"1-3-jak-zmienic-ustawienia-plikow-cookie\" class=\"wp-block-heading\"><strong>1.3 Jak zmieni\u0107 ustawienia plik\u00f3w cookie?<\/strong><\/h3>\n\n<p>Aby aktywowa\u0107 pliki cookie, nale\u017cy post\u0119powa\u0107 zgodnie z poni\u017cszymi instrukcjami dotycz\u0105cymi danej przegl\u0105darki.<br \/><br \/>Microsoft Internet Explorer<\/p>\n\n<ul class=\"wp-block-list\"><li>W menu \u201eNarz\u0119dzia\u201d nale\u017cy wybra\u0107 \u201eNarz\u0119dzia\u201d.<\/li><li>Nale\u017cy klikn\u0105\u0107 zak\u0142adk\u0119 \u201ePrywatno\u015b\u0107\u201d.<\/li><li>W menu \u201eUstawienia\u201d nale\u017cy klikn\u0105\u0107 przycisk \u201eStandardowe\u201d (lub r\u0119cznie przesun\u0105\u0107 suwak na \u201e\u015arednie\u201d).<\/li><li>Nale\u017cy klikn\u0105\u0107 przycisk OK.<\/li><\/ul>\n<p>Mozilla Firefox<\/p>\n\n<ul class=\"wp-block-list\"><li>Nale\u017cy przej\u015b\u0107 do menu \u201eNarz\u0119dzia\u201d.<\/li><li>Wybra\u0107 \u201eOpcje\u201d.<\/li><li>Wybra\u0107 ikon\u0119 oznaczon\u0105 \u201ePrywatno\u015b\u0107\u201d.<\/li><li>Nast\u0119pnie klikn\u0105\u0107 w polu pozwalaj\u0105cym witrynom na korzystanie z plik\u00f3w cookie (w sekcji \u201eU\u017cyj ustawie\u0144 niestandardowych dla historii\u201d).<\/li><li>Klikn\u0105\u0107 OK, aby zapisa\u0107 zmiany.<\/li><\/ul>\n<p>Google Chrome<\/p>\n\n<ul class=\"wp-block-list\"><li>W menu Dostosowanie i sterowanie nale\u017cy wybra\u0107 \u201eUstawienia\u201d.<\/li><li>W sekcji \u201eZaawansowane\u201d (Prywatno\u015b\u0107, Ustawienia tre\u015bci) nale\u017cy odszuka\u0107 sekcj\u0119 \u201ePliki cookie\u201d.<\/li><li>Aby zezwoli\u0107 na korzystanie z plik\u00f3w cookie, nale\u017cy wybra\u0107 opcj\u0119 \u201eZezwalaj witrynom na zapisywanie danych w plikach cookie i ich odczytywanie\u201d (lub \u201eAktywuj wszystkie pliki cookie\u201d).<\/li><li>Klikn\u0105\u0107 przycisk OK.<\/li><\/ul>\n<p>Safari<\/p>\n\n<ul class=\"wp-block-list\"><li>Nale\u017cy wybra\u0107 Safari &gt; Ustawienia, a nast\u0119pnie klikn\u0105\u0107 opcj\u0119 Prywatno\u015b\u0107.<\/li><li>W polu \u201eZablokuj pliki cookie\u201d nale\u017cy okre\u015bli\u0107, czy i kiedy przegl\u0105darka Safari powinna akceptowa\u0107 pliki cookie z witryn.<\/li><\/ul>\n<h3 id=\"1-4-jakie-rodzaje-plikow-cookie-sa-wykorzystywane-w-witrynie-internetowej-firmy-elfa-distrelec\" class=\"wp-block-heading\"><strong>1.4 Jakie rodzaje plik\u00f3w cookie s\u0105 wykorzystywane w witrynie internetowej firmy Elfa Distrelec?<\/strong><\/h3>\n\n<p>Mo\u017cna ustawi\u0107 przegl\u0105dark\u0119 tak, aby odrzuca\u0142a pliki cookie (wi\u0119cej szczeg\u00f3\u0142\u00f3w na ten temat znajduje si\u0119 w tek\u015bcie pomocy przegl\u0105darki). Nale\u017cy pami\u0119ta\u0107, \u017ce w takim przypadku niekt\u00f3re spersonalizowane funkcje naszej witryny internetowej nie b\u0119d\u0105 ju\u017c dost\u0119pne.<\/p>\n\n<h2 id=\"1-5-uzywamy-trzech-roznych-rodzajow-plikow-cookie\" class=\"wp-block-heading\"><strong>1.5 U\u017cywamy trzech r\u00f3\u017cnych rodzaj\u00f3w plik\u00f3w cookie:<\/strong><\/h2>\n\n<p>Sesyjne pliki cookie \u2014 s\u0105 to tymczasowe pliki, kt\u00f3re aktywowane s\u0105 tylko podczas wizyty (sesji) w naszej witrynie internetowej. Zazwyczaj przegl\u0105darka usuwa takie pliki cookie zaraz po jej zamkni\u0119ciu.<br \/><br \/>Trwa\u0142e pliki cookie \u2014 pliki te s\u0105 aktywne po zako\u0144czeniu sesji przegl\u0105darki (na przyk\u0142ad: w przypadku zarejestrowania si\u0119 w witrynie internetowej po powrocie do niej witryna wie, kim jest u\u017cytkownik i wy\u015bwietla odpowiedni\u0105 wiadomo\u015b\u0107 powitaln\u0105). Takie zachowanie jest mo\u017cliwe dzi\u0119ki trwa\u0142ym plikom cookie.<br \/><br \/>Pliki cookie stron trzecich \u2014 w przypadku korzystania przez u\u017cytkownika z naszej witryny internetowej mog\u0105 by\u0107 do niego przesy\u0142ane pliki cookie innych firm. Je\u015bli u\u017cytkownik odwiedza stron\u0119 internetow\u0105, kt\u00f3ra zawiera wbudowane tre\u015bci, takie jak na przyk\u0142ad filmy z serwisu YouTube, strony te mog\u0105 przesy\u0142a\u0107 do niego pliki cookie. Firma Elfa Distrelec nie monitoruje ustawie\u0144 takich plik\u00f3w cookie. Zalecamy uzyskanie dodatkowych informacji na temat plik\u00f3w cookie na stronach internetowych zewn\u0119trznych dostawc\u00f3w i zapoznanie si\u0119 z odpowiednimi opcjami zarz\u0105dzania nimi.<br \/><\/p>\n\n<h3 id=\"1-6-ustawienia-plikow-cookie\" class=\"wp-block-heading\"><strong>1.6 Ustawienia plik\u00f3w cookie<\/strong><\/h3>\n\n<p>Wi\u0119cej informacji na temat korzystania z plik\u00f3w cookie mo\u017cna znale\u017a\u0107 na stronach internetowych pod adresem https:\/\/wszystkoociasteczkach.pl\/<\/p>\n\n<h3 id=\"1-7-blokowanie-plikow-cookie\" class=\"wp-block-heading\"><strong>1.7 Blokowanie plik\u00f3w cookie<\/strong><\/h3>\n\n<p>Wi\u0119kszo\u015b\u0107 przegl\u0105darek oferuje opcj\u0119 blokowania plik\u00f3w cookie. Na przyk\u0142ad:<\/p>\n\n<ul class=\"wp-block-list\"><li>w przegl\u0105darce Internet Explorer mo\u017cna zablokowa\u0107 wszystkie pliki cookie, klikaj\u0105c \u201eNarz\u0119dzia\u201d, \u201eOpcje internetowe\u201d, \u201ePrywatno\u015b\u0107\u201d, a nast\u0119pnie za pomoc\u0105 suwaka wybieraj\u0105c \u201eZablokuj wszystkie pliki cookie\u201d.<\/li><li>W przegl\u0105darce Mozilla Firefox mo\u017cna zablokowa\u0107 wszystkie pliki cookie, klikaj\u0105c \u201eNarz\u0119dzia\u201d, a nast\u0119pnie \u201eOpcje\u201d i wy\u0142\u0105czaj\u0105c opcj\u0119 \u201eAkceptuj pliki cookie z witryn\u201d w sekcji \u201ePrywatno\u015b\u0107\u201d.<\/li><\/ul>\n<p>Blokowanie wszystkich plik\u00f3w cookie ma jednak negatywny wp\u0142yw na u\u017cyteczno\u015b\u0107 wielu stron internetowych.<\/p>\n\n<h3 id=\"1-8-usuwanie-plikow-cookie\" class=\"wp-block-heading\"><strong>1.8 Usuwanie plik\u00f3w cookie<\/strong><\/h3>\n\n<p>Oczywi\u015bcie mo\u017cna r\u00f3wnie\u017c usun\u0105\u0107 wszystkie pliki cookie, kt\u00f3re zosta\u0142y ju\u017c zapisane na komputerze.<\/p>\n\n<ul class=\"wp-block-list\"><li>Je\u015bli u\u017cytkownik korzysta z przegl\u0105darki Internet Explorer, musi r\u0119cznie usun\u0105\u0107 pliki cookie (instrukcje na ten temat znajduj\u0105 si\u0119 na stronie https:\/\/support.microsoft.com\/pl-pl\/topic\/jak-usun%C4%85%C4%87-pliki-cookie-w-programie-internet-explorer-bca9446f-d873-78de-77ba-d42645fa52fc).<\/li><li>W przypadku korzystania z przegl\u0105darki Mozilla Firefox i ch\u0119ci usuni\u0119cia plik\u00f3w cookie najpierw nale\u017cy sprawdzi\u0107, czy s\u0105 one usuwane w przypadku skorzystania z opcji \u201eUsu\u0144 dane prywatne\u201d (mo\u017cna zmieni\u0107 to ustawienie, klikaj\u0105c \u201eNarz\u0119dzia\u201d, \u201eOpcje\u201d, \u201eUstawienia\u201d i \u201ePrywatno\u015b\u0107) i klikn\u0105\u0107 \u201eWyczy\u015b\u0107 swoj\u0105 najnowsz\u0105 histori\u0119\u201d w menu \u201eNarz\u0119dzia\u201d.<\/li><\/ul>\n<p>Na tej stronie internetowej i jej aplikacjach mobilnych dane s\u0105 gromadzone i przechowywane przez Adobe Analytics, us\u0142ug\u0119 analizy sieci Web \u015bwiadczon\u0105 przez Adobe, oraz Google Analytics, us\u0142ug\u0119 analizy sieci Web \u015bwiadczon\u0105 przez Google. S\u0142u\u017c\u0105 one do tworzenia profili u\u017cytkownik\u00f3w pod pseudonimami. Profile u\u017cytkownik\u00f3w s\u0142u\u017c\u0105 do analizy zachowa\u0144 odwiedzaj\u0105cych i s\u0105 oceniane pod k\u0105tem ulepszania i efektywnego projektowania naszej oferty produkt\u00f3w. Cz\u0119\u015bci\u0105 tego procesu s\u0105 pliki cookie. W przysz\u0142o\u015bci mo\u017cna w ka\u017cdej chwili odm\u00f3wi\u0107 zgody na gromadzenie i przechowywanie danych do cel\u00f3w analizy stron internetowych.<\/p>\n\n<p>Na tej stronie internetowej do zbierania i zapisywania informacji o zachowaniach internaut\u00f3w na stronie w anonimowej formie wykorzystywana jest tzw. technologia retargetingu. Dane te s\u0105 przechowywane na komputerze u\u017cytkownika za pomoc\u0105 tzw. tekstowych plik\u00f3w \u201ecookie\u201d. Technologia ta wykorzystuje algorytm analizy zachowa\u0144 przegl\u0105dania stron internetowych, a nast\u0119pnie mo\u017ce wy\u015bwietla\u0107 w innych witrynach internetowych (zwanych wydawcami) ukierunkowane rekomendacje produkt\u00f3w jako banery reklamowe zwi\u0105zane z zainteresowaniami. W \u017cadnym wypadku dane te nie mog\u0105 by\u0107 wykorzystywane do identyfikacji os\u00f3b odwiedzaj\u0105cych t\u0119 stron\u0119 internetow\u0105. Zebrane dane wykorzystywane s\u0105 wy\u0142\u0105cznie do doskonalenia oferty. Dane nie s\u0105 wykorzystywane ani przekazywane osobom trzecim w \u017caden inny spos\u00f3b.<\/p>\n\n<p>Aby zrezygnowa\u0107 ze \u015bledzenia przez us\u0142ug\u0119 Adobe Analytics, <a href=\"https:\/\/smetrics.distrelec.ch\/optout.html\">kliknij tutaj<\/a><\/p>\n\n<p>Aby zrezygnowa\u0107 ze \u015bledzenia przez us\u0142ug\u0119 Google Analytics, Google udost\u0119pnia <a href=\"https:\/\/tools.google.com\/dlpage\/gaoptout\">wtyczk\u0119 do przegl\u0105darki<\/a> pozwalaj\u0105c\u0105 na wykluczenie ze \u015bledzenia<\/p>\n\n<h2 id=\"1-9-wbudowanie-wtyczek-do-portali-spolecznosciowych\" class=\"wp-block-heading\"><strong>1.9 Wbudowanie wtyczek do portali spo\u0142eczno\u015bciowych<\/strong><\/h2>\n\n<p>W naszej witrynie internetowej wykorzystywane s\u0105 wtyczki do portali spo\u0142eczno\u015bciowych, takich jak Facebook, Google i inne. Na naszej stronie internetowej znajduje si\u0119 przycisk \u201e+ 1\u201d, \u201ef\u201d lub \u201e\u0141apka w g\u00f3r\u0119\u201d. S\u0105 to oferty ameryka\u0144skich firm Google Inc. (1600 Amphitheatre Parkway, Mountain View, CA 94043, USA) oraz Facebook Inc. (1601 S California Ave, Palo Alto, CA 94394 USA)<\/p>\n\n<p>Dopiero po klikni\u0119ciu przycisku \u201e+ 1\u201d, \u201ef\u201d lub \u201e\u0141apka w g\u00f3r\u0119\u201d przegl\u0105darka nawi\u0105zuje bezpo\u015brednie po\u0142\u0105czenie z serwerami serwisu Facebook lub Google. Zawarto\u015b\u0107 przycisku \u201e+ 1\u201d, \u201ef\u201d lub \u201e\u0141apka w g\u00f3r\u0119\u201d jest nast\u0119pnie przekazywana przez Google lub Facebook bezpo\u015brednio do przegl\u0105darki u\u017cytkownika i umieszczana przez przegl\u0105dark\u0119 w witrynie internetowej. W zwi\u0105zku z tym nie mamy wp\u0142ywu na zakres danych, kt\u00f3re Google lub Facebook gromadz\u0105 za pomoc\u0105 przycisku.<\/p>\n\n<p>Na swoich stronach internetowych Facebook i Google (http:\/\/www.facebook.com\/policy.php; http:\/\/www.google.com\/Intel\/de\/+\/policy\/+1button.html) prezentuj\u0105 szczeg\u00f3\u0142owe informacje na temat zakresu, rodzaju, celu i dalszego przetwarzania danych u\u017cytkownika oraz jego prawa do ochrony prywatno\u015bci.<\/p>\n\n<p>Loguj\u0105c si\u0119 najpierw na stronach serwis\u00f3w spo\u0142eczno\u015bciowych (Facebook i Google +) i usuwaj\u0105c ustawione pliki cookie, mo\u017cna uniemo\u017cliwi\u0107 portalowi Facebook i Google gromadzenie informacji na temat u\u017cytkownika podczas jego wizyty w naszej witrynie internetowej.<\/p>\n\n<h2 id=\"1-10-ochrona-przed-spamem-atakami-ddos\" class=\"wp-block-heading\"><strong>1.10 Ochrona przed spamem\/atakami DDOS<\/strong><\/h2>\n\n<p>Korzystamy z okre\u015blonych us\u0142ug (m.in. reCAPTCHA firmy Google), aby chroni\u0107 nasz\u0105 stron\u0119 internetow\u0105 przed podejrzan\u0105 aktywno\u015bci\u0105, w szczeg\u00f3lno\u015bci przed spamem i atakami DDOS. Takie us\u0142ugi analizuj\u0105 aktywno\u015b\u0107 u\u017cytkownika na stronie internetowej, konfiguracj\u0119 jego komputera (z uwzgl\u0119dnieniem zapisanych plik\u00f3w cookie firmy Google lub innych stron trzecich) oraz adres IP w celu okre\u015blenia, czy jest on u\u017cytkownikiem autentycznym czy intruzem. Gdy zostaje wykryty potencjalny problem, us\u0142uga prosi u\u017cytkownika o wykonanie pewnych dzia\u0142a\u0144 w celu udowodnienia, \u017ce nie jest robotem. Dzieje si\u0119 tak na przyk\u0142ad podczas przesy\u0142ania formularza.<\/p>\n\n<p>Dane s\u0105 przesy\u0142ane bezpo\u015brednio mi\u0119dzy komputerem u\u017cytkownika a serwerami firmy Google oraz innych stron trzecich w Europie i USA (jak w przypadku firmy Google), dlatego nie mamy wp\u0142ywu na zakres gromadzonych danych ani na to, do czego s\u0105 one p\u00f3\u017aniej wykorzystywane.<\/p>\n\n<p>Google reCAPTCHA jest us\u0142ug\u0105 \u015bwiadczon\u0105 przez Google Inc, 1600 Ampitheatre Parkway, Mountain View, CA 94043, USA. W celu uzyskania informacji na temat zakresu, rodzaju i dalszego przetwarzania danych oraz informacji dotycz\u0105cych ochrony prywatno\u015bci prosimy zapozna\u0107 si\u0119 z zasadami ochrony prywatno\u015bci firmy Google (<a href=\"https:\/\/www.google.com\/policies\/privacy\/\" target=\"_blank\" rel=\"noreferrer noopener\">https:\/\/policies.google.com\/privacy?hl=pl<\/a>) oraz warunkami korzystania z us\u0142ug (<a href=\"https:\/\/www.google.com\/policies\/terms\/\" target=\"_blank\" rel=\"noreferrer noopener\">https:\/\/policies.google.com\/terms?hl=pl<\/a>).<\/p>\n\n<div style=\"height:100px\" aria-hidden=\"true\" class=\"wp-block-spacer\"><\/div>\n","protected":false},"excerpt":{"rendered":"1. Pliki cookie firmy Elfa Distrelec Nasze witryny internetowe i witryny mobilne wykorzystuj\u0105 pliki cookie w celu poprawy&hellip;\n","protected":false},"author":2,"featured_media":0,"parent":0,"menu_order":0,"comment_status":"closed","ping_status":"closed","template":"","meta":{"csco_singular_sidebar":"","csco_page_header_type":"","csco_appearance_grid":"","csco_page_load_nextpost":"","csco_post_video_location":[],"csco_post_video_location_hash":"","csco_post_video_url":"","csco_post_video_bg_start_time":0,"csco_post_video_bg_end_time":0,"footnotes":""},"coauthors":[],"class_list":{"0":"post-39771","1":"page","2":"type-page","3":"status-publish","5":"cs-entry","6":"cs-video-wrap"},"yoast_head":"<!-- This site is optimized with the Yoast SEO plugin v24.4 - https:\/\/yoast.com\/wordpress\/plugins\/seo\/ -->\n<title>Polityka plik\u00f3w cookie - KnowHow<\/title>\n<meta name=\"robots\" content=\"index, follow, max-snippet:-1, max-image-preview:large, max-video-preview:-1\" \/>\n<link rel=\"canonical\" href=\"https:\/\/knowhow.distrelec.com\/pl\/polityka-plikow-cookie\/\" \/>\n<meta property=\"og:locale\" content=\"pl_PL\" \/>\n<meta property=\"og:type\" content=\"article\" \/>\n<meta property=\"og:title\" content=\"Polityka plik\u00f3w cookie - KnowHow\" \/>\n<meta property=\"og:description\" content=\"1. Pliki cookie firmy Elfa Distrelec Nasze witryny internetowe i witryny mobilne wykorzystuj\u0105 pliki cookie w celu poprawy&hellip;\" \/>\n<meta property=\"og:url\" content=\"https:\/\/knowhow.distrelec.com\/pl\/polityka-plikow-cookie\/\" \/>\n<meta property=\"og:site_name\" content=\"KnowHow\" \/>\n<meta property=\"article:modified_time\" content=\"2022-11-08T13:00:35+00:00\" \/>\n<meta name=\"twitter:card\" content=\"summary_large_image\" \/>\n<meta name=\"twitter:label1\" content=\"Szacowany czas czytania\" \/>\n\t<meta name=\"twitter:data1\" content=\"9 minut\" \/>\n\t<meta name=\"twitter:label2\" content=\"Written by\" \/>\n\t<meta name=\"twitter:data2\" content=\"Ash Ali\" \/>\n<script type=\"application\/ld+json\" class=\"yoast-schema-graph\">{\"@context\":\"https:\/\/schema.org\",\"@graph\":[{\"@type\":\"WebPage\",\"@id\":\"https:\/\/knowhow.distrelec.com\/pl\/polityka-plikow-cookie\/\",\"url\":\"https:\/\/knowhow.distrelec.com\/pl\/polityka-plikow-cookie\/\",\"name\":\"Polityka plik\u00f3w cookie - KnowHow\",\"isPartOf\":{\"@id\":\"https:\/\/knowhow.distrelec.com\/pl\/#website\"},\"datePublished\":\"2022-11-08T13:00:32+00:00\",\"dateModified\":\"2022-11-08T13:00:35+00:00\",\"breadcrumb\":{\"@id\":\"https:\/\/knowhow.distrelec.com\/pl\/polityka-plikow-cookie\/#breadcrumb\"},\"inLanguage\":\"pl-PL\",\"potentialAction\":[{\"@type\":\"ReadAction\",\"target\":[\"https:\/\/knowhow.distrelec.com\/pl\/polityka-plikow-cookie\/\"]}]},{\"@type\":\"BreadcrumbList\",\"@id\":\"https:\/\/knowhow.distrelec.com\/pl\/polityka-plikow-cookie\/#breadcrumb\",\"itemListElement\":[{\"@type\":\"ListItem\",\"position\":1,\"name\":\"Strona g\u0142\u00f3wna\",\"item\":\"https:\/\/knowhow.distrelec.com\/pl\/\"},{\"@type\":\"ListItem\",\"position\":2,\"name\":\"Polityka plik\u00f3w cookie\"}]},{\"@type\":\"WebSite\",\"@id\":\"https:\/\/knowhow.distrelec.com\/pl\/#website\",\"url\":\"https:\/\/knowhow.distrelec.com\/pl\/\",\"name\":\"KnowHow\",\"description\":\"KnowHow Hub\",\"publisher\":{\"@id\":\"https:\/\/knowhow.distrelec.com\/pl\/#organization\"},\"potentialAction\":[{\"@type\":\"SearchAction\",\"target\":{\"@type\":\"EntryPoint\",\"urlTemplate\":\"https:\/\/knowhow.distrelec.com\/pl\/?s={search_term_string}\"},\"query-input\":{\"@type\":\"PropertyValueSpecification\",\"valueRequired\":true,\"valueName\":\"search_term_string\"}}],\"inLanguage\":\"pl-PL\"},{\"@type\":\"Organization\",\"@id\":\"https:\/\/knowhow.distrelec.com\/pl\/#organization\",\"name\":\"Distrelec\",\"url\":\"https:\/\/knowhow.distrelec.com\/pl\/\",\"logo\":{\"@type\":\"ImageObject\",\"inLanguage\":\"pl-PL\",\"@id\":\"https:\/\/knowhow.distrelec.com\/pl\/#\/schema\/logo\/image\/\",\"url\":\"https:\/\/knowhow.distrelec.com\/wp-content\/uploads\/2021\/09\/distrelec_logo.png\",\"contentUrl\":\"https:\/\/knowhow.distrelec.com\/wp-content\/uploads\/2021\/09\/distrelec_logo.png\",\"width\":530,\"height\":98,\"caption\":\"Distrelec\"},\"image\":{\"@id\":\"https:\/\/knowhow.distrelec.com\/pl\/#\/schema\/logo\/image\/\"}}]}<\/script>\n<!-- \/ Yoast SEO plugin. -->","yoast_head_json":{"title":"Polityka plik\u00f3w cookie - KnowHow","robots":{"index":"index","follow":"follow","max-snippet":"max-snippet:-1","max-image-preview":"max-image-preview:large","max-video-preview":"max-video-preview:-1"},"canonical":"https:\/\/knowhow.distrelec.com\/pl\/polityka-plikow-cookie\/","og_locale":"pl_PL","og_type":"article","og_title":"Polityka plik\u00f3w cookie - KnowHow","og_description":"1. Pliki cookie firmy Elfa Distrelec Nasze witryny internetowe i witryny mobilne wykorzystuj\u0105 pliki cookie w celu poprawy&hellip;","og_url":"https:\/\/knowhow.distrelec.com\/pl\/polityka-plikow-cookie\/","og_site_name":"KnowHow","article_modified_time":"2022-11-08T13:00:35+00:00","twitter_card":"summary_large_image","twitter_misc":{"Szacowany czas czytania":"9 minut","Written by":"Ash Ali"},"schema":{"@context":"https:\/\/schema.org","@graph":[{"@type":"WebPage","@id":"https:\/\/knowhow.distrelec.com\/pl\/polityka-plikow-cookie\/","url":"https:\/\/knowhow.distrelec.com\/pl\/polityka-plikow-cookie\/","name":"Polityka plik\u00f3w cookie - KnowHow","isPartOf":{"@id":"https:\/\/knowhow.distrelec.com\/pl\/#website"},"datePublished":"2022-11-08T13:00:32+00:00","dateModified":"2022-11-08T13:00:35+00:00","breadcrumb":{"@id":"https:\/\/knowhow.distrelec.com\/pl\/polityka-plikow-cookie\/#breadcrumb"},"inLanguage":"pl-PL","potentialAction":[{"@type":"ReadAction","target":["https:\/\/knowhow.distrelec.com\/pl\/polityka-plikow-cookie\/"]}]},{"@type":"BreadcrumbList","@id":"https:\/\/knowhow.distrelec.com\/pl\/polityka-plikow-cookie\/#breadcrumb","itemListElement":[{"@type":"ListItem","position":1,"name":"Strona g\u0142\u00f3wna","item":"https:\/\/knowhow.distrelec.com\/pl\/"},{"@type":"ListItem","position":2,"name":"Polityka plik\u00f3w cookie"}]},{"@type":"WebSite","@id":"https:\/\/knowhow.distrelec.com\/pl\/#website","url":"https:\/\/knowhow.distrelec.com\/pl\/","name":"KnowHow","description":"KnowHow Hub","publisher":{"@id":"https:\/\/knowhow.distrelec.com\/pl\/#organization"},"potentialAction":[{"@type":"SearchAction","target":{"@type":"EntryPoint","urlTemplate":"https:\/\/knowhow.distrelec.com\/pl\/?s={search_term_string}"},"query-input":{"@type":"PropertyValueSpecification","valueRequired":true,"valueName":"search_term_string"}}],"inLanguage":"pl-PL"},{"@type":"Organization","@id":"https:\/\/knowhow.distrelec.com\/pl\/#organization","name":"Distrelec","url":"https:\/\/knowhow.distrelec.com\/pl\/","logo":{"@type":"ImageObject","inLanguage":"pl-PL","@id":"https:\/\/knowhow.distrelec.com\/pl\/#\/schema\/logo\/image\/","url":"https:\/\/knowhow.distrelec.com\/wp-content\/uploads\/2021\/09\/distrelec_logo.png","contentUrl":"https:\/\/knowhow.distrelec.com\/wp-content\/uploads\/2021\/09\/distrelec_logo.png","width":530,"height":98,"caption":"Distrelec"},"image":{"@id":"https:\/\/knowhow.distrelec.com\/pl\/#\/schema\/logo\/image\/"}}]}},"jetpack_sharing_enabled":true,"_links":{"self":[{"href":"https:\/\/knowhow.distrelec.com\/pl\/wp-json\/wp\/v2\/pages\/39771","targetHints":{"allow":["GET"]}}],"collection":[{"href":"https:\/\/knowhow.distrelec.com\/pl\/wp-json\/wp\/v2\/pages"}],"about":[{"href":"https:\/\/knowhow.distrelec.com\/pl\/wp-json\/wp\/v2\/types\/page"}],"author":[{"embeddable":true,"href":"https:\/\/knowhow.distrelec.com\/pl\/wp-json\/wp\/v2\/users\/2"}],"replies":[{"embeddable":true,"href":"https:\/\/knowhow.distrelec.com\/pl\/wp-json\/wp\/v2\/comments?post=39771"}],"version-history":[{"count":0,"href":"https:\/\/knowhow.distrelec.com\/pl\/wp-json\/wp\/v2\/pages\/39771\/revisions"}],"wp:attachment":[{"href":"https:\/\/knowhow.distrelec.com\/pl\/wp-json\/wp\/v2\/media?parent=39771"}],"wp:term":[{"taxonomy":"author","embeddable":true,"href":"https:\/\/knowhow.distrelec.com\/pl\/wp-json\/wp\/v2\/coauthors?post=39771"}],"curies":[{"name":"wp","href":"https:\/\/api.w.org\/{rel}","templated":true}]}}