{"id":7290,"date":"2021-09-08T17:26:00","date_gmt":"2021-09-08T17:26:00","guid":{"rendered":"https:\/\/knowhow.distrelec.com\/?page_id=7290"},"modified":"2024-03-11T12:13:06","modified_gmt":"2024-03-11T12:13:06","slug":"o-knowhow","status":"publish","type":"page","link":"https:\/\/knowhow.distrelec.com\/pl\/o-knowhow\/","title":{"rendered":"KnowHow"},"content":{"rendered":"\n<p><strong>\u0179r\u00f3d\u0142o wiedzy o technologiach<\/strong><\/p>\n\n<p>Witamy w KnowHow \u2013 internetowej platformie edukacyjnej <a href=\"https:\/\/www.distrelec.com\/global\/\" target=\"_blank\" rel=\"noreferrer noopener\">Elfy Distrelec<\/a>, czo\u0142owego dystrybutora elektroniki, aparatury kontrolno-pomiarowej i rozwi\u0105za\u0144 z zakresu automatyzacji.<\/p>\n\n<p>W serwisie KnowHow mo\u017cna znale\u017a\u0107 artyku\u0142y na r\u00f3\u017cne tematy zwi\u0105zane z elektronik\u0105, technik\u0105 i technologi\u0105, samouczki oraz analizy rynkowe. KnowHow to \u017ar\u00f3d\u0142o profesjonalnej wiedzy, rozwi\u0105za\u0144 i wsparcia w rozwoju produkt\u00f3w.<\/p>\n\n<p>W KnowHow znajdziesz materia\u0142y obejmuj\u0105ce szeroki zakres temat\u00f3w, w tym m.in:<\/p>\n\n<ul class=\"wp-block-list\">\n<li>podstawy i zaawansowane koncepcje elektroniki,<\/li>\n\n\n\n<li>automatyka i robotyka,<\/li>\n\n\n\n<li>techniki pomiarowe i testowe,<\/li>\n\n\n\n<li>poradniki na temat korzystania narz\u0119dzi i komponent\u00f3w,<\/li>\n\n\n\n<li>wiadomo\u015bci na temat nowych technologii i trend\u00f3w w bran\u017cy,<\/li>\n\n\n\n<li>rozmowy z ekspertami,<\/li>\n\n\n\n<li>recenzje i por\u00f3wnania produkt\u00f3w.<\/li>\n<\/ul>\n\n<h2 id=\"nasza-redakcja\" class=\"wp-block-heading\">Nasza redakcja <\/h2>\n\n<p><strong>Poznaj zesp\u00f3\u0142 redaktor\u00f3w<\/strong><\/p>\n\n<ul class=\"wp-block-list\"><\/ul>\n\n<p>Zespo\u0142owi KnowHow przewodz\u0105 <a href=\"https:\/\/knowhow.distrelec.com\/author\/justyna-matusza\/\" target=\"_blank\" rel=\"noreferrer noopener\">Justyna Matuszak<\/a> i <a href=\"https:\/\/knowhow.distrelec.com\/author\/jack-portley\/\" target=\"_blank\" rel=\"noreferrer noopener\">Jack Portley<\/a>. Dzi\u0119ki ci\u0119\u017ckiej pracy odnie\u015bli sukces w presti\u017cowym konkursie Global Content Awards 2023, zdobywaj\u0105c tytu\u0142 Global In-House Content Team of the Year oraz plasuj\u0105c si\u0119 w finale kategorii Global Content Strategy of the Year.<\/p>\n\n<figure class=\"wp-block-image size-large\"><img  loading=\"lazy\"  decoding=\"async\"  height=\"683\"  width=\"1024\"  src=\"data:image\/png;base64,iVBORw0KGgoAAAANSUhEUgAABAAAAAKrAQMAAABV2G3XAAAAA1BMVEUAAP+KeNJXAAAAAXRSTlMAQObYZgAAAAlwSFlzAAAOxAAADsQBlSsOGwAAAGxJREFUeNrtwTEBAAAAwqD1T20MH6AAAAAAAAAAAAAAAAAAAAAAAAAAAAAAAAAAAAAAAAAAAAAAAAAAAAAAAAAAAAAAAAAAAAAAAAAAAAAAAAAAAAAAAAAAAAAAAAAAAAAAAAAAAAAAAAAAOBtYOgAB23VbnQAAAABJRU5ErkJggg==\"  alt=\"\"  class=\"wp-image-68783 pk-lazyload\"  data-pk-sizes=\"auto\"  data-ls-sizes=\"auto, (max-width: 1024px) 100vw, 1024px\"  data-pk-src=\"https:\/\/knowhow.distrelec.com\/wp-content\/uploads\/2024\/02\/IMG_4805_3000x2000-1024x683.jpg\"  data-pk-srcset=\"https:\/\/knowhow.distrelec.com\/wp-content\/uploads\/2024\/02\/IMG_4805_3000x2000-1024x683.jpg 1024w, https:\/\/knowhow.distrelec.com\/wp-content\/uploads\/2024\/02\/IMG_4805_3000x2000-300x200.jpg 300w, https:\/\/knowhow.distrelec.com\/wp-content\/uploads\/2024\/02\/IMG_4805_3000x2000-768x512.jpg 768w, https:\/\/knowhow.distrelec.com\/wp-content\/uploads\/2024\/02\/IMG_4805_3000x2000-1536x1024.jpg 1536w, https:\/\/knowhow.distrelec.com\/wp-content\/uploads\/2024\/02\/IMG_4805_3000x2000-2048x1365.jpg 2048w, https:\/\/knowhow.distrelec.com\/wp-content\/uploads\/2024\/02\/IMG_4805_3000x2000-380x253.jpg 380w, https:\/\/knowhow.distrelec.com\/wp-content\/uploads\/2024\/02\/IMG_4805_3000x2000-550x367.jpg 550w, https:\/\/knowhow.distrelec.com\/wp-content\/uploads\/2024\/02\/IMG_4805_3000x2000-800x533.jpg 800w, https:\/\/knowhow.distrelec.com\/wp-content\/uploads\/2024\/02\/IMG_4805_3000x2000-1160x773.jpg 1160w, https:\/\/knowhow.distrelec.com\/wp-content\/uploads\/2024\/02\/IMG_4805_3000x2000-scaled.jpg 2560w\" ><\/figure>\n\n<p>KnowHow to doskona\u0142e \u017ar\u00f3d\u0142o informacji dla tych, kt\u00f3rzy pragn\u0105 poszerza\u0107 swoj\u0105 wiedz\u0119 techniczn\u0105, by\u0107 na bie\u017c\u0105co z najnowszymi osi\u0105gni\u0119ciami technologii lub znale\u017a\u0107 praktyczne rozwi\u0105zania swoich problem\u00f3w technicznych. Dzi\u0119ki szerokiemu do\u015bwiadczeniu bran\u017cowemu i wsp\u00f3\u0142pracy z rynkowymi liderami Elfa Distrelec ma dost\u0119p do najnowszych informacji i wysokiej jako\u015bci tre\u015bci.<\/p>\n\n<blockquote class=\"wp-block-quote is-layout-flow wp-block-quote-is-layout-flow\">\n<p><em><em>\u201eWk\u0142adamy du\u017co serca w tworzenie warto\u015bciowych materia\u0142\u00f3w o tematyce bran\u017cowej, aby dostarcza\u0107 naszym odbiorcom informacji o najnowszych trendach, technologiach i innowacjach. Dok\u0142adamy r\u00f3wnie\u017c wszelkich stara\u0144, aby czytelnicy mieli dost\u0119p do przydatnych i edukacyjnych artyku\u0142\u00f3w, obejmuj\u0105cych szeroki zakres temat\u00f3w, w tym robotyk\u0119, uczenie maszynowe, sztuczn\u0105 inteligencj\u0119, automatyzacj\u0119 i wci\u0105\u017c post\u0119puj\u0105c\u0105 cyfryzacj\u0119 naszego \u015bwiata\u201d.<\/em><\/em><\/p>\n<\/blockquote>\n\n<p>Nasz zesp\u00f3\u0142 sk\u0142ada si\u0119 z <a href=\"https:\/\/knowhow.distrelec.com\/pl\/redaktorzy-wspoltworzacy\/\" target=\"_blank\" rel=\"noreferrer noopener\">redaktor\u00f3w wsp\u00f3\u0142tworz\u0105cych<\/a> i utalentowanych ekspert\u00f3w z r\u00f3\u017cnych dziedzin. Ponadto anga\u017cujemy si\u0119 we wsp\u00f3\u0142prac\u0119 z wieloma renomowanymi dostawcami bran\u017cowymi, znanymi z produkcji produkt\u00f3w w r\u00f3\u017cnych sektorach biznesowych. Dzi\u0119ki temu mo\u017cemy zaoferowa\u0107 naszym klientom szereg webinar\u00f3w, poradnik\u00f3w dla kupuj\u0105cych, studi\u00f3w przypadk\u00f3w i raport\u00f3w.<\/p>\n\n<figure class=\"wp-block-image size-large\"><a href=\"https:\/\/globalcontentawards.com\/2023-winners\/\" target=\"_blank\" rel=\"noreferrer noopener\"><img  loading=\"lazy\"  decoding=\"async\"  height=\"256\"  width=\"1024\"  src=\"data:image\/png;base64,iVBORw0KGgoAAAANSUhEUgAAAAEAAAABAQMAAAAl21bKAAAAA1BMVEUAAP+KeNJXAAAAAXRSTlMAQObYZgAAAAlwSFlzAAAOxAAADsQBlSsOGwAAAApJREFUCNdjYAAAAAIAAeIhvDMAAAAASUVORK5CYII=\"  alt=\"\"  class=\"wp-image-68800 pk-lazyload\"  data-pk-sizes=\"auto\"  data-pk-src=\"https:\/\/knowhow.distrelec.com\/wp-content\/uploads\/2024\/02\/GCA23_WinnerBanner-2048x512-1-1024x256.png\" ><\/a><\/figure>\n\n<hr class=\"wp-block-separator has-alpha-channel-opacity\" \/>\n\n<p><strong>Napisz do nas<\/strong><\/p>\n\n<p>Mamy nadziej\u0119, \u017ce nasza platforma KnowHow oraz zawarte w niej tre\u015bci przypadn\u0105 Ci do gustu. Ch\u0119tnie poznamy Twoje uwagi i sugestie. Je\u015bli chcesz przeczyta\u0107 o konkretnych tematach, daj nam zna\u0107. Mo\u017cesz napisa\u0107 do nas, klikaj\u0105c <a href=\"https:\/\/knowhowprod.wpengine.com\/contact-form\/\" target=\"_blank\" rel=\"noreferrer noopener\">tutaj<\/a> lub wysy\u0142aj\u0105c wiadomo\u015b\u0107 email na adres: <a href=\"mailto:content.team@distrelec.com\" target=\"_blank\" rel=\"noreferrer noopener\">content.team@distrelec.com<\/a>. Nasz adres do korespondencji to:<\/p>\n\n<p>Two Saint Peter&#8217;s Square<br \/>Manchester M2 3AA<br \/>United Kingdom<br \/>044 944 99 11<\/p>\n","protected":false},"excerpt":{"rendered":"\u0179r\u00f3d\u0142o wiedzy o technologiach Witamy w KnowHow \u2013 internetowej platformie edukacyjnej Elfy Distrelec, czo\u0142owego dystrybutora elektroniki, aparatury kontrolno-pomiarowej&hellip;\n","protected":false},"author":4,"featured_media":0,"parent":0,"menu_order":0,"comment_status":"closed","ping_status":"closed","template":"","meta":{"csco_singular_sidebar":"","csco_page_header_type":"","csco_appearance_grid":"","csco_page_load_nextpost":"","csco_post_video_location":[],"csco_post_video_location_hash":"","csco_post_video_url":"","csco_post_video_bg_start_time":0,"csco_post_video_bg_end_time":0,"footnotes":""},"coauthors":[1750],"class_list":{"0":"post-7290","1":"page","2":"type-page","3":"status-publish","5":"cs-entry","6":"cs-video-wrap"},"yoast_head":"<!-- This site is optimized with the Yoast SEO plugin v24.4 - https:\/\/yoast.com\/wordpress\/plugins\/seo\/ -->\n<title>KnowHow - KnowHow<\/title>\n<meta name=\"robots\" content=\"index, follow, max-snippet:-1, max-image-preview:large, max-video-preview:-1\" \/>\n<link rel=\"canonical\" href=\"https:\/\/knowhow.distrelec.com\/pl\/o-knowhow\/\" \/>\n<meta property=\"og:locale\" content=\"pl_PL\" \/>\n<meta property=\"og:type\" content=\"article\" \/>\n<meta property=\"og:title\" content=\"KnowHow - KnowHow\" \/>\n<meta property=\"og:description\" content=\"\u0179r\u00f3d\u0142o wiedzy o technologiach Witamy w KnowHow \u2013 internetowej platformie edukacyjnej Elfy Distrelec, czo\u0142owego dystrybutora elektroniki, aparatury kontrolno-pomiarowej&hellip;\" \/>\n<meta property=\"og:url\" content=\"https:\/\/knowhow.distrelec.com\/pl\/o-knowhow\/\" \/>\n<meta property=\"og:site_name\" content=\"KnowHow\" \/>\n<meta property=\"article:modified_time\" content=\"2024-03-11T12:13:06+00:00\" \/>\n<meta property=\"og:image\" content=\"https:\/\/knowhow.distrelec.com\/wp-content\/uploads\/2024\/02\/IMG_4805_3000x2000-1024x683.jpg\" \/>\n<meta name=\"twitter:card\" content=\"summary_large_image\" \/>\n<meta name=\"twitter:label1\" content=\"Szacowany czas czytania\" \/>\n\t<meta name=\"twitter:data1\" content=\"2 minuty\" \/>\n\t<meta name=\"twitter:label2\" content=\"Written by\" \/>\n\t<meta name=\"twitter:data2\" content=\"Chris Rush\" \/>\n<script type=\"application\/ld+json\" class=\"yoast-schema-graph\">{\"@context\":\"https:\/\/schema.org\",\"@graph\":[{\"@type\":\"WebPage\",\"@id\":\"https:\/\/knowhow.distrelec.com\/pl\/o-knowhow\/\",\"url\":\"https:\/\/knowhow.distrelec.com\/pl\/o-knowhow\/\",\"name\":\"KnowHow - KnowHow\",\"isPartOf\":{\"@id\":\"https:\/\/knowhow.distrelec.com\/pl\/#website\"},\"primaryImageOfPage\":{\"@id\":\"https:\/\/knowhow.distrelec.com\/pl\/o-knowhow\/#primaryimage\"},\"image\":{\"@id\":\"https:\/\/knowhow.distrelec.com\/pl\/o-knowhow\/#primaryimage\"},\"thumbnailUrl\":\"https:\/\/knowhow.distrelec.com\/wp-content\/uploads\/2024\/02\/IMG_4805_3000x2000-1024x683.jpg\",\"datePublished\":\"2021-09-08T17:26:00+00:00\",\"dateModified\":\"2024-03-11T12:13:06+00:00\",\"breadcrumb\":{\"@id\":\"https:\/\/knowhow.distrelec.com\/pl\/o-knowhow\/#breadcrumb\"},\"inLanguage\":\"pl-PL\",\"potentialAction\":[{\"@type\":\"ReadAction\",\"target\":[\"https:\/\/knowhow.distrelec.com\/pl\/o-knowhow\/\"]}]},{\"@type\":\"ImageObject\",\"inLanguage\":\"pl-PL\",\"@id\":\"https:\/\/knowhow.distrelec.com\/pl\/o-knowhow\/#primaryimage\",\"url\":\"https:\/\/knowhow.distrelec.com\/wp-content\/uploads\/2024\/02\/IMG_4805_3000x2000-1024x683.jpg\",\"contentUrl\":\"https:\/\/knowhow.distrelec.com\/wp-content\/uploads\/2024\/02\/IMG_4805_3000x2000-1024x683.jpg\"},{\"@type\":\"BreadcrumbList\",\"@id\":\"https:\/\/knowhow.distrelec.com\/pl\/o-knowhow\/#breadcrumb\",\"itemListElement\":[{\"@type\":\"ListItem\",\"position\":1,\"name\":\"Strona g\u0142\u00f3wna\",\"item\":\"https:\/\/knowhow.distrelec.com\/pl\/\"},{\"@type\":\"ListItem\",\"position\":2,\"name\":\"KnowHow\"}]},{\"@type\":\"WebSite\",\"@id\":\"https:\/\/knowhow.distrelec.com\/pl\/#website\",\"url\":\"https:\/\/knowhow.distrelec.com\/pl\/\",\"name\":\"KnowHow\",\"description\":\"KnowHow Hub\",\"publisher\":{\"@id\":\"https:\/\/knowhow.distrelec.com\/pl\/#organization\"},\"potentialAction\":[{\"@type\":\"SearchAction\",\"target\":{\"@type\":\"EntryPoint\",\"urlTemplate\":\"https:\/\/knowhow.distrelec.com\/pl\/?s={search_term_string}\"},\"query-input\":{\"@type\":\"PropertyValueSpecification\",\"valueRequired\":true,\"valueName\":\"search_term_string\"}}],\"inLanguage\":\"pl-PL\"},{\"@type\":\"Organization\",\"@id\":\"https:\/\/knowhow.distrelec.com\/pl\/#organization\",\"name\":\"Distrelec\",\"url\":\"https:\/\/knowhow.distrelec.com\/pl\/\",\"logo\":{\"@type\":\"ImageObject\",\"inLanguage\":\"pl-PL\",\"@id\":\"https:\/\/knowhow.distrelec.com\/pl\/#\/schema\/logo\/image\/\",\"url\":\"https:\/\/knowhow.distrelec.com\/wp-content\/uploads\/2021\/09\/distrelec_logo.png\",\"contentUrl\":\"https:\/\/knowhow.distrelec.com\/wp-content\/uploads\/2021\/09\/distrelec_logo.png\",\"width\":530,\"height\":98,\"caption\":\"Distrelec\"},\"image\":{\"@id\":\"https:\/\/knowhow.distrelec.com\/pl\/#\/schema\/logo\/image\/\"}}]}<\/script>\n<!-- \/ Yoast SEO plugin. -->","yoast_head_json":{"title":"KnowHow - KnowHow","robots":{"index":"index","follow":"follow","max-snippet":"max-snippet:-1","max-image-preview":"max-image-preview:large","max-video-preview":"max-video-preview:-1"},"canonical":"https:\/\/knowhow.distrelec.com\/pl\/o-knowhow\/","og_locale":"pl_PL","og_type":"article","og_title":"KnowHow - KnowHow","og_description":"\u0179r\u00f3d\u0142o wiedzy o technologiach Witamy w KnowHow \u2013 internetowej platformie edukacyjnej Elfy Distrelec, czo\u0142owego dystrybutora elektroniki, aparatury kontrolno-pomiarowej&hellip;","og_url":"https:\/\/knowhow.distrelec.com\/pl\/o-knowhow\/","og_site_name":"KnowHow","article_modified_time":"2024-03-11T12:13:06+00:00","og_image":[{"url":"https:\/\/knowhow.distrelec.com\/wp-content\/uploads\/2024\/02\/IMG_4805_3000x2000-1024x683.jpg","type":"","width":"","height":""}],"twitter_card":"summary_large_image","twitter_misc":{"Szacowany czas czytania":"2 minuty","Written by":"Chris Rush"},"schema":{"@context":"https:\/\/schema.org","@graph":[{"@type":"WebPage","@id":"https:\/\/knowhow.distrelec.com\/pl\/o-knowhow\/","url":"https:\/\/knowhow.distrelec.com\/pl\/o-knowhow\/","name":"KnowHow - KnowHow","isPartOf":{"@id":"https:\/\/knowhow.distrelec.com\/pl\/#website"},"primaryImageOfPage":{"@id":"https:\/\/knowhow.distrelec.com\/pl\/o-knowhow\/#primaryimage"},"image":{"@id":"https:\/\/knowhow.distrelec.com\/pl\/o-knowhow\/#primaryimage"},"thumbnailUrl":"https:\/\/knowhow.distrelec.com\/wp-content\/uploads\/2024\/02\/IMG_4805_3000x2000-1024x683.jpg","datePublished":"2021-09-08T17:26:00+00:00","dateModified":"2024-03-11T12:13:06+00:00","breadcrumb":{"@id":"https:\/\/knowhow.distrelec.com\/pl\/o-knowhow\/#breadcrumb"},"inLanguage":"pl-PL","potentialAction":[{"@type":"ReadAction","target":["https:\/\/knowhow.distrelec.com\/pl\/o-knowhow\/"]}]},{"@type":"ImageObject","inLanguage":"pl-PL","@id":"https:\/\/knowhow.distrelec.com\/pl\/o-knowhow\/#primaryimage","url":"https:\/\/knowhow.distrelec.com\/wp-content\/uploads\/2024\/02\/IMG_4805_3000x2000-1024x683.jpg","contentUrl":"https:\/\/knowhow.distrelec.com\/wp-content\/uploads\/2024\/02\/IMG_4805_3000x2000-1024x683.jpg"},{"@type":"BreadcrumbList","@id":"https:\/\/knowhow.distrelec.com\/pl\/o-knowhow\/#breadcrumb","itemListElement":[{"@type":"ListItem","position":1,"name":"Strona g\u0142\u00f3wna","item":"https:\/\/knowhow.distrelec.com\/pl\/"},{"@type":"ListItem","position":2,"name":"KnowHow"}]},{"@type":"WebSite","@id":"https:\/\/knowhow.distrelec.com\/pl\/#website","url":"https:\/\/knowhow.distrelec.com\/pl\/","name":"KnowHow","description":"KnowHow Hub","publisher":{"@id":"https:\/\/knowhow.distrelec.com\/pl\/#organization"},"potentialAction":[{"@type":"SearchAction","target":{"@type":"EntryPoint","urlTemplate":"https:\/\/knowhow.distrelec.com\/pl\/?s={search_term_string}"},"query-input":{"@type":"PropertyValueSpecification","valueRequired":true,"valueName":"search_term_string"}}],"inLanguage":"pl-PL"},{"@type":"Organization","@id":"https:\/\/knowhow.distrelec.com\/pl\/#organization","name":"Distrelec","url":"https:\/\/knowhow.distrelec.com\/pl\/","logo":{"@type":"ImageObject","inLanguage":"pl-PL","@id":"https:\/\/knowhow.distrelec.com\/pl\/#\/schema\/logo\/image\/","url":"https:\/\/knowhow.distrelec.com\/wp-content\/uploads\/2021\/09\/distrelec_logo.png","contentUrl":"https:\/\/knowhow.distrelec.com\/wp-content\/uploads\/2021\/09\/distrelec_logo.png","width":530,"height":98,"caption":"Distrelec"},"image":{"@id":"https:\/\/knowhow.distrelec.com\/pl\/#\/schema\/logo\/image\/"}}]}},"jetpack_sharing_enabled":true,"_links":{"self":[{"href":"https:\/\/knowhow.distrelec.com\/pl\/wp-json\/wp\/v2\/pages\/7290","targetHints":{"allow":["GET"]}}],"collection":[{"href":"https:\/\/knowhow.distrelec.com\/pl\/wp-json\/wp\/v2\/pages"}],"about":[{"href":"https:\/\/knowhow.distrelec.com\/pl\/wp-json\/wp\/v2\/types\/page"}],"author":[{"embeddable":true,"href":"https:\/\/knowhow.distrelec.com\/pl\/wp-json\/wp\/v2\/users\/4"}],"replies":[{"embeddable":true,"href":"https:\/\/knowhow.distrelec.com\/pl\/wp-json\/wp\/v2\/comments?post=7290"}],"version-history":[{"count":0,"href":"https:\/\/knowhow.distrelec.com\/pl\/wp-json\/wp\/v2\/pages\/7290\/revisions"}],"wp:attachment":[{"href":"https:\/\/knowhow.distrelec.com\/pl\/wp-json\/wp\/v2\/media?parent=7290"}],"wp:term":[{"taxonomy":"author","embeddable":true,"href":"https:\/\/knowhow.distrelec.com\/pl\/wp-json\/wp\/v2\/coauthors?post=7290"}],"curies":[{"name":"wp","href":"https:\/\/api.w.org\/{rel}","templated":true}]}}