{"id":13941,"date":"2022-01-28T13:51:40","date_gmt":"2022-01-28T13:51:40","guid":{"rendered":"https:\/\/knowhow.distrelec.com\/?page_id=13941"},"modified":"2022-07-08T11:22:20","modified_gmt":"2022-07-08T11:22:20","slug":"ebook-serien-teknik-losningar","status":"publish","type":"page","link":"https:\/\/knowhow.distrelec.com\/sv\/ebook-serien-teknik-losningar\/","title":{"rendered":"eBook-serien teknik &#038; l\u00f6sningar"},"content":{"rendered":"\n<p><strong>Senaste utg\u00e5van:<\/strong> Industriell tillverkning<\/p>\n\n\n\n<p>Elfa Distrelec tillk\u00e4nnager stolt den tredje upplagan av sin eBook- serie med fokus p\u00e5 industriell<br>tillverkning.<\/p>\n\n\n\n<p>Elfa Distrelec investerar i innovativa l\u00f6sningar genom att arbeta med v\u00e5ra huvudleverant\u00f6rer f\u00f6r att leverera en f\u00f6rstklassig produktportf\u00f6lj till v\u00e5ra kunder. I den h\u00e4r e-boken tittar vi p\u00e5 n\u00e5gra av l\u00f6sningarna i industriell tillverkning som leds av v\u00e5ra fr\u00e4msta leverant\u00f6rer som \u00e4r framst\u00e5ende experter inom sina omr\u00e5den.<\/p>\n\n\n\n<figure class=\"wp-block-image size-large\"><img  loading=\"lazy\"  decoding=\"async\"  height=\"683\"  width=\"1024\"  src=\"data:image\/png;base64,iVBORw0KGgoAAAANSUhEUgAABAAAAAKrAQMAAABV2G3XAAAAA1BMVEUAAP+KeNJXAAAAAXRSTlMAQObYZgAAAAlwSFlzAAAOxAAADsQBlSsOGwAAAGxJREFUeNrtwTEBAAAAwqD1T20MH6AAAAAAAAAAAAAAAAAAAAAAAAAAAAAAAAAAAAAAAAAAAAAAAAAAAAAAAAAAAAAAAAAAAAAAAAAAAAAAAAAAAAAAAAAAAAAAAAAAAAAAAAAAAAAAAAAAOBtYOgAB23VbnQAAAABJRU5ErkJggg==\"  alt=\"\"  class=\"wp-image-32447 pk-lazyload\"  data-pk-sizes=\"auto\"  data-pk-src=\"https:\/\/knowhow.distrelec.com\/wp-content\/uploads\/2022\/06\/eBook-showcase-white-2-1024x683.jpg\" ><\/figure>\n\n\n\n<div class=\"wp-block-buttons is-horizontal is-content-justification-center is-layout-flex wp-container-core-buttons-is-layout-499968f5 wp-block-buttons-is-layout-flex\">\n<div class=\"wp-block-button\"><a class=\"wp-block-button__link has-red-background-color has-background\" href=\"https:\/\/knowhow.distrelec.com\/wp-content\/uploads\/2022\/06\/eBook-Q1-Industrial-Manufacturing-SE.pdf\" target=\"_blank\" rel=\"noreferrer noopener\">Ladda ner nu<\/a><\/div>\n<\/div>\n\n\n\n<hr class=\"wp-block-separator\"\/>\n\n\n\n<figure class=\"wp-block-image size-large\"><img  loading=\"lazy\"  decoding=\"async\"  height=\"683\"  width=\"1024\"  src=\"data:image\/png;base64,iVBORw0KGgoAAAANSUhEUgAABAAAAAKrAQMAAABV2G3XAAAAA1BMVEUAAP+KeNJXAAAAAXRSTlMAQObYZgAAAAlwSFlzAAAOxAAADsQBlSsOGwAAAGxJREFUeNrtwTEBAAAAwqD1T20MH6AAAAAAAAAAAAAAAAAAAAAAAAAAAAAAAAAAAAAAAAAAAAAAAAAAAAAAAAAAAAAAAAAAAAAAAAAAAAAAAAAAAAAAAAAAAAAAAAAAAAAAAAAAAAAAAAAAOBtYOgAB23VbnQAAAABJRU5ErkJggg==\"  alt=\"\"  class=\"wp-image-13995 pk-lazyload\"  data-pk-sizes=\"auto\"  data-pk-src=\"https:\/\/knowhow.distrelec.com\/wp-content\/uploads\/2022\/01\/eBook-Cover-1-1024x683.jpg\" ><\/figure>\n\n\n\n<div class=\"wp-block-buttons is-horizontal is-content-justification-center is-layout-flex wp-container-core-buttons-is-layout-499968f5 wp-block-buttons-is-layout-flex\">\n<div class=\"wp-block-button\"><a class=\"wp-block-button__link has-red-background-color has-background\" href=\"https:\/\/knowhow.distrelec.com\/wp-content\/uploads\/2022\/01\/eBook-Q4-Transportation-SV.pdf\" target=\"_blank\" rel=\"noreferrer noopener\">Ladda ner nu<\/a><\/div>\n<\/div>\n","protected":false},"excerpt":{"rendered":"Senaste utg\u00e5van: Industriell tillverkning Elfa Distrelec tillk\u00e4nnager stolt den tredje upplagan av sin eBook- serie med fokus p\u00e5&hellip;\n","protected":false},"author":4,"featured_media":13933,"parent":0,"menu_order":0,"comment_status":"closed","ping_status":"closed","template":"","meta":{"csco_singular_sidebar":"","csco_page_header_type":"","csco_appearance_grid":"","csco_page_load_nextpost":"","csco_post_video_location":[],"csco_post_video_location_hash":"","csco_post_video_url":"","csco_post_video_bg_start_time":0,"csco_post_video_bg_end_time":0,"footnotes":""},"coauthors":[],"class_list":{"0":"post-13941","1":"page","2":"type-page","3":"status-publish","4":"has-post-thumbnail","6":"cs-entry","7":"cs-video-wrap"},"yoast_head":"<!-- This site is optimized with the Yoast SEO plugin v24.4 - https:\/\/yoast.com\/wordpress\/plugins\/seo\/ -->\n<title>eBook-serien teknik &amp; l\u00f6sningar - KnowHow<\/title>\n<meta name=\"robots\" content=\"index, follow, max-snippet:-1, max-image-preview:large, max-video-preview:-1\" \/>\n<link rel=\"canonical\" href=\"https:\/\/knowhow.distrelec.com\/sv\/ebook-serien-teknik-losningar\/\" \/>\n<meta property=\"og:locale\" content=\"sv_SE\" \/>\n<meta property=\"og:type\" content=\"article\" \/>\n<meta property=\"og:title\" content=\"eBook-serien teknik &amp; l\u00f6sningar - KnowHow\" \/>\n<meta property=\"og:description\" content=\"Senaste utg\u00e5van: Industriell tillverkning Elfa Distrelec tillk\u00e4nnager stolt den tredje upplagan av sin eBook- serie med fokus p\u00e5&hellip;\" \/>\n<meta property=\"og:url\" content=\"https:\/\/knowhow.distrelec.com\/sv\/ebook-serien-teknik-losningar\/\" \/>\n<meta property=\"og:site_name\" content=\"KnowHow\" \/>\n<meta property=\"article:modified_time\" content=\"2022-07-08T11:22:20+00:00\" \/>\n<meta property=\"og:image\" content=\"https:\/\/knowhow.distrelec.com\/wp-content\/uploads\/2022\/01\/ebook-banner-2.jpg\" \/>\n\t<meta property=\"og:image:width\" content=\"2000\" \/>\n\t<meta property=\"og:image:height\" content=\"800\" \/>\n\t<meta property=\"og:image:type\" content=\"image\/jpeg\" \/>\n<meta name=\"twitter:card\" content=\"summary_large_image\" \/>\n<meta name=\"twitter:label1\" content=\"Ber\u00e4knad l\u00e4stid\" \/>\n\t<meta name=\"twitter:data1\" content=\"1 minut\" \/>\n\t<meta name=\"twitter:label2\" content=\"Skriven av\" \/>\n\t<meta name=\"twitter:data2\" content=\"Chris Rush\" \/>\n<script type=\"application\/ld+json\" class=\"yoast-schema-graph\">{\"@context\":\"https:\/\/schema.org\",\"@graph\":[{\"@type\":\"WebPage\",\"@id\":\"https:\/\/knowhow.distrelec.com\/sv\/ebook-serien-teknik-losningar\/\",\"url\":\"https:\/\/knowhow.distrelec.com\/sv\/ebook-serien-teknik-losningar\/\",\"name\":\"eBook-serien teknik & l\u00f6sningar - KnowHow\",\"isPartOf\":{\"@id\":\"https:\/\/knowhow.distrelec.com\/sv\/#website\"},\"primaryImageOfPage\":{\"@id\":\"https:\/\/knowhow.distrelec.com\/sv\/ebook-serien-teknik-losningar\/#primaryimage\"},\"image\":{\"@id\":\"https:\/\/knowhow.distrelec.com\/sv\/ebook-serien-teknik-losningar\/#primaryimage\"},\"thumbnailUrl\":\"https:\/\/knowhow.distrelec.com\/wp-content\/uploads\/2022\/01\/ebook-banner-2.jpg\",\"datePublished\":\"2022-01-28T13:51:40+00:00\",\"dateModified\":\"2022-07-08T11:22:20+00:00\",\"breadcrumb\":{\"@id\":\"https:\/\/knowhow.distrelec.com\/sv\/ebook-serien-teknik-losningar\/#breadcrumb\"},\"inLanguage\":\"sv-SE\",\"potentialAction\":[{\"@type\":\"ReadAction\",\"target\":[\"https:\/\/knowhow.distrelec.com\/sv\/ebook-serien-teknik-losningar\/\"]}]},{\"@type\":\"ImageObject\",\"inLanguage\":\"sv-SE\",\"@id\":\"https:\/\/knowhow.distrelec.com\/sv\/ebook-serien-teknik-losningar\/#primaryimage\",\"url\":\"https:\/\/knowhow.distrelec.com\/wp-content\/uploads\/2022\/01\/ebook-banner-2.jpg\",\"contentUrl\":\"https:\/\/knowhow.distrelec.com\/wp-content\/uploads\/2022\/01\/ebook-banner-2.jpg\",\"width\":2000,\"height\":800},{\"@type\":\"BreadcrumbList\",\"@id\":\"https:\/\/knowhow.distrelec.com\/sv\/ebook-serien-teknik-losningar\/#breadcrumb\",\"itemListElement\":[{\"@type\":\"ListItem\",\"position\":1,\"name\":\"Hem\",\"item\":\"https:\/\/knowhow.distrelec.com\/sv\/\"},{\"@type\":\"ListItem\",\"position\":2,\"name\":\"eBook-serien teknik &#038; l\u00f6sningar\"}]},{\"@type\":\"WebSite\",\"@id\":\"https:\/\/knowhow.distrelec.com\/sv\/#website\",\"url\":\"https:\/\/knowhow.distrelec.com\/sv\/\",\"name\":\"KnowHow\",\"description\":\"KnowHow Hub\",\"publisher\":{\"@id\":\"https:\/\/knowhow.distrelec.com\/sv\/#organization\"},\"potentialAction\":[{\"@type\":\"SearchAction\",\"target\":{\"@type\":\"EntryPoint\",\"urlTemplate\":\"https:\/\/knowhow.distrelec.com\/sv\/?s={search_term_string}\"},\"query-input\":{\"@type\":\"PropertyValueSpecification\",\"valueRequired\":true,\"valueName\":\"search_term_string\"}}],\"inLanguage\":\"sv-SE\"},{\"@type\":\"Organization\",\"@id\":\"https:\/\/knowhow.distrelec.com\/sv\/#organization\",\"name\":\"Distrelec\",\"url\":\"https:\/\/knowhow.distrelec.com\/sv\/\",\"logo\":{\"@type\":\"ImageObject\",\"inLanguage\":\"sv-SE\",\"@id\":\"https:\/\/knowhow.distrelec.com\/sv\/#\/schema\/logo\/image\/\",\"url\":\"https:\/\/knowhow.distrelec.com\/wp-content\/uploads\/2021\/09\/distrelec_logo.png\",\"contentUrl\":\"https:\/\/knowhow.distrelec.com\/wp-content\/uploads\/2021\/09\/distrelec_logo.png\",\"width\":530,\"height\":98,\"caption\":\"Distrelec\"},\"image\":{\"@id\":\"https:\/\/knowhow.distrelec.com\/sv\/#\/schema\/logo\/image\/\"}}]}<\/script>\n<!-- \/ Yoast SEO plugin. -->","yoast_head_json":{"title":"eBook-serien teknik & l\u00f6sningar - KnowHow","robots":{"index":"index","follow":"follow","max-snippet":"max-snippet:-1","max-image-preview":"max-image-preview:large","max-video-preview":"max-video-preview:-1"},"canonical":"https:\/\/knowhow.distrelec.com\/sv\/ebook-serien-teknik-losningar\/","og_locale":"sv_SE","og_type":"article","og_title":"eBook-serien teknik & l\u00f6sningar - KnowHow","og_description":"Senaste utg\u00e5van: Industriell tillverkning Elfa Distrelec tillk\u00e4nnager stolt den tredje upplagan av sin eBook- serie med fokus p\u00e5&hellip;","og_url":"https:\/\/knowhow.distrelec.com\/sv\/ebook-serien-teknik-losningar\/","og_site_name":"KnowHow","article_modified_time":"2022-07-08T11:22:20+00:00","og_image":[{"width":2000,"height":800,"url":"https:\/\/knowhow.distrelec.com\/wp-content\/uploads\/2022\/01\/ebook-banner-2.jpg","type":"image\/jpeg"}],"twitter_card":"summary_large_image","twitter_misc":{"Ber\u00e4knad l\u00e4stid":"1 minut","Skriven av":"Chris Rush"},"schema":{"@context":"https:\/\/schema.org","@graph":[{"@type":"WebPage","@id":"https:\/\/knowhow.distrelec.com\/sv\/ebook-serien-teknik-losningar\/","url":"https:\/\/knowhow.distrelec.com\/sv\/ebook-serien-teknik-losningar\/","name":"eBook-serien teknik & l\u00f6sningar - KnowHow","isPartOf":{"@id":"https:\/\/knowhow.distrelec.com\/sv\/#website"},"primaryImageOfPage":{"@id":"https:\/\/knowhow.distrelec.com\/sv\/ebook-serien-teknik-losningar\/#primaryimage"},"image":{"@id":"https:\/\/knowhow.distrelec.com\/sv\/ebook-serien-teknik-losningar\/#primaryimage"},"thumbnailUrl":"https:\/\/knowhow.distrelec.com\/wp-content\/uploads\/2022\/01\/ebook-banner-2.jpg","datePublished":"2022-01-28T13:51:40+00:00","dateModified":"2022-07-08T11:22:20+00:00","breadcrumb":{"@id":"https:\/\/knowhow.distrelec.com\/sv\/ebook-serien-teknik-losningar\/#breadcrumb"},"inLanguage":"sv-SE","potentialAction":[{"@type":"ReadAction","target":["https:\/\/knowhow.distrelec.com\/sv\/ebook-serien-teknik-losningar\/"]}]},{"@type":"ImageObject","inLanguage":"sv-SE","@id":"https:\/\/knowhow.distrelec.com\/sv\/ebook-serien-teknik-losningar\/#primaryimage","url":"https:\/\/knowhow.distrelec.com\/wp-content\/uploads\/2022\/01\/ebook-banner-2.jpg","contentUrl":"https:\/\/knowhow.distrelec.com\/wp-content\/uploads\/2022\/01\/ebook-banner-2.jpg","width":2000,"height":800},{"@type":"BreadcrumbList","@id":"https:\/\/knowhow.distrelec.com\/sv\/ebook-serien-teknik-losningar\/#breadcrumb","itemListElement":[{"@type":"ListItem","position":1,"name":"Hem","item":"https:\/\/knowhow.distrelec.com\/sv\/"},{"@type":"ListItem","position":2,"name":"eBook-serien teknik &#038; l\u00f6sningar"}]},{"@type":"WebSite","@id":"https:\/\/knowhow.distrelec.com\/sv\/#website","url":"https:\/\/knowhow.distrelec.com\/sv\/","name":"KnowHow","description":"KnowHow Hub","publisher":{"@id":"https:\/\/knowhow.distrelec.com\/sv\/#organization"},"potentialAction":[{"@type":"SearchAction","target":{"@type":"EntryPoint","urlTemplate":"https:\/\/knowhow.distrelec.com\/sv\/?s={search_term_string}"},"query-input":{"@type":"PropertyValueSpecification","valueRequired":true,"valueName":"search_term_string"}}],"inLanguage":"sv-SE"},{"@type":"Organization","@id":"https:\/\/knowhow.distrelec.com\/sv\/#organization","name":"Distrelec","url":"https:\/\/knowhow.distrelec.com\/sv\/","logo":{"@type":"ImageObject","inLanguage":"sv-SE","@id":"https:\/\/knowhow.distrelec.com\/sv\/#\/schema\/logo\/image\/","url":"https:\/\/knowhow.distrelec.com\/wp-content\/uploads\/2021\/09\/distrelec_logo.png","contentUrl":"https:\/\/knowhow.distrelec.com\/wp-content\/uploads\/2021\/09\/distrelec_logo.png","width":530,"height":98,"caption":"Distrelec"},"image":{"@id":"https:\/\/knowhow.distrelec.com\/sv\/#\/schema\/logo\/image\/"}}]}},"jetpack_sharing_enabled":true,"_links":{"self":[{"href":"https:\/\/knowhow.distrelec.com\/sv\/wp-json\/wp\/v2\/pages\/13941","targetHints":{"allow":["GET"]}}],"collection":[{"href":"https:\/\/knowhow.distrelec.com\/sv\/wp-json\/wp\/v2\/pages"}],"about":[{"href":"https:\/\/knowhow.distrelec.com\/sv\/wp-json\/wp\/v2\/types\/page"}],"author":[{"embeddable":true,"href":"https:\/\/knowhow.distrelec.com\/sv\/wp-json\/wp\/v2\/users\/4"}],"replies":[{"embeddable":true,"href":"https:\/\/knowhow.distrelec.com\/sv\/wp-json\/wp\/v2\/comments?post=13941"}],"version-history":[{"count":0,"href":"https:\/\/knowhow.distrelec.com\/sv\/wp-json\/wp\/v2\/pages\/13941\/revisions"}],"wp:featuredmedia":[{"embeddable":true,"href":"https:\/\/knowhow.distrelec.com\/sv\/wp-json\/wp\/v2\/media\/13933"}],"wp:attachment":[{"href":"https:\/\/knowhow.distrelec.com\/sv\/wp-json\/wp\/v2\/media?parent=13941"}],"wp:term":[{"taxonomy":"author","embeddable":true,"href":"https:\/\/knowhow.distrelec.com\/sv\/wp-json\/wp\/v2\/coauthors?post=13941"}],"curies":[{"name":"wp","href":"https:\/\/api.w.org\/{rel}","templated":true}]}}