{"id":39485,"date":"2022-11-01T14:28:12","date_gmt":"2022-11-01T14:28:12","guid":{"rendered":"https:\/\/knowhow.distrelec.com\/cookiepolicy\/"},"modified":"2022-11-01T14:28:15","modified_gmt":"2022-11-01T14:28:15","slug":"cookiepolicy","status":"publish","type":"page","link":"https:\/\/knowhow.distrelec.com\/sv\/cookiepolicy\/","title":{"rendered":"Cookiepolicy"},"content":{"rendered":"\n<h2 id=\"elfa-distrelec-och-cookies\" class=\"wp-block-heading\"><strong>Elfa Distrelec och cookies<\/strong><\/h2>\n\n<p>V\u00e5ra webbplatser och mobila webbplatser anv\u00e4nder cookies\/kakor f\u00f6r att f\u00f6rb\u00e4ttra din upplevelse p\u00e5 n\u00e4tet. N\u00e4r du anv\u00e4nder v\u00e5r webbplats och samtycker till riktlinjerna f\u00f6r den, godtar du samtidigt att vi anv\u00e4nder cookies i enlighet med villkoren i denna policy.<\/p>\n\n<h3 id=\"1-2-vad-ar-en-cookie-och-hur-anvands-cookies-pa-elfa-distrelecs-webbplats\" class=\"wp-block-heading\">1.2 <strong>Vad \u00e4r en cookie och hur anv\u00e4nds cookies p\u00e5 Elfa Distrelecs webbplats?<\/strong><\/h3>\n\n<p>En cookie \u00e4r en fil som inneh\u00e5ller data (en str\u00e4ng av bokst\u00e4ver och siffror) och n\u00e4r du bes\u00f6ker en webbplats \u00f6verf\u00f6rs filen fr\u00e5n en webbserver till en webbl\u00e4sare och sedan sparas den av webbl\u00e4saren. Respektive ID f\u00f6rs sedan tillbaka igen varje g\u00e5ng webbl\u00e4saren beg\u00e4r en sida fr\u00e5n servern.<br \/><br \/>Cookies inneh\u00e5ller inte n\u00e5gon information som g\u00f6r att du som person kan identifieras. Men det kan vara s\u00e5 att vi l\u00e4nkar personuppgifter som vi sparat om dig till de uppgifter som sparats i cookies och att vi sedan l\u00e4nkar dem till de uppgifter vi erh\u00e5llit.<br \/><br \/>Vi anv\u00e4nder den information vi f\u00e5tt genom din anv\u00e4ndning av cookies<\/p>\n\n<ul class=\"wp-block-list\"><li>f\u00f6r att identifiera din dator n\u00e4r du bes\u00f6ker v\u00e5r webbplats.<\/li><li>f\u00f6r att f\u00f6rb\u00e4ttra anv\u00e4ndarv\u00e4nligheten p\u00e5 webbplatsen.<\/li><li>f\u00f6r att analysera hur webbplatsen anv\u00e4nds.<\/li><li>f\u00f6r att administrera webbplatsen.<\/li><li>f\u00f6r att undvika bedr\u00e4gerier och \u00f6ka s\u00e4kerheten p\u00e5 webbplatsen.<\/li><li>f\u00f6r att anpassa v\u00e5r webbplats till dig (genom riktad information som kan vara intressant f\u00f6r dig).<\/li><li>f\u00f6r att sp\u00e5ra din anv\u00e4ndning av v\u00e5r webbplats och g\u00f6ra det m\u00f6jligt att anv\u00e4nda vissa funktioner (t.ex. att l\u00e4gga till\/ta bort varor i en kundvagn, slutf\u00f6ra ett k\u00f6p i kassan).<\/li><\/ul>\n<p>N\u00e4r du best\u00e4llt varor och sedan best\u00e4mmer dig f\u00f6r att inte k\u00f6pa n\u00e5got, d\u00e5 sparar vi referensnumret p\u00e5 ordern i form av en cookie. D\u00e5 blir det mer anv\u00e4ndarv\u00e4nligt och du kan du ta fram best\u00e4llningen igen vid n\u00e4sta bes\u00f6k p\u00e5 sidan.<\/p>\n\n<h3 id=\"1-2-ar-det-sakert-att-aktivera-cookies\" class=\"wp-block-heading\"><strong>1.2 \u00c4r det s\u00e4kert att aktivera cookies?<\/strong><\/h3>\n\n<p>Ja. Cookies \u00e4r bara korta str\u00e4ngar som inte utf\u00f6r n\u00e5gra \u00e5tg\u00e4rder p\u00e5 egen hand. Elfa Distrelec rekommenderar att du l\u00e5ter webbl\u00e4saren godk\u00e4nna cookies fr\u00e5n v\u00e5r webbplats.<\/p>\n\n<h3 id=\"1-3-hur-justerar-jag-mina-installningar-for-cookies\" class=\"wp-block-heading\"><strong>1.3 Hur justerar jag mina inst\u00e4llningar f\u00f6r cookies?<\/strong><\/h3>\n\n<p>F\u00f6r att aktivera cookies, f\u00f6lj anvisningarna nedan som g\u00e4ller f\u00f6r just din webbl\u00e4sare.<br \/><br \/>Microsoft Internet Explorer<\/p>\n\n<ul class=\"wp-block-list\"><li>V\u00e4lj &#8221;Internetalternativ&#8221; i avsnittet &#8221;Verktyg&#8221; i menyn.<\/li><li>Klicka p\u00e5 fliken &#8221;Sekretess&#8221;.<\/li><li>Under &#8221;Inst\u00e4llningar&#8221;, klicka p\u00e5 knappen &#8221;Standard&#8221; (eller flytta reglaget manuellt till &#8221;Medium&#8221;).<\/li><li>Klicka p\u00e5 OK.<\/li><\/ul>\n<p>Mozilla Firefox<\/p>\n\n<ul class=\"wp-block-list\"><li>G\u00e5 till menyn &#8221;Verktyg&#8221;.<\/li><li>V\u00e4lj &#8221;Alternativ&#8221;.<\/li><li>V\u00e4lj ikonen m\u00e4rkt &#8221;Sekretess&#8221;.<\/li><li>Klicka i rutan som till\u00e5ter webbplatser att anv\u00e4nda cookies (under &#8221;Anv\u00e4nda anpassade inst\u00e4llningar f\u00f6r historiken&#8221;).<\/li><li>Klicka p\u00e5 OK f\u00f6r att spara dina \u00e4ndringar.<\/li><\/ul>\n<p>Google Chrome<\/p>\n\n<ul class=\"wp-block-list\"><li>I menyn f\u00f6r &#8221;Anpassa och kontrollera&#8221;, v\u00e4lj &#8221;Inst\u00e4llningar&#8221;.<\/li><li>I &#8221;Avancerade inst\u00e4llningar&#8221; (sekretess, Inneh\u00e5ll) hitta avsnittet &#8221;Cookies&#8221;.<\/li><li>F\u00f6r att g\u00f6ra det m\u00f6jligt att anv\u00e4nda cookies m\u00e5ste du v\u00e4lja &#8221;Till\u00e5t att lokala data st\u00e4lls in&#8221; (eller &#8221;Aktivera alla cookies&#8221;).<\/li><li>Klicka p\u00e5 OK.<\/li><\/ul>\n<p>Safari<\/p>\n\n<ul class=\"wp-block-list\"><li>V\u00e4lj Safari &gt; &#8221;Inst\u00e4llningar&#8221; och klicka p\u00e5 &#8221;Sekretess&#8221;.<\/li><li>I f\u00e4ltet &#8221;Blockera cookies&#8221; ange om och n\u00e4r Safari ska acceptera cookies fr\u00e5n webbplatser.<\/li><\/ul>\n<h3 id=\"1-4-vilken-typ-av-cookies-anvands-pa-elfa-distrelecs-webbplats\" class=\"wp-block-heading\"><strong>1.4 Vilken typ av cookies anv\u00e4nds p\u00e5 Elfa Distrelecs webbplats?<\/strong><\/h3>\n\n<p>Du kan st\u00e4lla in din webbl\u00e4sare till att neka cookies (du hittar mer information om detta i webbl\u00e4sarens hj\u00e4lptext). Observera att om du g\u00f6r det kan vissa personliga funktioner p\u00e5 v\u00e5r webbplats inte l\u00e4ngre vara tillg\u00e4ngliga.<\/p>\n\n<h2 id=\"1-5-vi-anvander-tre-olika-typer-av-cookies\" class=\"wp-block-heading\"><strong>1.5 Vi anv\u00e4nder tre olika typer av cookies:<\/strong><\/h2>\n\n<p>Sessions-cookies &#8211; tempor\u00e4ra filer som endast aktiveras under bes\u00f6ket (sessionen) p\u00e5 v\u00e5r webbplats. Normalt sett tar din webbl\u00e4sare bort s\u00e5dana cookies s\u00e5 snart du st\u00e4nger den.<br \/><br \/>Best\u00e4ndig cookies \u00e4r filer som \u00e4r aktiva efter det att webbl\u00e4saren avslutat sessionen (t.ex. n\u00e4r du registrerar dig p\u00e5 en webbplats och sen bes\u00f6ker den igen, har webbplatsen l\u00e4rt sig vem du \u00e4r och ett motsvarande v\u00e4lkomstmeddelande visas). Den funktionen \u00e4r m\u00f6jlig genom best\u00e4ndiga cookies.<br \/><br \/>Cookies fr\u00e5n tredje part. N\u00e4r du anv\u00e4nder v\u00e5r webbplats kan cookies fr\u00e5n tredjepartsleverant\u00f6rer skickas till dig. Om du bes\u00f6ker en webbplats som har integrerat inneh\u00e5ll, t.ex. YouTube-videor, s\u00e5 kan de webbplatserna \u00f6verf\u00f6ra cookies till dig. Elfa Distrelec f\u00f6ljer inte upp inst\u00e4llningarna f\u00f6r s\u00e5dana cookies. Vi rekommenderar att du tar reda p\u00e5 information om de cookies som finns p\u00e5 tredjepartsleverant\u00f6rernas webbplatser och de alternativ som erbjuds f\u00f6r att hantera dem.<br \/><\/p>\n\n<h3 id=\"1-6-installningar-for-cookies\" class=\"wp-block-heading\"><strong>1.6 Inst\u00e4llningar f\u00f6r cookies<\/strong><\/h3>\n\n<p>Du hittar mer information om hur webbplatser anv\u00e4nder sig av cookies p\u00e5 www.allaboutcookies.org<\/p>\n\n<h3 id=\"1-7-blockera-cookies\" class=\"wp-block-heading\"><strong>1.7 Blockera cookies<\/strong><\/h3>\n\n<p>I de flesta webbl\u00e4sare \u00e4r det m\u00f6jligt att blockera cookies. Exempel p\u00e5 detta:<\/p>\n\n<ul class=\"wp-block-list\"><li>I Internet Explorer kan du blockera alla cookies genom att klicka p\u00e5 &#8221;Verktyg&#8221;, &#8221;Internet-alternativ&#8221;, &#8221;Sekretess&#8221; och sedan anv\u00e4nda reglaget f\u00f6r att v\u00e4lja &#8221;Blockera alla cookies&#8221;.<\/li><li>I Mozilla Firefox kan du blockera alla cookies genom att klicka p\u00e5 &#8221;Verktyg&#8221; och sedan &#8221;Alternativ&#8221; och st\u00e4nga av &#8221;Acceptera cookies fr\u00e5n webbplatser&#8221; i avsnittet &#8221;Sekretess&#8221;.<\/li><\/ul>\n<p>Om du blockerar alla cookies f\u00e5r det en negativ inverkan p\u00e5 hur olika webbplatser kan anv\u00e4ndas.<\/p>\n\n<h3 id=\"1-8-ta-bort-cookies\" class=\"wp-block-heading\"><strong>1.8 Ta bort cookies<\/strong><\/h3>\n\n<p>Du kan naturligtvis ta bort cookies som redan har sparats p\u00e5 din dator.<\/p>\n\n<ul class=\"wp-block-list\"><li>Om du anv\u00e4nder Internet Explorer m\u00e5ste du ta bort cookie-filer manuellt (du hittar du instruktioner f\u00f6r detta p\u00e5 http:\/\/support.microsoft.com\/kb\/278835).<\/li><li>Om du anv\u00e4nder Mozilla Firefox och vill ta bort cookies, m\u00e5ste du f\u00f6rst kontrollera att cookies raderas n\u00e4r du anv\u00e4nder alternativet &#8221;Ta bort privata data&#8221; (du kan \u00e4ndra den h\u00e4r inst\u00e4llningen genom att klicka p\u00e5 &#8221;Verktyg&#8221;, &#8221;Alternativ, &#8221;Inst\u00e4llningar&#8221; och &#8221;Sekretess&#8221;) och klicka p\u00e5 &#8221;Rensa historik&#8221; i avsnittet &#8221;Verktyg&#8221; i menyn.<\/li><\/ul>\n<p>P\u00e5 den h\u00e4r webbplatsen och dess mobila applikationer samlas data in och lagras av Adobe Analytics, en webbanalystj\u00e4nst som tillhandah\u00e5lls av Adobe, och Google Analytics, en webbanalystj\u00e4nst som tillhandah\u00e5lls av Google. De anv\u00e4nds f\u00f6r att skapa anv\u00e4ndarprofiler under pseudonymer. Dessa anv\u00e4ndarprofiler \u00e4r till f\u00f6r att analysera bes\u00f6karnas beteende som utv\u00e4rderas f\u00f6r att f\u00f6rb\u00e4ttra och effektivisera utformningen av v\u00e5ra webbplatser och v\u00e5rt varusortiment. Cookies anv\u00e4nds som en del av detta. Du kan n\u00e4r som helst neka till att data samlas in och lagras i syfte att g\u00f6ra framtida webbanalyser.<\/p>\n\n<p>P\u00e5 den h\u00e4r webbplatsen anv\u00e4nds s.k. re-targeting teknik, f\u00f6r att samla in och spara information om hur du surfar p\u00e5 webbplatsen i anonym form. Dessa data lagras p\u00e5 din dator med hj\u00e4lp av s\u00e5 kallade cookie-textfiler. Tekniken anv\u00e4nder en algoritm f\u00f6r att analysera hur du surfar och kan sedan visa riktade varurekommendationer, som visas p\u00e5 andra webbplatser (som kallas &#8221;publishers&#8221;) som intresserelaterade reklambanderoller. Under inga omst\u00e4ndigheter kan dessa data anv\u00e4ndas f\u00f6r att identifiera bes\u00f6karen av webbplatsen. Den insamlade informationen anv\u00e4nds enbart f\u00f6r att f\u00f6rb\u00e4ttra erbjudanden. Ingen annan anv\u00e4ndning f\u00f6rekommer och inte heller utl\u00e4mning av data till tredje part.<\/p>\n\n<p>Om du vill avanm\u00e4la dig fr\u00e5n Adobe Analytics-sp\u00e5rning,\u00a0<a href=\"https:\/\/smetrics.distrelec.ch\/optout.html\">klicka h\u00e4r<\/a><\/p>\n\n<p>Google tillhandah\u00e5ller ett \u00a0<a href=\"https:\/\/tools.google.com\/dlpage\/gaoptout\">plugin-program f\u00f6r webbl\u00e4sare<\/a> f\u00f6r att du ska kunna avanm\u00e4la dig fr\u00e5n Google Analytics-sp\u00e5rning, klicka h\u00e4r<\/p>\n\n<h2 id=\"1-9-inbaddning-av-sociala-plugins\" class=\"wp-block-heading\"><strong>1.9 Inb\u00e4ddning av sociala &#8221;plugins&#8221;<\/strong><\/h2>\n\n<p>Program f\u00f6r sociala &#8221;plugins&#8221; f\u00f6r Facebook, Google och andra, anv\u00e4nds p\u00e5 v\u00e5r webbplats. P\u00e5 v\u00e5r hemsida p\u00e5 Internet visas d\u00e5 &#8221;+ 1&#8221; eller &#8221;f&#8221; eller &#8221;tummen upp&#8221;-knappen. Det \u00e4r erbjudanden genom de amerikanska f\u00f6retagen Google Inc. (1600 Amfiteater Parkway, Mountain View, CA 94043, USA) och Facebook Inc. (1601 S California Ave, Palo Alto, CA 94394 USA). Det \u00e4r endast n\u00e4r du klickar p\u00e5 knappen &#8221;+ 1&#8221; eller &#8221;f&#8221; eller &#8221;tummen upp&#8221; som din webbl\u00e4sare konfigurera en direktanslutning till servrarna p\u00e5 Facebook och Google.<\/p>\n\n<p>F\u00f6rst n\u00e4r du klickar p\u00e5 knappen &#8221;+ 1&#8221; eller &#8221;f&#8221; eller &#8221;tummen upp&#8221; s\u00e4tter din webbl\u00e4sare upp en direktanslutning till servrarna p\u00e5 Facebook eller Google. Inneh\u00e5llet i knappen f\u00f6r &#8221;+ 1&#8221; eller &#8221;f&#8221; eller &#8221;tummen upp&#8221; \u00f6verf\u00f6rs sedan via Google eller Facebook direkt till din webbl\u00e4sare som l\u00e4gger in det p\u00e5 webbplatsen. Vi har allts\u00e5 inget inflytande \u00f6ver de uppgifter som Google och Facebook samlar in med knappen.<\/p>\n\n<p>P\u00e5 Facebooks och Googles webbsidor (http:\/\/www.facebook.com\/policy.php; http:\/\/www.google.com\/Intel\/de\/+\/policy\/+1button.html) finns detaljerad information om omfattning, typ, syfte och vidare bearbetningen av dina personuppgifter och din r\u00e4tt till integritetsskydd.<\/p>\n\n<p>Genom att f\u00f6rst logga ut fr\u00e5n sidorna i ditt sociala n\u00e4tverk (Facebook och Google +) och ta bort de cookies som har st\u00e4llts in, kan du f\u00f6rhindra att Facebook och Google samlar in information om dig n\u00e4r du bes\u00f6ker v\u00e5r webbplats.<\/p>\n\n<h2 id=\"1-10-spam-ddos-skydd\" class=\"wp-block-heading\"><strong>1.10 Spam\/DDOS-skydd<\/strong><\/h2>\n\n<p>Vi anv\u00e4nder verktyg (t.ex. Google reCAPTCHA och andra) f\u00f6r att skydda v\u00e5r webbplats fr\u00e5n skadlig trafik, i synnerhet f\u00f6r skr\u00e4ppost och DDOS-skydd. Den h\u00e4r typen av tj\u00e4nster analyserar ditt beteende p\u00e5 webbplatsen, din datorkonfiguration (inklusive eventuella Google-cookies eller andra tredjepartscookies som redan \u00e4r installerade) och din IP-adress f\u00f6r att avg\u00f6ra om du \u00e4r en \u00e4kta anv\u00e4ndare eller en med onda avsikter. N\u00e4r ett problem registreras uppmanas du att bevisa att du inte \u00e4r en robot n\u00e4r du slutf\u00f6r vissa uppgifter. Till exempel n\u00e4r du skickar in ett formul\u00e4r.<\/p>\n\n<p>Den h\u00e4r typen av data \u00f6verf\u00f6rs direkt mellan din dator och Googles servrar och andra servrar fr\u00e5n tredje part i Europa och USA (som till Google)\u2028och d\u00e4rf\u00f6r kan vi inte p\u00e5verka omfattningen av de data som de samlar in, inte heller vad s\u00e5dana data sedan anv\u00e4nds till.<\/p>\n\n<p>Google reCAPTCHA \u00e4r en tj\u00e4nst som tillhandah\u00e5lls av 1600 Ampitheatre Parkway, Mountain View, CA 94043, USA. F\u00f6r mer information om omfattning, typ och vidare bearbetning av data och information om hur du skyddar din sekretess, se Googles sekretesspolicy (\u00a0<a href=\"https:\/\/www.google.com\/policies\/privacy\/\" target=\"_blank\" rel=\"noreferrer noopener\">https:\/\/www.google.com\/policies\/privacy\/\u00a0<\/a>) och villkor f\u00f6r tj\u00e4nsten (\u00a0<a href=\"https:\/\/www.google.com\/policies\/terms\/\" target=\"_blank\" rel=\"noreferrer noopener\">https:\/\/www.google.com\/policies\/terms\/\u00a0<\/a>).<\/p>\n\n<div style=\"height:100px\" aria-hidden=\"true\" class=\"wp-block-spacer\"><\/div>\n","protected":false},"excerpt":{"rendered":"Elfa Distrelec och cookies V\u00e5ra webbplatser och mobila webbplatser anv\u00e4nder cookies\/kakor f\u00f6r att f\u00f6rb\u00e4ttra din upplevelse p\u00e5 n\u00e4tet.&hellip;\n","protected":false},"author":2,"featured_media":0,"parent":0,"menu_order":0,"comment_status":"closed","ping_status":"closed","template":"","meta":{"csco_singular_sidebar":"","csco_page_header_type":"","csco_appearance_grid":"","csco_page_load_nextpost":"","csco_post_video_location":[],"csco_post_video_location_hash":"","csco_post_video_url":"","csco_post_video_bg_start_time":0,"csco_post_video_bg_end_time":0,"footnotes":""},"coauthors":[],"class_list":{"0":"post-39485","1":"page","2":"type-page","3":"status-publish","5":"cs-entry","6":"cs-video-wrap"},"yoast_head":"<!-- This site is optimized with the Yoast SEO plugin v24.4 - https:\/\/yoast.com\/wordpress\/plugins\/seo\/ -->\n<title>Cookiepolicy - KnowHow<\/title>\n<meta name=\"robots\" content=\"index, follow, max-snippet:-1, max-image-preview:large, max-video-preview:-1\" \/>\n<link rel=\"canonical\" href=\"https:\/\/knowhow.distrelec.com\/sv\/cookiepolicy\/\" \/>\n<meta property=\"og:locale\" content=\"sv_SE\" \/>\n<meta property=\"og:type\" content=\"article\" \/>\n<meta property=\"og:title\" content=\"Cookiepolicy - KnowHow\" \/>\n<meta property=\"og:description\" content=\"Elfa Distrelec och cookies V\u00e5ra webbplatser och mobila webbplatser anv\u00e4nder cookies\/kakor f\u00f6r att f\u00f6rb\u00e4ttra din upplevelse p\u00e5 n\u00e4tet.&hellip;\" \/>\n<meta property=\"og:url\" content=\"https:\/\/knowhow.distrelec.com\/sv\/cookiepolicy\/\" \/>\n<meta property=\"og:site_name\" content=\"KnowHow\" \/>\n<meta property=\"article:modified_time\" content=\"2022-11-01T14:28:15+00:00\" \/>\n<meta name=\"twitter:card\" content=\"summary_large_image\" \/>\n<meta name=\"twitter:label1\" content=\"Ber\u00e4knad l\u00e4stid\" \/>\n\t<meta name=\"twitter:data1\" content=\"9 minuter\" \/>\n\t<meta name=\"twitter:label2\" content=\"Skriven av\" \/>\n\t<meta name=\"twitter:data2\" content=\"Ash Ali\" \/>\n<script type=\"application\/ld+json\" class=\"yoast-schema-graph\">{\"@context\":\"https:\/\/schema.org\",\"@graph\":[{\"@type\":\"WebPage\",\"@id\":\"https:\/\/knowhow.distrelec.com\/sv\/cookiepolicy\/\",\"url\":\"https:\/\/knowhow.distrelec.com\/sv\/cookiepolicy\/\",\"name\":\"Cookiepolicy - KnowHow\",\"isPartOf\":{\"@id\":\"https:\/\/knowhow.distrelec.com\/sv\/#website\"},\"datePublished\":\"2022-11-01T14:28:12+00:00\",\"dateModified\":\"2022-11-01T14:28:15+00:00\",\"breadcrumb\":{\"@id\":\"https:\/\/knowhow.distrelec.com\/sv\/cookiepolicy\/#breadcrumb\"},\"inLanguage\":\"sv-SE\",\"potentialAction\":[{\"@type\":\"ReadAction\",\"target\":[\"https:\/\/knowhow.distrelec.com\/sv\/cookiepolicy\/\"]}]},{\"@type\":\"BreadcrumbList\",\"@id\":\"https:\/\/knowhow.distrelec.com\/sv\/cookiepolicy\/#breadcrumb\",\"itemListElement\":[{\"@type\":\"ListItem\",\"position\":1,\"name\":\"Hem\",\"item\":\"https:\/\/knowhow.distrelec.com\/sv\/\"},{\"@type\":\"ListItem\",\"position\":2,\"name\":\"Cookiepolicy\"}]},{\"@type\":\"WebSite\",\"@id\":\"https:\/\/knowhow.distrelec.com\/sv\/#website\",\"url\":\"https:\/\/knowhow.distrelec.com\/sv\/\",\"name\":\"KnowHow\",\"description\":\"KnowHow Hub\",\"publisher\":{\"@id\":\"https:\/\/knowhow.distrelec.com\/sv\/#organization\"},\"potentialAction\":[{\"@type\":\"SearchAction\",\"target\":{\"@type\":\"EntryPoint\",\"urlTemplate\":\"https:\/\/knowhow.distrelec.com\/sv\/?s={search_term_string}\"},\"query-input\":{\"@type\":\"PropertyValueSpecification\",\"valueRequired\":true,\"valueName\":\"search_term_string\"}}],\"inLanguage\":\"sv-SE\"},{\"@type\":\"Organization\",\"@id\":\"https:\/\/knowhow.distrelec.com\/sv\/#organization\",\"name\":\"Distrelec\",\"url\":\"https:\/\/knowhow.distrelec.com\/sv\/\",\"logo\":{\"@type\":\"ImageObject\",\"inLanguage\":\"sv-SE\",\"@id\":\"https:\/\/knowhow.distrelec.com\/sv\/#\/schema\/logo\/image\/\",\"url\":\"https:\/\/knowhow.distrelec.com\/wp-content\/uploads\/2021\/09\/distrelec_logo.png\",\"contentUrl\":\"https:\/\/knowhow.distrelec.com\/wp-content\/uploads\/2021\/09\/distrelec_logo.png\",\"width\":530,\"height\":98,\"caption\":\"Distrelec\"},\"image\":{\"@id\":\"https:\/\/knowhow.distrelec.com\/sv\/#\/schema\/logo\/image\/\"}}]}<\/script>\n<!-- \/ Yoast SEO plugin. -->","yoast_head_json":{"title":"Cookiepolicy - KnowHow","robots":{"index":"index","follow":"follow","max-snippet":"max-snippet:-1","max-image-preview":"max-image-preview:large","max-video-preview":"max-video-preview:-1"},"canonical":"https:\/\/knowhow.distrelec.com\/sv\/cookiepolicy\/","og_locale":"sv_SE","og_type":"article","og_title":"Cookiepolicy - KnowHow","og_description":"Elfa Distrelec och cookies V\u00e5ra webbplatser och mobila webbplatser anv\u00e4nder cookies\/kakor f\u00f6r att f\u00f6rb\u00e4ttra din upplevelse p\u00e5 n\u00e4tet.&hellip;","og_url":"https:\/\/knowhow.distrelec.com\/sv\/cookiepolicy\/","og_site_name":"KnowHow","article_modified_time":"2022-11-01T14:28:15+00:00","twitter_card":"summary_large_image","twitter_misc":{"Ber\u00e4knad l\u00e4stid":"9 minuter","Skriven av":"Ash Ali"},"schema":{"@context":"https:\/\/schema.org","@graph":[{"@type":"WebPage","@id":"https:\/\/knowhow.distrelec.com\/sv\/cookiepolicy\/","url":"https:\/\/knowhow.distrelec.com\/sv\/cookiepolicy\/","name":"Cookiepolicy - KnowHow","isPartOf":{"@id":"https:\/\/knowhow.distrelec.com\/sv\/#website"},"datePublished":"2022-11-01T14:28:12+00:00","dateModified":"2022-11-01T14:28:15+00:00","breadcrumb":{"@id":"https:\/\/knowhow.distrelec.com\/sv\/cookiepolicy\/#breadcrumb"},"inLanguage":"sv-SE","potentialAction":[{"@type":"ReadAction","target":["https:\/\/knowhow.distrelec.com\/sv\/cookiepolicy\/"]}]},{"@type":"BreadcrumbList","@id":"https:\/\/knowhow.distrelec.com\/sv\/cookiepolicy\/#breadcrumb","itemListElement":[{"@type":"ListItem","position":1,"name":"Hem","item":"https:\/\/knowhow.distrelec.com\/sv\/"},{"@type":"ListItem","position":2,"name":"Cookiepolicy"}]},{"@type":"WebSite","@id":"https:\/\/knowhow.distrelec.com\/sv\/#website","url":"https:\/\/knowhow.distrelec.com\/sv\/","name":"KnowHow","description":"KnowHow Hub","publisher":{"@id":"https:\/\/knowhow.distrelec.com\/sv\/#organization"},"potentialAction":[{"@type":"SearchAction","target":{"@type":"EntryPoint","urlTemplate":"https:\/\/knowhow.distrelec.com\/sv\/?s={search_term_string}"},"query-input":{"@type":"PropertyValueSpecification","valueRequired":true,"valueName":"search_term_string"}}],"inLanguage":"sv-SE"},{"@type":"Organization","@id":"https:\/\/knowhow.distrelec.com\/sv\/#organization","name":"Distrelec","url":"https:\/\/knowhow.distrelec.com\/sv\/","logo":{"@type":"ImageObject","inLanguage":"sv-SE","@id":"https:\/\/knowhow.distrelec.com\/sv\/#\/schema\/logo\/image\/","url":"https:\/\/knowhow.distrelec.com\/wp-content\/uploads\/2021\/09\/distrelec_logo.png","contentUrl":"https:\/\/knowhow.distrelec.com\/wp-content\/uploads\/2021\/09\/distrelec_logo.png","width":530,"height":98,"caption":"Distrelec"},"image":{"@id":"https:\/\/knowhow.distrelec.com\/sv\/#\/schema\/logo\/image\/"}}]}},"jetpack_sharing_enabled":true,"_links":{"self":[{"href":"https:\/\/knowhow.distrelec.com\/sv\/wp-json\/wp\/v2\/pages\/39485","targetHints":{"allow":["GET"]}}],"collection":[{"href":"https:\/\/knowhow.distrelec.com\/sv\/wp-json\/wp\/v2\/pages"}],"about":[{"href":"https:\/\/knowhow.distrelec.com\/sv\/wp-json\/wp\/v2\/types\/page"}],"author":[{"embeddable":true,"href":"https:\/\/knowhow.distrelec.com\/sv\/wp-json\/wp\/v2\/users\/2"}],"replies":[{"embeddable":true,"href":"https:\/\/knowhow.distrelec.com\/sv\/wp-json\/wp\/v2\/comments?post=39485"}],"version-history":[{"count":0,"href":"https:\/\/knowhow.distrelec.com\/sv\/wp-json\/wp\/v2\/pages\/39485\/revisions"}],"wp:attachment":[{"href":"https:\/\/knowhow.distrelec.com\/sv\/wp-json\/wp\/v2\/media?parent=39485"}],"wp:term":[{"taxonomy":"author","embeddable":true,"href":"https:\/\/knowhow.distrelec.com\/sv\/wp-json\/wp\/v2\/coauthors?post=39485"}],"curies":[{"name":"wp","href":"https:\/\/api.w.org\/{rel}","templated":true}]}}