{"id":8326,"date":"2021-09-21T10:16:06","date_gmt":"2021-09-21T10:16:06","guid":{"rendered":"https:\/\/knowhow.distrelec.com\/?page_id=8326"},"modified":"2024-03-08T08:27:36","modified_gmt":"2024-03-08T08:27:36","slug":"om-knowhow","status":"publish","type":"page","link":"https:\/\/knowhow.distrelec.com\/sv\/om-knowhow\/","title":{"rendered":"Om KnowHow"},"content":{"rendered":"\n<p><strong>K\u00e4lla till teknisk kunskap<\/strong><\/p>\n\n<p>V\u00e4lkommen till KnowHow, en onlineresurs som drivs av <a href=\"https:\/\/www.distrelec.com\/global\/\" target=\"_blank\" rel=\"noreferrer noopener\">Elfa Distrelec<\/a>, en ledande europeisk distribut\u00f6r av elektronik, automation och m\u00e4tteknik.<\/p>\n\n<p>KnowHow-plattformen \u00e4r avsedd att erbjuda tekniska artiklar, handledning och insiktsfull information om m\u00e5nga olika elektronik- och teknikrelaterade \u00e4mnen till ingenj\u00f6rer, tekniker och entusiaster. M\u00e5let \u00e4r att hj\u00e4lpa samh\u00e4llet genom att tillhandah\u00e5lla svar, hj\u00e4lpa till med problem som uppst\u00e5r i projekt och produktutveckling och dela professionell kunskap.<\/p>\n\n<p>KnowHow omfattar ett brett utbud av \u00e4mnen, inklusive men inte begr\u00e4nsat till:<\/p>\n\n<ul class=\"wp-block-list\">\n<li>Grundl\u00e4ggande elektronik och avancerade koncept<\/li>\n\n\n\n<li>Automation och robotteknik<\/li>\n\n\n\n<li>M\u00e4t- och testtekniker<\/li>\n\n\n\n<li>Guider om anv\u00e4ndning av specifika verktyg och komponenter<\/li>\n\n\n\n<li>Uppdateringar om ny teknik och branschtrender<\/li>\n\n\n\n<li>Intervjuer med branschexperter och yrkesverksamma<\/li>\n\n\n\n<li>Produktrecensioner och j\u00e4mf\u00f6relser<\/li>\n<\/ul>\n\n<h2 id=\"om-redaktorerna\" class=\"wp-block-heading\">Om redakt\u00f6rerna <\/h2>\n\n<p><strong>M\u00f6t teamet<\/strong><\/p>\n\n<ul class=\"wp-block-list\"><\/ul>\n\n<p>KnowHow drivs av ett dedikerat team av digitala inneh\u00e5llsf\u00f6rfattare, <a href=\"https:\/\/knowhow.distrelec.com\/author\/justyna-matusza\/\" target=\"_blank\" rel=\"noreferrer noopener\">Justyna Matuszak<\/a> och <a href=\"https:\/\/knowhow.distrelec.com\/author\/jack-portley\/\" target=\"_blank\" rel=\"noreferrer noopener\">Jack Portley<\/a>. Detta team som best\u00e5r av tv\u00e5 personer har arbetat h\u00e5rt och triumferat p\u00e5 Global Content Award 2023 d\u00e4r de erh\u00f6ll den prestigefyllda titeln Global In-House Content Team of the Year och blev finalister f\u00f6r Global Content Strategy of the Year.<\/p>\n\n<figure class=\"wp-block-image size-large\"><img  loading=\"lazy\"  decoding=\"async\"  height=\"683\"  width=\"1024\"  src=\"data:image\/png;base64,iVBORw0KGgoAAAANSUhEUgAABAAAAAKrAQMAAABV2G3XAAAAA1BMVEUAAP+KeNJXAAAAAXRSTlMAQObYZgAAAAlwSFlzAAAOxAAADsQBlSsOGwAAAGxJREFUeNrtwTEBAAAAwqD1T20MH6AAAAAAAAAAAAAAAAAAAAAAAAAAAAAAAAAAAAAAAAAAAAAAAAAAAAAAAAAAAAAAAAAAAAAAAAAAAAAAAAAAAAAAAAAAAAAAAAAAAAAAAAAAAAAAAAAAOBtYOgAB23VbnQAAAABJRU5ErkJggg==\"  alt=\"\"  class=\"wp-image-68783 pk-lazyload\"  data-pk-sizes=\"auto\"  data-ls-sizes=\"auto, (max-width: 1024px) 100vw, 1024px\"  data-pk-src=\"https:\/\/knowhow.distrelec.com\/wp-content\/uploads\/2024\/02\/IMG_4805_3000x2000-1024x683.jpg\"  data-pk-srcset=\"https:\/\/knowhow.distrelec.com\/wp-content\/uploads\/2024\/02\/IMG_4805_3000x2000-1024x683.jpg 1024w, https:\/\/knowhow.distrelec.com\/wp-content\/uploads\/2024\/02\/IMG_4805_3000x2000-300x200.jpg 300w, https:\/\/knowhow.distrelec.com\/wp-content\/uploads\/2024\/02\/IMG_4805_3000x2000-768x512.jpg 768w, https:\/\/knowhow.distrelec.com\/wp-content\/uploads\/2024\/02\/IMG_4805_3000x2000-1536x1024.jpg 1536w, https:\/\/knowhow.distrelec.com\/wp-content\/uploads\/2024\/02\/IMG_4805_3000x2000-2048x1365.jpg 2048w, https:\/\/knowhow.distrelec.com\/wp-content\/uploads\/2024\/02\/IMG_4805_3000x2000-380x253.jpg 380w, https:\/\/knowhow.distrelec.com\/wp-content\/uploads\/2024\/02\/IMG_4805_3000x2000-550x367.jpg 550w, https:\/\/knowhow.distrelec.com\/wp-content\/uploads\/2024\/02\/IMG_4805_3000x2000-800x533.jpg 800w, https:\/\/knowhow.distrelec.com\/wp-content\/uploads\/2024\/02\/IMG_4805_3000x2000-1160x773.jpg 1160w, https:\/\/knowhow.distrelec.com\/wp-content\/uploads\/2024\/02\/IMG_4805_3000x2000-scaled.jpg 2560w\" ><\/figure>\n\n<p>KnowHow str\u00e4var efter att vara en omfattande resurs f\u00f6r de som vill f\u00f6rb\u00e4ttra sina tekniska kunskaper, h\u00e5lla j\u00e4mna steg med den senaste tekniska utvecklingen eller identifiera fungerande l\u00f6sningar p\u00e5 sina tekniska problem. Elfa Distrelec utnyttjar sina kontakter inom branschen och sin expertis f\u00f6r att sammanst\u00e4lla och tillhandah\u00e5lla h\u00f6gkvalitativt, relevant inneh\u00e5ll via denna plattform.<\/p>\n\n<blockquote class=\"wp-block-quote is-layout-flow wp-block-quote-is-layout-flow\">\n<p><em><em>&#8221;Vi skapar helhj\u00e4rtat kvalitet, branschrelevant inneh\u00e5ll, informerar v\u00e5r m\u00e5lgrupp om de senaste trenderna, ny teknik och innovationer. Vi \u00e4r ocks\u00e5 engagerade i att tillhandah\u00e5lla anv\u00e4ndbara, engagerande och pedagogiska artiklar till v\u00e5ra l\u00e4sare, som t\u00e4cker ett brett spektrum av \u00e4mnen, inklusive robotteknik, maskininl\u00e4rning, artificiell intelligens, automation och den allt mer digitaliserade v\u00e4rlden&#8221;.<\/em><\/em><\/p>\n<\/blockquote>\n\n<p>P\u00e5 KnowHow inkluderar de <a href=\"https:\/\/knowhow.distrelec.com\/sv\/bidragande-redaktorer\/\" target=\"_blank\" rel=\"noreferrer noopener\">bidragande redakt\u00f6rerna<\/a> v\u00e5ra beg\u00e5vade f\u00f6rfattare och v\u00e5ra interna experter inom sina valda omr\u00e5den. Dessutom samarbetar vi med m\u00e5nga v\u00e4lk\u00e4nda industrileverant\u00f6rer som tillverkar produkter f\u00f6r flera branscher. De ger v\u00e5ra kunder l\u00f6sningar via webbseminarier, k\u00f6pguider, fallstudier och faktablad.<\/p>\n\n<figure class=\"wp-block-image size-large\"><a href=\"https:\/\/globalcontentawards.com\/2023-winners\/\" target=\"_blank\" rel=\"noreferrer noopener\"><img  loading=\"lazy\"  decoding=\"async\"  height=\"256\"  width=\"1024\"  src=\"data:image\/png;base64,iVBORw0KGgoAAAANSUhEUgAAAAEAAAABAQMAAAAl21bKAAAAA1BMVEUAAP+KeNJXAAAAAXRSTlMAQObYZgAAAAlwSFlzAAAOxAAADsQBlSsOGwAAAApJREFUCNdjYAAAAAIAAeIhvDMAAAAASUVORK5CYII=\"  alt=\"\"  class=\"wp-image-68800 pk-lazyload\"  data-pk-sizes=\"auto\"  data-pk-src=\"https:\/\/knowhow.distrelec.com\/wp-content\/uploads\/2024\/02\/GCA23_WinnerBanner-2048x512-1-1024x256.png\" ><\/a><\/figure>\n\n<hr class=\"wp-block-separator has-alpha-channel-opacity\" \/>\n\n<p><strong>Kontakta oss<\/strong><\/p>\n\n<p>Vi hoppas att du gillar KnowHow och inneh\u00e5llet vi producerar. Vi vill g\u00e4rna h\u00f6ra fr\u00e5n dig om du har n\u00e5gra kommentarer eller f\u00f6rslag \u2212 till exempel om de \u00e4mnen du vill att vi omfattar. Du kan kontakta oss <a href=\"https:\/\/knowhowprod.wpengine.com\/contact-form\/\" target=\"_blank\" rel=\"noreferrer noopener\">h\u00e4r<\/a>, skicka oss ett e-postmeddelande via adressen: <a href=\"mailto:content.team@distrelec.com\" target=\"_blank\" rel=\"noreferrer noopener\">content.team@distrelec.com<\/a> eller s\u00e5 hittar du oss p\u00e5 nedanst\u00e5ende plats:<\/p>\n\n<p>Two Saint Peter&#8217;s Square<br \/>Manchester M2 3AA<br \/>Storbritannien<br \/>044 944 99 11<\/p>\n","protected":false},"excerpt":{"rendered":"K\u00e4lla till teknisk kunskap V\u00e4lkommen till KnowHow, en onlineresurs som drivs av Elfa Distrelec, en ledande europeisk distribut\u00f6r&hellip;\n","protected":false},"author":4,"featured_media":0,"parent":0,"menu_order":0,"comment_status":"closed","ping_status":"closed","template":"","meta":{"csco_singular_sidebar":"","csco_page_header_type":"","csco_appearance_grid":"","csco_page_load_nextpost":"","csco_post_video_location":[],"csco_post_video_location_hash":"","csco_post_video_url":"","csco_post_video_bg_start_time":0,"csco_post_video_bg_end_time":0,"footnotes":""},"coauthors":[1750],"class_list":{"0":"post-8326","1":"page","2":"type-page","3":"status-publish","5":"cs-entry","6":"cs-video-wrap"},"yoast_head":"<!-- This site is optimized with the Yoast SEO plugin v24.4 - https:\/\/yoast.com\/wordpress\/plugins\/seo\/ -->\n<title>Om KnowHow - KnowHow<\/title>\n<meta name=\"robots\" content=\"index, follow, max-snippet:-1, max-image-preview:large, max-video-preview:-1\" \/>\n<link rel=\"canonical\" href=\"https:\/\/knowhow.distrelec.com\/sv\/om-knowhow\/\" \/>\n<meta property=\"og:locale\" content=\"sv_SE\" \/>\n<meta property=\"og:type\" content=\"article\" \/>\n<meta property=\"og:title\" content=\"Om KnowHow - KnowHow\" \/>\n<meta property=\"og:description\" content=\"K\u00e4lla till teknisk kunskap V\u00e4lkommen till KnowHow, en onlineresurs som drivs av Elfa Distrelec, en ledande europeisk distribut\u00f6r&hellip;\" \/>\n<meta property=\"og:url\" content=\"https:\/\/knowhow.distrelec.com\/sv\/om-knowhow\/\" \/>\n<meta property=\"og:site_name\" content=\"KnowHow\" \/>\n<meta property=\"article:modified_time\" content=\"2024-03-08T08:27:36+00:00\" \/>\n<meta property=\"og:image\" content=\"https:\/\/knowhow.distrelec.com\/wp-content\/uploads\/2024\/02\/IMG_4805_3000x2000-1024x683.jpg\" \/>\n<meta name=\"twitter:card\" content=\"summary_large_image\" \/>\n<meta name=\"twitter:label1\" content=\"Ber\u00e4knad l\u00e4stid\" \/>\n\t<meta name=\"twitter:data1\" content=\"2 minuter\" \/>\n\t<meta name=\"twitter:label2\" content=\"Skriven av\" \/>\n\t<meta name=\"twitter:data2\" content=\"Chris Rush\" \/>\n<script type=\"application\/ld+json\" class=\"yoast-schema-graph\">{\"@context\":\"https:\/\/schema.org\",\"@graph\":[{\"@type\":\"WebPage\",\"@id\":\"https:\/\/knowhow.distrelec.com\/sv\/om-knowhow\/\",\"url\":\"https:\/\/knowhow.distrelec.com\/sv\/om-knowhow\/\",\"name\":\"Om KnowHow - KnowHow\",\"isPartOf\":{\"@id\":\"https:\/\/knowhow.distrelec.com\/sv\/#website\"},\"primaryImageOfPage\":{\"@id\":\"https:\/\/knowhow.distrelec.com\/sv\/om-knowhow\/#primaryimage\"},\"image\":{\"@id\":\"https:\/\/knowhow.distrelec.com\/sv\/om-knowhow\/#primaryimage\"},\"thumbnailUrl\":\"https:\/\/knowhow.distrelec.com\/wp-content\/uploads\/2024\/02\/IMG_4805_3000x2000-1024x683.jpg\",\"datePublished\":\"2021-09-21T10:16:06+00:00\",\"dateModified\":\"2024-03-08T08:27:36+00:00\",\"breadcrumb\":{\"@id\":\"https:\/\/knowhow.distrelec.com\/sv\/om-knowhow\/#breadcrumb\"},\"inLanguage\":\"sv-SE\",\"potentialAction\":[{\"@type\":\"ReadAction\",\"target\":[\"https:\/\/knowhow.distrelec.com\/sv\/om-knowhow\/\"]}]},{\"@type\":\"ImageObject\",\"inLanguage\":\"sv-SE\",\"@id\":\"https:\/\/knowhow.distrelec.com\/sv\/om-knowhow\/#primaryimage\",\"url\":\"https:\/\/knowhow.distrelec.com\/wp-content\/uploads\/2024\/02\/IMG_4805_3000x2000-1024x683.jpg\",\"contentUrl\":\"https:\/\/knowhow.distrelec.com\/wp-content\/uploads\/2024\/02\/IMG_4805_3000x2000-1024x683.jpg\"},{\"@type\":\"BreadcrumbList\",\"@id\":\"https:\/\/knowhow.distrelec.com\/sv\/om-knowhow\/#breadcrumb\",\"itemListElement\":[{\"@type\":\"ListItem\",\"position\":1,\"name\":\"Hem\",\"item\":\"https:\/\/knowhow.distrelec.com\/sv\/\"},{\"@type\":\"ListItem\",\"position\":2,\"name\":\"Om KnowHow\"}]},{\"@type\":\"WebSite\",\"@id\":\"https:\/\/knowhow.distrelec.com\/sv\/#website\",\"url\":\"https:\/\/knowhow.distrelec.com\/sv\/\",\"name\":\"KnowHow\",\"description\":\"KnowHow Hub\",\"publisher\":{\"@id\":\"https:\/\/knowhow.distrelec.com\/sv\/#organization\"},\"potentialAction\":[{\"@type\":\"SearchAction\",\"target\":{\"@type\":\"EntryPoint\",\"urlTemplate\":\"https:\/\/knowhow.distrelec.com\/sv\/?s={search_term_string}\"},\"query-input\":{\"@type\":\"PropertyValueSpecification\",\"valueRequired\":true,\"valueName\":\"search_term_string\"}}],\"inLanguage\":\"sv-SE\"},{\"@type\":\"Organization\",\"@id\":\"https:\/\/knowhow.distrelec.com\/sv\/#organization\",\"name\":\"Distrelec\",\"url\":\"https:\/\/knowhow.distrelec.com\/sv\/\",\"logo\":{\"@type\":\"ImageObject\",\"inLanguage\":\"sv-SE\",\"@id\":\"https:\/\/knowhow.distrelec.com\/sv\/#\/schema\/logo\/image\/\",\"url\":\"https:\/\/knowhow.distrelec.com\/wp-content\/uploads\/2021\/09\/distrelec_logo.png\",\"contentUrl\":\"https:\/\/knowhow.distrelec.com\/wp-content\/uploads\/2021\/09\/distrelec_logo.png\",\"width\":530,\"height\":98,\"caption\":\"Distrelec\"},\"image\":{\"@id\":\"https:\/\/knowhow.distrelec.com\/sv\/#\/schema\/logo\/image\/\"}}]}<\/script>\n<!-- \/ Yoast SEO plugin. -->","yoast_head_json":{"title":"Om KnowHow - KnowHow","robots":{"index":"index","follow":"follow","max-snippet":"max-snippet:-1","max-image-preview":"max-image-preview:large","max-video-preview":"max-video-preview:-1"},"canonical":"https:\/\/knowhow.distrelec.com\/sv\/om-knowhow\/","og_locale":"sv_SE","og_type":"article","og_title":"Om KnowHow - KnowHow","og_description":"K\u00e4lla till teknisk kunskap V\u00e4lkommen till KnowHow, en onlineresurs som drivs av Elfa Distrelec, en ledande europeisk distribut\u00f6r&hellip;","og_url":"https:\/\/knowhow.distrelec.com\/sv\/om-knowhow\/","og_site_name":"KnowHow","article_modified_time":"2024-03-08T08:27:36+00:00","og_image":[{"url":"https:\/\/knowhow.distrelec.com\/wp-content\/uploads\/2024\/02\/IMG_4805_3000x2000-1024x683.jpg","type":"","width":"","height":""}],"twitter_card":"summary_large_image","twitter_misc":{"Ber\u00e4knad l\u00e4stid":"2 minuter","Skriven av":"Chris Rush"},"schema":{"@context":"https:\/\/schema.org","@graph":[{"@type":"WebPage","@id":"https:\/\/knowhow.distrelec.com\/sv\/om-knowhow\/","url":"https:\/\/knowhow.distrelec.com\/sv\/om-knowhow\/","name":"Om KnowHow - KnowHow","isPartOf":{"@id":"https:\/\/knowhow.distrelec.com\/sv\/#website"},"primaryImageOfPage":{"@id":"https:\/\/knowhow.distrelec.com\/sv\/om-knowhow\/#primaryimage"},"image":{"@id":"https:\/\/knowhow.distrelec.com\/sv\/om-knowhow\/#primaryimage"},"thumbnailUrl":"https:\/\/knowhow.distrelec.com\/wp-content\/uploads\/2024\/02\/IMG_4805_3000x2000-1024x683.jpg","datePublished":"2021-09-21T10:16:06+00:00","dateModified":"2024-03-08T08:27:36+00:00","breadcrumb":{"@id":"https:\/\/knowhow.distrelec.com\/sv\/om-knowhow\/#breadcrumb"},"inLanguage":"sv-SE","potentialAction":[{"@type":"ReadAction","target":["https:\/\/knowhow.distrelec.com\/sv\/om-knowhow\/"]}]},{"@type":"ImageObject","inLanguage":"sv-SE","@id":"https:\/\/knowhow.distrelec.com\/sv\/om-knowhow\/#primaryimage","url":"https:\/\/knowhow.distrelec.com\/wp-content\/uploads\/2024\/02\/IMG_4805_3000x2000-1024x683.jpg","contentUrl":"https:\/\/knowhow.distrelec.com\/wp-content\/uploads\/2024\/02\/IMG_4805_3000x2000-1024x683.jpg"},{"@type":"BreadcrumbList","@id":"https:\/\/knowhow.distrelec.com\/sv\/om-knowhow\/#breadcrumb","itemListElement":[{"@type":"ListItem","position":1,"name":"Hem","item":"https:\/\/knowhow.distrelec.com\/sv\/"},{"@type":"ListItem","position":2,"name":"Om KnowHow"}]},{"@type":"WebSite","@id":"https:\/\/knowhow.distrelec.com\/sv\/#website","url":"https:\/\/knowhow.distrelec.com\/sv\/","name":"KnowHow","description":"KnowHow Hub","publisher":{"@id":"https:\/\/knowhow.distrelec.com\/sv\/#organization"},"potentialAction":[{"@type":"SearchAction","target":{"@type":"EntryPoint","urlTemplate":"https:\/\/knowhow.distrelec.com\/sv\/?s={search_term_string}"},"query-input":{"@type":"PropertyValueSpecification","valueRequired":true,"valueName":"search_term_string"}}],"inLanguage":"sv-SE"},{"@type":"Organization","@id":"https:\/\/knowhow.distrelec.com\/sv\/#organization","name":"Distrelec","url":"https:\/\/knowhow.distrelec.com\/sv\/","logo":{"@type":"ImageObject","inLanguage":"sv-SE","@id":"https:\/\/knowhow.distrelec.com\/sv\/#\/schema\/logo\/image\/","url":"https:\/\/knowhow.distrelec.com\/wp-content\/uploads\/2021\/09\/distrelec_logo.png","contentUrl":"https:\/\/knowhow.distrelec.com\/wp-content\/uploads\/2021\/09\/distrelec_logo.png","width":530,"height":98,"caption":"Distrelec"},"image":{"@id":"https:\/\/knowhow.distrelec.com\/sv\/#\/schema\/logo\/image\/"}}]}},"jetpack_sharing_enabled":true,"_links":{"self":[{"href":"https:\/\/knowhow.distrelec.com\/sv\/wp-json\/wp\/v2\/pages\/8326","targetHints":{"allow":["GET"]}}],"collection":[{"href":"https:\/\/knowhow.distrelec.com\/sv\/wp-json\/wp\/v2\/pages"}],"about":[{"href":"https:\/\/knowhow.distrelec.com\/sv\/wp-json\/wp\/v2\/types\/page"}],"author":[{"embeddable":true,"href":"https:\/\/knowhow.distrelec.com\/sv\/wp-json\/wp\/v2\/users\/4"}],"replies":[{"embeddable":true,"href":"https:\/\/knowhow.distrelec.com\/sv\/wp-json\/wp\/v2\/comments?post=8326"}],"version-history":[{"count":0,"href":"https:\/\/knowhow.distrelec.com\/sv\/wp-json\/wp\/v2\/pages\/8326\/revisions"}],"wp:attachment":[{"href":"https:\/\/knowhow.distrelec.com\/sv\/wp-json\/wp\/v2\/media?parent=8326"}],"wp:term":[{"taxonomy":"author","embeddable":true,"href":"https:\/\/knowhow.distrelec.com\/sv\/wp-json\/wp\/v2\/coauthors?post=8326"}],"curies":[{"name":"wp","href":"https:\/\/api.w.org\/{rel}","templated":true}]}}