{"id":8327,"date":"2021-09-21T10:21:24","date_gmt":"2021-09-21T10:21:24","guid":{"rendered":"https:\/\/knowhow.distrelec.com\/?page_id=8327"},"modified":"2021-09-21T10:21:24","modified_gmt":"2021-09-21T10:21:24","slug":"kontakta-oss","status":"publish","type":"page","link":"https:\/\/knowhow.distrelec.com\/sv\/kontakta-oss\/","title":{"rendered":"Kontakta oss"},"content":{"rendered":"\n<p>V\u00e4nligen kontakta oss om du har n\u00e5gra fr\u00e5gor ang\u00e5ende inneh\u00e5llet p\u00e5 denna webbplats. Vi skulle ocks\u00e5 g\u00e4rna h\u00f6ra din feedback om denna webbplats, och om du \u00e4r intresserad av att bidra med en artikel vill vi g\u00e4rna h\u00f6ra fr\u00e5n dig.<\/p>\n\n\n\n<div class=\"cnvs-block-row cnvs-block-row-1574515998844 cnvs-block-row-columns-2\" >\n\t<div class=\"cnvs-block-row-inner\">\n\t\t\n\n<div class=\"cnvs-block-column cnvs-block-column-1574515998911\" >\n\t<div class=\"cnvs-block-column-inner\">\n\t\t<div>\n\t\t\t\n\n<h3 id=\"komma-i-kontakt\" class=\"wp-block-heading\">Komma i kontakt ?<\/h3>\n\n\t\t<\/div>\n\t<\/div>\n<\/div>\n\n\n\n<div class=\"cnvs-block-column cnvs-block-column-1574515998928\" >\n\t<div class=\"cnvs-block-column-inner\">\n\t\t<div>\n\t\t\t\n\n<div class=\"wpcf7 no-js\" id=\"wpcf7-f27-o1\" lang=\"en-US\" dir=\"ltr\" data-wpcf7-id=\"27\">\n<div class=\"screen-reader-response\"><p role=\"status\" aria-live=\"polite\" aria-atomic=\"true\"><\/p> <ul><\/ul><\/div>\n<form action=\"\/sv\/wp-json\/wp\/v2\/pages\/8327#wpcf7-f27-o1\" method=\"post\" class=\"wpcf7-form init\" aria-label=\"Contact form\" novalidate=\"novalidate\" data-status=\"init\">\n<div style=\"display: none;\">\n<input type=\"hidden\" name=\"_wpcf7\" value=\"27\" \/>\n<input type=\"hidden\" name=\"_wpcf7_version\" value=\"6.0.3\" \/>\n<input type=\"hidden\" name=\"_wpcf7_locale\" value=\"en_US\" \/>\n<input type=\"hidden\" name=\"_wpcf7_unit_tag\" value=\"wpcf7-f27-o1\" \/>\n<input type=\"hidden\" name=\"_wpcf7_container_post\" value=\"0\" \/>\n<input type=\"hidden\" name=\"_wpcf7_posted_data_hash\" value=\"\" \/>\n<\/div>\n<p><label> Your name<br \/>\n<span class=\"wpcf7-form-control-wrap\" data-name=\"your-name\"><input size=\"40\" maxlength=\"400\" class=\"wpcf7-form-control wpcf7-text wpcf7-validates-as-required\" aria-required=\"true\" aria-invalid=\"false\" value=\"\" type=\"text\" name=\"your-name\" \/><\/span> <\/label>\n<\/p>\n<p><label> Your email<br \/>\n<span class=\"wpcf7-form-control-wrap\" data-name=\"your-email\"><input size=\"40\" maxlength=\"400\" class=\"wpcf7-form-control wpcf7-email wpcf7-validates-as-required wpcf7-text wpcf7-validates-as-email\" aria-required=\"true\" aria-invalid=\"false\" value=\"\" type=\"email\" name=\"your-email\" \/><\/span> <\/label>\n<\/p>\n<p><label> Subject<br \/>\n<span class=\"wpcf7-form-control-wrap\" data-name=\"your-subject\"><input size=\"40\" maxlength=\"400\" class=\"wpcf7-form-control wpcf7-text wpcf7-validates-as-required\" aria-required=\"true\" aria-invalid=\"false\" value=\"\" type=\"text\" name=\"your-subject\" \/><\/span> <\/label>\n<\/p>\n<p><label> Your message (optional)<br \/>\n<span class=\"wpcf7-form-control-wrap\" data-name=\"your-message\"><textarea cols=\"40\" rows=\"10\" maxlength=\"2000\" class=\"wpcf7-form-control wpcf7-textarea\" aria-invalid=\"false\" name=\"your-message\"><\/textarea><\/span> <\/label>\n<\/p>\n<p><input class=\"wpcf7-form-control wpcf7-submit has-spinner\" type=\"submit\" value=\"Submit\" \/>\n<\/p><p style=\"display: none !important;\" class=\"akismet-fields-container\" data-prefix=\"_wpcf7_ak_\"><label>&#916;<textarea name=\"_wpcf7_ak_hp_textarea\" cols=\"45\" rows=\"8\" maxlength=\"100\"><\/textarea><\/label><input type=\"hidden\" id=\"ak_js_1\" name=\"_wpcf7_ak_js\" value=\"175\"\/><script>document.getElementById( \"ak_js_1\" ).setAttribute( \"value\", ( new Date() ).getTime() );<\/script><\/p><div class=\"wpcf7-response-output\" aria-hidden=\"true\"><\/div>\n<\/form>\n<\/div>\n\n\n\t\t<\/div>\n\t<\/div>\n<\/div>\n\n\t<\/div>\n<\/div>\n","protected":false},"excerpt":{"rendered":"V\u00e4nligen kontakta oss om du har n\u00e5gra fr\u00e5gor ang\u00e5ende inneh\u00e5llet p\u00e5 denna webbplats. Vi skulle ocks\u00e5 g\u00e4rna h\u00f6ra&hellip;\n","protected":false},"author":4,"featured_media":0,"parent":0,"menu_order":0,"comment_status":"closed","ping_status":"closed","template":"","meta":{"csco_singular_sidebar":"","csco_page_header_type":"","csco_appearance_grid":"","csco_page_load_nextpost":"","csco_post_video_location":[],"csco_post_video_location_hash":"","csco_post_video_url":"","csco_post_video_bg_start_time":0,"csco_post_video_bg_end_time":0,"footnotes":""},"coauthors":[],"class_list":{"0":"post-8327","1":"page","2":"type-page","3":"status-publish","5":"cs-entry","6":"cs-video-wrap"},"yoast_head":"<!-- This site is optimized with the Yoast SEO plugin v24.4 - https:\/\/yoast.com\/wordpress\/plugins\/seo\/ -->\n<title>Kontakta oss - KnowHow<\/title>\n<meta name=\"robots\" content=\"index, follow, max-snippet:-1, max-image-preview:large, max-video-preview:-1\" \/>\n<link rel=\"canonical\" href=\"https:\/\/knowhow.distrelec.com\/sv\/kontakta-oss\/\" \/>\n<meta property=\"og:locale\" content=\"sv_SE\" \/>\n<meta property=\"og:type\" content=\"article\" \/>\n<meta property=\"og:title\" content=\"Kontakta oss - KnowHow\" \/>\n<meta property=\"og:description\" content=\"V\u00e4nligen kontakta oss om du har n\u00e5gra fr\u00e5gor ang\u00e5ende inneh\u00e5llet p\u00e5 denna webbplats. Vi skulle ocks\u00e5 g\u00e4rna h\u00f6ra&hellip;\" \/>\n<meta property=\"og:url\" content=\"https:\/\/knowhow.distrelec.com\/sv\/kontakta-oss\/\" \/>\n<meta property=\"og:site_name\" content=\"KnowHow\" \/>\n<meta name=\"twitter:card\" content=\"summary_large_image\" \/>\n<meta name=\"twitter:label1\" content=\"Ber\u00e4knad l\u00e4stid\" \/>\n\t<meta name=\"twitter:data1\" content=\"1 minut\" \/>\n\t<meta name=\"twitter:label2\" content=\"Skriven av\" \/>\n\t<meta name=\"twitter:data2\" content=\"Chris Rush\" \/>\n<script type=\"application\/ld+json\" class=\"yoast-schema-graph\">{\"@context\":\"https:\/\/schema.org\",\"@graph\":[{\"@type\":\"WebPage\",\"@id\":\"https:\/\/knowhow.distrelec.com\/sv\/kontakta-oss\/\",\"url\":\"https:\/\/knowhow.distrelec.com\/sv\/kontakta-oss\/\",\"name\":\"Kontakta oss - KnowHow\",\"isPartOf\":{\"@id\":\"https:\/\/knowhow.distrelec.com\/sv\/#website\"},\"datePublished\":\"2021-09-21T10:21:24+00:00\",\"breadcrumb\":{\"@id\":\"https:\/\/knowhow.distrelec.com\/sv\/kontakta-oss\/#breadcrumb\"},\"inLanguage\":\"sv-SE\",\"potentialAction\":[{\"@type\":\"ReadAction\",\"target\":[\"https:\/\/knowhow.distrelec.com\/sv\/kontakta-oss\/\"]}]},{\"@type\":\"BreadcrumbList\",\"@id\":\"https:\/\/knowhow.distrelec.com\/sv\/kontakta-oss\/#breadcrumb\",\"itemListElement\":[{\"@type\":\"ListItem\",\"position\":1,\"name\":\"Hem\",\"item\":\"https:\/\/knowhow.distrelec.com\/sv\/\"},{\"@type\":\"ListItem\",\"position\":2,\"name\":\"Kontakta oss\"}]},{\"@type\":\"WebSite\",\"@id\":\"https:\/\/knowhow.distrelec.com\/sv\/#website\",\"url\":\"https:\/\/knowhow.distrelec.com\/sv\/\",\"name\":\"KnowHow\",\"description\":\"KnowHow Hub\",\"publisher\":{\"@id\":\"https:\/\/knowhow.distrelec.com\/sv\/#organization\"},\"potentialAction\":[{\"@type\":\"SearchAction\",\"target\":{\"@type\":\"EntryPoint\",\"urlTemplate\":\"https:\/\/knowhow.distrelec.com\/sv\/?s={search_term_string}\"},\"query-input\":{\"@type\":\"PropertyValueSpecification\",\"valueRequired\":true,\"valueName\":\"search_term_string\"}}],\"inLanguage\":\"sv-SE\"},{\"@type\":\"Organization\",\"@id\":\"https:\/\/knowhow.distrelec.com\/sv\/#organization\",\"name\":\"Distrelec\",\"url\":\"https:\/\/knowhow.distrelec.com\/sv\/\",\"logo\":{\"@type\":\"ImageObject\",\"inLanguage\":\"sv-SE\",\"@id\":\"https:\/\/knowhow.distrelec.com\/sv\/#\/schema\/logo\/image\/\",\"url\":\"https:\/\/knowhow.distrelec.com\/wp-content\/uploads\/2021\/09\/distrelec_logo.png\",\"contentUrl\":\"https:\/\/knowhow.distrelec.com\/wp-content\/uploads\/2021\/09\/distrelec_logo.png\",\"width\":530,\"height\":98,\"caption\":\"Distrelec\"},\"image\":{\"@id\":\"https:\/\/knowhow.distrelec.com\/sv\/#\/schema\/logo\/image\/\"}}]}<\/script>\n<!-- \/ Yoast SEO plugin. -->","yoast_head_json":{"title":"Kontakta oss - KnowHow","robots":{"index":"index","follow":"follow","max-snippet":"max-snippet:-1","max-image-preview":"max-image-preview:large","max-video-preview":"max-video-preview:-1"},"canonical":"https:\/\/knowhow.distrelec.com\/sv\/kontakta-oss\/","og_locale":"sv_SE","og_type":"article","og_title":"Kontakta oss - KnowHow","og_description":"V\u00e4nligen kontakta oss om du har n\u00e5gra fr\u00e5gor ang\u00e5ende inneh\u00e5llet p\u00e5 denna webbplats. Vi skulle ocks\u00e5 g\u00e4rna h\u00f6ra&hellip;","og_url":"https:\/\/knowhow.distrelec.com\/sv\/kontakta-oss\/","og_site_name":"KnowHow","twitter_card":"summary_large_image","twitter_misc":{"Ber\u00e4knad l\u00e4stid":"1 minut","Skriven av":"Chris Rush"},"schema":{"@context":"https:\/\/schema.org","@graph":[{"@type":"WebPage","@id":"https:\/\/knowhow.distrelec.com\/sv\/kontakta-oss\/","url":"https:\/\/knowhow.distrelec.com\/sv\/kontakta-oss\/","name":"Kontakta oss - KnowHow","isPartOf":{"@id":"https:\/\/knowhow.distrelec.com\/sv\/#website"},"datePublished":"2021-09-21T10:21:24+00:00","breadcrumb":{"@id":"https:\/\/knowhow.distrelec.com\/sv\/kontakta-oss\/#breadcrumb"},"inLanguage":"sv-SE","potentialAction":[{"@type":"ReadAction","target":["https:\/\/knowhow.distrelec.com\/sv\/kontakta-oss\/"]}]},{"@type":"BreadcrumbList","@id":"https:\/\/knowhow.distrelec.com\/sv\/kontakta-oss\/#breadcrumb","itemListElement":[{"@type":"ListItem","position":1,"name":"Hem","item":"https:\/\/knowhow.distrelec.com\/sv\/"},{"@type":"ListItem","position":2,"name":"Kontakta oss"}]},{"@type":"WebSite","@id":"https:\/\/knowhow.distrelec.com\/sv\/#website","url":"https:\/\/knowhow.distrelec.com\/sv\/","name":"KnowHow","description":"KnowHow Hub","publisher":{"@id":"https:\/\/knowhow.distrelec.com\/sv\/#organization"},"potentialAction":[{"@type":"SearchAction","target":{"@type":"EntryPoint","urlTemplate":"https:\/\/knowhow.distrelec.com\/sv\/?s={search_term_string}"},"query-input":{"@type":"PropertyValueSpecification","valueRequired":true,"valueName":"search_term_string"}}],"inLanguage":"sv-SE"},{"@type":"Organization","@id":"https:\/\/knowhow.distrelec.com\/sv\/#organization","name":"Distrelec","url":"https:\/\/knowhow.distrelec.com\/sv\/","logo":{"@type":"ImageObject","inLanguage":"sv-SE","@id":"https:\/\/knowhow.distrelec.com\/sv\/#\/schema\/logo\/image\/","url":"https:\/\/knowhow.distrelec.com\/wp-content\/uploads\/2021\/09\/distrelec_logo.png","contentUrl":"https:\/\/knowhow.distrelec.com\/wp-content\/uploads\/2021\/09\/distrelec_logo.png","width":530,"height":98,"caption":"Distrelec"},"image":{"@id":"https:\/\/knowhow.distrelec.com\/sv\/#\/schema\/logo\/image\/"}}]}},"jetpack_sharing_enabled":true,"_links":{"self":[{"href":"https:\/\/knowhow.distrelec.com\/sv\/wp-json\/wp\/v2\/pages\/8327","targetHints":{"allow":["GET"]}}],"collection":[{"href":"https:\/\/knowhow.distrelec.com\/sv\/wp-json\/wp\/v2\/pages"}],"about":[{"href":"https:\/\/knowhow.distrelec.com\/sv\/wp-json\/wp\/v2\/types\/page"}],"author":[{"embeddable":true,"href":"https:\/\/knowhow.distrelec.com\/sv\/wp-json\/wp\/v2\/users\/4"}],"replies":[{"embeddable":true,"href":"https:\/\/knowhow.distrelec.com\/sv\/wp-json\/wp\/v2\/comments?post=8327"}],"version-history":[{"count":0,"href":"https:\/\/knowhow.distrelec.com\/sv\/wp-json\/wp\/v2\/pages\/8327\/revisions"}],"wp:attachment":[{"href":"https:\/\/knowhow.distrelec.com\/sv\/wp-json\/wp\/v2\/media?parent=8327"}],"wp:term":[{"taxonomy":"author","embeddable":true,"href":"https:\/\/knowhow.distrelec.com\/sv\/wp-json\/wp\/v2\/coauthors?post=8327"}],"curies":[{"name":"wp","href":"https:\/\/api.w.org\/{rel}","templated":true}]}}